{"id":24271,"date":"2025-04-13T17:41:22","date_gmt":"2025-04-13T17:41:22","guid":{"rendered":"https:\/\/globalsourcechemicals.com\/?post_type=product&#038;p=24271"},"modified":"2025-10-02T17:41:48","modified_gmt":"2025-10-02T17:41:48","slug":"bromonordiasepaam-25-mg-pelletid","status":"publish","type":"product","link":"https:\/\/globalsourcechemicals.com\/et\/pood\/bensodiasepiinid\/bromonordiasepaam-25-mg-pelletid\/","title":{"rendered":"Bromonordiasepaam 2,5 MG graanulid"},"content":{"rendered":"<h2><span data-sheets-value=\"{\" data-sheets-userformat=\"{\">Bromonordiasepaam 2,5 MG graanulid<br \/>\n<\/span><\/h2>\n<p>Need on Professor.nl valiku uusimad graanulid! Need graanulid sisaldavad 2,5 mg toimeainet (bromonordiasepaam 2,5 mg). bromonordiasepaam, bromonordiasepaami toimed, bromonordiasepaami ravimifoorum, bromonordiasepaami kogemused, bromonordiasepaami ravimifoorum<\/p>\n<p><strong>Need 2,5 mg bromonordiasepaami graanulid on toodetud ettev\u00f5ttesiseselt ja on k\u00f5rgeima kvaliteediga. Need sisaldavad 2,5 milligrammi toimeainet (bromonordiasepaam). Iga graanuli l\u00e4bim\u00f5\u00f5t on umbes 8 mm ja sellel on murdejoon. Need bromonordiasepaami graanulid on v\u00e4rskuse tagamiseks pakendatud 10 tk blisterpakenditesse ja 5 v\u00f5i enama blistriga tellimused tarnitakse mugavas karbis.\u00a0<\/strong><\/p>\n<p>Bromonordiasepaam on aine, mida m\u00fc\u00fcakse ainult teadusuuringute eesm\u00e4rgil ja seega ei ole see m\u00f5eldud tarbimiseks.<a href=\"https:\/\/globalsourcechemicals.com\/et\/pood\/katinoonid\/osta-2-cmc-d\/\">2-CMC 250 mg graanulid<\/a> , ,<a href=\"https:\/\/globalsourcechemicals.com\/et\/pood\/pellets\/erextc-homosildenafil-100-mg-pellets\/\">EREXTC Homosildenafiil 100 mg graanulid<\/a>\u00a0 ,\u00a0 <a href=\"https:\/\/globalsourcechemicals.com\/et\/pood\/keelatud\/mdphp-kopen-poeder-freebase\/\">MDPHP pulber (vaba alus)<\/a><\/p>\n<p>\u00d5iges keskkonnas s\u00e4ilitades p\u00fcsib bromonordiasepaam stabiilsena kuni 2 aastat. Bromonordiasepaam on m\u00f5eldud kasutamiseks teadusuuringute eesm\u00e4rgil, mitte tarbimiseks. Seet\u00f5ttu on oluline hoida toodet lastele ja lemmikloomadele k\u00e4ttesaamatus kohas.<\/p>\n<p>Pakume kvaliteetseid uurimiskemikaale m\u00f5istliku hinnaga. Teie tellimus saadetakse v\u00e4lja iga p\u00e4ev 24 tunni jooksul. Tellige kohe! <em>Bromonordiasepaam<\/em> turvaline ja kiire p kaudu<\/p>\n<h2>Mis on bromonordiasepaam?<\/h2>\n<p>Bromonordiasepaam on bensodiasepiinide klassi kuuluv ps\u00fchhoaktiivne aine, mida tavaliselt kirjutatakse v\u00e4lja selle rahustavate ja anksiol\u00fc\u00fctiliste omaduste t\u00f5ttu. See on bensodiasepiindiasepaami derivaat, mille molekuli k\u00fclge on kinnitatud broomi aatom.<\/p>\n<p>Bensodiasepiinina toimib bromonordiasepaam keskn\u00e4rvis\u00fcsteemile, seondudes ajus GABA retseptoritega. See viib inhibeeriva neurotransmitteri GABA aktiivsuse suurenemiseni, millel on rahustav ja l\u00f5\u00f5gastav toime kehale ja vaimule. Bromonordiasepaam on suhteliselt uus bensodiasepiin ja selle pikaajaliste m\u00f5jude v\u00f5i kuritarvitamise potentsiaali kohta on v\u00e4he teada. Seda ei kirjutata tavaliselt meditsiiniliseks otstarbeks v\u00e4lja ja seda kasutatakse peamiselt uurimiskemikaalina.<\/p>\n<p>Bromonordiasepaami ja teiste bensodiasepiinide s\u00fcntees toimub tavaliselt salajastes laborites ning nende puhtust ja ohutust ei saa garanteerida. Nende \u00fchendite kasutamine ilma meditsiinilise j\u00e4relevalveta v\u00f5ib olla ohtlik ja potentsiaalselt eluohtlik.<\/p>\n<h2>Kuidas bromonordiasapem tekkis?<\/h2>\n<p>Bromonordiasepaam on bensodiasepiindiasepaami derivaat, mille s\u00fcnteesis esmakordselt 1950. aastatel ravimifirma Hoffmann-La Roche. Diasepaam t\u00f6\u00f6tati v\u00e4lja olemasolevate barbituraatide t\u00e4iustusena, mida kasutati laialdaselt rahustitena, kuid millel oli suur \u00fcledoosi ja s\u00f5ltuvuse oht.<\/p>\n<p>Diasepaam muutus oma rahustava toime t\u00f5ttu retseptiravimina kiiresti populaarseks. <a href=\"http:\/\/google.nl\" target=\"_blank\" rel=\"noopener\">anksiol\u00fc\u00fctikum<\/a> omadused ja seda turustati kaubam\u00e4rgi Valium all. Selle kasutamine suurenes kiiresti 1960. ja 1970. aastatel, kui seda m\u00e4\u00e4rati mitmesuguste seisundite, sealhulgas \u00e4revuse, unetuse, lihaskrampide ja alkoholist v\u00f5\u00f5rutamise korral.<\/p>\n<p>Diasepaami populaarsuse kasvades hakkasid teadlased s\u00fcnteesima ravimi uusi derivaate, et parandada selle efektiivsust ja v\u00e4hendada k\u00f5rvaltoimeid. \u00dcks neist derivaatidest oli bromasepaam, mis t\u00f6\u00f6tati v\u00e4lja 1970. aastatel ja mida turustati kaubam\u00e4rgi Lexotanil all.<\/p>\n<p>Bromonordiasepaam on bromasepaami derivaat, mille molekuli k\u00fclge on kinnitatud broomi aatom. See s\u00fcnteesiti t\u00f5en\u00e4oliselt esmakordselt salajastes laborites olemasolevate bensodiasepiin\u00fchendite modifitseerimise teel ning selle kasutamine meelelahutusliku narkootikumina tekkis 2000. aastatel.<\/p>\n<p>Bromonordiasepaami ja teiste disainerbensodiasepiinide s\u00fcntees ja levitamine on enamikus riikides ebaseaduslik ning nende \u00fchendite puhtust ja ohutust ei saa garanteerida. Nende kasutamine v\u00e4ljaspool meditsiinilist keskkonda v\u00f5ib olla ohtlik ja potentsiaalselt eluohtlik.<\/p>\n<h3><span data-sheets-value=\"{\" data-sheets-userformat=\"{\">Bromonordiasepaami omadused<\/span><\/h3>\n<p><strong>S\u00fcnon\u00fc\u00fcm:<\/strong> Bromonordiasepaam<br \/>\n<strong>CAS-number:<\/strong> 2894-61-3<br \/>\n<strong>Valem:<\/strong> 7-bromo-5-fen\u00fc\u00fcl-1,3-dih\u00fcdro-1,4-bensodiasepiin-2-oon<br \/>\n<strong>Molaarmass:<\/strong> 315.16464<br \/>\n<strong>Puhtus:<\/strong> &gt;99%<\/p>\n<h3>Ohulause<\/h3>\n<p>Bromonordiasepaam v\u00f5ib p\u00f5hjustada hingamisteede \u00e4rritust<br \/>\nBromonordiasepaam v\u00f5ib p\u00f5hjustada silmade \u00e4rritust.<br \/>\nUurimiskemikaalide keskkonda juhtimine on keelatud.<\/p>\n<p>Bromonordiasepaam SILMA SATTUMISE KORRAL: Loputada silmi \u00f5rnalt veega viis minutit. Eemaldada kontaktl\u00e4\u00e4tsed, kui v\u00f5imalik.<\/p>\n<p>Bromonordiasepaam NAHAGA KOKKUPUUTEL: Pesta nahka seebi ja veega.<\/p>\n<p>P\u00c4RAST BROMONORDIAZEPAMI SISSIHINGAMIST: Viige kannatanu v\u00e4rske \u00f5hu k\u00e4tte ja hoidke hingamiseks mugavas asendis.<\/p>","protected":false},"excerpt":{"rendered":"<p>Bromonordiazepam 2,5 MG pellets Dit zijn de nieuwste pellets in het assortiment van Professor.nl! Deze pellets zijn voorzien van 2,5<\/p>","protected":false},"featured_media":27853,"comment_status":"closed","ping_status":"closed","template":"","meta":[],"product_brand":[],"product_cat":[76,385,390,324],"product_tag":[185,326],"class_list":{"0":"post-24271","1":"product","2":"type-product","3":"status-publish","4":"has-post-thumbnail","6":"product_cat-benzodiazepinen","7":"product_cat-bromonordiazepam","8":"product_cat-bromonordiazepam-pellets","9":"product_cat-pellets-for-pellet","10":"product_tag-bromonordiazepam","11":"product_tag-nl","13":"first","14":"instock","15":"taxable","16":"shipping-taxable","17":"purchasable","18":"product-type-variable"},"_links":{"self":[{"href":"https:\/\/globalsourcechemicals.com\/et\/wp-json\/wp\/v2\/product\/24271","targetHints":{"allow":["GET"]}}],"collection":[{"href":"https:\/\/globalsourcechemicals.com\/et\/wp-json\/wp\/v2\/product"}],"about":[{"href":"https:\/\/globalsourcechemicals.com\/et\/wp-json\/wp\/v2\/types\/product"}],"replies":[{"embeddable":true,"href":"https:\/\/globalsourcechemicals.com\/et\/wp-json\/wp\/v2\/comments?post=24271"}],"version-history":[{"count":3,"href":"https:\/\/globalsourcechemicals.com\/et\/wp-json\/wp\/v2\/product\/24271\/revisions"}],"predecessor-version":[{"id":25303,"href":"https:\/\/globalsourcechemicals.com\/et\/wp-json\/wp\/v2\/product\/24271\/revisions\/25303"}],"wp:featuredmedia":[{"embeddable":true,"href":"https:\/\/globalsourcechemicals.com\/et\/wp-json\/wp\/v2\/media\/27853"}],"wp:attachment":[{"href":"https:\/\/globalsourcechemicals.com\/et\/wp-json\/wp\/v2\/media?parent=24271"}],"wp:term":[{"taxonomy":"product_brand","embeddable":true,"href":"https:\/\/globalsourcechemicals.com\/et\/wp-json\/wp\/v2\/product_brand?post=24271"},{"taxonomy":"product_cat","embeddable":true,"href":"https:\/\/globalsourcechemicals.com\/et\/wp-json\/wp\/v2\/product_cat?post=24271"},{"taxonomy":"product_tag","embeddable":true,"href":"https:\/\/globalsourcechemicals.com\/et\/wp-json\/wp\/v2\/product_tag?post=24271"}],"curies":[{"name":"t\u00f6\u00f6leht","href":"https:\/\/api.w.org\/{rel}","templated":true}]}}