{"id":24192,"date":"2025-04-13T17:41:13","date_gmt":"2025-04-13T17:41:13","guid":{"rendered":"https:\/\/globalsourcechemicals.com\/?post_type=product&#038;p=24192"},"modified":"2025-04-22T15:14:49","modified_gmt":"2025-04-22T15:14:49","slug":"osta-3-fpm","status":"publish","type":"product","link":"https:\/\/globalsourcechemicals.com\/et\/pood\/ettevotetelt-ettevotetele\/osta-3-fpm\/","title":{"rendered":"RC+ Fluor 3-FPM 50mg karp"},"content":{"rendered":"<h1><strong>Osta 3 FPM 50mg karpi \u2013 esmaklassiline uurimiskemikaal teaduslikeks katseteks<\/strong><\/h1>\n<h2><strong>3-FPM (3-fluorofeenmetrasiin) 50 mg \u2013 ainulaadne uurimisaine<\/strong><\/h2>\n<p class=\"ds-markdown-paragraph\">See\u00a0<strong>Osta RC+ 3 FPM 50mg karpi<\/strong>\u00a0Sisaldab kvaliteetset uurimiskemikaali, mis pakub oma struktuuriliste omaduste ja farmakoloogilise profiili t\u00f5ttu teaduslikku huvi. Seda fluorist saadud fenmetrasiini analoogi m\u00fc\u00fcakse ainult in vitro uuringuteks ja anal\u00fc\u00fctiliseks otstarbeks.<\/p>\n<p class=\"ds-markdown-paragraph\">T\u00e4pse annusega\u00a0<strong>50 mg \u00fchiku kohta<\/strong>\u00a0See toode pakub teadlastele usaldusv\u00e4\u00e4rset allikat kontrollitud teaduslikeks katseteks.<a title=\"2-CMC 250 mg graanulid\" href=\"https:\/\/globalsourcechemicals.com\/et\/pood\/katinoonid\/osta-2-cmc-d\/\" target=\"_blank\" rel=\"noopener\">2-CMC 250 mg graanulid<\/a><\/p>\n<hr \/>\n<h2><strong>RC+ 3-FPM 50mg p\u00f5hijooned<\/strong><\/h2>\n<p class=\"ds-markdown-paragraph\">\u2705\u00a0<strong>K\u00f5rge puhtusaste:<\/strong>\u00a0Anal\u00fc\u00fctiliselt testitud puhtuse \u226598% suhtes<br \/>\n\u2705\u00a0<strong>T\u00e4pne annus:<\/strong>\u00a050 mg \u00fchiku kohta reprodutseeritavate tulemuste saamiseks<br \/>\n\u2705\u00a0<strong>Stabiilne koostis:<\/strong>\u00a0Optimaalne s\u00e4ilivusaeg \u00f5igetes s\u00e4ilitustingimustes<br \/>\n\u2705\u00a0<strong>Teaduslik pakend:<\/strong>\u00a0Kerge ja \u00f5hukindel pakend<br \/>\n\u2705\u00a0<strong>Kiire kohaletoimetamine:<\/strong>\u00a0Tellitud enne kella 15.00? Tavaliselt saadetakse samal p\u00e4eval teele.<\/p>\n<hr \/>\n<h2><strong>Teaduslik olulisus<\/strong><\/h2>\n<p class=\"ds-markdown-paragraph\">3-FPM on uurimist\u00f6\u00f6 jaoks huvitav \u00fchend, kuna:<\/p>\n<p class=\"ds-markdown-paragraph\">\u2022\u00a0<strong>Struktuuriline unikaalsus<\/strong>\u00a0fenmetrasiini fluoriderivaadina<br \/>\n\u2022\u00a0<strong>Potentsiaalsed farmakod\u00fcnaamilised omadused<\/strong>\u00a0teaduslikuks uurimiseks<br \/>\n\u2022\u00a0<strong>Rakendusv\u00f5imalused<\/strong> neurokeemilistes ja farmakoloogilistes uuringutes.<a title=\"1V-LSD 150 MCG blotterid\" href=\"https:\/\/globalsourcechemicals.com\/et\/pood\/lusergamiidid\/1v-lsd-150-mcg-blotters\/\" target=\"_blank\" rel=\"noopener\">1V-LSD 150 MCG blotterid<\/a><\/p>\n<hr \/>\n<h2><strong>Ohutusprotokoll ja uurimisjuhised<\/strong><\/h2>\n<p class=\"ds-markdown-paragraph\">\u26a0\u00a0<strong>T\u00c4HTIS:<\/strong><\/p>\n<ul>\n<li>\n<p class=\"ds-markdown-paragraph\"><strong>Ainult in vitro uuringuteks<\/strong><\/p>\n<\/li>\n<li>\n<p class=\"ds-markdown-paragraph\"><strong>Mitte inimtoiduks ega loomade toiduks<\/strong><\/p>\n<\/li>\n<li>\n<p class=\"ds-markdown-paragraph\"><strong>Ainult kvalifitseeritud teadlastele<\/strong><\/p>\n<\/li>\n<\/ul>\n<p class=\"ds-markdown-paragraph\">\ud83d\udd2c\u00a0<strong>Laboratoorsed n\u00f5uded:<\/strong><\/p>\n<ul>\n<li>\n<p class=\"ds-markdown-paragraph\">Kasutamine kontrollitud uurimiskeskkonnas<\/p>\n<\/li>\n<li>\n<p class=\"ds-markdown-paragraph\">Kandke sobivaid isikukaitsevahendeid<\/p>\n<\/li>\n<li>\n<p class=\"ds-markdown-paragraph\">J\u00e4rgige k\u00f5iki asutuse ohutusprotokolle.<a title=\"O-DSMT 50 mg graanulid\" href=\"https:\/\/globalsourcechemicals.com\/et\/pood\/pellets\/o-dsmt-50mg-graanulid\/\" target=\"_blank\" rel=\"noopener\">O-DSMT 50 mg graanulid<\/a><\/p>\n<\/li>\n<\/ul>\n<hr \/>\n<h2><strong>S\u00e4ilitamisn\u00f5uanded<\/strong><\/h2>\n<p class=\"ds-markdown-paragraph\">\u2022 Hoida aadressil\u00a0<strong>15\u201325 \u00b0C<\/strong><br \/>\n\u2022 Kaitse eest\u00a0<strong>niiskus ja otsene valgus<\/strong><br \/>\n\u2022\u00a0<strong>Originaalpakend<\/strong>\u00a0p\u00fcsima<\/p>\n<hr \/>\n<h2><strong>Tellimuse teave<\/strong><\/h2>\n<p class=\"ds-markdown-paragraph\"><strong>Tootekood:<\/strong>\u00a0RC-3FPM-50<br \/>\n<strong>Pakend:<\/strong>\u00a010 \u00fchikut 50 mg<br \/>\n<strong>Tarneaeg:<\/strong> 1-3 t\u00f6\u00f6p\u00e4eva (Hollandi piires).<a title=\"1cP-LSD 150 MCG kunstipaberit\" href=\"https:\/\/globalsourcechemicals.com\/et\/pood\/lusergamiidid\/1-cp-lsd-150-mcg\/\" target=\"_blank\" rel=\"noopener\">1cP-LSD 150 MCG kunstipaberit<\/a><\/p>","protected":false},"excerpt":{"rendered":"<p>Osta 3 FPM 50mg karbis \u2013 esmaklassiline uurimiskemikaal teaduslikeks katseteks 3-FPM (3-fluorofeenmetrasiin) 50mg \u2013 ainulaadne uurimiskemikaal RC+ 3<\/p>","protected":false},"featured_media":20535,"comment_status":"closed","ping_status":"closed","template":"","meta":[],"product_brand":[82],"product_cat":[555],"product_tag":[881,606,601,605,326],"class_list":{"0":"post-24192","1":"product","2":"type-product","3":"status-publish","4":"has-post-thumbnail","6":"product_brand-research-chemical","7":"product_cat-b2b","8":"product_tag-3-fpm-kopen","9":"product_tag-3-fluorophenmetrazine","10":"product_tag-3-fpm","11":"product_tag-3fpm","12":"product_tag-nl","14":"first","15":"instock","16":"taxable","17":"shipping-taxable","18":"purchasable","19":"product-type-variable"},"_links":{"self":[{"href":"https:\/\/globalsourcechemicals.com\/et\/wp-json\/wp\/v2\/product\/24192","targetHints":{"allow":["GET"]}}],"collection":[{"href":"https:\/\/globalsourcechemicals.com\/et\/wp-json\/wp\/v2\/product"}],"about":[{"href":"https:\/\/globalsourcechemicals.com\/et\/wp-json\/wp\/v2\/types\/product"}],"replies":[{"embeddable":true,"href":"https:\/\/globalsourcechemicals.com\/et\/wp-json\/wp\/v2\/comments?post=24192"}],"version-history":[{"count":3,"href":"https:\/\/globalsourcechemicals.com\/et\/wp-json\/wp\/v2\/product\/24192\/revisions"}],"predecessor-version":[{"id":26036,"href":"https:\/\/globalsourcechemicals.com\/et\/wp-json\/wp\/v2\/product\/24192\/revisions\/26036"}],"wp:featuredmedia":[{"embeddable":true,"href":"https:\/\/globalsourcechemicals.com\/et\/wp-json\/wp\/v2\/media\/20535"}],"wp:attachment":[{"href":"https:\/\/globalsourcechemicals.com\/et\/wp-json\/wp\/v2\/media?parent=24192"}],"wp:term":[{"taxonomy":"product_brand","embeddable":true,"href":"https:\/\/globalsourcechemicals.com\/et\/wp-json\/wp\/v2\/product_brand?post=24192"},{"taxonomy":"product_cat","embeddable":true,"href":"https:\/\/globalsourcechemicals.com\/et\/wp-json\/wp\/v2\/product_cat?post=24192"},{"taxonomy":"product_tag","embeddable":true,"href":"https:\/\/globalsourcechemicals.com\/et\/wp-json\/wp\/v2\/product_tag?post=24192"}],"curies":[{"name":"t\u00f6\u00f6leht","href":"https:\/\/api.w.org\/{rel}","templated":true}]}}