{"id":24175,"date":"2025-04-13T17:41:13","date_gmt":"2025-04-13T17:41:13","guid":{"rendered":"https:\/\/globalsourcechemicals.com\/?post_type=product&#038;p=24175"},"modified":"2025-04-22T08:50:57","modified_gmt":"2025-04-22T08:50:57","slug":"norflurasepaami-toime","status":"publish","type":"product","link":"https:\/\/globalsourcechemicals.com\/et\/pood\/ettevotetelt-ettevotetele\/norflurasepaami-toime\/","title":{"rendered":"RC+ norfluraasepaam 5mg karp"},"content":{"rendered":"<h2><strong>Norflurasepaami m\u00f5jud \u2013 mida peate teadma<\/strong><\/h2>\n<p>Norfluraasepaam on bensodiasepiini derivaat, millel on rahustav, lihaseid l\u00f5\u00f5gastav ja \u00e4revusvastane toime. Kuigi seda kasutatakse m\u00f5nikord unerohuna v\u00f5i \u00e4revuse korral, ei kasutata seda paljudes riikides \u2013 sealhulgas Hollandis ja Belgias. <strong>pole heaks kiidetud<\/strong> meditsiiniliseks kasutamiseks. Kuritarvitamise ja s\u00f5ltuvuse ohu t\u00f5ttu kuulub see sageli <strong>Oopiumiseadus<\/strong>.<\/p>\n<hr \/>\n<h3>\ud83d\udce6 Teave norfluraasepaami 5 mg (50 pelletit) kohta<\/h3>\n<h4>1. <strong>\u00d5iguslik staatus<\/strong><\/h4>\n<ul>\n<li><strong>Holland<\/strong>Norfluraasepaam on peal <strong>Oopiumiseaduse I nimekiri<\/strong>Loata omamine, kauplemine v\u00f5i tootmine on karistatav.<\/li>\n<li><strong>Belgia<\/strong>Samuti keelatud vastavalt seadusele <strong>narkootikumide seadused<\/strong>Seda ei tunnustata ravimina.<a href=\"https:\/\/globalsourcechemicals.com\/et\/pood\/ettevotetelt-ettevotetele\/norflurazepam-10mg-box\/\">RC+ norfluraasepaam 10mg karp<\/a><\/li>\n<\/ul>\n<h4>2. <strong>Terviseriskid<\/strong><\/h4>\n<ul>\n<li><strong>Suur s\u00f5ltuvusrisk<\/strong>Nii f\u00fc\u00fcsiline kui ka ps\u00fchholoogiline s\u00f5ltuvus.<\/li>\n<li><strong>Pikaajaline kasutamine<\/strong> v\u00f5ib viia:\n<ul>\n<li>Tolerantsus (vaja on \u00fcha suuremat annust)<\/li>\n<li>V\u00f5\u00f5rutusn\u00e4hud nagu \u00e4revus, unetus, krambid<\/li>\n<\/ul>\n<\/li>\n<li><strong>Ohtlikud kombinatsioonid<\/strong>Alkoholi v\u00f5i muude depressantide (nt opioidide) allaneelamine v\u00f5ib p\u00f5hjustada hingamisdepressiooni ja surma.<a title=\"6-CL-ADBA\" href=\"https:\/\/globalsourcechemicals.com\/et\/pood\/peaaegu-keelatud\/6-cl-adba\/\" target=\"_blank\" rel=\"noopener\">6-CL-ADBA<\/a><\/li>\n<\/ul>\n<h4>3. <strong>Meditsiiniline n\u00f5ustamine<\/strong><\/h4>\n<ul>\n<li>Kasutage seda ravimit <strong>ainult arsti j\u00e4relevalve all<\/strong> riikides, kus see on seaduslik.<\/li>\n<li>Kas sa kannatad v\u00e4\u00e4rkohtlemise v\u00f5i s\u00f5ltuvuse all? <strong>Otsi professionaalset abi.<a title=\"2C-EF 2 mg kapslid\" href=\"https:\/\/globalsourcechemicals.com\/et\/pood\/fenuulamiin\/2c-ef-2mg-kapslid\/\" target=\"_blank\" rel=\"noopener\">2C-EF 2 mg kapslid<\/a><\/strong><\/li>\n<\/ul>\n<hr \/>\n<h3>\u26a0\ufe0fOluline hoiatus<\/h3>\n<p>Kasutus <strong>mitte kunagi<\/strong> Norfluraasepaam ilma arsti retseptita. Ebaseaduslik kaubandus \u2013 interneti v\u00f5i t\u00e4navakaupmeeste kaudu \u2013 kaasneb m\u00e4rkimisv\u00e4\u00e4rsete riskidega:<\/p>\n<ul>\n<li>Tablettide v\u00f5imalik saastumine<\/li>\n<li>Ebausaldusv\u00e4\u00e4rne annus<\/li>\n<\/ul>\n<p>Sest <strong>ohutud ja seaduslikud alternatiivid<\/strong> Kui teil on uneprobleeme v\u00f5i \u00e4revush\u00e4ireid, v\u00f5tke palun \u00fchendust oma <strong>\u00fcldarst v\u00f5i apteeker<\/strong>.<\/p>\n<p>&nbsp;<\/p>","protected":false},"excerpt":{"rendered":"<p>Norflurazepam werking \u2013 Wat je moet weten Norflurazepam werking is een benzodiazepine-derivaat met kalmerende, spierverslappende en angstremmende effecten. Hoewel het<\/p>","protected":false},"featured_media":20939,"comment_status":"closed","ping_status":"closed","template":"","meta":[],"product_brand":[82],"product_cat":[555],"product_tag":[326,132,137,135,134,136,133],"class_list":{"0":"post-24175","1":"product","2":"type-product","3":"status-publish","4":"has-post-thumbnail","6":"product_brand-research-chemical","7":"product_cat-b2b","8":"product_tag-nl","9":"product_tag-norflurazepam","10":"product_tag-norflurazepam-dosering","11":"product_tag-norflurazepam-ervaring","12":"product_tag-norflurazepam-ervaringen","13":"product_tag-norflurazepam-psychonaut","14":"product_tag-norflurazepam-werking","16":"first","17":"instock","18":"taxable","19":"shipping-taxable","20":"purchasable","21":"product-type-variable"},"_links":{"self":[{"href":"https:\/\/globalsourcechemicals.com\/et\/wp-json\/wp\/v2\/product\/24175","targetHints":{"allow":["GET"]}}],"collection":[{"href":"https:\/\/globalsourcechemicals.com\/et\/wp-json\/wp\/v2\/product"}],"about":[{"href":"https:\/\/globalsourcechemicals.com\/et\/wp-json\/wp\/v2\/types\/product"}],"replies":[{"embeddable":true,"href":"https:\/\/globalsourcechemicals.com\/et\/wp-json\/wp\/v2\/comments?post=24175"}],"version-history":[{"count":3,"href":"https:\/\/globalsourcechemicals.com\/et\/wp-json\/wp\/v2\/product\/24175\/revisions"}],"predecessor-version":[{"id":26023,"href":"https:\/\/globalsourcechemicals.com\/et\/wp-json\/wp\/v2\/product\/24175\/revisions\/26023"}],"wp:featuredmedia":[{"embeddable":true,"href":"https:\/\/globalsourcechemicals.com\/et\/wp-json\/wp\/v2\/media\/20939"}],"wp:attachment":[{"href":"https:\/\/globalsourcechemicals.com\/et\/wp-json\/wp\/v2\/media?parent=24175"}],"wp:term":[{"taxonomy":"product_brand","embeddable":true,"href":"https:\/\/globalsourcechemicals.com\/et\/wp-json\/wp\/v2\/product_brand?post=24175"},{"taxonomy":"product_cat","embeddable":true,"href":"https:\/\/globalsourcechemicals.com\/et\/wp-json\/wp\/v2\/product_cat?post=24175"},{"taxonomy":"product_tag","embeddable":true,"href":"https:\/\/globalsourcechemicals.com\/et\/wp-json\/wp\/v2\/product_tag?post=24175"}],"curies":[{"name":"t\u00f6\u00f6leht","href":"https:\/\/api.w.org\/{rel}","templated":true}]}}