{"id":27218,"date":"2025-08-14T11:23:19","date_gmt":"2025-08-14T11:23:19","guid":{"rendered":"https:\/\/globalsourcechemicals.com\/?page_id=27218"},"modified":"2025-10-13T09:49:38","modified_gmt":"2025-10-13T09:49:38","slug":"privaatsuspoliitika","status":"publish","type":"page","link":"https:\/\/globalsourcechemicals.com\/et\/privaatsuspoliitika\/","title":{"rendered":"Privaatsuspoliitika"},"content":{"rendered":"<p>See on Researchchemicalskopen.net privaatsusavaldus, mille leiate aadressilt\u00a0<a href=\"https:\/\/globalsourcechemicals.com\/et\/\">globalsourcechemicals.com<\/a><\/p>\n\n\n\n<h3 class=\"wp-block-heading\">Kohaldatavus<\/h3>\n\n\n\n<p>See privaatsusavaldus kehtib kogu tundliku teabe v\u00f5i isikuandmete kohta, mille te meile edastate, n\u00e4iteks registreerimisvormi, kontaktvormi v\u00f5i esitatud tellimuste kaudu. Me v\u00e4\u00e4rtustame oma klientide privaatsust ja seet\u00f5ttu t\u00f6\u00f6tleme ja kaitseme isikuandmeid \u00fclima hoolega. Meie andmet\u00f6\u00f6tlus toimub vastavalt isikuandmete kaitse \u00fcldm\u00e4\u00e4ruses (GDPR) s\u00e4testatud tingimustele. globalsourcechemicals.com on teie isikuandmete vastutav t\u00f6\u00f6tleja GDPR-i t\u00e4henduses. See t\u00e4hendab, et meie m\u00e4\u00e4rame, milliseid isikuandmeid, millisel eesm\u00e4rgil ja viisil t\u00f6\u00f6deldakse. Tagame, et teie isikuandmeid t\u00f6\u00f6deldakse \u00f5igesti ja hoolikalt vastavalt GDPR-ile. Selles privaatsusavalduses selgitame, milliseid andmeid me t\u00f6\u00f6tleme ja millistel eesm\u00e4rkidel neid kasutame.<\/p>\n\n\n\n<h3 class=\"wp-block-heading\">Isikuandmete \u00fclevaade<\/h3>\n\n\n\n<p>Allpool on \u00fclevaade meie poolt t\u00f6\u00f6deldavatest isikuandmetest:<\/p>\n\n\n\n<ul class=\"wp-block-list\">\n<li>Ees- ja perekonnanimi<\/li>\n\n\n\n<li>Aadressi \u00fcksikasjad<\/li>\n\n\n\n<li>Telefoninumber<\/li>\n\n\n\n<li>E-posti aadress<\/li>\n\n\n\n<li>Veebisaidi k\u00fclastaja IP-aadress<\/li>\n<\/ul>\n\n\n\n<h3 class=\"wp-block-heading\">Andmet\u00f6\u00f6tluse eesm\u00e4rk ja alus<\/h3>\n\n\n\n<p>Privaatsusavaldusega n\u00f5ustudes annate selges\u00f5nalise n\u00f5usoleku oma isikuandmete t\u00f6\u00f6tlemiseks allpool nimetatud eesm\u00e4rkidel, nagu on m\u00e4\u00e4ratletud GDPR-i artikli 6 l\u00f5ike 1 punktis a. Teil on \u00f5igus see n\u00f5usolek igal ajal tagasi v\u00f5tta. Kui te aga ei esita meile teatud andmeid v\u00f5i ei luba meil neid t\u00f6\u00f6delda, ei pruugi meil olla v\u00f5imalik teile optimaalset teenust pakkuda.<\/p>\n\n\n\n<p>Kui te ei ole meile oma isikuandmete t\u00f6\u00f6tlemiseks selges\u00f5nalist n\u00f5usolekut andnud v\u00f5i kui olete selle n\u00f5usoleku tagasi v\u00f5tnud, v\u00f5ib teie isikuandmete t\u00f6\u00f6tlemine toimuda isikuandmete kaitse \u00fcldm\u00e4\u00e4ruse artikli 6 l\u00f5ike 1 punktide b, c ja\/v\u00f5i f alusel. Sellisel juhul v\u00f5ib teie isikuandmete t\u00f6\u00f6tlemine toimuda ilma teie n\u00f5usolekuta, kui see on vajalik teiega s\u00f5lmitud lepingu t\u00e4itmiseks v\u00f5i Professor.nl \u00f5igustatud huvide kaitsmiseks. Lisaks v\u00f5ime olla seadusest tulenevalt kohustatud teie isikuandmeid t\u00f6\u00f6tlema.<\/p>\n\n\n\n<p>T\u00f6\u00f6tleme teie isikuandmeid j\u00e4rgmistel eesm\u00e4rkidel:<\/p>\n\n\n\n<ul class=\"wp-block-list\">\n<li>Meie teenuste osutamine (n\u00e4iteks kaupade kohaletoimetamine)<\/li>\n\n\n\n<li>Teie makse t\u00f6\u00f6tlemine<\/li>\n\n\n\n<li>Meie uudiskirja saatmine<\/li>\n\n\n\n<li>Teavitada teid meie teenuste ja toodete muudatustest<\/li>\n\n\n\n<li>Pakkuda teile v\u00f5imalust konto luua<\/li>\n<\/ul>\n\n\n\n<p>Me ei s\u00e4ilita teie isikuandmeid kauem, kui see on rangelt vajalik eesm\u00e4rkide saavutamiseks, milleks need koguti.<\/p>\n\n\n\n<h3 class=\"wp-block-heading\">Avalikustamine kolmandatele isikutele<\/h3>\n\n\n\n<p>Me v\u00f5ime teie isikuandmeid kolmandate osapooltega jagada, kui see on koosk\u00f5las eespool nimetatud eesm\u00e4rkidega. Avalikustamine kolmandatele isikutele v\u00f5ib olla vajalik teiega s\u00f5lmitud lepingu t\u00e4itmiseks, meie \u00f5igustatud huvide elluviimiseks v\u00f5i juriidilise kohustuse t\u00e4itmiseks. Meil on andmet\u00f6\u00f6tluslepingud ettev\u00f5tetega, kes t\u00f6\u00f6tlevad teie andmeid meie nimel, et tagada teie andmete sama turvalisuse ja konfidentsiaalsuse tase. Meie vastutame nende t\u00f6\u00f6tlemistoimingute eest. V\u00e4ljaspool eespool nimetatud olukordi edastame teie isikuandmeid teistele kolmandatele isikutele ainult teie selges\u00f5nalisel n\u00f5usolekul.<\/p>\n\n\n\n<h3 class=\"wp-block-heading\">\u00c4rilistel eesm\u00e4rkidel<\/h3>\n\n\n\n<p>Me v\u00f5ime teie isikuandmeid kasutada \u00e4rilistel eesm\u00e4rkidel, n\u00e4iteks selleks, et teavitada teid meie teenustest, asjakohastest toodetest v\u00f5i meie pakkumist m\u00f5jutada v\u00f5ivatest \u00f5igusaktide muudatustest. Sellisel juhul v\u00f5etakse teiega \u00fchendust ainult teie registreeritud e-posti aadressi kaudu. Kui te ei soovi saada teavet asjakohaste toodete v\u00f5i teenuste kohta, saate seda h\u00f5lpsalt m\u00e4rkida, kl\u00f5psates saadud e-kirjas nupul \u201et\u00fchista tellimus\u201c. Turu-uuringute eesm\u00e4rgil v\u00f5idakse teie isikuandmeid anon\u00fc\u00fcmida, nii et neid ei saa enam teiega seostada.<\/p>\n\n\n\n<p>Teie andmeid ei m\u00fc\u00fcda ega jagata kolmandate osapooltega \u00e4rilistel eesm\u00e4rkidel, v\u00e4lja arvatud juhul, kui olete selleks andnud selges\u00f5nalise loa.<\/p>\n\n\n\n<h3 class=\"wp-block-heading\">K\u00fcpsised<\/h3>\n\n\n\n<p>K\u00fcpsis on v\u00e4ike tekstifail, mis salvestatakse teie arvutisse, tahvelarvutisse v\u00f5i nutitelefoni, kui te meie veebisaiti esimest korda k\u00fclastate. Saate need k\u00fcpsised keelata, konfigureerides oma internetibrauseri nii, et neid enam ei salvestata. Samuti saate oma brauseri seadete kaudu kustutada kogu eelnevalt salvestatud teabe.<\/p>\n\n\n\n<p>Me kasutame j\u00e4rgmisi k\u00fcpsiseid:<\/p>\n\n\n\n<ul class=\"wp-block-list\">\n<li><strong>Funktsionaalsed k\u00fcpsised:<\/strong>&nbsp;Need on k\u00fcpsised, mis on vajalikud veebisaidi tehniliseks toimimiseks ja teie kasutusmugavuse tagamiseks. Need tagavad veebisaidi n\u00f5uetekohase toimimise ja m\u00e4letavad n\u00e4iteks teie eelistusi. Need k\u00fcpsised v\u00f5imaldavad meil oma veebisaiti optimeerida. Need on anal\u00fc\u00fctilised k\u00fcpsised, mis ei riku teie privaatsust ja mille jaoks me ei vaja teie eelnevat n\u00f5usolekut.<\/li>\n\n\n\n<li><strong>Google Analytics:<\/strong>&nbsp;See veebisait kasutab oma \u201eAnal\u00fc\u00fctika\u201d teenuse osana Ameerika ettev\u00f5tte Google k\u00fcpsiseid. Researchchemicalskopen.net kasutab seda teenust veebisaidi kasutamise aruannete koostamiseks ning selle kvaliteedi ja t\u00f5hususe m\u00f5\u00f5tmiseks. Kasutame Google Analyticsi Hollandi andmekaitseameti (Autoriteit Persoonsgegevens) etten\u00e4htud viisil, seega ei vaja me Google Analyticsi kasutamiseks teie eelnevat n\u00f5usolekut.<\/li>\n<\/ul>\n\n\n\n<h3 class=\"wp-block-heading\">Juurdep\u00e4\u00e4s, parandamine v\u00f5i kustutamine<\/h3>\n\n\n\n<p>Teil on \u00f5igus oma isikuandmetele juurde p\u00e4\u00e4seda, neid parandada v\u00f5i kustutada. Teil on ka \u00f5igus oma isikuandmete t\u00f6\u00f6tlemiseks antud n\u00f5usolek tagasi v\u00f5tta v\u00f5i isikuandmete t\u00f6\u00f6tlemisele vastu vaielda. Teil on ka \u00f5igus andmete \u00fclekandmisele, kui meil on digitaalseid isikuandmeid, mida t\u00f6\u00f6tleme kas teie n\u00f5usolekul v\u00f5i teiega s\u00f5lmitud lepingu t\u00e4itmiseks.<\/p>\n\n\n\n<p>See t\u00e4hendab, et saate esitada meile taotluse saata teile v\u00f5i teie poolt nimetatud teisele organisatsioonile digitaalsed isikuandmed, mida me teie kohta loetavas arvutifailis s\u00e4ilitame.<\/p>\n\n\n\n<p>Oma isikuandmetele juurdep\u00e4\u00e4su, parandamise, kustutamise, \u00fclekandmise v\u00f5i isikuandmete t\u00f6\u00f6tlemisele antud n\u00f5usoleku v\u00f5i vastuv\u00e4ite tagasiv\u00f5tmise taotluse saate saata aadressile info@globalsourcechemicals.com.<\/p>\n\n\n\n<p><\/p>","protected":false},"excerpt":{"rendered":"<p>Dit is de privacyverklaring van Researchchemicalskopen.net, te vinden op\u00a0globalsourcechemicals.com Toepasselijkheid Deze privacyverklaring is van toepassing op alle gevoelige informatie of<\/p>","protected":false},"author":1,"featured_media":0,"parent":0,"menu_order":0,"comment_status":"closed","ping_status":"closed","template":"","meta":{"footnotes":""},"class_list":["post-27218","page","type-page","status-publish","hentry"],"_links":{"self":[{"href":"https:\/\/globalsourcechemicals.com\/et\/wp-json\/wp\/v2\/pages\/27218","targetHints":{"allow":["GET"]}}],"collection":[{"href":"https:\/\/globalsourcechemicals.com\/et\/wp-json\/wp\/v2\/pages"}],"about":[{"href":"https:\/\/globalsourcechemicals.com\/et\/wp-json\/wp\/v2\/types\/page"}],"author":[{"embeddable":true,"href":"https:\/\/globalsourcechemicals.com\/et\/wp-json\/wp\/v2\/users\/1"}],"replies":[{"embeddable":true,"href":"https:\/\/globalsourcechemicals.com\/et\/wp-json\/wp\/v2\/comments?post=27218"}],"version-history":[{"count":2,"href":"https:\/\/globalsourcechemicals.com\/et\/wp-json\/wp\/v2\/pages\/27218\/revisions"}],"predecessor-version":[{"id":28550,"href":"https:\/\/globalsourcechemicals.com\/et\/wp-json\/wp\/v2\/pages\/27218\/revisions\/28550"}],"wp:attachment":[{"href":"https:\/\/globalsourcechemicals.com\/et\/wp-json\/wp\/v2\/media?parent=27218"}],"curies":[{"name":"t\u00f6\u00f6leht","href":"https:\/\/api.w.org\/{rel}","templated":true}]}}