{"id":27216,"date":"2025-08-14T11:20:44","date_gmt":"2025-08-14T11:20:44","guid":{"rendered":"https:\/\/globalsourcechemicals.com\/?page_id=27216"},"modified":"2025-10-13T09:52:58","modified_gmt":"2025-10-13T09:52:58","slug":"tagasitulek","status":"publish","type":"page","link":"https:\/\/globalsourcechemicals.com\/et\/tagasitulek\/","title":{"rendered":"Tagastamine"},"content":{"rendered":"<p><strong>Tagastuspoliitika<\/strong><\/p>\n\n\n\n<p>Kaugm\u00fc\u00fcgi seaduse kohaselt on tarbijatel veebiostude puhul 14-p\u00e4evane taganemisperiood alates toote k\u00e4ttesaamise kuup\u00e4evast. Selle aja jooksul saavad nad toote tagastada ilma p\u00f5hjust avaldamata.<\/p>\n\n\n\n<p><strong>Tingimused<\/strong><\/p>\n\n\n\n<p>Taganemis\u00f5iguse teostamine toimub vastavalt teatud seaduses\u00e4ttetele. Taganemisperioodi jooksul peab tarbija nii toodet kui ka selle pakendit hoolikalt k\u00e4sitsema. Toodet v\u00f5ib lahti pakkida v\u00f5i kasutada ainult ulatuses, mis on vajalik selleks, et hinnata, kas tarbija soovib toodet alles hoida. Taganemis\u00f5iguse teostamise korral tuleb toode koos k\u00f5igi kaasasolevate lisatarvikutega tagastada aadressile globalsourcechemicals.com originaalpakendis ja -seisukorras.<\/p>\n\n\n\n<p>Kahjustatud, mittet\u00e4ielikult tagastatud v\u00f5i tugevalt kasutatud toodete eest t\u00e4ielikku raha tagasi ei maksta.<\/p>\n\n\n\n<p>Klient kannab tagastuskulud ja -riskid. globalsourcechemicals.com on kohustatud tasutud summa, v\u00e4lja arvatud tagastuskulud, 30 p\u00e4eva jooksul tagastama.<\/p>\n\n\n\n<p><strong>T\u00fchista enne saatmist<\/strong><\/p>\n\n\n\n<p>Seni kuni tellimuse eest pole veel tasutud, see on pakendatud ja\/v\u00f5i saadetud, saab selle t\u00fchistada, saates e-kirja aadressile info.<a>@globalsourcechemicals.com<\/a><\/p>\n\n\n\n<p><strong>Tagastamine p\u00e4rast k\u00e4ttesaamist<\/strong><\/p>\n\n\n\n<p>P\u00e4rast tellimuse k\u00e4ttesaamist ja kui soovite selle tagastada, peate esmalt saatma e-kirja aadressile info<a>@globalsourcechemicals.com<\/a><\/p>\n\n\n\n<p>Teie vastutate ainult tagastuskulude eest. T\u00e4ielik tagasimakse tehakse teile kohe, kui globalsourcechemicals.com on tagastatud toote k\u00e4tte saanud.<\/p>\n\n\n\n<p>Palun arvestage, et olenemata t\u00fchistamise p\u00f5hjusest peate tegutsema seadusj\u00e4rgse t\u00e4htaja jooksul. See t\u00e4hendab, et peate teatama globalsourcechemicals.com-ile 14 p\u00e4eva jooksul alates tellimuse k\u00e4ttesaamisest ja tagastama toote 14 p\u00e4eva jooksul.<\/p>\n\n\n\n<p><strong>Tagastuspoliitika<\/strong><\/p>\n\n\n\n<p>Teil on \u00f5igus toode tagastada taganemis\u00f5iguse alusel, kui:<\/p>\n\n\n\n<ul class=\"wp-block-list\">\n<li>Toodet pole kasutatud.<\/li>\n\n\n\n<li>N\u00e4htavaid kahjustusi ega ilmseid kasutusj\u00e4lgi pole.<\/li>\n\n\n\n<li>Toode koos k\u00f5igi osadega tagastatakse samas seisukorras, nagu see k\u00e4tte saadi.<\/li>\n<\/ul>\n\n\n\n<p>Tagastatavat summat v\u00f5ib v\u00e4hendada, kui:<\/p>\n\n\n\n<ul class=\"wp-block-list\">\n<li>Toode sai kahjustada kasutaja poolt v\u00f5i tagastamise ajal.<\/li>\n\n\n\n<li>Pakkematerjal ei ole originaalpakendis (n\u00e4iteks kui pakend on avatud v\u00f5i kahjustatud).<\/li>\n<\/ul>\n\n\n\n<p>Kui te keeldute oma tellimusest v\u00f5i ei m\u00e4rgi selgelt, et soovite etten\u00e4htud aja jooksul oma taganemis\u00f5igust kasutada, ei saa globalsourcechemicals.com kindlaks teha, miks tellimus tagasi l\u00fckati. Sellistel juhtudel v\u00f5etakse teilt tasu nii tellimuse kui ka k\u00f5igi lisakulude eest. Teil on seadusest tulenev kohustus teavitada Researchchemicalskopen.net-i \u00f5igeaegselt oma kavatsusest tooted kokkulepitud aja jooksul tagastada.<\/p>\n\n\n\n<p>Tagastatud tooted peavad olema samas seisukorras, nagu need meie laost lahkusid.<\/p>","protected":false},"excerpt":{"rendered":"<p>Retourbeleid Volgens de Wet Kopen op Afstand heeft de consument bij online aankopen recht op een bedenktijd van 14 dagen<\/p>","protected":false},"author":1,"featured_media":0,"parent":0,"menu_order":0,"comment_status":"closed","ping_status":"closed","template":"","meta":{"footnotes":""},"class_list":["post-27216","page","type-page","status-publish","hentry"],"_links":{"self":[{"href":"https:\/\/globalsourcechemicals.com\/et\/wp-json\/wp\/v2\/pages\/27216","targetHints":{"allow":["GET"]}}],"collection":[{"href":"https:\/\/globalsourcechemicals.com\/et\/wp-json\/wp\/v2\/pages"}],"about":[{"href":"https:\/\/globalsourcechemicals.com\/et\/wp-json\/wp\/v2\/types\/page"}],"author":[{"embeddable":true,"href":"https:\/\/globalsourcechemicals.com\/et\/wp-json\/wp\/v2\/users\/1"}],"replies":[{"embeddable":true,"href":"https:\/\/globalsourcechemicals.com\/et\/wp-json\/wp\/v2\/comments?post=27216"}],"version-history":[{"count":2,"href":"https:\/\/globalsourcechemicals.com\/et\/wp-json\/wp\/v2\/pages\/27216\/revisions"}],"predecessor-version":[{"id":27515,"href":"https:\/\/globalsourcechemicals.com\/et\/wp-json\/wp\/v2\/pages\/27216\/revisions\/27515"}],"wp:attachment":[{"href":"https:\/\/globalsourcechemicals.com\/et\/wp-json\/wp\/v2\/media?parent=27216"}],"curies":[{"name":"t\u00f6\u00f6leht","href":"https:\/\/api.w.org\/{rel}","templated":true}]}}