{"id":27214,"date":"2025-08-14T11:19:38","date_gmt":"2025-08-14T11:19:38","guid":{"rendered":"https:\/\/globalsourcechemicals.com\/?page_id=27214"},"modified":"2025-10-13T09:54:25","modified_gmt":"2025-10-13T09:54:25","slug":"lahetamine","status":"publish","type":"page","link":"https:\/\/globalsourcechemicals.com\/et\/lahetamine\/","title":{"rendered":"L\u00e4hetamine"},"content":{"rendered":"<p>Bij de globalsourcechemicals.com versturen we pakketten zo snel mogelijk. Elke bestelling die v\u00f3\u00f3r 17:00u is besteld waarvan de betaling bij ons binnen is, zal dezelfde dag worden verzonden, tenzij er is gekozen voor \u2018Afhalen\u2019.<\/p>\n\n\n\n<p>K\u00f5ik tellimused saadetakse teie valitud kulleriga. Saate alati j\u00e4lgimiskoodi, et saaksite oma tellimust j\u00e4lgida.<\/p>\n\n\n\n<p>Kui teie pakki pole 10 t\u00f6\u00f6p\u00e4eva jooksul kohale toimetatud, v\u00f5tke meiega \u00fchendust, et saaksime asja l\u00e4hemalt uurida.<\/p>\n\n\n\n<p><strong>Tasuta saatmine Hollandisse ja Belgiasse: tellimuse summa alates 75 \u20ac<\/strong><br><strong>Tasuta saatmine teistesse riikidesse: tellimuse summa alates 250 \u20ac<\/strong><\/p>\n\n\n\n<hr class=\"wp-block-separator has-alpha-channel-opacity\"\/>\n\n\n\n<figure class=\"wp-block-table\"><table class=\"has-fixed-layout\"><tbody><tr><td><strong>Riik<\/strong><\/td><td><strong>Tarneaeg<\/strong><br><small><em>Makstud enne kella 17.00,<br>samal p\u00e4eval saadetud<\/em><\/small><\/td><td><strong>PostNL<\/strong><\/td><td><strong>DHL<\/strong><\/td><td><strong>DPD<\/strong><\/td><\/tr><tr><td>Holland<\/td><td>1-2 t\u00f6\u00f6p\u00e4eva<\/td><td>\u20ac4,95<\/td><td>\u20ac4,95<\/td><td>p\u00e4rast<\/td><\/tr><tr><td>Belgia<\/td><td>1\u20134 t\u00f6\u00f6p\u00e4eva<\/td><td>\u20ac4,95<\/td><td>\u20ac7,95<\/td><td>p\u00e4rast<\/td><\/tr><tr><td>Bulgaaria<\/td><td>2\u20138 t\u00f6\u00f6p\u00e4eva<\/td><td>p\u00e4rast<\/td><td>\u20ac17,95<\/td><td>\u20ac9,95<\/td><\/tr><tr><td>Eesti<\/td><td>2\u20138 t\u00f6\u00f6p\u00e4eva<\/td><td>p\u00e4rast<\/td><td>\u20ac34,95<\/td><td>\u20ac14,95<\/td><\/tr><tr><td>Prantsusmaa<\/td><td>2\u20138 t\u00f6\u00f6p\u00e4eva<\/td><td>p\u00e4rast<\/td><td>\u20ac12,95<\/td><td>\u20ac8,95<\/td><\/tr><tr><td>Kreeka<\/td><td>2\u20138 t\u00f6\u00f6p\u00e4eva<\/td><td>p\u00e4rast<\/td><td>\u20ac14,95<\/td><td>\u20ac39,95<\/td><\/tr><tr><td>Ungari<\/td><td>2\u20138 t\u00f6\u00f6p\u00e4eva<\/td><td>p\u00e4rast<\/td><td>\u20ac14,95<\/td><td>\u20ac9,95<\/td><\/tr><tr><td>Iirimaa<\/td><td>2\u20138 t\u00f6\u00f6p\u00e4eva<\/td><td>p\u00e4rast<\/td><td>\u20ac12,95<\/td><td>\u20ac24,95<\/td><\/tr><tr><td>Itaalia<\/td><td>2\u20138 t\u00f6\u00f6p\u00e4eva<\/td><td>p\u00e4rast<\/td><td>\u20ac10,95<\/td><td>\u20ac9,95<\/td><\/tr><tr><td>Horvaatia<\/td><td>2\u20138 t\u00f6\u00f6p\u00e4eva<\/td><td>p\u00e4rast<\/td><td>\u20ac19,95<\/td><td>\u20ac10,95<\/td><\/tr><tr><td>L\u00e4ti<\/td><td>2\u20138 t\u00f6\u00f6p\u00e4eva<\/td><td>p\u00e4rast<\/td><td>\u20ac34,95<\/td><td>\u20ac15,95<\/td><\/tr><tr><td>Leedu<\/td><td>2\u20138 t\u00f6\u00f6p\u00e4eva<\/td><td>p\u00e4rast<\/td><td>\u20ac34,95<\/td><td>\u20ac12,95<\/td><\/tr><tr><td>Luksemburg<\/td><td>2\u20138 t\u00f6\u00f6p\u00e4eva<\/td><td>p\u00e4rast<\/td><td>p\u00e4rast<\/td><td>\u20ac8,95<\/td><\/tr><tr><td>Austria<\/td><td>2\u20138 t\u00f6\u00f6p\u00e4eva<\/td><td>p\u00e4rast<\/td><td>\u20ac11,95<\/td><td>\u20ac9,95<\/td><\/tr><tr><td>Poola<\/td><td>2\u20138 t\u00f6\u00f6p\u00e4eva<\/td><td>p\u00e4rast<\/td><td>\u20ac14,95<\/td><td>\u20ac9,95<\/td><\/tr><tr><td>Portugal<\/td><td>2\u20138 t\u00f6\u00f6p\u00e4eva<\/td><td>p\u00e4rast<\/td><td>\u20ac19,95<\/td><td>\u20ac9,95<\/td><\/tr><tr><td>Rumeenia<\/td><td>2\u20138 t\u00f6\u00f6p\u00e4eva<\/td><td>p\u00e4rast<\/td><td>\u20ac16,95<\/td><td>\u20ac9,95<\/td><\/tr><tr><td>Sloveenia<\/td><td>2\u20138 t\u00f6\u00f6p\u00e4eva<\/td><td>p\u00e4rast<\/td><td>\u20ac18,95<\/td><td>\u20ac12,95<\/td><\/tr><tr><td>Slovakkia<\/td><td>2\u20138 t\u00f6\u00f6p\u00e4eva<\/td><td>p\u00e4rast<\/td><td>\u20ac18,95<\/td><td>\u20ac12,95<\/td><\/tr><tr><td>T\u0161ehhi Vabariik<\/td><td>2\u20138 t\u00f6\u00f6p\u00e4eva<\/td><td>p\u00e4rast<\/td><td>\u20ac14,95<\/td><td>\u20ac11,95<\/td><\/tr><\/tbody><\/table><\/figure>","protected":false},"excerpt":{"rendered":"<p>Bij de globalsourcechemicals.com versturen we pakketten zo snel mogelijk. Elke bestelling die v\u00f3\u00f3r 17:00u is besteld waarvan de betaling bij<\/p>","protected":false},"author":1,"featured_media":0,"parent":0,"menu_order":0,"comment_status":"closed","ping_status":"closed","template":"","meta":{"footnotes":""},"class_list":["post-27214","page","type-page","status-publish","hentry"],"_links":{"self":[{"href":"https:\/\/globalsourcechemicals.com\/et\/wp-json\/wp\/v2\/pages\/27214","targetHints":{"allow":["GET"]}}],"collection":[{"href":"https:\/\/globalsourcechemicals.com\/et\/wp-json\/wp\/v2\/pages"}],"about":[{"href":"https:\/\/globalsourcechemicals.com\/et\/wp-json\/wp\/v2\/types\/page"}],"author":[{"embeddable":true,"href":"https:\/\/globalsourcechemicals.com\/et\/wp-json\/wp\/v2\/users\/1"}],"replies":[{"embeddable":true,"href":"https:\/\/globalsourcechemicals.com\/et\/wp-json\/wp\/v2\/comments?post=27214"}],"version-history":[{"count":2,"href":"https:\/\/globalsourcechemicals.com\/et\/wp-json\/wp\/v2\/pages\/27214\/revisions"}],"predecessor-version":[{"id":28552,"href":"https:\/\/globalsourcechemicals.com\/et\/wp-json\/wp\/v2\/pages\/27214\/revisions\/28552"}],"wp:attachment":[{"href":"https:\/\/globalsourcechemicals.com\/et\/wp-json\/wp\/v2\/media?parent=27214"}],"curies":[{"name":"t\u00f6\u00f6leht","href":"https:\/\/api.w.org\/{rel}","templated":true}]}}