{"id":27212,"date":"2025-08-14T11:18:23","date_gmt":"2025-08-14T11:18:23","guid":{"rendered":"https:\/\/globalsourcechemicals.com\/?page_id=27212"},"modified":"2025-10-03T19:30:27","modified_gmt":"2025-10-03T19:30:27","slug":"maksma","status":"publish","type":"page","link":"https:\/\/globalsourcechemicals.com\/et\/maksma\/","title":{"rendered":"Maksa"},"content":{"rendered":"<p><strong>Globalsourcechemicals.com-is maksmine on kiire ja turvaline.<\/strong><br>Globalsourcechemicals.com lehel saate maksta lihtsalt ja turvaliselt. Pakume erinevaid makseviise, et saaksite oma tellimuse v\u00f5imalikult kiiresti k\u00e4tte.<\/p>\n\n\n\n<p><strong>Kasutage \u00fchte allolevatest makseviisidest ja saate oma tellimuse v\u00f5imalikult kiiresti k\u00e4tte.<\/strong><br>Teil on valida mitme makseviisi vahel. Valige endale k\u00f5ige sobivam meetod, et tagada oma tellimuse kiire kohaletoimetamine.<\/p>\n\n\n\n<p><strong>Kas te ei saanud oma makset veebis sooritada ja kas soovite seda ikkagi teha? Seej\u00e4rel kandke see k\u00e4sitsi \u00fcle:<\/strong><br>Kui teil tekib probleeme internetimakse sooritamisega, saate valida summa k\u00e4sitsi \u00fclekandmise.<\/p>\n\n\n\n<p><strong>M\u00c4RKUS! Kui teie makse \u00f5nnestub, saate automaatse teate. T\u00f6\u00f6tleme seda k\u00e4sitsi ja kontrollime oma pangakontot mitu korda p\u00e4evas.<\/strong><br>T\u00e4helepanu! Kui teie makse on edukas, saate kinnitusteate. T\u00f6\u00f6tleme makseid k\u00e4sitsi ja kontrollime oma pangakontot mitu korda p\u00e4evas, et k\u00f5ik sujuks.<\/p>\n\n\n\n<p><strong>Saadaval olevad makseviisid:<\/strong><br>Siin on maksev\u00f5imalused, mida me hetkel pakume:<\/p>\n\n\n\n<ul class=\"wp-block-list\">\n<li><strong>iDeal<\/strong>&nbsp;(<em>Ajutiselt k\u00e4ttesaamatu<\/em>)<br>Populaarne makseviis Hollandis. Hetkel ajutiselt k\u00e4ttesaamatu.<\/li>\n\n\n\n<li><strong>Kohe<\/strong>&nbsp;(<em>Ajutiselt k\u00e4ttesaamatu<\/em>)<br>Laialdaselt kasutatav makseviis Saksamaal ja teistes Euroopa riikides. Hetkel ajutiselt k\u00e4ttesaamatu.<\/li>\n\n\n\n<li><strong>Bancontact<\/strong>&nbsp;(<em>Ajutiselt k\u00e4ttesaamatu<\/em>)<br>Belgias enimkasutatav makseviis. Hetkel ajutiselt k\u00e4ttesaamatu.<\/li>\n\n\n\n<li><strong>Krediitkaart (VISA \/ MasterCard) (Cointopay kaudu)<\/strong><br>Maksa oma VISA v\u00f5i MasterCardi kaardiga makseteenuse pakkuja Cointopay kaudu.<\/li>\n\n\n\n<li><strong>K\u00e4sitsi \u00fclekanne<\/strong><br>Kandke summa k\u00e4sitsi meie Hollandi pangakontole. See on hea valik, kui eelistate traditsioonilist panga\u00fclekannet.<\/li>\n\n\n\n<li><strong>Maksa kr\u00fcptoga<\/strong><br>Kiire ja turvalise tehingu saamiseks maksa kr\u00fcptovaluutaga.<\/li>\n<\/ul>\n\n\n\n<p><br><strong>J\u00e4reldus:<\/strong><\/p>\n\n\n\n<ul class=\"wp-block-list\">\n<li>\n<ul class=\"wp-block-list\">\n<li><\/li>\n<\/ul>\n<\/li>\n<\/ul>","protected":false},"excerpt":{"rendered":"<p>Betalen bij globalsourcechemicals.com doe je snel en veilig.Bij globalsourcechemicals.com kun je eenvoudig en veilig betalen. We bieden verschillende betaalmethodes aan,<\/p>","protected":false},"author":1,"featured_media":0,"parent":0,"menu_order":0,"comment_status":"closed","ping_status":"closed","template":"","meta":{"footnotes":""},"class_list":["post-27212","page","type-page","status-publish","hentry"],"_links":{"self":[{"href":"https:\/\/globalsourcechemicals.com\/et\/wp-json\/wp\/v2\/pages\/27212","targetHints":{"allow":["GET"]}}],"collection":[{"href":"https:\/\/globalsourcechemicals.com\/et\/wp-json\/wp\/v2\/pages"}],"about":[{"href":"https:\/\/globalsourcechemicals.com\/et\/wp-json\/wp\/v2\/types\/page"}],"author":[{"embeddable":true,"href":"https:\/\/globalsourcechemicals.com\/et\/wp-json\/wp\/v2\/users\/1"}],"replies":[{"embeddable":true,"href":"https:\/\/globalsourcechemicals.com\/et\/wp-json\/wp\/v2\/comments?post=27212"}],"version-history":[{"count":3,"href":"https:\/\/globalsourcechemicals.com\/et\/wp-json\/wp\/v2\/pages\/27212\/revisions"}],"predecessor-version":[{"id":28531,"href":"https:\/\/globalsourcechemicals.com\/et\/wp-json\/wp\/v2\/pages\/27212\/revisions\/28531"}],"wp:attachment":[{"href":"https:\/\/globalsourcechemicals.com\/et\/wp-json\/wp\/v2\/media?parent=27212"}],"curies":[{"name":"t\u00f6\u00f6leht","href":"https:\/\/api.w.org\/{rel}","templated":true}]}}