{"id":27208,"date":"2025-08-14T11:09:48","date_gmt":"2025-08-14T11:09:48","guid":{"rendered":"https:\/\/globalsourcechemicals.com\/?page_id=27208"},"modified":"2025-10-13T07:44:19","modified_gmt":"2025-10-13T07:44:19","slug":"uldised-tingimused","status":"publish","type":"page","link":"https:\/\/globalsourcechemicals.com\/et\/uldised-tingimused\/","title":{"rendered":"\u00dcldised tingimused"},"content":{"rendered":"<p>\u00dcldised tingimused<br>Sisukord:<\/p>\n\n\n\n<p>Artikkel 1 \u2013 M\u00f5isted<\/p>\n\n\n\n<p>Artikkel 2 \u2013 Ettev\u00f5tja identiteet<\/p>\n\n\n\n<p>Artikkel 3 \u2013 Kohaldatavus<\/p>\n\n\n\n<p>Artikkel 4 \u2013 Pakkumine<\/p>\n\n\n\n<p>Artikkel 5 \u2013 Leping<\/p>\n\n\n\n<p>Artikkel 6 \u2013 Taganemis\u00f5igus<\/p>\n\n\n\n<p>Artikkel 7 \u2013 Kulud t\u00fchistamise korral<\/p>\n\n\n\n<p>Artikkel 8 \u2013 Taganemis\u00f5iguse v\u00e4listamine<\/p>\n\n\n\n<p>Artikkel 9 \u2013 Hind<\/p>\n\n\n\n<p>Artikkel 10 \u2013 Vastavus ja garantii<\/p>\n\n\n\n<p>Artikkel 11 \u2013 Kohaletoimetamine ja t\u00e4itmine<\/p>\n\n\n\n<p>Artikkel 12 \u2013 Kestustehingud: kestus, l\u00f5petamine ja pikendamine<\/p>\n\n\n\n<p>Artikkel 13 \u2013 Maksmine<\/p>\n\n\n\n<p>Artikkel 14 \u2013 Kaebused<\/p>\n\n\n\n<p>Artikkel 15 \u2013 Vaidlused<\/p>\n\n\n\n<p>Artikkel 16 \u2013 T\u00e4iendavad v\u00f5i k\u00f5rvalekalduvad s\u00e4tted<\/p>\n\n\n\n<p>Artikkel 1 \u2013 M\u00f5isted<\/p>\n\n\n\n<p>K\u00e4esolevates \u00fcldtingimustes kasutatakse j\u00e4rgmisi m\u00f5isteid j\u00e4rgmise t\u00e4henduses:<\/p>\n\n\n\n<p>J\u00e4relej\u00e4\u00e4misaeg: ajavahemik, mille jooksul tarbija saab oma taganemis\u00f5igust kasutada;<br>Tarbija: f\u00fc\u00fcsiline isik, kes ei tegutse kutse- ega \u00e4ritegevuse raames ja kes s\u00f5lmib ettev\u00f5tjaga sidevahendi abil lepingu;<br>P\u00e4ev: Kalender;<br>Kestusleping: kaugleping, mis on seotud toodete ja\/v\u00f5i teenuste seeriaga, mille tarnimis- ja\/v\u00f5i ostukohustus on ajaliselt jaotatud;<br>P\u00fcsiv andmekandja: mis tahes vahend, mis v\u00f5imaldab tarbijal v\u00f5i ettev\u00f5tjal s\u00e4ilitada talle isiklikult adresseeritud teavet viisil, mis v\u00f5imaldab seda edaspidi vaadata ja muutmata kujul taasesitada.<br>Taganemis\u00f5igus: Tarbija v\u00f5imalus kaugleping taganeda taganemisperioodi jooksul;<br>N\u00e4idisvorm: taganemisvormi n\u00e4idis, mille kaupleja annab tarbijale taganemis\u00f5iguse teostamiseks.<br>Ettev\u00f5tja: f\u00fc\u00fcsiline v\u00f5i juriidiline isik, kes pakub tooteid ja\/v\u00f5i teenuseid eemalt ja tarbijateenuseid;<br>Kaugleping: tarbija vahel ettev\u00f5tja poolt korraldatud toodete ja\/v\u00f5i teenuste kaugm\u00fc\u00fcgi s\u00fcsteemi raames s\u00f5lmitud leping, mille kohaselt kuni lepingu s\u00f5lmimise hetkeni (kaasa arvatud) kasutatakse ainult \u00fchte v\u00f5i mitut kaugsidevahendit;<br>Kaugsidetehnoloogia: vahend, mille abil saab lepingu s\u00f5lmida ilma, et tarbija ja ettev\u00f5tja viibiksid samal ajal samas kohas.<br>\u00dcldtingimused: K\u00e4esolevad ettev\u00f5tja \u00fcldtingimused. Artikkel 2 \u2013 Ettev\u00f5tja identiteet<\/p>\n\n\n\n<p>globalsourcechemicals.com<\/p>\n\n\n\n<p>Telefoninumber: +31620245658<\/p>\n\n\n\n<p>E-posti aadress: info@globalsourcechemicals.com<\/p>\n\n\n\n<p>Kaubanduskoda: 89632850<\/p>\n\n\n\n<p>KMKR-number: NL865047741B01<\/p>\n\n\n\n<p>Kui ettev\u00f5tja tegevus kuulub asjakohase litsentsis\u00fcsteemi alla:<\/p>\n\n\n\n<p>J\u00e4relevalveasutuse andmed:<\/p>\n\n\n\n<p>Kui ettev\u00f5tja tegutseb reguleeritud kutsealal:<\/p>\n\n\n\n<p>Kutse\u00fching v\u00f5i organisatsioon, millega ta on seotud;<br>Ametikoht, asukoht ELis v\u00f5i Euroopa Majanduspiirkonnas, kus see anti;<br>Viide Madalmaades kohaldatavatele kutse-eeskirjadele ja juhised selle kohta, kus ja kuidas nendele kutse-eeskirjadele ligi p\u00e4\u00e4seb.<br>Artikkel 3 \u2013 Kohaldatavus<\/p>\n\n\n\n<p>K\u00e4esolevad \u00fcldtingimused kehtivad iga ettev\u00f5tja tehtud pakkumise ning iga ettev\u00f5tja ja tarbija vahel s\u00f5lmitud kauglepingu ja tellimuse kohta.<br>Enne sidevahendi abil lepingu s\u00f5lmimist tehakse tarbijale k\u00e4ttesaadavaks k\u00e4esolevate \u00fcldtingimuste tekst. Kui see pole m\u00f5istlikult v\u00f5imalik, teavitatakse tarbijat enne sidevahendi abil lepingu s\u00f5lmimist sellest, kus ettev\u00f5ttes saab \u00fcldtingimustega tutvuda, ning sellest, et need saadetakse tarbijale tasuta niipea kui v\u00f5imalik.<br>Kui kaugleping s\u00f5lmitakse elektrooniliselt, v\u00f5ib eelnevast l\u00f5igust olenemata ja enne kauglepingu s\u00f5lmimist k\u00e4esolevate \u00fcldtingimuste teksti teha tarbijale elektrooniliselt k\u00e4ttesaadavaks ja seda on lihtne p\u00fcsival andmekandjal s\u00e4ilitada. Kui see ei ole m\u00f5istlikult v\u00f5imalik, teavitatakse tarbijat enne kauglepingu s\u00f5lmimist sellest, kus saab \u00fcldtingimustega elektrooniliselt tutvuda, ning et need saadetakse tarbijale tasuta elektrooniliselt v\u00f5i muul viisil tarbija soovil.<br>Kui lisaks k\u00e4esolevatele \u00fcldtingimustele kehtivad ka konkreetsed toote- v\u00f5i teenusetingimused, kohaldatakse vastavalt teist ja kolmandat l\u00f5iku ning vastuoluliste \u00fcldtingimuste korral v\u00f5ib tarbija alati tugineda talle k\u00f5ige soodsamale kohaldatavale s\u00e4ttele. Kui \u00fcks v\u00f5i mitu k\u00e4esolevate \u00fcldtingimuste s\u00e4tet on mingil ajal t\u00e4ielikult v\u00f5i osaliselt kehtetud v\u00f5i t\u00fchistatud, j\u00e4\u00e4vad leping ja k\u00e4esolevad tingimused muul viisil j\u00f5usse ning k\u00f5nealune s\u00e4te asendatakse vastastikusel kokkuleppel viivitamata s\u00e4ttega, mis kajastab k\u00f5ige paremini algse s\u00e4te kavatsust.<br>Olukordi, mida k\u00e4esolevad \u00fcldtingimused ei h\u00f5lma, tuleb hinnata k\u00e4esolevate \u00fcldtingimuste vaimus.<br>Meie tingimuste erinevate s\u00e4tete t\u00f5lgendamise v\u00f5i sisu osas tekkivad ebaselgused tuleks t\u00f5lgendada vastavalt k\u00e4esolevate tingimuste vaimule.<\/p>\n\n\n\n<p>Artikkel 4 \u2013 Pakkumine<\/p>\n\n\n\n<p>Kui pakkumisel on piiratud kehtivusaeg v\u00f5i see on seotud tingimustega, on see pakkumises selges\u00f5naliselt v\u00e4lja toodud.<br>Pakkumine on tasuta. Ettev\u00f5tja j\u00e4tab endale \u00f5iguse pakkumist muuta.<br>Pakkumine sisaldab pakutavate toodete ja\/v\u00f5i teenuste t\u00e4ielikku ja t\u00e4pset kirjeldust. Kirjeldus on piisavalt \u00fcksikasjalik, et tarbija saaks pakkumist n\u00f5uetekohaselt hinnata. Kui ettev\u00f5tja kasutab pilte, on need pakutavate toodete ja\/v\u00f5i teenuste tegelikud kujutised. Pakkumises esinevad ilmsed vead v\u00f5i vead ei ole ettev\u00f5tja jaoks siduvad.<br>Pakkumises olevad pildid, spetsifikatsioonid v\u00f5i andmed on soovituslikud ega anna alust h\u00fcvitise saamiseks ega lepingu l\u00f5petamiseks.<br>Tootepildid on pakutavate toodete tegelikud kujutised. Ettev\u00f5te ei saa garanteerida, et kuvatud v\u00e4rvid vastavad t\u00e4pselt toodete tegelikele v\u00e4rvidele.<br>Iga pakkumine sisaldab piisavalt teavet, et tarbijale selgelt n\u00e4idata pakkumise vastuv\u00f5tmisega kaasnevaid \u00f5igusi ja kohustusi. See h\u00f5lmab j\u00e4rgmist:<br>Hind koos k\u00e4ibemaksuga;<br>K\u00f5ik saatmiskulud;<br>Lepingu s\u00f5lmimise viis ja selleks vajalikud toimingud;<br>Kas taganemis\u00f5igus kehtib v\u00f5i mitte;<br>Lepingu maksmise, k\u00e4ttetoimetamise ja t\u00e4itmise viis;<br>Pakkumise vastuv\u00f5tmise periood v\u00f5i periood, mille jooksul ettev\u00f5tja hinda garanteerib;<br>Kaugsidevahendite kasutamise kulude summa, kui kaugsidetehnoloogia kasutamise kulud arvutatakse muul alusel kui kasutatud sidevahendi tavap\u00e4rane p\u00f5hitasu;<br>Kas leping arhiveeritakse p\u00e4rast selle s\u00f5lmimist ja kui jah, siis kuidas tarbija saab sellega tutvuda;<br>Viis, kuidas tarbija saab enne lepingu s\u00f5lmimist kontrollida lepingu raames tema poolt esitatud andmeid ja vajadusel neid parandada;<br>K\u00f5ik muud keeled lisaks hollandi keelele, milles lepingut saab s\u00f5lmida;<br>K\u00e4itumiskoodeksid, millele kaupleja on allunud, ja viis, kuidas tarbija saab nende k\u00e4itumiskoodeksitega elektrooniliselt tutvuda; ja<br>Kauglepingu minimaalne kestus pikaajalise tehingu korral.<br>Valikuline: Saadaval olevad suurused, v\u00e4rvid, materjalit\u00fc\u00fcbid.<br>Artikkel 5 \u2013 Leping<\/p>\n\n\n\n<p>L\u00f5ike 4 s\u00e4tete kohaselt loetakse leping s\u00f5lmituks, kui tarbija on pakkumise vastu v\u00f5tnud ja vastab selles s\u00e4testatud tingimustele. Kui tarbija on pakkumise elektrooniliselt vastu v\u00f5tnud, kinnitab ettev\u00f5tja pakkumise vastuv\u00f5tmise k\u00e4ttesaamist viivitamatult elektrooniliselt. Seni kuni ettev\u00f5tja ei ole selle vastuv\u00f5tmise k\u00e4ttesaamist kinnitanud, v\u00f5ib tarbija lepingu l\u00f5petada.<br>Kui leping s\u00f5lmitakse elektrooniliselt, v\u00f5tab ettev\u00f5tja elektroonilise andmeedastuse turvamiseks ja turvalise veebikeskkonna tagamiseks vajalikud tehnilised ja korralduslikud meetmed. Kui tarbija saab elektrooniliselt maksta, rakendab ettev\u00f5tja asjakohaseid turvameetmeid.<br>Ettev\u00f5tja v\u00f5ib seadusliku raamistiku piires uurida, kas tarbija suudab oma maksekohustusi t\u00e4ita, samuti k\u00f5iki fakte ja tegureid, mis on olulised kauglepingu vastutustundliku s\u00f5lmimise seisukohast. Kui ettev\u00f5tjal on selle uurimise p\u00f5hjal m\u00f5juv p\u00f5hjus lepingut mitte s\u00f5lmida, on tal \u00f5igus tellimus v\u00f5i taotlus p\u00f5hjendatult tagasi l\u00fckata v\u00f5i kehtestada selle t\u00e4itmisele eritingimused.<br>Ettev\u00f5tja saadab tarbijale koos toote v\u00f5i teenusega kirjalikult v\u00f5i selliselt, et tarbija saab seda ligip\u00e4\u00e4setaval viisil p\u00fcsival andmekandjal s\u00e4ilitada, j\u00e4rgmise teabe:<br>Ettev\u00f5tja asukoha k\u00fclastusaadress, kuhu tarbija saab kaebustega p\u00f6\u00f6rduda;<br>Tingimused, mille alusel ja kuidas tarbija saab taganemis\u00f5igust teostada, v\u00f5i selge avaldus taganemis\u00f5iguse v\u00e4listamise kohta;<br>Teave garantiide ja olemasoleva m\u00fc\u00fcgij\u00e4rgse teeninduse kohta;<br>K\u00e4esolevate tingimuste artikli 4 l\u00f5ikes 3 sisalduv teave, v\u00e4lja arvatud juhul, kui ettev\u00f5tja on selle teabe tarbijale lepingu t\u00e4itmiseks juba esitanud;<br>Lepingu l\u00f5petamise n\u00f5uded, kui leping on kestnud \u00fcle \u00fche aasta v\u00f5i on m\u00e4\u00e4ramata kestusega.<br>Ettemaksu korral kohaldatakse eelmise l\u00f5igu s\u00e4tet ainult esimese tarne kohta.<br>Iga leping s\u00f5lmitakse tingimusel, et k\u00f5nealuseid tooteid on piisavalt saadaval.<\/p>\n\n\n\n<p>Artikkel 6 \u2013 Taganemis\u00f5igus<\/p>\n\n\n\n<p>Artikkel 7 \u2013 Kulud t\u00fchistamise korral<\/p>\n\n\n\n<p>Kui tarbija kasutab oma taganemis\u00f5igust, kannab tagastamiskulud ta.<br>Kui tarbija on summa tasunud, tagastab ettev\u00f5tja selle summa niipea kui v\u00f5imalik, kuid mitte hiljem kui 14 p\u00e4eva jooksul p\u00e4rast t\u00fchistamist. See kehtib tingimusel, et toode on juba veebim\u00fc\u00fcjale tagastatud v\u00f5i et on v\u00f5imalik esitada veenev t\u00f5end toote t\u00e4ieliku tagastamise kohta. Tagasimaksed tehakse sama makseviisi kaudu, mida tarbija kasutas, v\u00e4lja arvatud juhul, kui tarbija annab tagasimaksega selges\u00f5nalise n\u00f5usoleku. Saadaval on erinevad makseviisid.<br>Tarbija hooletu k\u00e4sitsemise t\u00f5ttu toote kahjustumise korral vastutab tarbija toote v\u00e4\u00e4rtuse v\u00e4henemise eest.<br>Tarbija ei vastuta toote v\u00e4\u00e4rtuse v\u00e4henemise eest, kui kaupleja ei ole esitanud kogu seaduses n\u00f5utavat teavet taganemis\u00f5iguse kohta. Seda tuleb teha enne ostu-m\u00fc\u00fcgilepingu s\u00f5lmimist.<br>Artikkel 8 \u2013 Taganemis\u00f5iguse v\u00e4listamine<\/p>\n\n\n\n<p>Ettev\u00f5tja v\u00f5ib tarbija taganemis\u00f5iguse v\u00e4listada l\u00f5igetes 2 ja 3 kirjeldatud toodete puhul. Taganemis\u00f5iguse v\u00e4listamine kehtib ainult juhul, kui ettev\u00f5tja on seda pakkumises selgelt v\u00e4ljendanud, v\u00e4hemalt aegsasti enne lepingu s\u00f5lmimist.<br>Taganemis\u00f5iguse v\u00e4listamine on v\u00f5imalik ainult toodete puhul:<br>mille tarnija on loonud vastavalt tarbija spetsifikatsioonidele;<br>mis on oma olemuselt selgelt isiklikud;<br>mida oma olemuselt ei saa tagastada;<br>mis v\u00f5ib kiiresti rikneda v\u00f5i vananeda;<br>mille hind s\u00f5ltub finantsturu k\u00f5ikumistest, mille \u00fcle ettev\u00f5tjal puudub m\u00f5ju;<br>\u00fcksikute ajalehtede ja ajakirjade puhul;<br>Heli- ja videosalvestiste ning arvutitarkvara puhul, mille puhul tarbija on pitseri rikkunud.<br>H\u00fcgieenitoodete puhul, mille puhul tarbija on pitseri rikkunud.<br>Taganemis\u00f5iguse v\u00e4listamine on v\u00f5imalik ainult teenuste puhul:<br>Seoses majutuse, transpordi, toitlustusettev\u00f5tte v\u00f5i vaba aja tegevustega, mis tuleb l\u00e4bi viia kindlal kuup\u00e4eval v\u00f5i kindlal perioodil;<br>Mille kohaletoimetamisega on tarbija enne taganemisperioodi l\u00f5ppemist s\u00f5naselgelt n\u00f5ustunud;<br>Kihlvedude ja loteriide kohta.<br>Artikkel 9 \u2013 Hind<\/p>\n\n\n\n<p>Pakkumises m\u00e4rgitud kehtivusaja jooksul pakutavate toodete ja\/v\u00f5i teenuste hindu ei t\u00f5steta, v\u00e4lja arvatud k\u00e4ibemaksum\u00e4\u00e4rade muutustest tulenevad hinnamuutused.<br>Eelmisest l\u00f5igust hoolimata v\u00f5ib ettev\u00f5tja pakkuda muutuva hinnaga tooteid v\u00f5i teenuseid, mille hinnad s\u00f5ltuvad finantsturu k\u00f5ikumistest, mille \u00fcle ettev\u00f5tjal puudub kontroll. See s\u00f5ltuvus k\u00f5ikumistest ja asjaolu, et k\u00f5ik m\u00e4rgitud hinnad on sihthinnad, m\u00e4rgitakse pakkumises \u00e4ra.<br>Hinnat\u00f5usud kolme kuu jooksul alates lepingu s\u00f5lmimisest on lubatud ainult juhul, kui need tulenevad seadusj\u00e4rgsetest eeskirjadest v\u00f5i s\u00e4tetest. Hinnat\u00f5usud alates kolmest kuust alates alates lepingu s\u00f5lmimisest on lubatud ainult siis, kui ettev\u00f5tja on nendega n\u00f5ustunud ja:<br>need tulenevad seadusj\u00e4rgsetest m\u00e4\u00e4rustest v\u00f5i s\u00e4tetest v\u00f5i<br>tarbijal on \u00f5igus leping l\u00f5petada alates hinnat\u00f5usu j\u00f5ustumise kuup\u00e4evast.<br>Toodete v\u00f5i teenuste pakkumises m\u00e4rgitud hinnad sisaldavad k\u00e4ibemaksu.<br>K\u00f5ik hinnad v\u00f5ivad sisaldada tr\u00fcki- ja t\u00fcpograafilisi vigu. Me ei vastuta tr\u00fcki- ja t\u00fcpograafiliste vigade tagaj\u00e4rgede eest. Tr\u00fcki- v\u00f5i t\u00fcpograafiliste vigade korral ei ole ettev\u00f5tja kohustatud toodet vale hinnaga tarnima.<br>Artikkel 10 \u2013 Vastavus ja garantii<\/p>\n\n\n\n<p>Ettev\u00f5tja garanteerib, et tooted ja\/v\u00f5i teenused vastavad lepingule, pakkumises esitatud spetsifikatsioonidele, m\u00f5istlikele t\u00f6\u00f6kindluse ja\/v\u00f5i kasutatavuse n\u00f5uetele ning lepingu s\u00f5lmimise kuup\u00e4eval kehtivatele \u00f5igusnormidele ja\/v\u00f5i valitsuse m\u00e4\u00e4rustele. Kokkuleppe korral garanteerib ettev\u00f5tja ka, et toode sobib muuks kui tavap\u00e4raseks kasutamiseks.<br>Ettev\u00f5tja, tootja v\u00f5i importija pakutav garantii ei m\u00f5juta seadusj\u00e4rgseid \u00f5igusi ja n\u00f5udeid, mida tarbija saab lepingu alusel ettev\u00f5tja vastu esitada. K\u00f5ikidest defektidest v\u00f5i valesti tarnitud toodetest tuleb ettev\u00f5tjale kirjalikult teatada kahe kuu jooksul alates kohaletoimetamisest. Tooted tuleb tagastada originaalpakendis ja uues seisukorras.<br>Ettev\u00f5tja garantiiperiood vastab tootja garantiiperioodile. Ettev\u00f5tja ei vastuta aga kunagi toodete l\u00f5pliku sobivuse eest iga tarbija individuaalse rakenduse jaoks ega toodete kasutamise v\u00f5i rakendamisega seotud n\u00f5uannete eest.<br>Garantii ei kehti, kui:<br>Tarbija on tooteid ise parandanud ja\/v\u00f5i muutnud v\u00f5i on lasknud neid parandada ja\/v\u00f5i muuta kolmandatel isikutel;<br>Tarnitud tooted on olnud ebanormaalsetes tingimustes v\u00f5i neid on muul viisil hoolikalt t\u00f6\u00f6deldud v\u00f5i t\u00f6\u00f6deldud vastupidiselt ettev\u00f5tja juhistele ja\/v\u00f5i pakendil olevatele juhistele;<br>T\u00fchisus tuleneb t\u00e4ielikult v\u00f5i osaliselt valitsuse kehtestatud v\u00f5i kehtestatavatest eeskirjadest kasutatud materjalide olemuse v\u00f5i kvaliteedi kohta.<br>Artikkel 11 \u2013 Kohaletoimetamine ja t\u00e4itmine<\/p>\n\n\n\n<p>Ettev\u00f5tja rakendab toodete tellimuste vastuv\u00f5tmisel ja t\u00e4itmisel ning teenuste osutamise taotluste hindamisel \u00e4\u00e4rmist hoolsust. Tarnekohaks on aadress, mille tarbija on ettev\u00f5ttele edastanud.<br>Kui tarbija n\u00f5ustub pikema tarneajaga, t\u00e4idab ettev\u00f5te vastuv\u00f5etud tellimused kiiresti, kuid mitte hiljem kui 30 p\u00e4eva jooksul. Kui tarne hilineb v\u00f5i kui tellimust ei ole v\u00f5imalik t\u00e4ita v\u00f5i saab t\u00e4ita ainult osaliselt, teavitatakse tarbijat sellest hiljemalt 30 p\u00e4eva jooksul p\u00e4rast tellimuse esitamist. Sellisel juhul on tarbijal \u00f5igus leping tasuta taganeda. Tarbijal ei ole \u00f5igust h\u00fcvitisele.<br>K\u00f5ik tarneajad on soovituslikud. Neid aegu ei saa tarbija maksest maha arvata. Tarneaja \u00fcletamine ei anna tarbijale \u00f5igust h\u00fcvitisele.<br>K\u00e4esoleva artikli l\u00f5ike 3 kohase l\u00f5petamise korral tagastab ettev\u00f5tja tarbija poolt tasutud summa niipea kui v\u00f5imalik, kuid mitte hiljem kui 14 p\u00e4eva jooksul p\u00e4rast l\u00f5petamist.<br>Kui tellitud toote kohaletoimetamine osutub v\u00f5imatuks, p\u00fc\u00fcab ettev\u00f5tja pakkuda asendustoodet. Kohaletoimetamisel m\u00e4rgitakse tarnekirjas selgelt ja arusaadavalt, et tarnitakse asendustoode. Asendustoodete puhul ei saa taganemis\u00f5igust v\u00e4listada. Tagastuskulud kannab ettev\u00f5tja.<br>Toodete kahjustumise ja\/v\u00f5i kaotsimineku risk lasub ettev\u00f5tjal kuni toodete \u00fcleandmiseni tarbijale v\u00f5i ettev\u00f5tjale eelnevalt m\u00e4\u00e4ratud esindajale, v\u00e4lja arvatud juhul, kui on s\u00f5naselgelt kokku lepitud teisiti.<br>Artikkel 12 \u2013 Kestustehingud: kestus, l\u00f5petamine ja pikendamine<\/p>\n\n\n\n<p>L\u00f5petamine<\/p>\n\n\n\n<p>Tarbija v\u00f5ib igal ajal l\u00f5petada t\u00e4htajatu lepingu, mis h\u00f5lmab toodete (sh elektri) v\u00f5i teenuste regulaarset tarnimist, v\u00f5ttes arvesse kokkulepitud l\u00f5petamise reegleid ja kuni \u00fchekuulist etteteatamist\u00e4htaega.<br>Tarbija v\u00f5ib t\u00e4htajalise ja toodete (sh elektri) v\u00f5i teenuste regulaarsele tarnimisele laieneva lepingu igal ajal t\u00e4htaja l\u00f5pupoole \u00fcles \u00f6elda, v\u00f5ttes arvesse kokkulepitud \u00fcles\u00fctlemise reegleid ja kuni \u00fchekuulist etteteatamist\u00e4htaega.<br>Eelmistes l\u00f5ikudes nimetatud lepingutes v\u00f5ib tarbija:<br>t\u00fchistada igal ajal ja mitte ainult kindlal ajal v\u00f5i kindlal perioodil;<br>v\u00e4hemalt t\u00fchistada need samal viisil, nagu tema need s\u00f5lmis;<br>Te v\u00f5ite alati lepingu \u00fcles \u00f6elda sama etteteatamist\u00e4htajaga, mille ettev\u00f5tja on endale kehtestanud.<\/p>\n\n\n\n<p>Laiendus<\/p>\n\n\n\n<p>Kindlaksm\u00e4\u00e4ratud ajaks s\u00f5lmitud lepingut, mis n\u00e4eb ette toodete (sealhulgas elektri) v\u00f5i teenuste regulaarset tarnimist, ei saa vaikimisi kindlaksm\u00e4\u00e4ratud ajaks pikendada ega uuendada.<br>Erandina eelmisest l\u00f5igust v\u00f5ib t\u00e4htajalist lepingut, mis on s\u00f5lmitud p\u00e4evalehtede, n\u00e4dalalehtede ja ajakirjade regulaarseks k\u00e4ttetoimetamiseks, vaikimisi pikendada kuni kolmeks kuuks, kui tarbija saab pikendatud lepingu pikendamisperioodi l\u00f5ppedes kuni \u00fchekuulise etteteatamist\u00e4htajaga \u00fcles \u00f6elda.<\/p>\n\n\n\n<p>Toodete v\u00f5i teenuste regulaarseks tarnimiseks s\u00f5lmitud t\u00e4htajalist lepingut v\u00f5ib vaikimisi t\u00e4htajatult pikendada ainult juhul, kui tarbija saab lepingu igal ajal \u00fcles \u00f6elda kuni \u00fchekuulise etteteatamist\u00e4htajaga ja kuni kolmekuulise etteteatamist\u00e4htajaga, kui leping k\u00e4sitleb p\u00e4evalehtede, n\u00e4dalalehtede ja ajakirjade regulaarset, kuid v\u00e4hem kui igakuist tarnimist. P\u00e4evalehtede, n\u00e4dalalehtede ja ajakirjade regulaarseks, sissejuhatavaks tarnimiseks (prooviperiood v\u00f5i sissejuhatav tellimus) s\u00f5lmitud t\u00e4htajaline leping ei pikene automaatselt ja l\u00f5peb automaatselt p\u00e4rast prooviperioodi v\u00f5i sissejuhatavat perioodi.<\/p>\n\n\n\n<p>Kestus<\/p>\n\n\n\n<p>Kui lepingu kestus on pikem kui \u00fcks aasta, v\u00f5ib tarbija lepingu igal ajal \u00fche aasta m\u00f6\u00f6dudes \u00fcles \u00f6elda mitte pikema kui \u00fchekuulise etteteatamist\u00e4htajaga, v\u00e4lja arvatud juhul, kui m\u00f5istlikkus ja \u00f5iglus takistavad lepingu ennet\u00e4htaegset l\u00f5petamist.<br>Artikkel 13 \u2013 Maksmine<\/p>\n\n\n\n<p>Kui ei ole kokku lepitud teisiti, tuleb tarbija poolt v\u00f5lgnetavad summad tasuda 7 t\u00f6\u00f6p\u00e4eva jooksul p\u00e4rast artikli 6 l\u00f5ikes 1 nimetatud taganemisperioodi algust. Teenuse osutamise lepingu puhul algab see periood p\u00e4rast seda, kui tarbija on lepingu kinnituse k\u00e4tte saanud.<br>Tarbijal on kohustus teatada ettev\u00f5tjale viivitamatult k\u00f5ikidest esitatud v\u00f5i teatatud makseandmete ebat\u00e4psustest.<br>Kui tarbija maksega viivitab, j\u00e4tab ettev\u00f5tja endale \u00f5iguse, arvestades seadusest tulenevaid piiranguid, keelduda tarbijale h\u00fcvitise saamisest. M\u00f5istlikud kulud teatatakse eelnevalt.<br>Artikkel 14 \u2013 Kaebuste esitamise kord<\/p>\n\n\n\n<p>Ettev\u00f5tjal on piisavalt tuntud kaebuste esitamise kord ja ta menetleb kaebust vastavalt sellele kaebuste esitamise korrale.<br>Lepingu t\u00e4itmise kohta esitatud kaebused tuleb ettev\u00f5tjale esitada t\u00e4ielikult ja selgelt kirjeldatult 2 kuu jooksul p\u00e4rast seda, kui tarbija on puudused avastanud.<br>Ettev\u00f5tjale esitatud kaebustele vastatakse 14 p\u00e4eva jooksul alates nende k\u00e4ttesaamisest. Kui kaebuse menetlemine v\u00f5tab eeldatavasti kauem aega, antakse vastus 14 p\u00e4eva jooksul koos k\u00e4ttesaamise kinnitusega ja m\u00e4rge kaebuse vastamise aja kohta. Mida tarbija v\u00f5ib oodata. \u00dcksikasjalikum vastus<br>Kui kaebust ei \u00f5nnestu vastastikusel kokkuleppel lahendada, tekib vaidlus, mis lahendatakse vaidluste lahendamise menetluse teel.<br>Kaebuse korral peaks tarbija esmalt \u00fchendust v\u00f5tma ettev\u00f5tjaga. Kui veebipood on WebwinkelKeur Foundationiga seotud ja kaebusi ei \u00f5nnestu lahendada s\u00f5bralikult, peaks tarbija v\u00f5tma \u00fchendust WebwinkelKeur Foundationiga (webwinkelkeur.nl), kes vahendab tasuta. Kontrollige, kas sellel veebipoel on kehtiv liikmelisus, aadressil https:\/\/www.webwinkelkeur.nl\/ledenlijst\/. Kui lahendust ikka ei saavutata, on tarbijal v\u00f5imalus esitada oma kaebus WebwinkelKeur Foundationi m\u00e4\u00e4ratud s\u00f5ltumatule vaidluste lahendamise komisjonile. Otsus on siduv ning nii ettev\u00f5tja kui ka tarbija n\u00f5ustuvad selle siduva otsusega. Vaidluse esitamine sellele vaidluste lahendamise komisjonile toob kaasa kulusid, mille tarbija peab tasuma vastavale komisjonile. Kaebusi on v\u00f5imalik esitada ka Euroopa vaidluste veebip\u00f5hise lahendamise platvormi kaudu. <br>Kaebus ei peata ettev\u00f5tja kohustusi, v\u00e4lja arvatud juhul, kui ettev\u00f5tja on kirjalikult teisiti m\u00e4rkinud.<br>Kui m\u00fc\u00fcja leiab, et kaebus on p\u00f5hjendatud, asendab v\u00f5i parandab m\u00fc\u00fcja oma \u00e4ran\u00e4gemisel tarnitud kauba v\u00f5i tagastab tarnitud kauba.<br>Artikkel 15 \u2013 Vaidlused<\/p>\n\n\n\n<p>Ettev\u00f5tja ja tarbija vahelisi lepinguid, millele need tingimused kehtivad, reguleerib \u00fcksnes Hollandi \u00f5igus, isegi kui tarbija elab v\u00e4lismaal.<br>Viini m\u00fc\u00fcgikonventsioon ei kehti.<\/p>\n\n\n\n<p>Artikkel 16 \u2013 T\u00e4iendavad v\u00f5i k\u00f5rvalekalduvad s\u00e4tted<\/p>\n\n\n\n<p>K\u00e4esolevatest \u00fcldtingimustest t\u00e4iendavad v\u00f5i erinevad s\u00e4tted ei tohi olla tarbijale kahjulikud ning need tuleb registreerida nii, et tarbija saaks neid p\u00fcsival andmekandjal ligip\u00e4\u00e4setaval viisil s\u00e4ilitada.<\/p>","protected":false},"excerpt":{"rendered":"<p>Algemene voorwaardenInhoudsopgave: Artikel 1 &#8211; Definities Artikel 2 &#8211; Identiteit van de ondernemer Artikel 3 &#8211; Toepasselijkheid Artikel 4 &#8211;<\/p>","protected":false},"author":1,"featured_media":0,"parent":0,"menu_order":0,"comment_status":"closed","ping_status":"closed","template":"","meta":{"footnotes":""},"class_list":["post-27208","page","type-page","status-publish","hentry"],"_links":{"self":[{"href":"https:\/\/globalsourcechemicals.com\/et\/wp-json\/wp\/v2\/pages\/27208","targetHints":{"allow":["GET"]}}],"collection":[{"href":"https:\/\/globalsourcechemicals.com\/et\/wp-json\/wp\/v2\/pages"}],"about":[{"href":"https:\/\/globalsourcechemicals.com\/et\/wp-json\/wp\/v2\/types\/page"}],"author":[{"embeddable":true,"href":"https:\/\/globalsourcechemicals.com\/et\/wp-json\/wp\/v2\/users\/1"}],"replies":[{"embeddable":true,"href":"https:\/\/globalsourcechemicals.com\/et\/wp-json\/wp\/v2\/comments?post=27208"}],"version-history":[{"count":2,"href":"https:\/\/globalsourcechemicals.com\/et\/wp-json\/wp\/v2\/pages\/27208\/revisions"}],"predecessor-version":[{"id":28537,"href":"https:\/\/globalsourcechemicals.com\/et\/wp-json\/wp\/v2\/pages\/27208\/revisions\/28537"}],"wp:attachment":[{"href":"https:\/\/globalsourcechemicals.com\/et\/wp-json\/wp\/v2\/media?parent=27208"}],"curies":[{"name":"t\u00f6\u00f6leht","href":"https:\/\/api.w.org\/{rel}","templated":true}]}}