{"id":27204,"date":"2025-08-14T10:59:23","date_gmt":"2025-08-14T10:59:23","guid":{"rendered":"https:\/\/globalsourcechemicals.com\/?page_id=27204"},"modified":"2025-10-03T19:35:52","modified_gmt":"2025-10-03T19:35:52","slug":"taganemisoigus","status":"publish","type":"page","link":"https:\/\/globalsourcechemicals.com\/et\/taganemisoigus\/","title":{"rendered":"Taganemis\u00f5igus"},"content":{"rendered":"<p>Kliendina on teil \u00f5igus oma taganemis\u00f5igust kasutada 14 p\u00e4eva jooksul alates tellimuse k\u00e4ttesaamisest ilma p\u00f5hjendust avaldamata. Teil on lubatud saabunud tooteid lahti pakkida v\u00f5i testida ulatuses, mis on vajalik nende omaduste, karakteristikute ja funktsionaalsuse hindamiseks. Kui otsustate oma taganemis\u00f5igust kasutada, peate tooteid hoolikalt k\u00e4sitsema ja tagastama need GlobalSourceChemicalsile originaalpakendis ja -seisukorras. Ostja vastutab toodete tagastamise kulude eest. Lisateavet toodete tagastamise kohta leiate meie tagastamis- ja vahetamisjuhistest.<\/p>\n\n\n\n<p>Erandid kergesti riknevatele ja h\u00fcgieenilistele toodetele<br>Globalsourcechemicalsist ostetud piiratud s\u00e4ilivusajaga tooteid (n\u00e4iteks h\u00fcgieenitooted v\u00f5i personaalsed tooted) ei saa tagastada, kui pakend on p\u00e4rast kohaletoimetamist rikutud. Taganemis\u00f5igus ei kehti selle tootekategooria puhul. M\u00fc\u00fck on l\u00f5plik p\u00e4rast makse edukat sooritamist, nagu meie pakkumises selgelt m\u00e4rgitud.<\/p>","protected":false},"excerpt":{"rendered":"<p>Als klant heeft u de mogelijkheid om binnen een termijn van 14 dagen na ontvangst van uw bestelling zonder opgave<\/p>","protected":false},"author":1,"featured_media":0,"parent":0,"menu_order":0,"comment_status":"closed","ping_status":"closed","template":"","meta":{"footnotes":""},"class_list":["post-27204","page","type-page","status-publish","hentry"],"_links":{"self":[{"href":"https:\/\/globalsourcechemicals.com\/et\/wp-json\/wp\/v2\/pages\/27204","targetHints":{"allow":["GET"]}}],"collection":[{"href":"https:\/\/globalsourcechemicals.com\/et\/wp-json\/wp\/v2\/pages"}],"about":[{"href":"https:\/\/globalsourcechemicals.com\/et\/wp-json\/wp\/v2\/types\/page"}],"author":[{"embeddable":true,"href":"https:\/\/globalsourcechemicals.com\/et\/wp-json\/wp\/v2\/users\/1"}],"replies":[{"embeddable":true,"href":"https:\/\/globalsourcechemicals.com\/et\/wp-json\/wp\/v2\/comments?post=27204"}],"version-history":[{"count":3,"href":"https:\/\/globalsourcechemicals.com\/et\/wp-json\/wp\/v2\/pages\/27204\/revisions"}],"predecessor-version":[{"id":28532,"href":"https:\/\/globalsourcechemicals.com\/et\/wp-json\/wp\/v2\/pages\/27204\/revisions\/28532"}],"wp:attachment":[{"href":"https:\/\/globalsourcechemicals.com\/et\/wp-json\/wp\/v2\/media?parent=27204"}],"curies":[{"name":"t\u00f6\u00f6leht","href":"https:\/\/api.w.org\/{rel}","templated":true}]}}