{"id":27570,"date":"2025-09-23T07:05:38","date_gmt":"2025-09-23T07:05:38","guid":{"rendered":"https:\/\/globalsourcechemicals.com\/?post_type=product&#038;p=27570"},"modified":"2026-04-24T12:51:03","modified_gmt":"2026-04-24T12:51:03","slug":"comprar-4mmc","status":"publish","type":"product","link":"https:\/\/globalsourcechemicals.com\/es\/comercio\/okategoriserad\/comprar-4mmc\/","title":{"rendered":"Comprar mefedrona (4MMC)"},"content":{"rendered":"<h1 data-start=\"660\" data-end=\"708\"><strong data-start=\"662\" data-end=\"706\">4-MMC (mefedrona): perfil de la sustancia y preguntas frecuentes<\/strong><\/h1>\n<h3 data-start=\"710\" data-end=\"732\"><strong data-start=\"714\" data-end=\"730\">Descripci\u00f3n<\/strong><\/h3>\n<p data-start=\"733\" data-end=\"1149\">Compre 4mmc, 4-MMC, de lo contrario bekannt tambi\u00e9n <strong data-start=\"757\" data-end=\"770\">Mefedro<\/strong>, relacionado con el Grupo Sint\u00e9tico <strong data-start=\"808\" data-end=\"821\">Catinona<\/strong>. Es act\u00faa en s\u00ed mismo como una sustancia psicoactiva, que en la d\u00e9cada de 2000 como un sogenannte <strong data-start=\"910\" data-end=\"933\">Investigaci\u00f3n qu\u00edmica<\/strong> (RC) auftauchte. Aufgrund ihrer <strong data-start=\"966\" data-end=\"1009\">efecto estimulante y empat\u00f3geno<\/strong> Si actuaran como &quot;Legal High&quot;, estar\u00edan protegidos en el Land y tambi\u00e9n en Alemania. <strong data-start=\"1117\" data-end=\"1140\">legalmente prohibido<\/strong> convertirse.<\/p>\n<p data-start=\"1151\" data-end=\"1386\">El mefedro est\u00e1 qu\u00edmicamente relacionado con \u00e9l. <strong data-start=\"1187\" data-end=\"1203\">Anfetaminas<\/strong> y <strong data-start=\"1208\" data-end=\"1216\">MDMA<\/strong> und wird h\u00e4ufig in Form von <strong data-start=\"1245\" data-end=\"1280\">Polvo, cristales o c\u00e1psulas<\/strong> angeboten. Heute gilt es als <strong data-start=\"1310\" data-end=\"1328\">ilegal seco<\/strong> con buen estado de salud y riesgo de bienestar.<\/p>\n<h3 data-start=\"1393\" data-end=\"1432\"><strong data-start=\"1397\" data-end=\"1430\">Wirkung von 4-MMC (Mephedron)<\/strong><\/h3>\n<p data-start=\"1433\" data-end=\"1503\">Die Wirkung ist meist <strong data-start=\"1455\" data-end=\"1468\">ef\u00edmero<\/strong> y otros Estimulantes:<\/p>\n<ul data-start=\"1504\" data-end=\"1691\">\n<li data-start=\"1504\" data-end=\"1549\">\n<p data-start=\"1506\" data-end=\"1549\">Altura <strong data-start=\"1514\" data-end=\"1526\">Euforia<\/strong> y <strong data-start=\"1531\" data-end=\"1547\">Socialidad<\/strong><\/p>\n<\/li>\n<li data-start=\"1550\" data-end=\"1616\">\n<p data-start=\"1552\" data-end=\"1616\">Intensivos <strong data-start=\"1563\" data-end=\"1579\">Wohlbefinden<\/strong> y andamios <strong data-start=\"1596\" data-end=\"1614\">capacidad de conversaci\u00f3n<\/strong><\/p>\n<\/li>\n<li data-start=\"1617\" data-end=\"1659\">\n<p data-start=\"1619\" data-end=\"1659\">Altura <strong data-start=\"1627\" data-end=\"1657\">Herzfrequenz und Blutdruck<\/strong><\/p>\n<\/li>\n<li data-start=\"1660\" data-end=\"1691\">\n<p data-start=\"1662\" data-end=\"1691\">Unterdr\u00fcckung von M\u00fcdigkeit<\/p>\n<\/li>\n<\/ul>\n<h3 data-start=\"1698\" data-end=\"1732\"><strong data-start=\"1702\" data-end=\"1730\">Riesgos y efectos secundarios<\/strong><\/h3>\n<p data-start=\"1733\" data-end=\"1813\">Der Konsum von Mephedron ist mit <strong data-start=\"1766\" data-end=\"1800\">graves riesgos para la salud<\/strong> conectado:<\/p>\n<ul data-start=\"1814\" data-end=\"2094\">\n<li data-start=\"1814\" data-end=\"1893\">\n<p data-start=\"1816\" data-end=\"1893\"><strong data-start=\"1816\" data-end=\"1844\">Impuesto de carrera circular<\/strong> (Herzrasen, Bluthochdruck, Herzinfarkt-Risiko)<\/p>\n<\/li>\n<li data-start=\"1894\" data-end=\"1965\">\n<p data-start=\"1896\" data-end=\"1965\"><strong data-start=\"1896\" data-end=\"1918\">Efectos ps\u00edquicos<\/strong> como Angstzust\u00e4nde, Paranoia, Schlaflosigkeit<\/p>\n<\/li>\n<li data-start=\"1966\" data-end=\"2020\">\n<p data-start=\"1968\" data-end=\"2020\"><strong data-start=\"1968\" data-end=\"1994\">Abh\u00e4ngigkeitspotenzial<\/strong> bei regelm\u00e4\u00dfigem Konsum<\/p>\n<\/li>\n<li data-start=\"2021\" data-end=\"2094\">\n<p data-start=\"2023\" data-end=\"2094\"><strong data-start=\"2023\" data-end=\"2053\">Akute \u00dcberdosierungsgefahr<\/strong> Por una limpieza y dosificaci\u00f3n no seguras<\/p>\n<\/li>\n<\/ul>\n<h3 data-start=\"2101\" data-end=\"2136\"><strong data-start=\"2105\" data-end=\"2134\">Procedimientos judiciales en Alemania<\/strong><\/h3>\n<ul data-start=\"2137\" data-end=\"2384\">\n<li data-start=\"2137\" data-end=\"2232\">\n<p data-start=\"2139\" data-end=\"2232\">4-MMC est\u00e1 en Alemania <strong data-start=\"2164\" data-end=\"2175\">ilegal<\/strong> und f\u00e4llt unter das <strong data-start=\"2196\" data-end=\"2229\">Ley de Protecci\u00f3n de Medios de Pago (BtMG)<\/strong>.<\/p>\n<\/li>\n<li data-start=\"2233\" data-end=\"2287\">\n<p data-start=\"2235\" data-end=\"2287\">Besitz, Handel oder Herstellung sind <strong data-start=\"2272\" data-end=\"2284\">castigable<\/strong>.<\/p>\n<\/li>\n<li data-start=\"2288\" data-end=\"2384\">\n<p data-start=\"2290\" data-end=\"2384\">Der Kauf (&quot;comprar&quot;) im Internet ist <strong data-start=\"2325\" data-end=\"2343\">gesetzeswidrig<\/strong> y puede ser objeto de persecuci\u00f3n penal.<\/p>\n<\/li>\n<\/ul>\n<h2 data-start=\"2391\" data-end=\"2450\"><strong data-start=\"2394\" data-end=\"2448\">Informaci\u00f3n b\u00e1sica (preguntas frecuentes) sobre 4-MMC (mefedro)<\/strong><\/h2>\n<p data-start=\"2452\" data-end=\"2575\"><strong data-start=\"2452\" data-end=\"2473\">1. \u00bfQu\u00e9 era el 4-MMC?<\/strong><br data-start=\"2473\" data-end=\"2476\" \/>4-MMC (mefedr\u00f3n) es un seco sint\u00e9tico del grupo <strong data-start=\"2541\" data-end=\"2572\">kathinonhaltigen Substanzen<\/strong>.<\/p>\n<p data-start=\"2577\" data-end=\"2779\"><strong data-start=\"2577\" data-end=\"2609\">2. Warum ist 4-MMC verboten?<\/strong><br data-start=\"2609\" data-end=\"2612\" \/>Caminos de la <strong data-start=\"2622\" data-end=\"2707\">riesgos para la salud, beneficios para la salud y atenci\u00f3n m\u00e9dica<\/strong> se encontraron en los pa\u00edses sujetos a la legislaci\u00f3n que rige la legislaci\u00f3n.<\/p>\n<p data-start=\"2781\" data-end=\"2914\"><strong data-start=\"2781\" data-end=\"2817\">3. \u00bfC\u00f3mo se utiliza Mephedron?<\/strong><br data-start=\"2817\" data-end=\"2820\" \/>Funciona <strong data-start=\"2829\" data-end=\"2876\">estimulante, euf\u00f3rico y emp\u00e1tico<\/strong>, tambi\u00e9n con MDMA o Anfetamina.<\/p>\n<p data-start=\"2916\" data-end=\"3090\"><strong data-start=\"2916\" data-end=\"2958\">4. \u00bfQu\u00e9 tan c\u00f3modo te sientes?<\/strong><br data-start=\"2958\" data-end=\"2961\" \/>Nebenwirkungen reichen von <strong data-start=\"2988\" data-end=\"3022\">Herzrasen, \u00dcbelkeit, Schwitzen<\/strong> hasta el final <strong data-start=\"3034\" data-end=\"3059\">trastornos psicol\u00f3gicos<\/strong> wie Angst oder Aggressionen.<\/p>\n<p data-start=\"3092\" data-end=\"3224\"><strong data-start=\"3092\" data-end=\"3130\">5. \u00bfEs legal el 4-MMC en Alemania?<\/strong><br data-start=\"3130\" data-end=\"3133\" \/>No, Mephedron est\u00e1 en Alemania. <strong data-start=\"3168\" data-end=\"3187\">estrictamente prohibido<\/strong>. Besitz und Verkauf est\u00e1 penado por la ley.<\/p>\n<p data-start=\"3226\" data-end=\"3495\"><strong data-start=\"3226\" data-end=\"3261\">6. \u00bfExisten alternativas legales?<\/strong><br data-start=\"3261\" data-end=\"3264\" \/>Es existieren keine <strong data-start=\"3284\" data-end=\"3322\">Ersatzstoffe seguro o legal<\/strong> con m\u00e9todos de trabajo id\u00e9nticos. Seri\u00f6se Beratung empfiehlt ausschlie\u00dflich <strong data-start=\"3390\" data-end=\"3414\">alternativas saludables<\/strong> wie Sport, Ern\u00e4hrung und psychologische Unterst\u00fctzung zur Stimmungsaufhellung.<\/p>","protected":false},"excerpt":{"rendered":"<p>4-MMC (Mephedron) \u2013 Substanzprofil &amp; FAQ Beschreibung 4mmc kopen, 4-MMC, auch bekannt als Mephedron, geh\u00f6rt zur Gruppe der synthetischen Cathinone.<\/p>","protected":false},"featured_media":0,"comment_status":"open","ping_status":"closed","template":"","meta":[],"product_brand":[],"product_cat":[1085],"product_tag":[],"class_list":{"0":"post-27570","1":"product","2":"type-product","3":"status-publish","5":"product_cat-okategoriserad","7":"first","8":"instock","9":"taxable","10":"shipping-taxable","11":"purchasable","12":"product-type-variable"},"_links":{"self":[{"href":"https:\/\/globalsourcechemicals.com\/es\/wp-json\/wp\/v2\/product\/27570","targetHints":{"allow":["GET"]}}],"collection":[{"href":"https:\/\/globalsourcechemicals.com\/es\/wp-json\/wp\/v2\/product"}],"about":[{"href":"https:\/\/globalsourcechemicals.com\/es\/wp-json\/wp\/v2\/types\/product"}],"replies":[{"embeddable":true,"href":"https:\/\/globalsourcechemicals.com\/es\/wp-json\/wp\/v2\/comments?post=27570"}],"version-history":[{"count":1,"href":"https:\/\/globalsourcechemicals.com\/es\/wp-json\/wp\/v2\/product\/27570\/revisions"}],"predecessor-version":[{"id":27572,"href":"https:\/\/globalsourcechemicals.com\/es\/wp-json\/wp\/v2\/product\/27570\/revisions\/27572"}],"wp:attachment":[{"href":"https:\/\/globalsourcechemicals.com\/es\/wp-json\/wp\/v2\/media?parent=27570"}],"wp:term":[{"taxonomy":"product_brand","embeddable":true,"href":"https:\/\/globalsourcechemicals.com\/es\/wp-json\/wp\/v2\/product_brand?post=27570"},{"taxonomy":"product_cat","embeddable":true,"href":"https:\/\/globalsourcechemicals.com\/es\/wp-json\/wp\/v2\/product_cat?post=27570"},{"taxonomy":"product_tag","embeddable":true,"href":"https:\/\/globalsourcechemicals.com\/es\/wp-json\/wp\/v2\/product_tag?post=27570"}],"curies":[{"name":"gracias","href":"https:\/\/api.w.org\/{rel}","templated":true}]}}