{"id":26132,"date":"2025-05-01T01:31:17","date_gmt":"2025-05-01T01:31:17","guid":{"rendered":"https:\/\/globalsourcechemicals.com\/?post_type=product&#038;p=26132"},"modified":"2025-05-01T01:48:13","modified_gmt":"2025-05-01T01:48:13","slug":"comprar-ibogaina-hcl-en-linea","status":"publish","type":"product","link":"https:\/\/globalsourcechemicals.com\/es\/comercio\/iboga-ibogaina\/comprar-ibogaina-hcl-en-linea\/","title":{"rendered":"Comprar iboga\u00edna HCL"},"content":{"rendered":"<h2>Comprar iboga\u00edna HCL<\/h2>\n<div class=\"sm-table-layout__cell sm-table-layout__cell_align_left sm-table-layout__cell_fixed-cell_phrase\" role=\"cell\" data-testid=\"table-cell-keyword\">\n<div class=\"sm-cell-phrase\"><span class=\"___SText_anxqe-kmt_\" data-ui-name=\"Link.Text\">comprar iboga\u00edna hcl en l\u00ednea, <\/span>Compre Iboga\u00edna HCL, la iboga\u00edna es el qu\u00edmico activo que se encuentra en la ra\u00edz africana iboga Tabernanthe que elimina los signos f\u00edsicos de abstinencia e interrumpe el comportamiento del ansia de drogas de una vez por todas. Se ha demostrado que la iboga\u00edna HCL es la planta herbaria m\u00e1s influyente para curar adicciones. Cuando se aplica correctamente, el resultado es 100% efectivo. Ofrecemos Iboga preenvasado en c\u00e1psulas, lo que ayuda con la dosificaci\u00f3n y la facilidad de consumo.<\/div>\n<\/div>\n<p>Extra\u00eddo de la corteza de la ra\u00edz de Tabernanthe Iboga. En la segunda capa de la corteza de iboga se encuentran aproximadamente 12 alcaloides diferentes. Los tres alcaloides m\u00e1s destacados que se extraen incluyen iboga\u00edna, ibogamina y tambi\u00e9n ibogalina. Como compuesto qu\u00edmico de la iboga\u00edna, la iboga\u00edna HCL se utiliza en el tratamiento de la adicci\u00f3n. La iboga\u00edna HCL es un compuesto natural extra\u00eddo del arbusto Tabernanthe iboga originario de \u00c1frica. Se utiliza para eliminar toxinas (como opi\u00e1ceos y otras drogas) del cuerpo y ayudar a reducir dr\u00e1sticamente los s\u00edntomas inc\u00f3modos asociados con la abstinencia f\u00edsica del abuso de sustancias.<\/p>\n<p>La iboga\u00edna HCL es el tercer grado de iboga\u00edna y se utiliza con mayor frecuencia como terapia para la adicci\u00f3n. Pasa por un proceso de purificaci\u00f3n distinto utilizando HCL que elimina varias impurezas y otras sustancias. Adem\u00e1s, el clorhidrato de iboga\u00edna contiene aproximadamente entre un 85 y un 99 por ciento de iboga\u00edna pura.<\/p>\n<h2>Iboga\u00edna HCL en venta<\/h2>\n<p>Por lo general, la iboga\u00edna HCL se utiliza en un entorno m\u00e9dico bajo la supervisi\u00f3n de m\u00e9dicos y enfermeras certificados y capacitados profesionalmente. Es beneficioso ayudar a una persona que lucha contra el abuso de sustancias a controlar los s\u00edntomas de abstinencia de drogas o alcohol. La iboga\u00edna HCL se utiliza para tratar los s\u00edntomas de abstinencia de drogas trabajando en sinergia con neuronas y sitios receptores espec\u00edficos que se encuentran dentro del cerebro y el sistema nervioso central.<\/p>\n<p>Cuando una persona sufre abstinencia con Iboga\u00edna HCL, todav\u00eda habr\u00e1 s\u00edntomas de abstinencia. Sin embargo, por lo general se sienten en una fracci\u00f3n de lo que se experimenta sin tratamiento. Los efectos del tratamiento con Iboga\u00edna HCL pueden durar entre 15 y 36 horas, dependiendo de las caracter\u00edsticas \u00fanicas del paciente.<a href=\"https:\/\/globalsourcechemicals.com\/es\/comercio\/catinonas\/%f0%9f%92%a1-polvo-cristalino-de-2-mmc-para-todas-las-preguntas-y-respuestas-para-la-compra\/\">Gr\u00e1nulos de 2-CMC de 250 mg<\/a><a href=\"https:\/\/globalsourcechemicals.com\/es\/comercio\/casi-prohibido\/6-cl-de-adba\/\">6-CL-ADBA<\/a><a href=\"https:\/\/globalsourcechemicals.com\/es\/comercio\/lisergamidas\/1v-lsd-150-mcg-blotters\/\">Papel secante 1V-LSD 150 MCG<\/a><a href=\"https:\/\/globalsourcechemicals.com\/es\/comercio\/pellets\/granulos-de-o-dsmt-50-mg\/\">Gr\u00e1nulos de O-DSMT de 50 mg<\/a><a href=\"https:\/\/globalsourcechemicals.com\/es\/comercio\/lisergamidas\/1-pastilla-de-lsd-de-150-mcg\/\">Papel secante para arte de 1 cP-LSD 150 MCG<\/a><\/p>","protected":false},"excerpt":{"rendered":"<p>Comprar iboga\u00edna HCL, comprar iboga\u00edna HCL en l\u00ednea, comprar iboga\u00edna HCL, la iboga\u00edna es el qu\u00edmico activo que se encuentra en el Tabernanthe africano<\/p>","protected":false},"featured_media":26149,"comment_status":"closed","ping_status":"closed","template":"","meta":[],"product_brand":[],"product_cat":[908],"product_tag":[913],"class_list":{"0":"post-26132","1":"product","2":"type-product","3":"status-publish","4":"has-post-thumbnail","6":"product_cat-iboga-ibogaine","7":"product_tag-buy-ibogaine-hcl-online","9":"first","10":"instock","11":"taxable","12":"shipping-taxable","13":"purchasable","14":"product-type-variable"},"_links":{"self":[{"href":"https:\/\/globalsourcechemicals.com\/es\/wp-json\/wp\/v2\/product\/26132","targetHints":{"allow":["GET"]}}],"collection":[{"href":"https:\/\/globalsourcechemicals.com\/es\/wp-json\/wp\/v2\/product"}],"about":[{"href":"https:\/\/globalsourcechemicals.com\/es\/wp-json\/wp\/v2\/types\/product"}],"replies":[{"embeddable":true,"href":"https:\/\/globalsourcechemicals.com\/es\/wp-json\/wp\/v2\/comments?post=26132"}],"version-history":[{"count":3,"href":"https:\/\/globalsourcechemicals.com\/es\/wp-json\/wp\/v2\/product\/26132\/revisions"}],"predecessor-version":[{"id":26157,"href":"https:\/\/globalsourcechemicals.com\/es\/wp-json\/wp\/v2\/product\/26132\/revisions\/26157"}],"wp:featuredmedia":[{"embeddable":true,"href":"https:\/\/globalsourcechemicals.com\/es\/wp-json\/wp\/v2\/media\/26149"}],"wp:attachment":[{"href":"https:\/\/globalsourcechemicals.com\/es\/wp-json\/wp\/v2\/media?parent=26132"}],"wp:term":[{"taxonomy":"product_brand","embeddable":true,"href":"https:\/\/globalsourcechemicals.com\/es\/wp-json\/wp\/v2\/product_brand?post=26132"},{"taxonomy":"product_cat","embeddable":true,"href":"https:\/\/globalsourcechemicals.com\/es\/wp-json\/wp\/v2\/product_cat?post=26132"},{"taxonomy":"product_tag","embeddable":true,"href":"https:\/\/globalsourcechemicals.com\/es\/wp-json\/wp\/v2\/product_tag?post=26132"}],"curies":[{"name":"gracias","href":"https:\/\/api.w.org\/{rel}","templated":true}]}}