{"id":24966,"date":"2025-04-13T17:43:53","date_gmt":"2025-04-13T17:43:53","guid":{"rendered":"https:\/\/globalsourcechemicals.com\/?post_type=product&#038;p=24966"},"modified":"2025-10-02T15:04:28","modified_gmt":"2025-10-02T15:04:28","slug":"1vlsd","status":"publish","type":"product","link":"https:\/\/globalsourcechemicals.com\/es\/comercio\/1v-lsd\/1vlsd\/","title":{"rendered":"Papel secante 1V-LSD 150 MCG"},"content":{"rendered":"<h1 class=\"ds-markdown-paragraph\"><strong>Blotters de 1 V-LSD 150 mcg: potentes y fiables para la investigaci\u00f3n<\/strong><\/h1>\n<p>1vlsd\u200b<\/p>\n<h3><strong>\u00bfQu\u00e9 es 1V-LSD?<\/strong><\/h3>\n<p class=\"ds-markdown-paragraph\">El 1vlsd, 1V-LSD (dietilamida del \u00e1cido 1-valeril-D-lis\u00e9rgico), es una sustancia qu\u00edmica de investigaci\u00f3n estructuralmente relacionada con el LSD. Es conocida por sus posibles propiedades psicoactivas y se utiliza en estudios cient\u00edficos y farmacol\u00f3gicos.<\/p>\n<h3><strong>\u00bfPor qu\u00e9 elegir nuestros secantes 1V-LSD 150 mcg?<\/strong><\/h3>\n<p class=\"ds-markdown-paragraph\">\u2714\u00a0<strong>Dosis precisa<\/strong>\u00a0\u2013 Cada papel secante contiene exactamente 150 mcg para obtener resultados de investigaci\u00f3n consistentes.<br \/>\n\u2714\u00a0<strong>Alta calidad<\/strong>\u00a0\u2013 Fabricado bajo estrictas condiciones de laboratorio para una pureza \u00f3ptima.<br \/>\n\u2714\u00a0<strong>F\u00e1cil de usar<\/strong>\u00a0\u2013 La forma del papel secante permite una f\u00e1cil dosificaci\u00f3n y almacenamiento.<\/p>\n<h3><strong>Preguntas frecuentes (FAQ)<\/strong><\/h3>\n<h4><strong>1. \u00bfEs legal el 1V-LSD?<\/strong><\/h4>\n<p class=\"ds-markdown-paragraph\">La legalidad del 1V-LSD var\u00eda seg\u00fan el pa\u00eds. Es\u00a0<strong>destinado \u00fanicamente a fines de investigaci\u00f3n<\/strong>\u00a0No apto para consumo humano. Consulte siempre las leyes locales antes de realizar su pedido.<\/p>\n<h4><strong>2. \u00bfC\u00f3mo debo almacenar los secantes 1V-LSD?<\/strong><\/h4>\n<p class=\"ds-markdown-paragraph\">Guarde los secantes en un\u00a0<strong>lugar fresco, seco y oscuro<\/strong>Preferiblemente en un recipiente herm\u00e9tico. Evite la exposici\u00f3n a la luz y la humedad para una mayor durabilidad.<\/p>\n<h4><strong>3. \u00bfSon estos papeles secantes seguros para uso humano?<\/strong><\/h4>\n<p class=\"ds-markdown-paragraph\"><em>No.<\/em>\u00a0Este producto es\u00a0<strong>destinado \u00fanicamente a la investigaci\u00f3n cient\u00edfica<\/strong>\u00a0No se utilizan con fines recreativos ni m\u00e9dicos. Nuestros secantes est\u00e1n destinados exclusivamente a estudios de laboratorio controlados.<\/p>\n<h4><strong>4. \u00bfCu\u00e1les son las posibles aplicaciones de la investigaci\u00f3n?<\/strong><\/h4>\n<p class=\"ds-markdown-paragraph\">\ud83d\udd2c\u00a0<strong>Estudios neurofarmacol\u00f3gicos<\/strong><br \/>\n\ud83e\udde0\u00a0<strong>Investigaci\u00f3n en ciencias del comportamiento<\/strong><br \/>\n\ud83d\udcca\u00a0<strong>Qu\u00edmica anal\u00edtica y estudios metab\u00f3licos<\/strong><\/p>\n<h3><strong>\u00a1Haga su pedido ahora para una entrega r\u00e1pida!<\/strong><\/h3>\n<p class=\"ds-markdown-paragraph\">Disponible solo para investigadores y laboratorios registrados. Embalaje discreto y servicio r\u00e1pido garantizados.<\/p>\n<p><a href=\"https:\/\/globalsourcechemicals.com\/es\/comercio\/iboga-ibogaina\/corteza-de-raiz-de-iboga\/\">corteza de ra\u00edz de iboga<\/a><a href=\"https:\/\/globalsourcechemicals.com\/es\/comercio\/iboga-ibogaina\/comprar-ibogaina-hcl-en-linea\/\">Comprar iboga\u00edna HCL<\/a><a href=\"https:\/\/globalsourcechemicals.com\/es\/comercio\/lisergamidas\/1-cp-de-lsd-150-mcg\/\">Papel secante para arte de 1 cP-LSD 150 MCG<\/a><a href=\"https:\/\/globalsourcechemicals.com\/es\/comercio\/pellets\/granulos-de-o-dsmt-50-mg\/\">Gr\u00e1nulos de O-DSMT de 50 mg<\/a><a href=\"https:\/\/globalsourcechemicals.com\/es\/comercio\/casi-prohibido\/6-cl-de-adba\/\">6-CL-ADBA<\/a><\/p>","protected":false},"excerpt":{"rendered":"<h2>Propiedades de los secantes 1V-LSD<\/h2>\n<p><strong>Sin\u00f3nimos<\/strong>: hemi-L-tartrato de dietilamida del \u00e1cido 1-valeroil-lis\u00e9rgico<br \/>\n<strong>N\u00famero CAS<\/strong>: n \/ A<br \/>\n<strong>F\u00f3rmula<\/strong>:C25H33N3O2<br \/>\n<strong>Masa molar<\/strong>: 407,558 g\/mol<br \/>\n<strong>Pureza<\/strong>: \u226599,3%<\/p>","protected":false},"featured_media":27751,"comment_status":"open","ping_status":"closed","template":"","meta":[],"product_brand":[],"product_cat":[364,358],"product_tag":[631,582,326],"class_list":{"0":"post-24966","1":"product","2":"type-product","3":"status-publish","4":"has-post-thumbnail","6":"product_cat-1v-lsd","7":"product_cat-lysergamides","8":"product_tag-1v-lsd","9":"product_tag-1vlsd","10":"product_tag-nl","12":"first","13":"instock","14":"taxable","15":"shipping-taxable","16":"purchasable","17":"product-type-variable"},"_links":{"self":[{"href":"https:\/\/globalsourcechemicals.com\/es\/wp-json\/wp\/v2\/product\/24966","targetHints":{"allow":["GET"]}}],"collection":[{"href":"https:\/\/globalsourcechemicals.com\/es\/wp-json\/wp\/v2\/product"}],"about":[{"href":"https:\/\/globalsourcechemicals.com\/es\/wp-json\/wp\/v2\/types\/product"}],"replies":[{"embeddable":true,"href":"https:\/\/globalsourcechemicals.com\/es\/wp-json\/wp\/v2\/comments?post=24966"}],"version-history":[{"count":8,"href":"https:\/\/globalsourcechemicals.com\/es\/wp-json\/wp\/v2\/product\/24966\/revisions"}],"predecessor-version":[{"id":26287,"href":"https:\/\/globalsourcechemicals.com\/es\/wp-json\/wp\/v2\/product\/24966\/revisions\/26287"}],"wp:featuredmedia":[{"embeddable":true,"href":"https:\/\/globalsourcechemicals.com\/es\/wp-json\/wp\/v2\/media\/27751"}],"wp:attachment":[{"href":"https:\/\/globalsourcechemicals.com\/es\/wp-json\/wp\/v2\/media?parent=24966"}],"wp:term":[{"taxonomy":"product_brand","embeddable":true,"href":"https:\/\/globalsourcechemicals.com\/es\/wp-json\/wp\/v2\/product_brand?post=24966"},{"taxonomy":"product_cat","embeddable":true,"href":"https:\/\/globalsourcechemicals.com\/es\/wp-json\/wp\/v2\/product_cat?post=24966"},{"taxonomy":"product_tag","embeddable":true,"href":"https:\/\/globalsourcechemicals.com\/es\/wp-json\/wp\/v2\/product_tag?post=24966"}],"curies":[{"name":"gracias","href":"https:\/\/api.w.org\/{rel}","templated":true}]}}