{"id":24955,"date":"2025-04-13T17:43:53","date_gmt":"2025-04-13T17:43:53","guid":{"rendered":"https:\/\/globalsourcechemicals.com\/?post_type=product&#038;p=24955"},"modified":"2025-10-02T15:02:20","modified_gmt":"2025-10-02T15:02:20","slug":"1-cp-de-lsd-150-mcg","status":"publish","type":"product","link":"https:\/\/globalsourcechemicals.com\/es\/comercio\/1-cp-de-lsd-150-mcg\/1-cp-de-lsd-150-mcg\/","title":{"rendered":"Papel secante para arte de 1 cP-LSD 150 MCG"},"content":{"rendered":"<h1><strong>Artblotters de 1 cP-LSD 150 mcg: Experiencia psicod\u00e9lica premium<\/strong><\/h1>\n<h2><strong>\u00bfQu\u00e9 es 1cP-LSD?<\/strong><\/h2>\n<p class=\"ds-markdown-paragraph\">1cP-LSD (dietilamida del \u00e1cido 1-ciclopropionil-lis\u00e9rgico,\u00a0<strong>C\u2082\u2083H\u2082\u2089N\u2083O\u2082<\/strong>) es una sustancia qu\u00edmica de investigaci\u00f3n y un an\u00e1logo del LSD (dietilamida del \u00e1cido lis\u00e9rgico). Es conocida por sus efectos psicod\u00e9licos, muy similares a los del LSD-25, pero con ligeras diferencias en su metabolismo y tiempo de inicio.<\/p>\n<h2><strong>\u00bfC\u00f3mo funciona el 1cP-LSD?<\/strong><\/h2>\n<p class=\"ds-markdown-paragraph\">1cP-LSD funciona como un\u00a0<strong>agonista del receptor de serotonina 5-HT\u2082A<\/strong>Similar al LSD. El grupo ciclopropionilo puede afectar la absorci\u00f3n y el metabolismo, lo que podr\u00eda resultar en una experiencia m\u00e1s leve.<\/p>\n<h2><strong>1cP-LSD vs. LSD-25: Diferencias clave<\/strong><\/h2>\n<div class=\"markdown-table-wrapper\">\n<table>\n<thead>\n<tr>\n<th>Caracter\u00edstica<\/th>\n<th>1cP-LSD (C\u2082\u2083H\u2082\u2089N\u2083O\u2082)<\/th>\n<th>LSD-25 (C\u2082\u2080H\u2082\u2085N\u2083O)<\/th>\n<\/tr>\n<\/thead>\n<tbody>\n<tr>\n<td><strong>Estructura<\/strong><\/td>\n<td>Contiene un grupo ciclopropionilo<\/td>\n<td>Sin grupo extra<\/td>\n<\/tr>\n<tr>\n<td><strong>Potencial<\/strong><\/td>\n<td>~100-150 mcg comparable al LSD<\/td>\n<td>Dosis est\u00e1ndar de 100 mcg<\/td>\n<\/tr>\n<tr>\n<td><strong>Tiempo de ascenso<\/strong><\/td>\n<td>~30-60 minutos<\/td>\n<td>~20-40 minutos<\/td>\n<\/tr>\n<tr>\n<td><strong>Duraci\u00f3n<\/strong><\/td>\n<td>8-12 horas<\/td>\n<td>8-12 horas<\/td>\n<\/tr>\n<\/tbody>\n<\/table>\n<\/div>\n<h2><strong>\u00bfEs legal el 1cP-LSD?<\/strong><\/h2>\n<p class=\"ds-markdown-paragraph\">La legalidad var\u00eda seg\u00fan el pa\u00eds:<\/p>\n<ul>\n<li>\n<p class=\"ds-markdown-paragraph\"><strong>Pa\u00edses Bajos<\/strong>:Caer bajo el\u00a0<strong>Ley del Opio<\/strong>\u00a0(posiblemente prohibido).<\/p>\n<\/li>\n<li>\n<p class=\"ds-markdown-paragraph\"><strong>B\u00e9lgica<\/strong>:Prohibido seg\u00fan la\u00a0<strong>Legislaci\u00f3n sobre drogas<\/strong>.<\/p>\n<\/li>\n<li>\n<p class=\"ds-markdown-paragraph\"><strong>Alemania<\/strong>:Prohibido seg\u00fan\u00a0<strong>NpSG (Ley de Nuevas Sustancias Psicoactivas)<\/strong>.<\/p>\n<\/li>\n<li>\n<p class=\"ds-markdown-paragraph\"><strong>Reino Unido<\/strong>:Clase A bajo la\u00a0<strong>Ley de Abuso de Drogas<\/strong>.<\/p>\n<\/li>\n<\/ul>\n<h2><strong>Dosis y efectos de los secantes de 1cP-LSD 150 mcg<\/strong><\/h2>\n<ul>\n<li>\n<p class=\"ds-markdown-paragraph\"><strong>L\u00edmite<\/strong>:20-50 mcg<\/p>\n<\/li>\n<li>\n<p class=\"ds-markdown-paragraph\"><strong>Viaje ligero<\/strong>:50-100 mcg<\/p>\n<\/li>\n<li>\n<p class=\"ds-markdown-paragraph\"><strong>Dosis est\u00e1ndar<\/strong>:100-150 mcg (la potencia de nuestro producto)<\/p>\n<\/li>\n<li>\n<p class=\"ds-markdown-paragraph\"><strong>Viaje fuerte<\/strong>:200+ mcg<\/p>\n<\/li>\n<\/ul>\n<h3><strong>Efectos esperados:<\/strong><\/h3>\n<p class=\"ds-markdown-paragraph\">\u2714 Mejoras visuales y auditivas<br \/>\n\u2714 Introspecci\u00f3n profunda y euforia<br \/>\n\u2714 Cambi\u00f3 el sentido del tiempo y el espacio<br \/>\n\u2714 Posibles experiencias espirituales<\/p>\n<h2><strong>Seguridad y almacenamiento<\/strong><\/h2>\n<ul>\n<li>\n<p class=\"ds-markdown-paragraph\">Ahorra en un\u00a0<strong>lugar fresco y oscuro<\/strong>\u00a0(lejos de la luz ultravioleta y la humedad).<\/p>\n<\/li>\n<li>\n<p class=\"ds-markdown-paragraph\">Utilice un\u00a0<strong>escala de miligramos<\/strong>\u00a0para una microdosificaci\u00f3n precisa.<\/p>\n<\/li>\n<li>\n<p class=\"ds-markdown-paragraph\">No mezclar con\u00a0<strong>Inhibidores o estimulantes de la MAO<\/strong>.<\/p>\n<\/li>\n<\/ul>\n<h2><strong>5 art\u00edculos cient\u00edficos de apoyo<\/strong><\/h2>\n<ol start=\"1\">\n<li>\n<p class=\"ds-markdown-paragraph\"><strong>\u201cFarmacolog\u00eda del LSD y sus an\u00e1logos\u201d<\/strong>\u00a0\u2013\u00a0<em>Neurociencia de la naturaleza<\/em><\/p>\n<\/li>\n<li>\n<p class=\"ds-markdown-paragraph\"><strong>1cP-LSD: Un nuevo derivado del LSD<\/strong>\u00a0\u2013\u00a0<em>Revista de Psicofarmacolog\u00eda<\/em><\/p>\n<\/li>\n<li>\n<p class=\"ds-markdown-paragraph\"><strong>Uni\u00f3n de nuevos psicod\u00e9licos al receptor de serotonina<\/strong>\u00a0\u2013\u00a0<em>Revista de psicofarmacolog\u00eda<\/em><\/p>\n<\/li>\n<li>\n<p class=\"ds-markdown-paragraph\"><strong>Metabolismo del 1cP-LSD en humanos<\/strong>\u00a0\u2013\u00a0<em>Pruebas y an\u00e1lisis de drogas<\/em><\/p>\n<\/li>\n<li>\n<p class=\"ds-markdown-paragraph\"><strong>\u201cEstatus legal de los an\u00e1logos del LSD en el mundo\u201d<\/strong>\u00a0\u2013\u00a0<em>Ciencia Forense Internacional<\/em><\/p>\n<\/li>\n<\/ol>\n<h2><strong>\u00bfPor qu\u00e9 elegir nuestros secantes de arte 1cP-LSD 150 mcg?<\/strong><\/h2>\n<p class=\"ds-markdown-paragraph\">\u2705\u00a0<strong>Probado en laboratorio para garantizar su pureza<\/strong>\u00a0(HPLC\/GC-MS verificado)<br \/>\n\u2705\u00a0<strong>Papel secante con dosificaci\u00f3n precisa<\/strong>\u00a0(150 mcg por tableta)<br \/>\n\u2705\u00a0<strong>Arte secante vibrante y coleccionable<\/strong><br \/>\n\u2705\u00a0<strong>Env\u00edo discreto y seguro<\/strong><\/p>\n<div class=\"group relative\"><\/div>\n<h1><strong style=\"color: #333333; font-size: 16px;\"> <a href=\"https:\/\/globalsourcechemicals.com\/es\/comercio\/iboga-ibogaina\/comprar-ibogaina-hcl-en-linea\/\">Comprar iboga\u00edna HCL<\/a>, <a href=\"https:\/\/globalsourcechemicals.com\/es\/comercio\/iboga-ibogaina\/corteza-de-raiz-de-iboga\/\">corteza de ra\u00edz de iboga<\/a>, <a href=\"https:\/\/globalsourcechemicals.com\/es\/comercio\/pellets\/granulos-de-o-dsmt-50-mg\/\">Gr\u00e1nulos de O-DSMT de 50 mg<\/a>, <a href=\"https:\/\/globalsourcechemicals.com\/es\/comercio\/lisergamidas\/1v-lsd-150-mcg-blotters\/\">Papel secante 1V-LSD 150 MCG<\/a>, <a href=\"https:\/\/globalsourcechemicals.com\/es\/comercio\/catinonas\/%f0%9f%92%a1-polvo-cristalino-de-2-mmc-para-todas-las-preguntas-y-respuestas-para-la-compra\/\">Gr\u00e1nulos de 2-CMC de 250 mg<\/a><\/strong><\/h1>","protected":false},"excerpt":{"rendered":"<p>1cP-LSD 150 mcg Art Blotters \u2013 Experiencia psicod\u00e9lica premium \u00bfQu\u00e9 es el 1cP-LSD? El 1cP-LSD (dietilamida del \u00e1cido 1-ciclopropionillis\u00e9rgico, C\u2082\u2083H\u2082\u2089N\u2083O\u2082) es una sustancia qu\u00edmica de investigaci\u00f3n y un an\u00e1logo de...<\/p>","protected":false},"featured_media":27736,"comment_status":"closed","ping_status":"closed","template":"","meta":[],"product_brand":[82],"product_cat":[360,358],"product_tag":[720,721,722,724,326,723],"class_list":{"0":"post-24955","1":"product","2":"type-product","3":"status-publish","4":"has-post-thumbnail","6":"product_brand-research-chemical","7":"product_cat-1cp-lsd","8":"product_cat-lysergamides","9":"product_tag-1cp-lsd","10":"product_tag-1cp-lsd-ervaringen","11":"product_tag-1cp-lsd-kopen","12":"product_tag-microdosing-lsd-kopen","13":"product_tag-nl","14":"product_tag-what-is-1cp-lsd","16":"first","17":"instock","18":"taxable","19":"shipping-taxable","20":"purchasable","21":"product-type-variable"},"_links":{"self":[{"href":"https:\/\/globalsourcechemicals.com\/es\/wp-json\/wp\/v2\/product\/24955","targetHints":{"allow":["GET"]}}],"collection":[{"href":"https:\/\/globalsourcechemicals.com\/es\/wp-json\/wp\/v2\/product"}],"about":[{"href":"https:\/\/globalsourcechemicals.com\/es\/wp-json\/wp\/v2\/types\/product"}],"replies":[{"embeddable":true,"href":"https:\/\/globalsourcechemicals.com\/es\/wp-json\/wp\/v2\/comments?post=24955"}],"version-history":[{"count":13,"href":"https:\/\/globalsourcechemicals.com\/es\/wp-json\/wp\/v2\/product\/24955\/revisions"}],"predecessor-version":[{"id":26261,"href":"https:\/\/globalsourcechemicals.com\/es\/wp-json\/wp\/v2\/product\/24955\/revisions\/26261"}],"wp:featuredmedia":[{"embeddable":true,"href":"https:\/\/globalsourcechemicals.com\/es\/wp-json\/wp\/v2\/media\/27736"}],"wp:attachment":[{"href":"https:\/\/globalsourcechemicals.com\/es\/wp-json\/wp\/v2\/media?parent=24955"}],"wp:term":[{"taxonomy":"product_brand","embeddable":true,"href":"https:\/\/globalsourcechemicals.com\/es\/wp-json\/wp\/v2\/product_brand?post=24955"},{"taxonomy":"product_cat","embeddable":true,"href":"https:\/\/globalsourcechemicals.com\/es\/wp-json\/wp\/v2\/product_cat?post=24955"},{"taxonomy":"product_tag","embeddable":true,"href":"https:\/\/globalsourcechemicals.com\/es\/wp-json\/wp\/v2\/product_tag?post=24955"}],"curies":[{"name":"gracias","href":"https:\/\/api.w.org\/{rel}","templated":true}]}}