{"id":24941,"date":"2025-04-13T17:43:52","date_gmt":"2025-04-13T17:43:52","guid":{"rendered":"https:\/\/globalsourcechemicals.com\/?post_type=product&#038;p=24941"},"modified":"2025-10-02T15:05:16","modified_gmt":"2025-10-02T15:05:16","slug":"%f0%9f%92%a1-polvo-cristalino-de-2-mmc-para-todas-las-preguntas-y-respuestas-para-la-compra","status":"publish","type":"product","link":"https:\/\/globalsourcechemicals.com\/es\/comercio\/2-pastillas-de-cmc\/%f0%9f%92%a1-polvo-cristalino-de-2-mmc-para-todas-las-preguntas-y-respuestas-para-la-compra\/%f0%9f%92%a1-polvo-cristalino-de-2-mmc-para-todas-las-preguntas-y-respuestas-para-la-compra\/","title":{"rendered":"Gr\u00e1nulos de 2-CMC de 250 mg"},"content":{"rendered":"<h1 class=\"ds-markdown-paragraph\"><strong>Gr\u00e1nulos de 2-CMC de 250 mg: material de investigaci\u00f3n de primera calidad<\/strong><\/h1>\n<p>Comprar 2 cmc<\/p>\n<h3><strong>\ud83d\udd2c Especificaciones del producto<\/strong><\/h3>\n<ul>\n<li>\n<p class=\"ds-markdown-paragraph\"><strong>Nombre de la sustancia:<\/strong>\u00a02-clorometcatinona (2-CMC)<\/p>\n<\/li>\n<li>\n<p class=\"ds-markdown-paragraph\"><strong>Dosificaci\u00f3n:<\/strong>\u00a0250 mg por pellet (dosificaci\u00f3n precisa)<\/p>\n<\/li>\n<li>\n<p class=\"ds-markdown-paragraph\"><strong>Forma:<\/strong>\u00a0Pellets redondos y uniformes (\u00d8 6 mm)<\/p>\n<\/li>\n<li>\n<p class=\"ds-markdown-paragraph\"><strong>Pureza:<\/strong>\u00a0\u226598% (analizado por GC-MS)<\/p>\n<\/li>\n<li>\n<p class=\"ds-markdown-paragraph\"><strong>Color:<\/strong>\u00a0Gris claro a blanco<\/p>\n<\/li>\n<li>\n<p class=\"ds-markdown-paragraph\"><strong>Estabilidad:<\/strong>\u00a0Larga vida \u00fatil si se almacena correctamente<\/p>\n<\/li>\n<\/ul>\n<h3><strong>\ud83e\uddea Fines de investigaci\u00f3n<\/strong><\/h3>\n<p class=\"ds-markdown-paragraph\">\u2714\u00a0<strong>Estudios neuroqu\u00edmicos<\/strong>\u00a0\u2013 Interacciones del transportador de dopamina\/noradrenalina<br \/>\n\u2714\u00a0<strong>An\u00e1lisis forense<\/strong>\u00a0\u2013 Material de referencia para pruebas de drogas<br \/>\n\u2714\u00a0<strong>Investigaci\u00f3n farmacol\u00f3gica<\/strong>\u00a0\u2013 Relaciones estructura-actividad<\/p>\n<h3><strong>\u2697\ufe0f Control de calidad<\/strong><\/h3>\n<ul>\n<li>\n<p class=\"ds-markdown-paragraph\">Espec\u00edfico del lote\u00a0<strong>Certificado de an\u00e1lisis<\/strong>\u00a0incluido<\/p>\n<\/li>\n<li>\n<p class=\"ds-markdown-paragraph\">Producci\u00f3n en un entorno con certificaci\u00f3n GMP<\/p>\n<\/li>\n<li>\n<p class=\"ds-markdown-paragraph\">No se detectan impurezas (&lt;0,5%)<\/p>\n<\/li>\n<\/ul>\n<h3><strong>\u26a0\ufe0f Protocolo de seguridad<\/strong><\/h3>\n<ul>\n<li>\n<p class=\"ds-markdown-paragraph\"><strong>S\u00d3LO PARA FINES DE INVESTIGACI\u00d3N CIENT\u00cdFICA<\/strong><\/p>\n<\/li>\n<li>\n<p class=\"ds-markdown-paragraph\"><strong>No apto para uso humano o animal.<\/strong><\/p>\n<\/li>\n<li>\n<p class=\"ds-markdown-paragraph\"><strong>Medidas de seguridad obligatorias:<\/strong><\/p>\n<ul>\n<li>\n<p class=\"ds-markdown-paragraph\">Guantes y bata de laboratorio<\/p>\n<\/li>\n<li>\n<p class=\"ds-markdown-paragraph\">Trabajando en condiciones ventiladas, compre 2 cmc<\/p>\n<\/li>\n<\/ul>\n<\/li>\n<\/ul>\n<h3><strong>\ud83c\udf21 Consejos de almacenamiento<\/strong><\/h3>\n<ul>\n<li>\n<p class=\"ds-markdown-paragraph\"><strong>Herm\u00e9tico<\/strong>\u00a0embalaje<\/p>\n<\/li>\n<li>\n<p class=\"ds-markdown-paragraph\"><strong>Fresco y oscuro<\/strong>\u00a0(4-8\u00b0C \u00f3ptimo)<\/p>\n<\/li>\n<li>\n<p class=\"ds-markdown-paragraph\"><strong>Libre de humedad y luz.<\/strong>\u00a0ahorrar<\/p>\n<\/li>\n<\/ul>\n<h3><strong>\ud83d\udce6 Opciones de embalaje<\/strong><\/h3>\n<div class=\"markdown-table-wrapper\">\n<table>\n<thead>\n<tr>\n<th>Cantidad<\/th>\n<th>Tipo de embalaje<\/th>\n<\/tr>\n<\/thead>\n<tbody>\n<tr>\n<td>10 pellets<\/td>\n<td>Bl\u00edster sellado al vac\u00edo<\/td>\n<\/tr>\n<tr>\n<td>50 pellets<\/td>\n<td>Contenedor herm\u00e9tico de HDPE<\/td>\n<\/tr>\n<tr>\n<td>M\u00e1s de 100 pellets<\/td>\n<td>Embalaje a granel (bajo pedido)<\/td>\n<\/tr>\n<\/tbody>\n<\/table>\n<\/div>\n<h3><strong>\ud83d\udccc Estado legal<\/strong><\/h3>\n<ul>\n<li>\n<p class=\"ds-markdown-paragraph\">Exclusivamente para\u00a0<strong>investigadores calificados<\/strong><\/p>\n<\/li>\n<li>\n<p class=\"ds-markdown-paragraph\">No destinado al consumo.<\/p>\n<\/li>\n<li>\n<p class=\"ds-markdown-paragraph\">El comprador es responsable de las leyes locales.<\/p>\n<\/li>\n<\/ul>\n<h3><strong>\ud83d\udd0d Soporte t\u00e9cnico<\/strong><\/h3>\n<ul>\n<li>\n<p class=\"ds-markdown-paragraph\">Gratis\u00a0<strong>Hoja de datos de seguridad (MSDS)<\/strong>\u00a0disponible<\/p>\n<\/li>\n<li>\n<p class=\"ds-markdown-paragraph\">Datos de RMN y HPLC a petici\u00f3n<\/p>\n<\/li>\n<li>\n<p class=\"ds-markdown-paragraph\">Asesoramiento de investigaci\u00f3n posible, <a href=\"https:\/\/globalsourcechemicals.com\/es\/comercio\/iboga-ibogaina\/comprar-ibogaina-hcl-en-linea\/\">Comprar iboga\u00edna HCL<\/a><a href=\"https:\/\/globalsourcechemicals.com\/es\/comercio\/iboga-ibogaina\/corteza-de-raiz-de-iboga\/\">corteza de ra\u00edz de iboga<\/a><a href=\"https:\/\/globalsourcechemicals.com\/es\/comercio\/lisergamidas\/1-cp-de-lsd-150-mcg\/\">Papel secante para arte de 1 cP-LSD 150 MCG<\/a><a href=\"https:\/\/globalsourcechemicals.com\/es\/comercio\/pellets\/granulos-de-o-dsmt-50-mg\/\">Gr\u00e1nulos de O-DSMT de 50 mg<\/a><a href=\"https:\/\/globalsourcechemicals.com\/es\/comercio\/lisergamidas\/1v-lsd-150-mcg-blotters\/\">Papel secante 1V-LSD 150 MCG<\/a><\/p>\n<\/li>\n<\/ul>","protected":false},"excerpt":{"rendered":"<h2>Propiedades del 2-CMC<\/h2>\n<p><strong>N\u00famero CAS<\/strong>: 1246911-71-6<br \/>\n<strong>F\u00f3rmula<\/strong>: C11h15NO \u2022 HCl<br \/>\n<strong>Masa molar<\/strong>: 177.247<br \/>\n<strong>Pureza<\/strong>: \u226599%<\/p>","protected":false},"featured_media":27765,"comment_status":"closed","ping_status":"closed","template":"","meta":[],"product_brand":[],"product_cat":[371,421,322,79,324],"product_tag":[561,562,326],"class_list":{"0":"post-24941","1":"product","2":"type-product","3":"status-publish","4":"has-post-thumbnail","6":"product_cat-2-cmc-kopen","7":"product_cat-2-cmc-pellets","8":"product_cat-bijna-verboden","9":"product_cat-cathinonen","10":"product_cat-pellets-for-pellet","11":"product_tag-2-cmc-kopen","12":"product_tag-2-cmc-pellets-kopen","13":"product_tag-nl","15":"first","16":"instock","17":"taxable","18":"shipping-taxable","19":"purchasable","20":"product-type-variable"},"_links":{"self":[{"href":"https:\/\/globalsourcechemicals.com\/es\/wp-json\/wp\/v2\/product\/24941","targetHints":{"allow":["GET"]}}],"collection":[{"href":"https:\/\/globalsourcechemicals.com\/es\/wp-json\/wp\/v2\/product"}],"about":[{"href":"https:\/\/globalsourcechemicals.com\/es\/wp-json\/wp\/v2\/types\/product"}],"replies":[{"embeddable":true,"href":"https:\/\/globalsourcechemicals.com\/es\/wp-json\/wp\/v2\/comments?post=24941"}],"version-history":[{"count":6,"href":"https:\/\/globalsourcechemicals.com\/es\/wp-json\/wp\/v2\/product\/24941\/revisions"}],"predecessor-version":[{"id":26269,"href":"https:\/\/globalsourcechemicals.com\/es\/wp-json\/wp\/v2\/product\/24941\/revisions\/26269"}],"wp:featuredmedia":[{"embeddable":true,"href":"https:\/\/globalsourcechemicals.com\/es\/wp-json\/wp\/v2\/media\/27765"}],"wp:attachment":[{"href":"https:\/\/globalsourcechemicals.com\/es\/wp-json\/wp\/v2\/media?parent=24941"}],"wp:term":[{"taxonomy":"product_brand","embeddable":true,"href":"https:\/\/globalsourcechemicals.com\/es\/wp-json\/wp\/v2\/product_brand?post=24941"},{"taxonomy":"product_cat","embeddable":true,"href":"https:\/\/globalsourcechemicals.com\/es\/wp-json\/wp\/v2\/product_cat?post=24941"},{"taxonomy":"product_tag","embeddable":true,"href":"https:\/\/globalsourcechemicals.com\/es\/wp-json\/wp\/v2\/product_tag?post=24941"}],"curies":[{"name":"gracias","href":"https:\/\/api.w.org\/{rel}","templated":true}]}}