{"id":24751,"date":"2025-04-13T17:42:59","date_gmt":"2025-04-13T17:42:59","guid":{"rendered":"https:\/\/globalsourcechemicals.com\/?post_type=product&#038;p=24751"},"modified":"2025-10-02T16:44:37","modified_gmt":"2025-10-02T16:44:37","slug":"granulos-de-50-mg-de-5mapb","status":"publish","type":"product","link":"https:\/\/globalsourcechemicals.com\/es\/comercio\/5-mapas\/granulos-de-50-mg-de-5mapb\/","title":{"rendered":"Gr\u00e1nulos de 50 mg de 5-MAPB"},"content":{"rendered":"<h3><strong><span dir=\"auto\" style=\"vertical-align: inherit;\"><span dir=\"auto\" style=\"vertical-align: inherit;\">Gr\u00e1nulos de 50 mg de 5-MAPB: sustancia qu\u00edmica de investigaci\u00f3n con propiedades entact\u00f3genas<\/span><\/span><\/strong><\/h3>\n<h4><strong><span dir=\"auto\" style=\"vertical-align: inherit;\"><span dir=\"auto\" style=\"vertical-align: inherit;\">\u00bfQu\u00e9 es 5-MAPB?<\/span><\/span><\/strong><\/h4>\n<p class=\"ds-markdown-paragraph\"><span dir=\"auto\" style=\"vertical-align: inherit;\"><span dir=\"auto\" style=\"vertical-align: inherit;\">El 5-MAPB (5-(2-metilaminopropil)benzofurano) es una sustancia qu\u00edmica de investigaci\u00f3n de la clase de los benzofuranos, relacionada con compuestos como el 6-APB y el MDAI. Es conocido por sus <\/span><\/span><strong><span dir=\"auto\" style=\"vertical-align: inherit;\"><span dir=\"auto\" style=\"vertical-align: inherit;\">Potentes efectos empat\u00f3genos y ligeramente estimulantes.<\/span><\/span><\/strong><span dir=\"auto\" style=\"vertical-align: inherit;\"><span dir=\"auto\" style=\"vertical-align: inherit;\"> , lo que lo hace interesante para\u00a0 <\/span><\/span><strong><span dir=\"auto\" style=\"vertical-align: inherit;\"><span dir=\"auto\" style=\"vertical-align: inherit;\">investigaci\u00f3n<\/span><\/span><\/strong><span dir=\"auto\" style=\"vertical-align: inherit;\"><span dir=\"auto\" style=\"vertical-align: inherit;\"> \u00a0sobre los sistemas serotonin\u00e9rgicos.<\/span><\/span><\/p>\n<p class=\"ds-markdown-paragraph\"><span dir=\"auto\" style=\"vertical-align: inherit;\"><span dir=\"auto\" style=\"vertical-align: inherit;\">Nuestro\u00a0 <\/span><\/span><strong><span dir=\"auto\" style=\"vertical-align: inherit;\"><span dir=\"auto\" style=\"vertical-align: inherit;\">Gr\u00e1nulos de 50 mg de 5-MAPB<\/span><\/span><\/strong><span dir=\"auto\" style=\"vertical-align: inherit;\"><span dir=\"auto\" style=\"vertical-align: inherit;\"> \u00a0proporcionar\u00a0 <\/span><\/span><strong><span dir=\"auto\" style=\"vertical-align: inherit;\"><span dir=\"auto\" style=\"vertical-align: inherit;\">dosificaci\u00f3n precisa y consistente<\/span><\/span><\/strong><span dir=\"auto\" style=\"vertical-align: inherit;\"><span dir=\"auto\" style=\"vertical-align: inherit;\"> , ideal para estudios farmacol\u00f3gicos controlados.<\/span><\/span><\/p>\n<hr \/>\n<h3><strong><span dir=\"auto\" style=\"vertical-align: inherit;\"><span dir=\"auto\" style=\"vertical-align: inherit;\">Caracter\u00edsticas del producto:<\/span><\/span><\/strong><\/h3>\n<p class=\"ds-markdown-paragraph\">\u2705\u00a0<strong><span dir=\"auto\" style=\"vertical-align: inherit;\"><span dir=\"auto\" style=\"vertical-align: inherit;\">Alta pureza<\/span><\/span><\/strong><span dir=\"auto\" style=\"vertical-align: inherit;\"><span dir=\"auto\" style=\"vertical-align: inherit;\"> \u00a0\u2013 Optimizado para obtener resultados de investigaci\u00f3n confiables. <\/span><\/span><br \/>\n\u2705\u00a0<strong><span dir=\"auto\" style=\"vertical-align: inherit;\"><span dir=\"auto\" style=\"vertical-align: inherit;\">Dosificaci\u00f3n de precisi\u00f3n<\/span><\/span><\/strong><span dir=\"auto\" style=\"vertical-align: inherit;\"><span dir=\"auto\" style=\"vertical-align: inherit;\"> \u00a0\u2013 Cada pellet contiene exactamente\u00a0 <\/span><\/span><strong><span dir=\"auto\" style=\"vertical-align: inherit;\"><span dir=\"auto\" style=\"vertical-align: inherit;\">50 mg de 5-MAPB<\/span><\/span><\/strong><span dir=\"auto\" style=\"vertical-align: inherit;\"><span dir=\"auto\" style=\"vertical-align: inherit;\"> . <\/span><\/span><br \/>\n\u2705\u00a0<strong><span dir=\"auto\" style=\"vertical-align: inherit;\"><span dir=\"auto\" style=\"vertical-align: inherit;\">Adecuado para la investigaci\u00f3n relacionada con la serotonina.<\/span><\/span><\/strong><span dir=\"auto\" style=\"vertical-align: inherit;\"><span dir=\"auto\" style=\"vertical-align: inherit;\"> \u00a0\u2013 Aplicaci\u00f3n potencial en estudios neuroqu\u00edmicos. <\/span><\/span><br \/>\n\u2705\u00a0<strong><span dir=\"auto\" style=\"vertical-align: inherit;\"><span dir=\"auto\" style=\"vertical-align: inherit;\">Composici\u00f3n estable<\/span><\/span><\/strong><span dir=\"auto\" style=\"vertical-align: inherit;\"><span dir=\"auto\" style=\"vertical-align: inherit;\"> \u00a0\u2013 Larga vida \u00fatil si se almacena correctamente.<\/span><\/span><\/p>\n<hr \/>\n<h3><strong><span dir=\"auto\" style=\"vertical-align: inherit;\"><span dir=\"auto\" style=\"vertical-align: inherit;\">Posibles aplicaciones en investigaci\u00f3n:<\/span><\/span><\/strong><\/h3>\n<ul>\n<li>\n<p class=\"ds-markdown-paragraph\"><strong><span dir=\"auto\" style=\"vertical-align: inherit;\"><span dir=\"auto\" style=\"vertical-align: inherit;\">Neurofarmacolog\u00eda<\/span><\/span><\/strong><span dir=\"auto\" style=\"vertical-align: inherit;\"><span dir=\"auto\" style=\"vertical-align: inherit;\"> \u00a0\u2013 Investigaci\u00f3n sobre la liberaci\u00f3n y recaptaci\u00f3n de serotonina.<\/span><\/span><\/p>\n<\/li>\n<li>\n<p class=\"ds-markdown-paragraph\"><strong><span dir=\"auto\" style=\"vertical-align: inherit;\"><span dir=\"auto\" style=\"vertical-align: inherit;\">Estudios del comportamiento<\/span><\/span><\/strong><span dir=\"auto\" style=\"vertical-align: inherit;\"><span dir=\"auto\" style=\"vertical-align: inherit;\"> \u00a0\u2013 Efectos sobre el comportamiento social y la respuesta emocional.<\/span><\/span><\/p>\n<\/li>\n<li>\n<p class=\"ds-markdown-paragraph\"><strong><span dir=\"auto\" style=\"vertical-align: inherit;\"><span dir=\"auto\" style=\"vertical-align: inherit;\">An\u00e1lisis comparativos<\/span><\/span><\/strong><span dir=\"auto\" style=\"vertical-align: inherit;\"><span dir=\"auto\" style=\"vertical-align: inherit;\"> \u00a0\u2013 Evaluaci\u00f3n frente a compuestos relacionados (por ejemplo, MDMA, 6-APB).<\/span><\/span><\/p>\n<\/li>\n<\/ul>\n<hr \/>\n<h3><strong><span dir=\"auto\" style=\"vertical-align: inherit;\"><span dir=\"auto\" style=\"vertical-align: inherit;\">Informaci\u00f3n de seguridad y pautas de uso:<\/span><\/span><\/strong><\/h3>\n<p class=\"ds-markdown-paragraph\">\u26a0\u00a0<strong><span dir=\"auto\" style=\"vertical-align: inherit;\"><span dir=\"auto\" style=\"vertical-align: inherit;\">S\u00f3lo para uso de investigaci\u00f3n<\/span><\/span><\/strong><span dir=\"auto\" style=\"vertical-align: inherit;\"><span dir=\"auto\" style=\"vertical-align: inherit;\"> \u00a0\u2013 No destinado al consumo humano ni animal. <\/span><\/span><br \/>\n\u26a0\u00a0<strong><span dir=\"auto\" style=\"vertical-align: inherit;\"><span dir=\"auto\" style=\"vertical-align: inherit;\">Dosis recomendada para investigaci\u00f3n:<\/span><\/span><\/strong><\/p>\n<ul>\n<li>\n<p class=\"ds-markdown-paragraph\"><strong><span dir=\"auto\" style=\"vertical-align: inherit;\"><span dir=\"auto\" style=\"vertical-align: inherit;\">50 mg<\/span><\/span><\/strong><span dir=\"auto\" style=\"vertical-align: inherit;\"><span dir=\"auto\" style=\"vertical-align: inherit;\"> \u00a0es un\u00a0 <\/span><\/span><strong><span dir=\"auto\" style=\"vertical-align: inherit;\"><span dir=\"auto\" style=\"vertical-align: inherit;\">dosis moderada<\/span><\/span><\/strong><span dir=\"auto\" style=\"vertical-align: inherit;\"><span dir=\"auto\" style=\"vertical-align: inherit;\"> \u00a0Para la investigaci\u00f3n inicial; se pueden considerar dosis m\u00e1s bajas (20-30 mg).<\/span><\/span><\/p>\n<\/li>\n<li>\n<p class=\"ds-markdown-paragraph\"><strong><span dir=\"auto\" style=\"vertical-align: inherit;\"><span dir=\"auto\" style=\"vertical-align: inherit;\">Evite la combinaci\u00f3n<\/span><\/span><\/strong><span dir=\"auto\" style=\"vertical-align: inherit;\"><span dir=\"auto\" style=\"vertical-align: inherit;\"> \u00a0con inhibidores de la MAO, ISRS u otras sustancias serotonin\u00e9rgicas (riesgo de s\u00edndrome serotonin\u00e9rgico).<\/span><\/span><\/p>\n<\/li>\n<li>\n<p class=\"ds-markdown-paragraph\"><strong><span dir=\"auto\" style=\"vertical-align: inherit;\"><span dir=\"auto\" style=\"vertical-align: inherit;\">Siempre prueba<\/span><\/span><\/strong><span dir=\"auto\" style=\"vertical-align: inherit;\"><span dir=\"auto\" style=\"vertical-align: inherit;\"> \u00a0\u2013 Utilice kits de reactivos (Marquis, Mecke, Froehde) para verificar la pureza. <\/span><\/span><br \/>\n\u26a0\u00a0<strong><span dir=\"auto\" style=\"vertical-align: inherit;\"><span dir=\"auto\" style=\"vertical-align: inherit;\">Consejos de almacenamiento<\/span><\/span><\/strong><span dir=\"auto\" style=\"vertical-align: inherit;\"><span dir=\"auto\" style=\"vertical-align: inherit;\"> \u00a0\u2013 Conservar en un\u00a0 <\/span><\/span><strong><span dir=\"auto\" style=\"vertical-align: inherit;\"><span dir=\"auto\" style=\"vertical-align: inherit;\">lugar fresco y seco<\/span><\/span><\/strong><span dir=\"auto\" style=\"vertical-align: inherit;\"><span dir=\"auto\" style=\"vertical-align: inherit;\"> , protegido de la luz y la humedad.<\/span><\/span><\/p>\n<\/li>\n<\/ul>\n<hr \/>\n<h3><strong><span dir=\"auto\" style=\"vertical-align: inherit;\"><span dir=\"auto\" style=\"vertical-align: inherit;\">Estado legal:<\/span><\/span><\/strong><\/h3>\n<ul>\n<li>\n<p class=\"ds-markdown-paragraph\"><span dir=\"auto\" style=\"vertical-align: inherit;\"><span dir=\"auto\" style=\"vertical-align: inherit;\">El 5-MAPB est\u00e1 clasificado bajo la\u00a0 <\/span><\/span><strong><span dir=\"auto\" style=\"vertical-align: inherit;\"><span dir=\"auto\" style=\"vertical-align: inherit;\">Ley del Opio<\/span><\/span><\/strong><span dir=\"auto\" style=\"vertical-align: inherit;\"><span dir=\"auto\" style=\"vertical-align: inherit;\"> en algunos pa\u00edses (por ejemplo, en los Pa\u00edses Bajos, como NPS).<\/span><\/span><\/p>\n<\/li>\n<li>\n<p class=\"ds-markdown-paragraph\"><strong><span dir=\"auto\" style=\"vertical-align: inherit;\"><span dir=\"auto\" style=\"vertical-align: inherit;\">No para uso recreativo<\/span><\/span><\/strong><span dir=\"auto\" style=\"vertical-align: inherit;\"><span dir=\"auto\" style=\"vertical-align: inherit;\"> \u00a0\u2013 Legal s\u00f3lo para centros de investigaci\u00f3n autorizados.<\/span><\/span><\/p>\n<\/li>\n<\/ul>\n<hr \/>\n<h3><strong><span dir=\"auto\" style=\"vertical-align: inherit;\"><span dir=\"auto\" style=\"vertical-align: inherit;\">\u00bfPor qu\u00e9 comprar nuestros pellets 5-MAPB?<\/span><\/span><\/strong><\/h3>\n<p class=\"ds-markdown-paragraph\">\ud83d\udd2c\u00a0<strong><span dir=\"auto\" style=\"vertical-align: inherit;\"><span dir=\"auto\" style=\"vertical-align: inherit;\">Seguro de calidad<\/span><\/span><\/strong><span dir=\"auto\" style=\"vertical-align: inherit;\"><span dir=\"auto\" style=\"vertical-align: inherit;\"> \u00a0\u2013 An\u00e1lisis avanzado (HPLC\/MS) para pureza. <\/span><\/span><br \/>\n\ud83d\udce6\u00a0<strong><span dir=\"auto\" style=\"vertical-align: inherit;\"><span dir=\"auto\" style=\"vertical-align: inherit;\">Env\u00edo discreto y seguro<\/span><\/span><\/strong><span dir=\"auto\" style=\"vertical-align: inherit;\"><span dir=\"auto\" style=\"vertical-align: inherit;\"> \u00a0\u2013 Seguimiento y rastreo disponibles. <\/span><\/span><br \/>\n\ud83d\udcda\u00a0<strong><span dir=\"auto\" style=\"vertical-align: inherit;\"><span dir=\"auto\" style=\"vertical-align: inherit;\">Apoyo cient\u00edfico<\/span><\/span><\/strong><span dir=\"auto\" style=\"vertical-align: inherit;\"><span dir=\"auto\" style=\"vertical-align: inherit;\"> \u00a0\u2013 MSDS (Hoja de datos de seguridad) disponible a pedido.<\/span><\/span><\/p>\n<hr \/>\n<p class=\"ds-markdown-paragraph\"><strong><span dir=\"auto\" style=\"vertical-align: inherit;\"><span dir=\"auto\" style=\"vertical-align: inherit;\">Nota importante:<\/span><\/span><\/strong><br \/>\n<span dir=\"auto\" style=\"vertical-align: inherit;\"><span dir=\"auto\" style=\"vertical-align: inherit;\"> Este producto es\u00a0 <\/span><\/span><strong><span dir=\"auto\" style=\"vertical-align: inherit;\"><span dir=\"auto\" style=\"vertical-align: inherit;\">destinado \u00fanicamente a la investigaci\u00f3n cient\u00edfica<\/span><\/span><\/strong><span dir=\"auto\" style=\"vertical-align: inherit;\"><span dir=\"auto\" style=\"vertical-align: inherit;\"> y no para experimentaci\u00f3n o consumo privado. <\/span><\/span><a href=\"https:\/\/globalsourcechemicals.com\/es\/comercio\/iboga-ibogaina\/corteza-de-raiz-de-iboga\/\"><span dir=\"auto\" style=\"vertical-align: inherit;\"><span dir=\"auto\" style=\"vertical-align: inherit;\">corteza de ra\u00edz de iboga<\/span><\/span><\/a><a href=\"https:\/\/globalsourcechemicals.com\/es\/comercio\/iboga-ibogaina\/comprar-ibogaina-hcl-en-linea\/\"><span dir=\"auto\" style=\"vertical-align: inherit;\"><span dir=\"auto\" style=\"vertical-align: inherit;\">Comprar iboga\u00edna hcl en l\u00ednea<\/span><\/span><\/a><a href=\"https:\/\/globalsourcechemicals.com\/es\/comercio\/lisergamidas\/1-cp-de-lsd-150-mcg\/\"><span dir=\"auto\" style=\"vertical-align: inherit;\"><span dir=\"auto\" style=\"vertical-align: inherit;\">1 cp de LSD <\/span><\/span><\/a><a href=\"https:\/\/globalsourcechemicals.com\/es\/comercio\/pellets-2\/granulos-de-o-dsmt-50-mg\/\"><span dir=\"auto\" style=\"vertical-align: inherit;\"><span dir=\"auto\" style=\"vertical-align: inherit;\">o-dsmt <\/span><\/span><\/a><a href=\"https:\/\/globalsourcechemicals.com\/es\/comercio\/lisergamidas\/1vlsd\/\"><span dir=\"auto\" style=\"vertical-align: inherit;\"><span dir=\"auto\" style=\"vertical-align: inherit;\">1vlsd<\/span><\/span><\/a><\/p>","protected":false},"excerpt":{"rendered":"<p><strong><span dir=\"auto\" style=\"vertical-align: inherit;\"><span dir=\"auto\" style=\"vertical-align: inherit;\">Gr\u00e1nulos de 50 mg de 5-MAPB<\/span><\/span><\/strong><\/p>\n<p><span dir=\"auto\" style=\"vertical-align: inherit;\"><span dir=\"auto\" style=\"vertical-align: inherit;\">Sin\u00f3nimo: 1-(benzofuran-5-il)-N-metilpropan-2-amina <\/span><\/span><br \/>\n<strong><span dir=\"auto\" style=\"vertical-align: inherit;\"><span dir=\"auto\" style=\"vertical-align: inherit;\">N\u00famero CAS:<\/span><\/span><\/strong><span dir=\"auto\" style=\"vertical-align: inherit;\"><span dir=\"auto\" style=\"vertical-align: inherit;\"> \u00a01354631-77-8 <\/span><\/span><br \/>\n<strong><span dir=\"auto\" style=\"vertical-align: inherit;\"><span dir=\"auto\" style=\"vertical-align: inherit;\">F\u00f3rmula:<\/span><\/span><\/strong><span dir=\"auto\" style=\"vertical-align: inherit;\"><span dir=\"auto\" style=\"vertical-align: inherit;\"> C12H15NO <\/span><\/span><br \/>\n<strong><span dir=\"auto\" style=\"vertical-align: inherit;\"><span dir=\"auto\" style=\"vertical-align: inherit;\">Masa molar:<\/span><\/span><\/strong><span dir=\"auto\" style=\"vertical-align: inherit;\"><span dir=\"auto\" style=\"vertical-align: inherit;\"> \u00a0189,25 g\/mol <\/span><\/span><br \/>\n<strong><span dir=\"auto\" style=\"vertical-align: inherit;\"><span dir=\"auto\" style=\"vertical-align: inherit;\">Pureza:<\/span><\/span><\/strong><span dir=\"auto\" style=\"vertical-align: inherit;\"><span dir=\"auto\" style=\"vertical-align: inherit;\"> \u00a0&gt;98%<\/span><\/span><\/p>","protected":false},"featured_media":27824,"comment_status":"closed","ping_status":"closed","template":"","meta":[],"product_brand":[82],"product_cat":[383,433,339,322,324],"product_tag":[109,637,112,326],"class_list":{"0":"post-24751","1":"product","2":"type-product","3":"status-publish","4":"has-post-thumbnail","6":"product_brand-research-chemical","7":"product_cat-5-mapb","8":"product_cat-5-mapb-pellets","9":"product_cat-benzofuran","10":"product_cat-bijna-verboden","11":"product_cat-pellets-for-pellet","12":"product_tag-5-mapb","13":"product_tag-5mapb","14":"product_tag-mapb","15":"product_tag-nl","17":"first","18":"instock","19":"taxable","20":"shipping-taxable","21":"purchasable","22":"product-type-variable"},"_links":{"self":[{"href":"https:\/\/globalsourcechemicals.com\/es\/wp-json\/wp\/v2\/product\/24751","targetHints":{"allow":["GET"]}}],"collection":[{"href":"https:\/\/globalsourcechemicals.com\/es\/wp-json\/wp\/v2\/product"}],"about":[{"href":"https:\/\/globalsourcechemicals.com\/es\/wp-json\/wp\/v2\/types\/product"}],"replies":[{"embeddable":true,"href":"https:\/\/globalsourcechemicals.com\/es\/wp-json\/wp\/v2\/comments?post=24751"}],"version-history":[{"count":5,"href":"https:\/\/globalsourcechemicals.com\/es\/wp-json\/wp\/v2\/product\/24751\/revisions"}],"predecessor-version":[{"id":27985,"href":"https:\/\/globalsourcechemicals.com\/es\/wp-json\/wp\/v2\/product\/24751\/revisions\/27985"}],"wp:featuredmedia":[{"embeddable":true,"href":"https:\/\/globalsourcechemicals.com\/es\/wp-json\/wp\/v2\/media\/27824"}],"wp:attachment":[{"href":"https:\/\/globalsourcechemicals.com\/es\/wp-json\/wp\/v2\/media?parent=24751"}],"wp:term":[{"taxonomy":"product_brand","embeddable":true,"href":"https:\/\/globalsourcechemicals.com\/es\/wp-json\/wp\/v2\/product_brand?post=24751"},{"taxonomy":"product_cat","embeddable":true,"href":"https:\/\/globalsourcechemicals.com\/es\/wp-json\/wp\/v2\/product_cat?post=24751"},{"taxonomy":"product_tag","embeddable":true,"href":"https:\/\/globalsourcechemicals.com\/es\/wp-json\/wp\/v2\/product_tag?post=24751"}],"curies":[{"name":"gracias","href":"https:\/\/api.w.org\/{rel}","templated":true}]}}