{"id":24271,"date":"2025-04-13T17:41:22","date_gmt":"2025-04-13T17:41:22","guid":{"rendered":"https:\/\/globalsourcechemicals.com\/?post_type=product&#038;p=24271"},"modified":"2025-10-02T17:41:48","modified_gmt":"2025-10-02T17:41:48","slug":"bromonordiazepam-25-mg-pellets","status":"publish","type":"product","link":"https:\/\/globalsourcechemicals.com\/es\/comercio\/benzodiazepinas\/bromonordiazepam-25-mg-pellets\/","title":{"rendered":"Bromonordiazepam 2,5 mg en gr\u00e1nulos"},"content":{"rendered":"<h2><span data-sheets-value=\"{\" data-sheets-userformat=\"{\">Bromonordiazepam 2,5 mg en gr\u00e1nulos<br \/>\n<\/span><\/h2>\n<p>\u00a1\u00c9stos son los pellets m\u00e1s nuevos de la gama Professor.nl! Estos pellets contienen 2,5 MG de sustancia activa (Bromonordiazepam 2,5 MG). bromonordiazepam, efecto bromonordiazepam, foro sobre medicamentos con bromonordiazepam, experiencias con bromonordiazepam, foro sobre medicamentos con bromonordiazepam<\/p>\n<p><strong>Estos pellets de Bromonordiazepam 2,5 MG proceden de nuestra propia producci\u00f3n y son de la m\u00e1s alta calidad, estos pellets contienen 2,5 miligramos de sustancia activa (bromonordiazepam). Cada pellet tiene un di\u00e1metro de aproximadamente 8 mm con una l\u00ednea de rotura. Estos pellets de bromonordiazepam est\u00e1n envasados en bl\u00edsteres de 10 unidades para garantizar su frescura y se suministran en una pr\u00e1ctica caja de 5 bl\u00edsteres.\u00a0<\/strong><\/p>\n<p>El bromonordiazepam es una sustancia que \u00fanicamente se vende con fines de investigaci\u00f3n, por lo que no est\u00e1 destinada al consumo.<a href=\"https:\/\/globalsourcechemicals.com\/es\/comercio\/catinonas\/%f0%9f%92%a1-polvo-cristalino-de-2-mmc-para-todas-las-preguntas-y-respuestas-para-la-compra\/\">Gr\u00e1nulos de 2-CMC de 250 mg<\/a> , ,<a href=\"https:\/\/globalsourcechemicals.com\/es\/comercio\/pellets\/erextc-homosildenafil-100-mg-en-pastillas\/\">EREXTC Homosildenafil 100 mg en pastillas<\/a>\u00a0 ,\u00a0 <a href=\"https:\/\/globalsourcechemicals.com\/es\/comercio\/prohibido\/mdphp-kopen-poeder-freebase\/\">Polvo MDPHP (base libre)<\/a><\/p>\n<p>El bromonordiazepam conserva su estabilidad hasta 2 a\u00f1os cuando se almacena en el entorno adecuado. El bromonordiazepam est\u00e1 destinado a fines de investigaci\u00f3n y no para el consumo. Por lo tanto, es importante que el producto se mantenga fuera del alcance de los ni\u00f1os y las mascotas.<\/p>\n<p>Ofrecemos productos qu\u00edmicos de investigaci\u00f3n de buena calidad a un precio justo. Su pedido ser\u00e1 enviado dentro de las 24 horas todos los d\u00edas. Por lo tanto, ordene <em>Bromonordiazepam<\/em> seguro y r\u00e1pido a trav\u00e9s de p<\/p>\n<h2>\u00bfQu\u00e9 es el bromonordiazepam?<\/h2>\n<p>El bromonordiazepam es una sustancia psicoactiva perteneciente a la clase de las benzodiazepinas, que se utilizan com\u00fanmente con receta m\u00e9dica por sus propiedades sedantes y ansiol\u00edticas. Es un derivado de la benzodiazepina diazepam, con un \u00e1tomo de bromo unido a la mol\u00e9cula.<\/p>\n<p>Como benzodiazepina, el diazepam bromorroidal act\u00faa sobre el sistema nervioso central uni\u00e9ndose a los receptores GABA en el cerebro. Esto conduce a una mayor actividad del neurotransmisor inhibidor GABA, que tiene un efecto calmante y relajante sobre el cuerpo y la mente. El bromonordiazepam es una benzodiazepina relativamente nueva y se sabe poco sobre sus efectos a largo plazo o su potencial abuso. No se prescribe habitualmente para uso m\u00e9dico y se utiliza principalmente como sustancia qu\u00edmica de investigaci\u00f3n.<\/p>\n<p>La s\u00edntesis de bromonordiazepam y otras benzodiazepinas generalmente se realiza en laboratorios clandestinos y no se puede garantizar su pureza ni seguridad. El uso de estos compuestos sin supervisi\u00f3n m\u00e9dica puede ser peligroso y potencialmente mortal.<\/p>\n<h2>\u00bfC\u00f3mo surgi\u00f3 el Bromonordiazapem?<\/h2>\n<p>El bromonordiazepam es un derivado de la benzodiazepina diazepam, que fue sintetizada por primera vez en la d\u00e9cada de 1950 por la compa\u00f1\u00eda farmac\u00e9utica Hoffmann-La Roche. El diazepam se desarroll\u00f3 como una mejora de los barbit\u00faricos existentes, que se usaban ampliamente como sedantes pero ten\u00edan un alto riesgo de sobredosis y dependencia.<\/p>\n<p>El diazepam se volvi\u00f3 r\u00e1pidamente popular como medicamento recetado debido a sus efectos sedantes y <a href=\"http:\/\/google.nl\" target=\"_blank\" rel=\"noopener\">ansiol\u00edtico<\/a> propiedades y se comercializ\u00f3 bajo la marca Valium. Su uso aument\u00f3 r\u00e1pidamente en las d\u00e9cadas de 1960 y 1970, cuando se prescribi\u00f3 para una amplia gama de afecciones, incluida la ansiedad, el insomnio, los calambres musculares y la abstinencia de alcohol.<\/p>\n<p>A medida que aument\u00f3 la popularidad del diazepam, los investigadores comenzaron a sintetizar nuevos derivados del f\u00e1rmaco para mejorar su eficacia y reducir los efectos secundarios. Uno de estos derivados fue el bromazepam, desarrollado en la d\u00e9cada de 1970 y comercializado bajo la marca Lexotanil.<\/p>\n<p>El bromonordiazepam es un derivado del bromazepam, con un \u00e1tomo de bromo unido a la mol\u00e9cula. Es probable que se sintetizara por primera vez en laboratorios clandestinos modificando compuestos de benzodiazepina existentes, y su uso como droga recreativa surgi\u00f3 en la d\u00e9cada de 2000.<\/p>\n<p>La s\u00edntesis y distribuci\u00f3n de bromonordiazepam y otras benzodiazepinas de dise\u00f1o es ilegal en la mayor\u00eda de los pa\u00edses y no se puede garantizar la pureza ni la seguridad de estos compuestos. Su uso fuera del \u00e1mbito m\u00e9dico puede ser peligroso y potencialmente mortal.<\/p>\n<h3><span data-sheets-value=\"{\" data-sheets-userformat=\"{\">Propiedades del bromonordiazepam<\/span><\/h3>\n<p><strong>Sin\u00f3nimo:<\/strong> Bromonordiazepam<br \/>\n<strong>N\u00famero CAS:<\/strong> 2894-61-3<br \/>\n<strong>F\u00f3rmula:<\/strong> 7-bromo-5-fenil-1,3-dihidro-1,4-benzodiazepin-2-ona<br \/>\n<strong>Masa molar:<\/strong> 315.16464<br \/>\n<strong>Pureza:<\/strong> &gt;99%<\/p>\n<h3>Indicaci\u00f3n de peligro<\/h3>\n<p>El bromonordiazepam puede causar irritaci\u00f3n respiratoria.<br \/>\nEl bromonordiazepam puede causar irritaci\u00f3n en los ojos.<br \/>\nEst\u00e1 prohibido verter productos qu\u00edmicos de investigaci\u00f3n al medio ambiente.<\/p>\n<p>Bromonordiazepam EN CONTACTO CON LOS OJOS: Enjuagar los ojos cuidadosamente con agua durante cinco minutos. Qu\u00edtese los lentes de contacto si es posible.<\/p>\n<p>Bromonordiazepam CONTACTO CON LA PIEL: Lavar la piel con agua y jab\u00f3n.<\/p>\n<p>DESPU\u00c9S DE LA INHALACI\u00d3N DE Bromonordiazepam: Transportar a la v\u00edctima al exterior y mantenerla en una posici\u00f3n confortable para respirar.<\/p>","protected":false},"excerpt":{"rendered":"<p>Gr\u00e1nulos de bromonordiazepam 2,5 MG \u00a1Estos son los gr\u00e1nulos m\u00e1s nuevos de la gama Professor.nl! Estos pellets se suministran con 2,5<\/p>","protected":false},"featured_media":27853,"comment_status":"closed","ping_status":"closed","template":"","meta":[],"product_brand":[],"product_cat":[76,385,390,324],"product_tag":[185,326],"class_list":{"0":"post-24271","1":"product","2":"type-product","3":"status-publish","4":"has-post-thumbnail","6":"product_cat-benzodiazepinen","7":"product_cat-bromonordiazepam","8":"product_cat-bromonordiazepam-pellets","9":"product_cat-pellets-for-pellet","10":"product_tag-bromonordiazepam","11":"product_tag-nl","13":"first","14":"instock","15":"taxable","16":"shipping-taxable","17":"purchasable","18":"product-type-variable"},"_links":{"self":[{"href":"https:\/\/globalsourcechemicals.com\/es\/wp-json\/wp\/v2\/product\/24271","targetHints":{"allow":["GET"]}}],"collection":[{"href":"https:\/\/globalsourcechemicals.com\/es\/wp-json\/wp\/v2\/product"}],"about":[{"href":"https:\/\/globalsourcechemicals.com\/es\/wp-json\/wp\/v2\/types\/product"}],"replies":[{"embeddable":true,"href":"https:\/\/globalsourcechemicals.com\/es\/wp-json\/wp\/v2\/comments?post=24271"}],"version-history":[{"count":3,"href":"https:\/\/globalsourcechemicals.com\/es\/wp-json\/wp\/v2\/product\/24271\/revisions"}],"predecessor-version":[{"id":25303,"href":"https:\/\/globalsourcechemicals.com\/es\/wp-json\/wp\/v2\/product\/24271\/revisions\/25303"}],"wp:featuredmedia":[{"embeddable":true,"href":"https:\/\/globalsourcechemicals.com\/es\/wp-json\/wp\/v2\/media\/27853"}],"wp:attachment":[{"href":"https:\/\/globalsourcechemicals.com\/es\/wp-json\/wp\/v2\/media?parent=24271"}],"wp:term":[{"taxonomy":"product_brand","embeddable":true,"href":"https:\/\/globalsourcechemicals.com\/es\/wp-json\/wp\/v2\/product_brand?post=24271"},{"taxonomy":"product_cat","embeddable":true,"href":"https:\/\/globalsourcechemicals.com\/es\/wp-json\/wp\/v2\/product_cat?post=24271"},{"taxonomy":"product_tag","embeddable":true,"href":"https:\/\/globalsourcechemicals.com\/es\/wp-json\/wp\/v2\/product_tag?post=24271"}],"curies":[{"name":"gracias","href":"https:\/\/api.w.org\/{rel}","templated":true}]}}