{"id":24265,"date":"2025-04-13T17:41:21","date_gmt":"2025-04-13T17:41:21","guid":{"rendered":"https:\/\/globalsourcechemicals.com\/?post_type=product&#038;p=24265"},"modified":"2025-04-22T06:22:19","modified_gmt":"2025-04-22T06:22:19","slug":"metocina-4-ho-met","status":"publish","type":"product","link":"https:\/\/globalsourcechemicals.com\/es\/comercio\/b2b\/metocina-4-ho-met\/","title":{"rendered":"Bolsa de 3 gr\u00e1nulos de metocina RC+"},"content":{"rendered":"<h2 class=\"ds-markdown-paragraph\"><strong>Metocina <span class=\"___SText_anxqe-ko_\" data-ui-name=\"Link.Text\">4-ho-met<\/span> 3 Pellets: Qu\u00edmica de investigaci\u00f3n premium para estudios cient\u00edficos<\/strong><\/h2>\n<p class=\"ds-markdown-paragraph\"><strong>Nombre del producto:<\/strong>\u00a0RC+ Metocina (4-HO-MET \/ Metocina) \u2013 3 gr\u00e1nulos por bolsa<br \/>\n<strong>Categor\u00eda:<\/strong>\u00a0Sustancias qu\u00edmicas de investigaci\u00f3n (clase de triptamina psicod\u00e9lica)<br \/>\n<strong>Solicitud:<\/strong> Investigaci\u00f3n neuropsicol\u00f3gica y estudios de receptores.<a title=\"C\u00e1psulas de 2 mg de 2C-EF\" href=\"https:\/\/globalsourcechemicals.com\/es\/comercio\/fenetilamina\/capsulas-2c-ef-2mg\/\" target=\"_blank\" rel=\"noopener\">C\u00e1psulas de 2 mg de 2C-EF<\/a><\/p>\n<hr \/>\n<h3><strong>Caracter\u00edsticas del producto:<\/strong><\/h3>\n<p class=\"ds-markdown-paragraph\">\ud83d\udd2c\u00a0<strong>Compuesto de alta pureza<\/strong>\u00a0(&gt;98% pureza)<br \/>\n\ud83d\udc8a\u00a0<strong>3 pellets por bolsa<\/strong>\u00a0(dosis estandarizada)<br \/>\n\ud83d\udce6\u00a0<strong>Embalaje herm\u00e9tico y a prueba de luz.<\/strong><br \/>\n\ud83d\udcca\u00a0<strong>Amplio control de calidad<\/strong> (An\u00e1lisis HPLC y GC\/MS).<a title=\"Gr\u00e1nulos de 2-CMC de 250 mg\" href=\"https:\/\/globalsourcechemicals.com\/es\/comercio\/catinonas\/%f0%9f%92%a1-polvo-cristalino-de-2-mmc-para-todas-las-preguntas-y-respuestas-para-la-compra\/\" target=\"_blank\" rel=\"noopener\">Gr\u00e1nulos de 2-CMC de 250 mg<\/a><\/p>\n<h3><strong>Relevancia cient\u00edfica:<\/strong><\/h3>\n<p class=\"ds-markdown-paragraph\">El 4-HO-MET es un compuesto interesante para la investigaci\u00f3n en:<\/p>\n<ul>\n<li>\n<p class=\"ds-markdown-paragraph\">Interacciones del receptor serotonin\u00e9rgico (5-HT2A)<\/p>\n<\/li>\n<li>\n<p class=\"ds-markdown-paragraph\">Patrones de activaci\u00f3n de la corteza visual<\/p>\n<\/li>\n<li>\n<p class=\"ds-markdown-paragraph\">Farmacolog\u00eda comparada con triptaminas cl\u00e1sicas.<a title=\"Papel secante 1V-LSD 150 MCG\" href=\"https:\/\/globalsourcechemicals.com\/es\/comercio\/lisergamidas\/1v-lsd-150-mcg-blotters\/\" target=\"_blank\" rel=\"noopener\">Papel secante 1V-LSD 150 MCG<\/a><\/p>\n<\/li>\n<\/ul>\n<p class=\"ds-markdown-paragraph\"><strong>Nota importante:<\/strong><\/p>\n<ul>\n<li>\n<p class=\"ds-markdown-paragraph\">S\u00f3lo para investigaci\u00f3n in vitro<\/p>\n<\/li>\n<li>\n<p class=\"ds-markdown-paragraph\">No apto para consumo humano\/animal.<\/p>\n<\/li>\n<li>\n<p class=\"ds-markdown-paragraph\">No destinado a uso medicinal o recreativo.<\/p>\n<\/li>\n<\/ul>\n<hr \/>\n<h3><strong>Seguridad en el laboratorio:<\/strong><\/h3>\n<p class=\"ds-markdown-paragraph\">\u26a0\u00a0<strong>Protocolos est\u00e1ndar:<\/strong><\/p>\n<ul>\n<li>\n<p class=\"ds-markdown-paragraph\">Trabajar en un entorno acondicionado<\/p>\n<\/li>\n<li>\n<p class=\"ds-markdown-paragraph\">Protecci\u00f3n personal completa (bata, guantes de nitrilo, gafas de seguridad).<a title=\"C\u00e1psulas de 2 mg de 2C-EF\" href=\"https:\/\/globalsourcechemicals.com\/es\/comercio\/fenetilamina\/capsulas-2c-ef-2mg\/\" target=\"_blank\" rel=\"noopener\">C\u00e1psulas de 2 mg de 2C-EF<\/a><\/p>\n<\/li>\n<li>\n<p class=\"ds-markdown-paragraph\">Se requiere ventilaci\u00f3n adecuada<\/p>\n<\/li>\n<\/ul>\n<p class=\"ds-markdown-paragraph\">\u26a0\u00a0<strong>Estado legal:<\/strong><\/p>\n<ul>\n<li>\n<p class=\"ds-markdown-paragraph\">Regulado como NPS (nueva sustancia psicoactiva) en muchos pa\u00edses<\/p>\n<\/li>\n<li>\n<p class=\"ds-markdown-paragraph\">Los investigadores deben verificar las leyes locales<\/p>\n<\/li>\n<li>\n<p class=\"ds-markdown-paragraph\">Responsabilidad total ante el comprador<\/p>\n<\/li>\n<\/ul>\n<hr \/>\n<h3><strong>Beneficios de la investigaci\u00f3n:<\/strong><\/h3>\n<p class=\"ds-markdown-paragraph\">\u2705\u00a0<strong>Calidad estandarizada<\/strong>\u00a0por lote<br \/>\n\u2705\u00a0<strong>Peque\u00f1as cantidades<\/strong>\u00a0para estudios piloto<br \/>\n\u2705\u00a0<strong>Apoyo cient\u00edfico<\/strong>\u00a0disponible<br \/>\n\u2705\u00a0<strong>Env\u00edo r\u00e1pido y discreto<\/strong>\u00a0dentro de la UE<\/p>","protected":false},"excerpt":{"rendered":"<p>N\u00famero CAS: 77872-41-4<br \/>\nF\u00f3rmula: C13H18N2O<br \/>\nMasa molar: 218,3 g\/mol<br \/>\nPureza: \u226598%<\/p>","protected":false},"featured_media":21348,"comment_status":"closed","ping_status":"closed","template":"","meta":[],"product_brand":[82],"product_cat":[555],"product_tag":[858,857,871,636,673,635,870,326],"class_list":{"0":"post-24265","1":"product","2":"type-product","3":"status-publish","4":"has-post-thumbnail","6":"product_brand-research-chemical","7":"product_cat-b2b","8":"product_tag-4-acetoxy-met","9":"product_tag-4-ho-met-psychonaut","10":"product_tag-methylcybin","11":"product_tag-metocin","12":"product_tag-metocin-4-ho-met","13":"product_tag-metocin-kopen","14":"product_tag-metocin-tablet","15":"product_tag-nl","17":"first","18":"instock","19":"taxable","20":"shipping-taxable","21":"purchasable","22":"product-type-variable"},"_links":{"self":[{"href":"https:\/\/globalsourcechemicals.com\/es\/wp-json\/wp\/v2\/product\/24265","targetHints":{"allow":["GET"]}}],"collection":[{"href":"https:\/\/globalsourcechemicals.com\/es\/wp-json\/wp\/v2\/product"}],"about":[{"href":"https:\/\/globalsourcechemicals.com\/es\/wp-json\/wp\/v2\/types\/product"}],"replies":[{"embeddable":true,"href":"https:\/\/globalsourcechemicals.com\/es\/wp-json\/wp\/v2\/comments?post=24265"}],"version-history":[{"count":3,"href":"https:\/\/globalsourcechemicals.com\/es\/wp-json\/wp\/v2\/product\/24265\/revisions"}],"predecessor-version":[{"id":26006,"href":"https:\/\/globalsourcechemicals.com\/es\/wp-json\/wp\/v2\/product\/24265\/revisions\/26006"}],"wp:featuredmedia":[{"embeddable":true,"href":"https:\/\/globalsourcechemicals.com\/es\/wp-json\/wp\/v2\/media\/21348"}],"wp:attachment":[{"href":"https:\/\/globalsourcechemicals.com\/es\/wp-json\/wp\/v2\/media?parent=24265"}],"wp:term":[{"taxonomy":"product_brand","embeddable":true,"href":"https:\/\/globalsourcechemicals.com\/es\/wp-json\/wp\/v2\/product_brand?post=24265"},{"taxonomy":"product_cat","embeddable":true,"href":"https:\/\/globalsourcechemicals.com\/es\/wp-json\/wp\/v2\/product_cat?post=24265"},{"taxonomy":"product_tag","embeddable":true,"href":"https:\/\/globalsourcechemicals.com\/es\/wp-json\/wp\/v2\/product_tag?post=24265"}],"curies":[{"name":"gracias","href":"https:\/\/api.w.org\/{rel}","templated":true}]}}