{"id":24119,"date":"2025-04-13T17:41:04","date_gmt":"2025-04-13T17:41:04","guid":{"rendered":"https:\/\/globalsourcechemicals.com\/?post_type=product&#038;p=24119"},"modified":"2025-06-28T08:10:47","modified_gmt":"2025-06-28T08:10:47","slug":"ampolla-de-metocina-rc","status":"publish","type":"product","link":"https:\/\/globalsourcechemicals.com\/es\/comercio\/b2b\/ampolla-de-metocina-rc\/","title":{"rendered":"Ampolla de metocina RC+"},"content":{"rendered":"<h1><strong>Bl\u00edster de metocina RC+: producto qu\u00edmico de investigaci\u00f3n de alta calidad en formato estandarizado<\/strong><\/h1>\n<p><strong>Nombre del producto:<\/strong> Ampolla de metocina RC+<br \/>\n<strong>Sustancia activa:<\/strong> 4-HO-MET (4-hidroxi-N-metil-N-etiltriptamina)<br \/>\n<strong>Forma:<\/strong> Bl\u00edster con dosis fijas<br \/>\n<strong>Pureza:<\/strong> \u2265 98.8% (informe de laboratorio certificado)<br \/>\n<strong>Uso:<\/strong> Solo para pruebas anal\u00edticas, forenses e in vitro<\/p>\n<hr \/>\n<h2>\ud83d\udd2c <strong>\u00bfQu\u00e9 es la metocina (4-HO-MET)?<\/strong><\/h2>\n<p><strong>4-HO-MET<\/strong>, tambi\u00e9n <strong>Metocina<\/strong> llamado, es un <strong>triptamina psicod\u00e9lica<\/strong> que est\u00e1 estructuralmente relacionado con <strong>psilocina<\/strong>, el ingrediente activo de los hongos psilocibios. Debido a la <strong>grupo hidroxi en la posici\u00f3n 4<\/strong> Muestra fuertes similitudes con los psicod\u00e9licos naturales, pero se produce sint\u00e9ticamente para <strong>aplicaciones de investigaci\u00f3n<\/strong>.<\/p>\n<hr \/>\n<h3>\ud83d\udce6 <strong>Detalles y especificaciones del producto<\/strong><\/h3>\n<table>\n<thead>\n<tr>\n<th>Caracter\u00edstica<\/th>\n<th>Informaci\u00f3n<\/th>\n<\/tr>\n<\/thead>\n<tbody>\n<tr>\n<td>Nombre qu\u00edmico<\/td>\n<td>4-Hidroxi-N-metil-N-etiltriptamina<\/td>\n<\/tr>\n<tr>\n<td>F\u00f3rmula molecular<\/td>\n<td>C13H18N2O<\/td>\n<\/tr>\n<tr>\n<td>Masa molecular<\/td>\n<td>218,30 g\/mol<\/td>\n<\/tr>\n<tr>\n<td>Pureza del lote<\/td>\n<td>\u2265 98,8% (an\u00e1lisis HPLC)<\/td>\n<\/tr>\n<tr>\n<td>Forma<\/td>\n<td>Bl\u00edster con x comprimidos\/gr\u00e1nulos<\/td>\n<\/tr>\n<tr>\n<td>Origen<\/td>\n<td>Sintetizado seg\u00fan las directrices GMP<\/td>\n<\/tr>\n<\/tbody>\n<\/table>\n<hr \/>\n<h2>\u2705 <strong>Solicitudes (s\u00f3lo para investigaci\u00f3n)<\/strong><\/h2>\n<ul>\n<li><strong>Investigaci\u00f3n farmacol\u00f3gica<\/strong> a las estructuras de triptamina<\/li>\n<li><strong>Experimentos de uni\u00f3n<\/strong> sobre los receptores de serotonina (5-HT2A)<\/li>\n<li><strong>comportamiento neuroqu\u00edmico<\/strong> dentro de modelos controlados<\/li>\n<li><strong>An\u00e1lisis comparativo<\/strong> entre triptaminas naturales y sintetizadas<\/li>\n<\/ul>\n<blockquote><p><strong>No apto para consumo ni uso cl\u00ednico. \u00daselo \u00fanicamente en condiciones de laboratorio.<\/strong><\/p><\/blockquote>\n<hr \/>\n<h2>\u26a0\ufe0f <strong>Desventajas y riesgos<\/strong><\/h2>\n<ul>\n<li><strong>Faltan datos toxicol\u00f3gicos<\/strong>:No hay estudios en humanos aprobados<\/li>\n<li><strong>Riesgos legales<\/strong>:Pueden quedar sujetos a una legislaci\u00f3n an\u00e1loga<\/li>\n<li><strong>Vida \u00fatil corta<\/strong> cuando se expone a la humedad o la luz<\/li>\n<li><strong>Fuerte perfil de impacto potencial<\/strong>, incluso en microcantidades<\/li>\n<li><strong>Medicamento no aprobado<\/strong>:Solo estado de investigaci\u00f3n<\/li>\n<\/ul>\n<hr \/>\n<h2>\ud83e\uddea <strong>Procedimientos de uso recomendados (laboratorio)<\/strong><\/h2>\n<ol>\n<li><strong>Almacenamiento:<\/strong> Fresco (2\u20138 \u00b0C), oscuro y herm\u00e9tico.<\/li>\n<li><strong>Preparaci\u00f3n:<\/strong> Utilice instrumental est\u00e9ril al abrir el bl\u00edster.<\/li>\n<li><strong>An\u00e1lisis:<\/strong>\n<ul>\n<li>LC-MS\/MS para la detecci\u00f3n de metabolitos<\/li>\n<li>HPLC para control de pureza<\/li>\n<li>RMN para confirmaci\u00f3n estructural<\/li>\n<\/ul>\n<\/li>\n<\/ol>\n<hr \/>\n<h2>\u2753 <strong>Preguntas frecuentes (FAQ)<\/strong><\/h2>\n<h3><strong>\u00bfCu\u00e1l es la diferencia entre metocina y psilocina?<\/strong><\/h3>\n<p>La metocina (4-HO-MET) es un an\u00e1logo sint\u00e9tico de la psilocina con un grupo etilo adicional. Ambas son triptaminas, pero la metocina se produce de forma totalmente sint\u00e9tica para fines de investigaci\u00f3n.<\/p>\n<h3><strong>\u00bfEste producto es legal en los Pa\u00edses Bajos o B\u00e9lgica?<\/strong><\/h3>\n<p>La sustancia no est\u00e1 incluida en la Ley del Opio, pero puede estar sujeta a <strong>legislaci\u00f3n anal\u00f3gica<\/strong> Oto\u00f1o. Consulte siempre las leyes locales.<\/p>\n<h3><strong>\u00bfEs la metocina adecuada para la microdosificaci\u00f3n?<\/strong><\/h3>\n<p><strong>No.<\/strong> Este producto no est\u00e1 destinado al consumo. Todas las aplicaciones son estrictamente <strong>anal\u00edtica o forense<\/strong>.<\/p>\n<h3><strong>\u00bfPuedo ver un informe de laboratorio?<\/strong><\/h3>\n<p>S\u00ed, cada bl\u00edster est\u00e1 etiquetado por lote y vinculado a un <strong>Informe de an\u00e1lisis HPLC\/RMN<\/strong>, disponible bajo petici\u00f3n para profesionales.<\/p>\n<h3><strong>\u00bfCu\u00e1les son las propiedades f\u00edsicas?<\/strong><\/h3>\n<p>La metocina generalmente viene en forma de <strong>polvo de color blanco a beige<\/strong>, procesado en dosis s\u00f3lidas (pellets\/comprimidos) en bl\u00edster para garantizar la estabilidad.<\/p>\n<hr \/>\n<h2>\ud83e\udded <strong>Aplicaciones de investigaci\u00f3n destacadas<\/strong><\/h2>\n<ul>\n<li><strong>Investigaci\u00f3n neuroqu\u00edmica comparativa<\/strong> con psilocina y an\u00e1logos del 4-AcO<\/li>\n<li><strong>An\u00e1lisis forense<\/strong> de nuevas triptaminas<\/li>\n<li><strong>Estandarizaci\u00f3n de protocolos de detecci\u00f3n<\/strong> en laboratorios toxicol\u00f3gicos<\/li>\n<li><strong>Construcci\u00f3n de datos para la relaci\u00f3n estructura-actividad (SAR)<\/strong>-investigaci\u00f3n<\/li>\n<\/ul>\n<hr \/>\n<h2>\ud83d\udccc <strong>Descripci\u00f3n general del producto de un vistazo<\/strong><\/h2>\n<table>\n<thead>\n<tr>\n<th>Caracter\u00edstica<\/th>\n<th>Valor<\/th>\n<\/tr>\n<\/thead>\n<tbody>\n<tr>\n<td>Nombre<\/td>\n<td>Ampolla de metocina RC+<\/td>\n<\/tr>\n<tr>\n<td>Sustancia activa<\/td>\n<td>4-HO-MET (4-hidroxi-N-metil-N-etiltriptamina)<\/td>\n<\/tr>\n<tr>\n<td>Forma<\/td>\n<td>Bl\u00edster con dosis fijas<\/td>\n<\/tr>\n<tr>\n<td>Solicitud<\/td>\n<td>S\u00f3lo para uso en laboratorio<\/td>\n<\/tr>\n<tr>\n<td>Pureza<\/td>\n<td>\u2265 98,8% (analizado)<\/td>\n<\/tr>\n<tr>\n<td>Consejos de almacenamiento<\/td>\n<td>Seco, fresco y sin luz.<\/td>\n<\/tr>\n<tr>\n<td>Estatus legal<\/td>\n<td>No regulado, pero sensible al anal\u00f3gico<\/td>\n<\/tr>\n<\/tbody>\n<\/table>\n<hr \/>\n<h2>\u26a0\ufe0f <strong>Aviso legal y \u00e9tico<\/strong><\/h2>\n<p>Este producto est\u00e1 destinado \u00fanicamente para su uso <strong>laboratorios profesionales<\/strong> y puede <strong>no consumido<\/strong> o distribuido para cualquier uso recreativo o m\u00e9dico. Cualquier otro uso es <strong>en violaci\u00f3n de los t\u00e9rminos<\/strong> del proveedor y la legislaci\u00f3n local.<\/p>","protected":false},"excerpt":{"rendered":"<p><span style=\"vertical-align: inherit;\"><span style=\"vertical-align: inherit;\">N\u00famero CAS: 77872-41-4 <\/span><\/span><br \/>\n<span style=\"vertical-align: inherit;\"><span style=\"vertical-align: inherit;\">F\u00f3rmula: C13H18N2O <\/span><\/span><br \/>\n<span style=\"vertical-align: inherit;\"><span style=\"vertical-align: inherit;\">Masa molar: 218,3 g\/mol <\/span><\/span><br \/>\n<span style=\"vertical-align: inherit;\"><span style=\"vertical-align: inherit;\">Pureza: \u226598%<\/span><\/span><\/p>","protected":false},"featured_media":21164,"comment_status":"closed","ping_status":"closed","template":"","meta":[],"product_brand":[],"product_cat":[555],"product_tag":[326],"class_list":{"0":"post-24119","1":"product","2":"type-product","3":"status-publish","4":"has-post-thumbnail","6":"product_cat-b2b","7":"product_tag-nl","9":"first","10":"instock","11":"taxable","12":"shipping-taxable","13":"purchasable","14":"product-type-variable"},"_links":{"self":[{"href":"https:\/\/globalsourcechemicals.com\/es\/wp-json\/wp\/v2\/product\/24119","targetHints":{"allow":["GET"]}}],"collection":[{"href":"https:\/\/globalsourcechemicals.com\/es\/wp-json\/wp\/v2\/product"}],"about":[{"href":"https:\/\/globalsourcechemicals.com\/es\/wp-json\/wp\/v2\/types\/product"}],"replies":[{"embeddable":true,"href":"https:\/\/globalsourcechemicals.com\/es\/wp-json\/wp\/v2\/comments?post=24119"}],"version-history":[{"count":3,"href":"https:\/\/globalsourcechemicals.com\/es\/wp-json\/wp\/v2\/product\/24119\/revisions"}],"predecessor-version":[{"id":26512,"href":"https:\/\/globalsourcechemicals.com\/es\/wp-json\/wp\/v2\/product\/24119\/revisions\/26512"}],"wp:featuredmedia":[{"embeddable":true,"href":"https:\/\/globalsourcechemicals.com\/es\/wp-json\/wp\/v2\/media\/21164"}],"wp:attachment":[{"href":"https:\/\/globalsourcechemicals.com\/es\/wp-json\/wp\/v2\/media?parent=24119"}],"wp:term":[{"taxonomy":"product_brand","embeddable":true,"href":"https:\/\/globalsourcechemicals.com\/es\/wp-json\/wp\/v2\/product_brand?post=24119"},{"taxonomy":"product_cat","embeddable":true,"href":"https:\/\/globalsourcechemicals.com\/es\/wp-json\/wp\/v2\/product_cat?post=24119"},{"taxonomy":"product_tag","embeddable":true,"href":"https:\/\/globalsourcechemicals.com\/es\/wp-json\/wp\/v2\/product_tag?post=24119"}],"curies":[{"name":"gracias","href":"https:\/\/api.w.org\/{rel}","templated":true}]}}