{"id":23975,"date":"2025-04-13T17:40:48","date_gmt":"2025-04-13T17:40:48","guid":{"rendered":"https:\/\/globalsourcechemicals.com\/?post_type=product&#038;p=23975"},"modified":"2025-10-02T23:00:16","modified_gmt":"2025-10-02T23:00:16","slug":"2-perdigones-mmc","status":"publish","type":"product","link":"https:\/\/globalsourcechemicals.com\/es\/comercio\/comprar-2-mmc\/2-perdigones-mmc\/","title":{"rendered":"Gr\u00e1nulos de 2-MMC de 220 mg"},"content":{"rendered":"<h2><strong>2-MMC <\/strong><strong>pellets, <\/strong><strong>gr\u00e1nulos de 220 mg<\/strong><\/h2>\n<p>Estos pellets contienen 220 mg de 2-MMC cada uno.<\/p>\n<p>Los pellets de 2-MMC son una sustancia que solo vendemos con fines de investigaci\u00f3n y, por lo tanto, no est\u00e1n destinados al consumo. El 2-MMC se puede investigar durante hasta 2 a\u00f1os si se almacena en el entorno adecuado.<a title=\"MEAI\" href=\"https:\/\/globalsourcechemicals.com\/es\/comercio\/otro\/meai\/\" target=\"_blank\" rel=\"noopener\">MEAI<\/a><\/p>\n<p>Dado que el 2-MMC es solo para fines de investigaci\u00f3n y no para consumo, es importante mantenerlo fuera del alcance de los ni\u00f1os y las mascotas.<a title=\"6-CL-ADBA\" href=\"https:\/\/globalsourcechemicals.com\/es\/comercio\/casi-prohibido\/6-cl-de-adba\/\" target=\"_blank\" rel=\"noopener\">6-CL-ADBA<\/a><\/p>\n<p>Ofrecemos productos qu\u00edmicos de investigaci\u00f3n de buena calidad a un precio justo. Su pedido ser\u00e1 enviado dentro de las 24 horas todos los d\u00edas. Por eso, pide 2-MMC de forma segura y r\u00e1pida.<a title=\"C\u00e1psulas de 2 mg de 2C-EF\" href=\"https:\/\/globalsourcechemicals.com\/es\/comercio\/fenetilamina\/capsulas-2c-ef-2mg\/\" target=\"_blank\" rel=\"noopener\">C\u00e1psulas de 2 mg de 2C-EF<\/a><\/p>\n<h2>Propiedades de 2-MMC<\/h2>\n<p><strong>N\u00famero CAS<\/strong>: 1246911-71-6<br \/>\n<strong>F\u00f3rmula<\/strong>: C11h15NO \u2022 HCl<br \/>\n<strong>Masa molar<\/strong>: 177.247<br \/>\n<strong>Pureza<\/strong>: \u226599%<\/p>\n<h3>Indicaci\u00f3n de peligro<\/h3>\n<p>El 2-MMC puede causar irritaci\u00f3n respiratoria.<br \/>\n2-MMC puede causar irritaci\u00f3n ocular.<br \/>\nEst\u00e1 prohibido verter productos qu\u00edmicos de investigaci\u00f3n al medio ambiente.<a title=\"6-CL-ADBA\" href=\"https:\/\/globalsourcechemicals.com\/es\/comercio\/casi-prohibido\/6-cl-de-adba\/\" target=\"_blank\" rel=\"noopener\">6-CL-ADBA<\/a><\/p>\n<p>2-MMC EN CONTACTO CON LOS OJOS: Enjuagar los ojos suavemente con agua durante cinco minutos. Qu\u00edtese los lentes de contacto si es posible.<\/p>\n<p>2-MMC EN CONTACTO CON LA PIEL: Lavar la piel con agua y jab\u00f3n.<\/p>\n<p>TRAS LA INHALACI\u00d3N DE 2-MMC: llevar a la v\u00edctima <a href=\"http:\/\/google.nl\" target=\"_blank\" rel=\"noopener\">en<\/a> aire fresco y coloque a la v\u00edctima en una posici\u00f3n que le permita respirar f\u00e1cilmente.<\/p>","protected":false},"excerpt":{"rendered":"<h2>Propiedades de 2-MMC<\/h2>\n<p><strong>N\u00famero CAS<\/strong>: 1246911-71-6<br \/>\n<strong>F\u00f3rmula<\/strong>: C11h15NO \u2022 HCl<br \/>\n<strong>Masa molar<\/strong>: 177.247<br \/>\n<strong>Pureza<\/strong>: \u226599%<\/p>","protected":false},"featured_media":27776,"comment_status":"closed","ping_status":"closed","template":"","meta":[],"product_brand":[82],"product_cat":[372,463,322,79,324],"product_tag":[83,679,652,678,326],"class_list":{"0":"post-23975","1":"product","2":"type-product","3":"status-publish","4":"has-post-thumbnail","6":"product_brand-research-chemical","7":"product_cat-2-mmc-kopen","8":"product_cat-2-mmc-pellets","9":"product_cat-bijna-verboden","10":"product_cat-cathinonen","11":"product_cat-pellets-for-pellet","12":"product_tag-2-mmc-kopen","13":"product_tag-2-mmc-pellets","14":"product_tag-2-mmc-pellets-kopen","15":"product_tag-2mmc-pellets","16":"product_tag-nl","18":"first","19":"instock","20":"taxable","21":"shipping-taxable","22":"purchasable","23":"product-type-variable"},"_links":{"self":[{"href":"https:\/\/globalsourcechemicals.com\/es\/wp-json\/wp\/v2\/product\/23975","targetHints":{"allow":["GET"]}}],"collection":[{"href":"https:\/\/globalsourcechemicals.com\/es\/wp-json\/wp\/v2\/product"}],"about":[{"href":"https:\/\/globalsourcechemicals.com\/es\/wp-json\/wp\/v2\/types\/product"}],"replies":[{"embeddable":true,"href":"https:\/\/globalsourcechemicals.com\/es\/wp-json\/wp\/v2\/comments?post=23975"}],"version-history":[{"count":3,"href":"https:\/\/globalsourcechemicals.com\/es\/wp-json\/wp\/v2\/product\/23975\/revisions"}],"predecessor-version":[{"id":25527,"href":"https:\/\/globalsourcechemicals.com\/es\/wp-json\/wp\/v2\/product\/23975\/revisions\/25527"}],"wp:featuredmedia":[{"embeddable":true,"href":"https:\/\/globalsourcechemicals.com\/es\/wp-json\/wp\/v2\/media\/27776"}],"wp:attachment":[{"href":"https:\/\/globalsourcechemicals.com\/es\/wp-json\/wp\/v2\/media?parent=23975"}],"wp:term":[{"taxonomy":"product_brand","embeddable":true,"href":"https:\/\/globalsourcechemicals.com\/es\/wp-json\/wp\/v2\/product_brand?post=23975"},{"taxonomy":"product_cat","embeddable":true,"href":"https:\/\/globalsourcechemicals.com\/es\/wp-json\/wp\/v2\/product_cat?post=23975"},{"taxonomy":"product_tag","embeddable":true,"href":"https:\/\/globalsourcechemicals.com\/es\/wp-json\/wp\/v2\/product_tag?post=23975"}],"curies":[{"name":"gracias","href":"https:\/\/api.w.org\/{rel}","templated":true}]}}