{"id":23068,"date":"2025-04-13T17:39:06","date_gmt":"2025-04-13T17:39:06","guid":{"rendered":"https:\/\/globalsourcechemicals.com\/?post_type=product&#038;p=23068"},"modified":"2025-10-03T08:59:51","modified_gmt":"2025-10-03T08:59:51","slug":"comprar-6-apb","status":"publish","type":"product","link":"https:\/\/globalsourcechemicals.com\/es\/comercio\/mandala-amarillo-2\/comprar-6-apb\/","title":{"rendered":"Polvo 6-APB"},"content":{"rendered":"<h1><strong><span dir=\"auto\" style=\"vertical-align: inherit;\"><span dir=\"auto\" style=\"vertical-align: inherit;\">Compra de 6 apb: Sustancia de investigaci\u00f3n innovadora para la exploraci\u00f3n cient\u00edfica<\/span><\/span><\/strong><\/h1>\n<h2><strong><span dir=\"auto\" style=\"vertical-align: inherit;\"><span dir=\"auto\" style=\"vertical-align: inherit;\">Introducci\u00f3n de 6-APB<\/span><\/span><\/strong><\/h2>\n<p><span dir=\"auto\" style=\"vertical-align: inherit;\"><span dir=\"auto\" style=\"vertical-align: inherit;\">El 6-APB (6-(2-aminopropil)benzofurano) es un compuesto sint\u00e9tico de la clase de los benzofuranos. Combina las propiedades de los empat\u00f3genos y estimulantes cl\u00e1sicos y est\u00e1 destinado a la investigaci\u00f3n neuroqu\u00edmica avanzada. <\/span><\/span><a title=\"Comprar iboga\u00edna HCL\" href=\"https:\/\/globalsourcechemicals.com\/es\/comercio\/iboga-ibogaina\/comprar-ibogaina-hcl-en-linea\/\" target=\"_blank\" rel=\"noopener\"><span dir=\"auto\" style=\"vertical-align: inherit;\"><span dir=\"auto\" style=\"vertical-align: inherit;\">Comprar iboga\u00edna HCL<\/span><\/span><\/a><\/p>\n<h2><strong><span dir=\"auto\" style=\"vertical-align: inherit;\"><span dir=\"auto\" style=\"vertical-align: inherit;\">Caracter\u00edsticas de calidad distintivas<\/span><\/span><\/strong><\/h2>\n<ul>\n<li><strong><span dir=\"auto\" style=\"vertical-align: inherit;\"><span dir=\"auto\" style=\"vertical-align: inherit;\">M\u00e9todos de purificaci\u00f3n avanzados<\/span><\/span><\/strong><span dir=\"auto\" style=\"vertical-align: inherit;\"><span dir=\"auto\" style=\"vertical-align: inherit;\"> :Estructura cristalina mediante t\u00e9cnicas cromatogr\u00e1ficas patentadas<\/span><\/span><\/li>\n<li><strong><span dir=\"auto\" style=\"vertical-align: inherit;\"><span dir=\"auto\" style=\"vertical-align: inherit;\">An\u00e1lisis espec\u00edficos de cada lote<\/span><\/span><\/strong><span dir=\"auto\" style=\"vertical-align: inherit;\"><span dir=\"auto\" style=\"vertical-align: inherit;\"> :Validaci\u00f3n GC-MS y HPLC por lote de producci\u00f3n<\/span><\/span><\/li>\n<li><strong><span dir=\"auto\" style=\"vertical-align: inherit;\"><span dir=\"auto\" style=\"vertical-align: inherit;\">Estabilidad optimizada<\/span><\/span><\/strong><span dir=\"auto\" style=\"vertical-align: inherit;\"><span dir=\"auto\" style=\"vertical-align: inherit;\"> : Formulaci\u00f3n con antioxidantes para una mayor vida \u00fatil.<\/span><\/span><\/li>\n<li><strong><span dir=\"auto\" style=\"vertical-align: inherit;\"><span dir=\"auto\" style=\"vertical-align: inherit;\">Embalaje apto para la investigaci\u00f3n<\/span><\/span><\/strong><span dir=\"auto\" style=\"vertical-align: inherit;\"><span dir=\"auto\" style=\"vertical-align: inherit;\"> : Envases resellables con sistema de absorci\u00f3n de humedad<\/span><\/span><\/li>\n<\/ul>\n<h2><strong><span dir=\"auto\" style=\"vertical-align: inherit;\"><span dir=\"auto\" style=\"vertical-align: inherit;\">Perfil cient\u00edficamente relevante<\/span><\/span><\/strong><\/h2>\n<p><span dir=\"auto\" style=\"vertical-align: inherit;\"><span dir=\"auto\" style=\"vertical-align: inherit;\">El 6-APB tiene el siguiente perfil farmacol\u00f3gico:<\/span><\/span><\/p>\n<ul>\n<li><strong><span dir=\"auto\" style=\"vertical-align: inherit;\"><span dir=\"auto\" style=\"vertical-align: inherit;\">Afinidad dual del receptor<\/span><\/span><\/strong><span dir=\"auto\" style=\"vertical-align: inherit;\"><span dir=\"auto\" style=\"vertical-align: inherit;\"> :<\/span><\/span>\n<ul>\n<li><span dir=\"auto\" style=\"vertical-align: inherit;\"><span dir=\"auto\" style=\"vertical-align: inherit;\">Agonismo del receptor de serotonina (5-HT2B)<\/span><\/span><\/li>\n<li><span dir=\"auto\" style=\"vertical-align: inherit;\"><span dir=\"auto\" style=\"vertical-align: inherit;\">Inhibici\u00f3n de la recaptaci\u00f3n de dopamina\/noradrenalina<\/span><\/span><\/li>\n<\/ul>\n<\/li>\n<li><strong><span dir=\"auto\" style=\"vertical-align: inherit;\"><span dir=\"auto\" style=\"vertical-align: inherit;\">Cin\u00e9tica de la acci\u00f3n<\/span><\/span><\/strong><span dir=\"auto\" style=\"vertical-align: inherit;\"><span dir=\"auto\" style=\"vertical-align: inherit;\"> : <\/span><\/span><a title=\"Papel secante para arte de 1 cP-LSD 150 MCG\" href=\"https:\/\/globalsourcechemicals.com\/es\/comercio\/lisergamidas\/1-cp-de-lsd-150-mcg\/\" target=\"_blank\" rel=\"noopener\"><span dir=\"auto\" style=\"vertical-align: inherit;\"><span dir=\"auto\" style=\"vertical-align: inherit;\">Papel secante para arte de 1 cP-LSD 150 MCG<\/span><\/span><\/a>\n<ul>\n<li><span dir=\"auto\" style=\"vertical-align: inherit;\"><span dir=\"auto\" style=\"vertical-align: inherit;\">Los efectos comienzan a notarse entre 45 y 75 minutos.<\/span><\/span><\/li>\n<li><span dir=\"auto\" style=\"vertical-align: inherit;\"><span dir=\"auto\" style=\"vertical-align: inherit;\">Meseta de 4-6 horas<\/span><\/span><\/li>\n<li><span dir=\"auto\" style=\"vertical-align: inherit;\"><span dir=\"auto\" style=\"vertical-align: inherit;\">Recogida completa en 8-10 horas<\/span><\/span><\/li>\n<\/ul>\n<\/li>\n<\/ul>\n<h2><strong><span dir=\"auto\" style=\"vertical-align: inherit;\"><span dir=\"auto\" style=\"vertical-align: inherit;\">Dosis orientada a la investigaci\u00f3n<\/span><\/span><\/strong><\/h2>\n<p><em><span dir=\"auto\" style=\"vertical-align: inherit;\"><span dir=\"auto\" style=\"vertical-align: inherit;\">Solo para estudios in vitro y precl\u00ednicos: <\/span><\/span><\/em><strong><span dir=\"auto\" style=\"vertical-align: inherit;\"><span dir=\"auto\" style=\"vertical-align: inherit;\">Comprar 6 apb<\/span><\/span><\/strong><\/p>\n<table>\n<thead>\n<tr>\n<th><span dir=\"auto\" style=\"vertical-align: inherit;\"><span dir=\"auto\" style=\"vertical-align: inherit;\">Fase de investigaci\u00f3n<\/span><\/span><\/th>\n<th><span dir=\"auto\" style=\"vertical-align: inherit;\"><span dir=\"auto\" style=\"vertical-align: inherit;\">Dosificaci\u00f3n<\/span><\/span><\/th>\n<th><span dir=\"auto\" style=\"vertical-align: inherit;\"><span dir=\"auto\" style=\"vertical-align: inherit;\">\u00c1mbito de aplicaci\u00f3n<\/span><\/span><\/th>\n<\/tr>\n<\/thead>\n<tbody>\n<tr>\n<td><span dir=\"auto\" style=\"vertical-align: inherit;\"><span dir=\"auto\" style=\"vertical-align: inherit;\">Estudios piloto<\/span><\/span><\/td>\n<td><span dir=\"auto\" style=\"vertical-align: inherit;\"><span dir=\"auto\" style=\"vertical-align: inherit;\">15\u201325 mg<\/span><\/span><\/td>\n<td><span dir=\"auto\" style=\"vertical-align: inherit;\"><span dir=\"auto\" style=\"vertical-align: inherit;\">Ensayos de uni\u00f3n a receptores<\/span><\/span><\/td>\n<\/tr>\n<tr>\n<td><span dir=\"auto\" style=\"vertical-align: inherit;\"><span dir=\"auto\" style=\"vertical-align: inherit;\">Fase I<\/span><\/span><\/td>\n<td><span dir=\"auto\" style=\"vertical-align: inherit;\"><span dir=\"auto\" style=\"vertical-align: inherit;\">30\u201350 mg<\/span><\/span><\/td>\n<td><span dir=\"auto\" style=\"vertical-align: inherit;\"><span dir=\"auto\" style=\"vertical-align: inherit;\">Mediciones del flujo de neurotransmisores<\/span><\/span><\/td>\n<\/tr>\n<tr>\n<td><span dir=\"auto\" style=\"vertical-align: inherit;\"><span dir=\"auto\" style=\"vertical-align: inherit;\">Avanzado<\/span><\/span><\/td>\n<td><span dir=\"auto\" style=\"vertical-align: inherit;\"><span dir=\"auto\" style=\"vertical-align: inherit;\">60\u201380 mg<\/span><\/span><\/td>\n<td><span dir=\"auto\" style=\"vertical-align: inherit;\"><span dir=\"auto\" style=\"vertical-align: inherit;\">Observaciones de comportamiento<\/span><\/span><\/td>\n<\/tr>\n<\/tbody>\n<\/table>\n<h2><strong><span dir=\"auto\" style=\"vertical-align: inherit;\"><span dir=\"auto\" style=\"vertical-align: inherit;\">Protocolos de seguridad avanzados<\/span><\/span><\/strong><\/h2>\n<ul>\n<li><strong><span dir=\"auto\" style=\"vertical-align: inherit;\"><span dir=\"auto\" style=\"vertical-align: inherit;\">Estabilidad t\u00e9rmica<\/span><\/span><\/strong><span dir=\"auto\" style=\"vertical-align: inherit;\"><span dir=\"auto\" style=\"vertical-align: inherit;\"> : Temperatura de descomposici\u00f3n &gt;180\u00b0C<\/span><\/span><\/li>\n<li><strong><span dir=\"auto\" style=\"vertical-align: inherit;\"><span dir=\"auto\" style=\"vertical-align: inherit;\">Resistencia oxidativa<\/span><\/span><\/strong><span dir=\"auto\" style=\"vertical-align: inherit;\"><span dir=\"auto\" style=\"vertical-align: inherit;\"> :Probado en condiciones de envejecimiento acelerado<\/span><\/span><\/li>\n<li><strong><span dir=\"auto\" style=\"vertical-align: inherit;\"><span dir=\"auto\" style=\"vertical-align: inherit;\">Estudios de compatibilidad<\/span><\/span><\/strong><span dir=\"auto\" style=\"vertical-align: inherit;\"><span dir=\"auto\" style=\"vertical-align: inherit;\"> :Evaluado en combinaci\u00f3n con solventes de laboratorio est\u00e1ndar. <\/span><\/span><a title=\"Papel secante 1V-LSD 150 MCG\" href=\"https:\/\/globalsourcechemicals.com\/es\/comercio\/lisergamidas\/1vlsd\/\" target=\"_blank\" rel=\"noopener\"><span dir=\"auto\" style=\"vertical-align: inherit;\"><span dir=\"auto\" style=\"vertical-align: inherit;\">Papel secante 1V-LSD 150 MCG<\/span><\/span><\/a><\/li>\n<\/ul>\n<h2><strong><span dir=\"auto\" style=\"vertical-align: inherit;\"><span dir=\"auto\" style=\"vertical-align: inherit;\">Aplicaciones de investigaci\u00f3n innovadoras<\/span><\/span><\/strong><\/h2>\n<ol>\n<li><strong><span dir=\"auto\" style=\"vertical-align: inherit;\"><span dir=\"auto\" style=\"vertical-align: inherit;\">Neuroplasticidad<\/span><\/span><\/strong>\n<ul>\n<li><span dir=\"auto\" style=\"vertical-align: inherit;\"><span dir=\"auto\" style=\"vertical-align: inherit;\">Investigaci\u00f3n sobre la expresi\u00f3n del BDNF<\/span><\/span><\/li>\n<li><span dir=\"auto\" style=\"vertical-align: inherit;\"><span dir=\"auto\" style=\"vertical-align: inherit;\">Reestructuraci\u00f3n sin\u00e1ptica<\/span><\/span><\/li>\n<\/ul>\n<\/li>\n<li><strong><span dir=\"auto\" style=\"vertical-align: inherit;\"><span dir=\"auto\" style=\"vertical-align: inherit;\">Estudios cardiovasculares<\/span><\/span><\/strong>\n<ul>\n<li><span dir=\"auto\" style=\"vertical-align: inherit;\"><span dir=\"auto\" style=\"vertical-align: inherit;\">Funci\u00f3n card\u00edaca relacionada con 5-HT2B<\/span><\/span><\/li>\n<li><span dir=\"auto\" style=\"vertical-align: inherit;\"><span dir=\"auto\" style=\"vertical-align: inherit;\">Tono vascular<\/span><\/span><\/li>\n<\/ul>\n<\/li>\n<li><strong><span dir=\"auto\" style=\"vertical-align: inherit;\"><span dir=\"auto\" style=\"vertical-align: inherit;\">Psicofarmacolog\u00eda<\/span><\/span><\/strong>\n<ul>\n<li><span dir=\"auto\" style=\"vertical-align: inherit;\"><span dir=\"auto\" style=\"vertical-align: inherit;\">An\u00e1lisis de la respuesta empat\u00f3gena<\/span><\/span><\/li>\n<li><span dir=\"auto\" style=\"vertical-align: inherit;\"><span dir=\"auto\" style=\"vertical-align: inherit;\">Modelos conductuales para el funcionamiento social<\/span><\/span><\/li>\n<\/ul>\n<\/li>\n<\/ol>\n<h2><strong><span dir=\"auto\" style=\"vertical-align: inherit;\"><span dir=\"auto\" style=\"vertical-align: inherit;\">Especificaciones t\u00e9cnicas<\/span><\/span><\/strong><\/h2>\n<ul>\n<li><strong><span dir=\"auto\" style=\"vertical-align: inherit;\"><span dir=\"auto\" style=\"vertical-align: inherit;\">Pureza qu\u00edmica<\/span><\/span><\/strong><span dir=\"auto\" style=\"vertical-align: inherit;\"><span dir=\"auto\" style=\"vertical-align: inherit;\"> : \u226598,5% (qNMR validado)<\/span><\/span><\/li>\n<li><strong><span dir=\"auto\" style=\"vertical-align: inherit;\"><span dir=\"auto\" style=\"vertical-align: inherit;\">Par\u00e1metros de estabilidad<\/span><\/span><\/strong><span dir=\"auto\" style=\"vertical-align: inherit;\"><span dir=\"auto\" style=\"vertical-align: inherit;\"> :<\/span><\/span>\n<ul>\n<li><span dir=\"auto\" style=\"vertical-align: inherit;\"><span dir=\"auto\" style=\"vertical-align: inherit;\">pH: 6,8\u20137,2 (soluci\u00f3n 1%)<\/span><\/span><\/li>\n<li><span dir=\"auto\" style=\"vertical-align: inherit;\"><span dir=\"auto\" style=\"vertical-align: inherit;\">Contenido de agua: &lt;0,5% (Karl Fischer)<\/span><\/span><\/li>\n<\/ul>\n<\/li>\n<li><strong><span dir=\"auto\" style=\"vertical-align: inherit;\"><span dir=\"auto\" style=\"vertical-align: inherit;\">Datos espectrales<\/span><\/span><\/strong><span dir=\"auto\" style=\"vertical-align: inherit;\"><span dir=\"auto\" style=\"vertical-align: inherit;\"> :<\/span><\/span>\n<ul>\n<li><span dir=\"auto\" style=\"vertical-align: inherit;\"><span dir=\"auto\" style=\"vertical-align: inherit;\">FTIR, RMN 1H\/13C disponible<\/span><\/span><\/li>\n<li><span dir=\"auto\" style=\"vertical-align: inherit;\"><span dir=\"auto\" style=\"vertical-align: inherit;\">Espectro ECD de referencia para confirmar la estereoqu\u00edmica<\/span><\/span><\/li>\n<\/ul>\n<\/li>\n<\/ul>\n<h2><strong><span dir=\"auto\" style=\"vertical-align: inherit;\"><span dir=\"auto\" style=\"vertical-align: inherit;\">Apoyo a la investigaci\u00f3n<\/span><\/span><\/strong><\/h2>\n<p><span dir=\"auto\" style=\"vertical-align: inherit;\"><span dir=\"auto\" style=\"vertical-align: inherit;\">Incluido en la entrega:<\/span><\/span><\/p>\n<ul>\n<li><span dir=\"auto\" style=\"vertical-align: inherit;\"><span dir=\"auto\" style=\"vertical-align: inherit;\">Certificado anal\u00edtico<\/span><\/span><\/li>\n<li><span dir=\"auto\" style=\"vertical-align: inherit;\"><span dir=\"auto\" style=\"vertical-align: inherit;\">Informe de estabilidad<\/span><\/span><\/li>\n<li><span dir=\"auto\" style=\"vertical-align: inherit;\"><span dir=\"auto\" style=\"vertical-align: inherit;\">Documento MSDS<\/span><\/span><\/li>\n<li><span dir=\"auto\" style=\"vertical-align: inherit;\"><span dir=\"auto\" style=\"vertical-align: inherit;\">Soporte t\u00e9cnico por parte de qu\u00edmicos doctores<\/span><\/span><\/li>\n<\/ul>\n<p><em><span dir=\"auto\" style=\"vertical-align: inherit;\"><span dir=\"auto\" style=\"vertical-align: inherit;\">Solo para investigaci\u00f3n cient\u00edfica autorizada. No apto para uso diagn\u00f3stico ni terap\u00e9utico.<\/span><\/span><\/em><\/p>","protected":false},"excerpt":{"rendered":"<h2><span style=\"vertical-align: inherit;\"><span style=\"vertical-align: inherit;\"><span dir=\"auto\" style=\"vertical-align: inherit;\"><span dir=\"auto\" style=\"vertical-align: inherit;\">Propiedades 6-APB<\/span><\/span><\/span><\/span><\/h2>\n<p><strong><span style=\"vertical-align: inherit;\"><span style=\"vertical-align: inherit;\"><span dir=\"auto\" style=\"vertical-align: inherit;\"><span dir=\"auto\" style=\"vertical-align: inherit;\">Sin\u00f3nimo<\/span><\/span><\/span><\/span><\/strong><span style=\"vertical-align: inherit;\"><span style=\"vertical-align: inherit;\"><span dir=\"auto\" style=\"vertical-align: inherit;\"><span dir=\"auto\" style=\"vertical-align: inherit;\"> :6-(2-aminopropil)benzofurano; Benzofuria <\/span><\/span><\/span><\/span><br \/>\n<strong><span style=\"vertical-align: inherit;\"><span style=\"vertical-align: inherit;\"><span dir=\"auto\" style=\"vertical-align: inherit;\"><span dir=\"auto\" style=\"vertical-align: inherit;\">N\u00famero CAS<\/span><\/span><\/span><\/span><\/strong><span style=\"vertical-align: inherit;\"><span style=\"vertical-align: inherit;\"><span dir=\"auto\" style=\"vertical-align: inherit;\"><span dir=\"auto\" style=\"vertical-align: inherit;\"> : 286834-85-3 <\/span><\/span><\/span><\/span><br \/>\n<strong><span style=\"vertical-align: inherit;\"><span style=\"vertical-align: inherit;\"><span dir=\"auto\" style=\"vertical-align: inherit;\"><span dir=\"auto\" style=\"vertical-align: inherit;\">F\u00f3rmula<\/span><\/span><\/span><\/span><\/strong><span style=\"vertical-align: inherit;\"><span style=\"vertical-align: inherit;\"><span dir=\"auto\" style=\"vertical-align: inherit;\"><span dir=\"auto\" style=\"vertical-align: inherit;\"> : C11H13NO \u2022 Succinato <\/span><\/span><\/span><\/span><br \/>\n<strong><span style=\"vertical-align: inherit;\"><span style=\"vertical-align: inherit;\"><span dir=\"auto\" style=\"vertical-align: inherit;\"><span dir=\"auto\" style=\"vertical-align: inherit;\">Masa molar<\/span><\/span><\/span><\/span><\/strong><span style=\"vertical-align: inherit;\"><span style=\"vertical-align: inherit;\"><span dir=\"auto\" style=\"vertical-align: inherit;\"><span dir=\"auto\" style=\"vertical-align: inherit;\"> : 175,23 g\/mol<\/span><\/span><\/span><\/span><\/p>","protected":false},"featured_media":27836,"comment_status":"closed","ping_status":"closed","template":"","meta":[],"product_brand":[82],"product_cat":[340,339,322,398],"product_tag":[677,124,126,676,326],"class_list":{"0":"post-23068","1":"product","2":"type-product","3":"status-publish","4":"has-post-thumbnail","6":"product_brand-research-chemical","7":"product_cat-6-apb","8":"product_cat-benzofuran","9":"product_cat-bijna-verboden","10":"product_cat-verkoop","11":"product_tag-6-abp","12":"product_tag-6-apb","13":"product_tag-6-apb-kopen","14":"product_tag-6-apb-poeder","15":"product_tag-nl","17":"first","18":"instock","19":"sale","20":"taxable","21":"shipping-taxable","22":"purchasable","23":"product-type-variable"},"_links":{"self":[{"href":"https:\/\/globalsourcechemicals.com\/es\/wp-json\/wp\/v2\/product\/23068","targetHints":{"allow":["GET"]}}],"collection":[{"href":"https:\/\/globalsourcechemicals.com\/es\/wp-json\/wp\/v2\/product"}],"about":[{"href":"https:\/\/globalsourcechemicals.com\/es\/wp-json\/wp\/v2\/types\/product"}],"replies":[{"embeddable":true,"href":"https:\/\/globalsourcechemicals.com\/es\/wp-json\/wp\/v2\/comments?post=23068"}],"version-history":[{"count":7,"href":"https:\/\/globalsourcechemicals.com\/es\/wp-json\/wp\/v2\/product\/23068\/revisions"}],"predecessor-version":[{"id":28111,"href":"https:\/\/globalsourcechemicals.com\/es\/wp-json\/wp\/v2\/product\/23068\/revisions\/28111"}],"wp:featuredmedia":[{"embeddable":true,"href":"https:\/\/globalsourcechemicals.com\/es\/wp-json\/wp\/v2\/media\/27836"}],"wp:attachment":[{"href":"https:\/\/globalsourcechemicals.com\/es\/wp-json\/wp\/v2\/media?parent=23068"}],"wp:term":[{"taxonomy":"product_brand","embeddable":true,"href":"https:\/\/globalsourcechemicals.com\/es\/wp-json\/wp\/v2\/product_brand?post=23068"},{"taxonomy":"product_cat","embeddable":true,"href":"https:\/\/globalsourcechemicals.com\/es\/wp-json\/wp\/v2\/product_cat?post=23068"},{"taxonomy":"product_tag","embeddable":true,"href":"https:\/\/globalsourcechemicals.com\/es\/wp-json\/wp\/v2\/product_tag?post=23068"}],"curies":[{"name":"gracias","href":"https:\/\/api.w.org\/{rel}","templated":true}]}}