{"id":146,"date":"2024-10-25T11:07:10","date_gmt":"2024-10-25T11:07:10","guid":{"rendered":"https:\/\/dummy.xtemos.com\/woodmart2\/makeup-elementor\/?post_type=product&amp;p=146"},"modified":"2024-10-25T11:07:10","modified_gmt":"2024-10-25T11:07:10","slug":"care-body-hair-oil-mist-spf30-150ml","status":"publish","type":"product","link":"https:\/\/globalsourcechemicals.com\/es\/comercio\/okategoriserad\/care-body-hair-oil-mist-spf30-150ml\/","title":{"rendered":"Care Body &amp; Hair Oil Mist SPF30 150ml"},"content":{"rendered":"<div data-elementor-type=\"wp-post\" data-elementor-id=\"146\" class=\"elementor elementor-146\">\n\t\t\t\t<div class=\"wd-negative-gap elementor-element elementor-element-4ed6a78 e-flex e-con-boxed e-con e-parent\" data-id=\"4ed6a78\" data-element_type=\"container\" data-e-type=\"container\">\n\t\t\t\t\t<div class=\"e-con-inner\">\n\t\t\t\t<div class=\"elementor-element elementor-element-a709ed2 elementor-widget elementor-widget-wd_text_block\" data-id=\"a709ed2\" data-element_type=\"widget\" data-e-type=\"widget\" data-widget_type=\"wd_text_block.default\">\n\t\t\t\t<div class=\"elementor-widget-container\">\n\t\t\t\t\t\t\t<div class=\"wd-text-block reset-last-child text-left\">\n\t\t\t\n\t\t\t<p><span style=\"font-family: Satoshi, Arial, Helvetica, sans-serif;font-size: 16px;font-style: normal;font-weight: 500\">Evidentemente, estos ingredientes se combinan para hacer de tu verano una experiencia inolvidable por las razones correctas, previniendo quemaduras solares, sequedad, fotoenvejecimiento y otras molestias. Asimismo, las manchas oscuras son m\u00e1s f\u00e1ciles de evitar, ya que este protector solar refuerza la protecci\u00f3n de amplio espectro UVA\/UVB. En definitiva, se trata de un producto imprescindible que innova sin renunciar a los valores de transparencia y sostenibilidad de M\u00e1dara. Una vez m\u00e1s, estos recursos esenciales se extrajeron conscientemente de los bosques n\u00f3rdicos, teniendo en cuenta el bienestar del planeta. Por \u00faltimo, este protector solar es un gran ejemplo de c\u00f3mo una protecci\u00f3n solar eficaz tambi\u00e9n puede ser ecol\u00f3gica.<\/span><\/p><h4 id=\"wd-e071d9da\" class=\"wp-block-wd-title title\" style=\"margin-bottom: var(--wd-tags-mb, 20px);font-style: normal;font-weight: var(--wd-title-font-weight);font-family: Satoshi, Arial, Helvetica, sans-serif;font-size: 18px;text-transform: none;--wd-trans-main: all .25s ease\">Caracter\u00edsticas de Rilastil Aqua Detergente Viso:<span style=\"font-size: 16px;text-align: var(--text-align);background-color: var(--bgcolor-white);color: var(--wd-text-color)\"><\/span><\/h4>\n\t\t\t\t\t<\/div>\n\t\t\t\t\t\t<\/div>\n\t\t\t\t<\/div>\n\t\t\t\t<div class=\"elementor-element elementor-element-27f2279 elementor-widget elementor-widget-wd_list\" data-id=\"27f2279\" data-element_type=\"widget\" data-e-type=\"widget\" data-widget_type=\"wd_list.default\">\n\t\t\t\t<div class=\"elementor-widget-container\">\n\t\t\t\t\t\t\t<ul class=\"wd-list color-scheme- wd-fontsize-s wd-type-unordered wd-style-default text-left\">\n\t\t\t\t\t\t\t\t\t\t\t<li class=\"elementor-repeater-item-2c2edbb\">\n\t\t\t\t\t\t\t\t\t\t\t<span class=\"wd-icon\"><\/span>\t\t\t\t\t\n\t\t\t\t\t<span class=\"wd-list-content list-content\">\n\t\t\t\t\t\t\t\t\t\t\t\t\tLas c\u00e9lulas madre de la cabeza de drag\u00f3n del norte combaten eficazmente el da\u00f1o solar, inhibiendo la propagaci\u00f3n de radicales libres. Adem\u00e1s, contribuyen a minimizar la pigmentaci\u00f3n, lo que a su vez estimula la formaci\u00f3n de col\u00e1geno.\t\t\t\t\t\t\t\t\t\t\t<\/span>\n\t\t\t\t<\/li>\n\t\t\t\t\t\t\t\t\t\t\t<li class=\"elementor-repeater-item-006c7d3\">\n\t\t\t\t\t\t\t\t\t\t\t<span class=\"wd-icon\"><\/span>\t\t\t\t\t\n\t\t\t\t\t<span class=\"wd-list-content list-content\">\n\t\t\t\t\t\t\t\t\t\t\t\t\tEl aceite de semilla de frambuesa alivia los s\u00edntomas de las afecciones inflamatorias de la piel y ayuda a protegerla de las agresiones externas. Adem\u00e1s de contener vitamina E, este aceite concentra altos niveles de fitoesteroles que ayudan a reducir la p\u00e9rdida de agua. Por lo tanto, mantiene la piel hidratada.\t\t\t\t\t\t\t\t\t\t\t<\/span>\n\t\t\t\t<\/li>\n\t\t\t\t\t\t\t\t\t\t\t<li class=\"elementor-repeater-item-5108c0f\">\n\t\t\t\t\t\t\t\t\t\t\t<span class=\"wd-icon\"><\/span>\t\t\t\t\t\n\t\t\t\t\t<span class=\"wd-list-content list-content\">\n\t\t\t\t\t\t\t\t\t\t\t\t\tEl \u00f3xido de zinc refleja los rayos solares como un espejo. Sin penetrar en la piel, ofrece una protecci\u00f3n eficaz contra los rayos UVA\/UVB de amplio espectro y cuenta con s\u00f3lidas pruebas de seguridad.\t\t\t\t\t\t\t\t\t\t\t<\/span>\n\t\t\t\t<\/li>\n\t\t\t\t\t\t\t\t\t\t\t<li class=\"elementor-repeater-item-a40fe5e\">\n\t\t\t\t\t\t\t\t\t\t\t<span class=\"wd-icon\"><\/span>\t\t\t\t\t\n\t\t\t\t\t<span class=\"wd-list-content list-content\">\n\t\t\t\t\t\t\t\t\t\t\t\t\tPor \u00faltimo, pero no menos importante, la glicerina hidrata profundamente, siendo una fuente natural de innumerables beneficios. Desde mejorar la elasticidad de la piel hasta facilitar la penetraci\u00f3n de otros ingredientes y reducir la irritaci\u00f3n, se erige como un elemento indispensable en el cuidado de la piel.\t\t\t\t\t\t\t\t\t\t\t<\/span>\n\t\t\t\t<\/li>\n\t\t\t\t\t<\/ul>\n\n\t\t\t\t\t\t<\/div>\n\t\t\t\t<\/div>\n\t\t\t\t\t<\/div>\n\t\t\t\t<\/div>\n\t\t\t\t<\/div>","protected":false},"excerpt":{"rendered":"<p>Evidently, these ingredients combine to make your summer experience unforgettable for the right reasons, preventing sunburn, dryness, photoaging as well<\/p>","protected":false},"featured_media":0,"comment_status":"open","ping_status":"closed","template":"","meta":[],"product_brand":[],"product_cat":[1085],"product_tag":[],"class_list":{"0":"post-146","1":"product","2":"type-product","3":"status-publish","5":"product_cat-okategoriserad","7":"first","8":"instock","9":"taxable","10":"shipping-taxable","11":"purchasable","12":"product-type-simple"},"_links":{"self":[{"href":"https:\/\/globalsourcechemicals.com\/es\/wp-json\/wp\/v2\/product\/146","targetHints":{"allow":["GET"]}}],"collection":[{"href":"https:\/\/globalsourcechemicals.com\/es\/wp-json\/wp\/v2\/product"}],"about":[{"href":"https:\/\/globalsourcechemicals.com\/es\/wp-json\/wp\/v2\/types\/product"}],"replies":[{"embeddable":true,"href":"https:\/\/globalsourcechemicals.com\/es\/wp-json\/wp\/v2\/comments?post=146"}],"version-history":[{"count":0,"href":"https:\/\/globalsourcechemicals.com\/es\/wp-json\/wp\/v2\/product\/146\/revisions"}],"wp:attachment":[{"href":"https:\/\/globalsourcechemicals.com\/es\/wp-json\/wp\/v2\/media?parent=146"}],"wp:term":[{"taxonomy":"product_brand","embeddable":true,"href":"https:\/\/globalsourcechemicals.com\/es\/wp-json\/wp\/v2\/product_brand?post=146"},{"taxonomy":"product_cat","embeddable":true,"href":"https:\/\/globalsourcechemicals.com\/es\/wp-json\/wp\/v2\/product_cat?post=146"},{"taxonomy":"product_tag","embeddable":true,"href":"https:\/\/globalsourcechemicals.com\/es\/wp-json\/wp\/v2\/product_tag?post=146"}],"curies":[{"name":"gracias","href":"https:\/\/api.w.org\/{rel}","templated":true}]}}