{"id":27214,"date":"2025-08-14T11:19:38","date_gmt":"2025-08-14T11:19:38","guid":{"rendered":"https:\/\/globalsourcechemicals.com\/?page_id=27214"},"modified":"2025-10-13T09:54:25","modified_gmt":"2025-10-13T09:54:25","slug":"despacho","status":"publish","type":"page","link":"https:\/\/globalsourcechemicals.com\/es\/despacho\/","title":{"rendered":"Despacho"},"content":{"rendered":"<p>Bij de globalsourcechemicals.com versturen we pakketten zo snel mogelijk. Elke bestelling die v\u00f3\u00f3r 17:00u is besteld waarvan de betaling bij ons binnen is, zal dezelfde dag worden verzonden, tenzij er is gekozen voor \u2018Afhalen\u2019.<\/p>\n\n\n\n<p>Todos los pedidos se env\u00edan con el transportista que elijas. Siempre recibir\u00e1s un c\u00f3digo de seguimiento para que puedas seguir tu pedido.<\/p>\n\n\n\n<p>Si su paquete no ha sido entregado despu\u00e9s de 10 d\u00edas h\u00e1biles, comun\u00edquese con nosotros para que podamos investigar m\u00e1s.<\/p>\n\n\n\n<p><strong>Env\u00edo gratuito a Pa\u00edses Bajos y B\u00e9lgica: pedidos superiores a 75 \u20ac<\/strong><br><strong>Env\u00edo gratuito a otros pa\u00edses: pedidos superiores a 250\u20ac<\/strong><\/p>\n\n\n\n<hr class=\"wp-block-separator has-alpha-channel-opacity\"\/>\n\n\n\n<figure class=\"wp-block-table\"><table class=\"has-fixed-layout\"><tbody><tr><td><strong>Pa\u00eds<\/strong><\/td><td><strong>El tiempo de entrega<\/strong><br><small><em>Pagado antes de las 5pm,<br>enviado el mismo d\u00eda<\/em><\/small><\/td><td><strong>PostNL<\/strong><\/td><td><strong>DHL<\/strong><\/td><td><strong>Departamento de Polic\u00eda de Dallas<\/strong><\/td><\/tr><tr><td>Pa\u00edses Bajos<\/td><td>1-2 d\u00edas h\u00e1biles<\/td><td>\u20ac4,95<\/td><td>\u20ac4,95<\/td><td>despu\u00e9s<\/td><\/tr><tr><td>B\u00e9lgica<\/td><td>1-4 d\u00edas h\u00e1biles<\/td><td>\u20ac4,95<\/td><td>\u20ac7,95<\/td><td>despu\u00e9s<\/td><\/tr><tr><td>Bulgaria<\/td><td>2-8 d\u00edas laborables<\/td><td>despu\u00e9s<\/td><td>\u20ac17,95<\/td><td>\u20ac9,95<\/td><\/tr><tr><td>Estonia<\/td><td>2-8 d\u00edas laborables<\/td><td>despu\u00e9s<\/td><td>\u20ac34,95<\/td><td>\u20ac14,95<\/td><\/tr><tr><td>Francia<\/td><td>2-8 d\u00edas laborables<\/td><td>despu\u00e9s<\/td><td>\u20ac12,95<\/td><td>\u20ac8,95<\/td><\/tr><tr><td>Grecia<\/td><td>2-8 d\u00edas laborables<\/td><td>despu\u00e9s<\/td><td>\u20ac14,95<\/td><td>\u20ac39,95<\/td><\/tr><tr><td>Hungr\u00eda<\/td><td>2-8 d\u00edas laborables<\/td><td>despu\u00e9s<\/td><td>\u20ac14,95<\/td><td>\u20ac9,95<\/td><\/tr><tr><td>Irlanda<\/td><td>2-8 d\u00edas laborables<\/td><td>despu\u00e9s<\/td><td>\u20ac12,95<\/td><td>\u20ac24,95<\/td><\/tr><tr><td>Italia<\/td><td>2-8 d\u00edas laborables<\/td><td>despu\u00e9s<\/td><td>\u20ac10,95<\/td><td>\u20ac9,95<\/td><\/tr><tr><td>Croacia<\/td><td>2-8 d\u00edas laborables<\/td><td>despu\u00e9s<\/td><td>\u20ac19,95<\/td><td>\u20ac10,95<\/td><\/tr><tr><td>Letonia<\/td><td>2-8 d\u00edas laborables<\/td><td>despu\u00e9s<\/td><td>\u20ac34,95<\/td><td>\u20ac15,95<\/td><\/tr><tr><td>Lituania<\/td><td>2-8 d\u00edas laborables<\/td><td>despu\u00e9s<\/td><td>\u20ac34,95<\/td><td>\u20ac12,95<\/td><\/tr><tr><td>Luxemburgo<\/td><td>2-8 d\u00edas laborables<\/td><td>despu\u00e9s<\/td><td>despu\u00e9s<\/td><td>\u20ac8,95<\/td><\/tr><tr><td>Austria<\/td><td>2-8 d\u00edas laborables<\/td><td>despu\u00e9s<\/td><td>\u20ac11,95<\/td><td>\u20ac9,95<\/td><\/tr><tr><td>Polonia<\/td><td>2-8 d\u00edas laborables<\/td><td>despu\u00e9s<\/td><td>\u20ac14,95<\/td><td>\u20ac9,95<\/td><\/tr><tr><td>Portugal<\/td><td>2-8 d\u00edas laborables<\/td><td>despu\u00e9s<\/td><td>\u20ac19,95<\/td><td>\u20ac9,95<\/td><\/tr><tr><td>Rumania<\/td><td>2-8 d\u00edas laborables<\/td><td>despu\u00e9s<\/td><td>\u20ac16,95<\/td><td>\u20ac9,95<\/td><\/tr><tr><td>Eslovenia<\/td><td>2-8 d\u00edas laborables<\/td><td>despu\u00e9s<\/td><td>\u20ac18,95<\/td><td>\u20ac12,95<\/td><\/tr><tr><td>Eslovaquia<\/td><td>2-8 d\u00edas laborables<\/td><td>despu\u00e9s<\/td><td>\u20ac18,95<\/td><td>\u20ac12,95<\/td><\/tr><tr><td>Rep\u00fablica Checa<\/td><td>2-8 d\u00edas laborables<\/td><td>despu\u00e9s<\/td><td>\u20ac14,95<\/td><td>\u20ac11,95<\/td><\/tr><\/tbody><\/table><\/figure>","protected":false},"excerpt":{"rendered":"<p>Bij de globalsourcechemicals.com versturen we pakketten zo snel mogelijk. Elke bestelling die v\u00f3\u00f3r 17:00u is besteld waarvan de betaling bij<\/p>","protected":false},"author":1,"featured_media":0,"parent":0,"menu_order":0,"comment_status":"closed","ping_status":"closed","template":"","meta":{"footnotes":""},"class_list":["post-27214","page","type-page","status-publish","hentry"],"_links":{"self":[{"href":"https:\/\/globalsourcechemicals.com\/es\/wp-json\/wp\/v2\/pages\/27214","targetHints":{"allow":["GET"]}}],"collection":[{"href":"https:\/\/globalsourcechemicals.com\/es\/wp-json\/wp\/v2\/pages"}],"about":[{"href":"https:\/\/globalsourcechemicals.com\/es\/wp-json\/wp\/v2\/types\/page"}],"author":[{"embeddable":true,"href":"https:\/\/globalsourcechemicals.com\/es\/wp-json\/wp\/v2\/users\/1"}],"replies":[{"embeddable":true,"href":"https:\/\/globalsourcechemicals.com\/es\/wp-json\/wp\/v2\/comments?post=27214"}],"version-history":[{"count":2,"href":"https:\/\/globalsourcechemicals.com\/es\/wp-json\/wp\/v2\/pages\/27214\/revisions"}],"predecessor-version":[{"id":28552,"href":"https:\/\/globalsourcechemicals.com\/es\/wp-json\/wp\/v2\/pages\/27214\/revisions\/28552"}],"wp:attachment":[{"href":"https:\/\/globalsourcechemicals.com\/es\/wp-json\/wp\/v2\/media?parent=27214"}],"curies":[{"name":"gracias","href":"https:\/\/api.w.org\/{rel}","templated":true}]}}