{"id":27212,"date":"2025-08-14T11:18:23","date_gmt":"2025-08-14T11:18:23","guid":{"rendered":"https:\/\/globalsourcechemicals.com\/?page_id=27212"},"modified":"2025-10-03T19:30:27","modified_gmt":"2025-10-03T19:30:27","slug":"pagar","status":"publish","type":"page","link":"https:\/\/globalsourcechemicals.com\/es\/pagar\/","title":{"rendered":"Pagar"},"content":{"rendered":"<p><strong>Pagar en globalsourcechemicals.com es r\u00e1pido y seguro.<\/strong><br>En globalsourcechemicals.com, puede pagar de forma f\u00e1cil y segura. Ofrecemos varios m\u00e9todos de pago para que reciba su pedido lo antes posible.<\/p>\n\n\n\n<p><strong>Utilice uno de los m\u00e9todos de pago a continuaci\u00f3n y reciba su pedido lo m\u00e1s r\u00e1pido posible.<\/strong><br>Puedes elegir entre varias opciones de pago. Selecciona el m\u00e9todo que mejor se adapte a tus necesidades para asegurarte de que tu pedido se entregue r\u00e1pidamente.<\/p>\n\n\n\n<p><strong>\u00bfNo pudo completar su pago en l\u00ednea y a\u00fan as\u00ed desea hacerlo? Entonces transfi\u00e9ralo manualmente:<\/strong><br>Si tiene problemas al completar su pago en l\u00ednea, puede optar por transferir el monto manualmente.<\/p>\n\n\n\n<p><strong>\u00a1NOTA! Recibir\u00e1s una notificaci\u00f3n autom\u00e1tica si tu pago se realiza correctamente. Lo procesamos manualmente y revisamos nuestra cuenta bancaria varias veces al d\u00eda.<\/strong><br>\u00a1Atenci\u00f3n! Una vez que su pago se haya realizado correctamente, recibir\u00e1 un mensaje de confirmaci\u00f3n. Procesamos los pagos manualmente y revisamos nuestra cuenta bancaria varias veces al d\u00eda para garantizar que todo transcurra sin problemas.<\/p>\n\n\n\n<p><strong>M\u00e9todos de pago disponibles:<\/strong><br>Estas son las opciones de pago que ofrecemos actualmente:<\/p>\n\n\n\n<ul class=\"wp-block-list\">\n<li><strong>ideal<\/strong>&nbsp;(<em>Temporalmente no disponible<\/em>)<br>Un m\u00e9todo de pago popular en los Pa\u00edses Bajos. Actualmente no disponible.<\/li>\n\n\n\n<li><strong>Inmediatamente<\/strong>&nbsp;(<em>Temporalmente no disponible<\/em>)<br>Un m\u00e9todo de pago com\u00fan en Alemania y otros pa\u00edses europeos. Actualmente no disponible.<\/li>\n\n\n\n<li><strong>Bancontact<\/strong>&nbsp;(<em>Temporalmente no disponible<\/em>)<br>El m\u00e9todo de pago m\u00e1s utilizado en B\u00e9lgica. Actualmente no disponible.<\/li>\n\n\n\n<li><strong>Tarjeta de cr\u00e9dito (VISA \/ MasterCard) (a trav\u00e9s de Cointopay)<\/strong><br>Pague con su VISA o MasterCard a trav\u00e9s del proveedor de pagos Cointopay.<\/li>\n\n\n\n<li><strong>Transferencia manual<\/strong><br>Transfiera el importe manualmente a nuestra cuenta bancaria en los Pa\u00edses Bajos. Esta es una buena opci\u00f3n si prefiere una transferencia bancaria tradicional.<\/li>\n\n\n\n<li><strong>Pagar con criptomonedas<\/strong><br>Pague con criptomonedas para una transacci\u00f3n r\u00e1pida y segura.<\/li>\n<\/ul>\n\n\n\n<p><br><strong>Conclusi\u00f3n:<\/strong><\/p>\n\n\n\n<ul class=\"wp-block-list\">\n<li>\n<ul class=\"wp-block-list\">\n<li><\/li>\n<\/ul>\n<\/li>\n<\/ul>","protected":false},"excerpt":{"rendered":"<p>Betalen bij globalsourcechemicals.com doe je snel en veilig.Bij globalsourcechemicals.com kun je eenvoudig en veilig betalen. We bieden verschillende betaalmethodes aan,<\/p>","protected":false},"author":1,"featured_media":0,"parent":0,"menu_order":0,"comment_status":"closed","ping_status":"closed","template":"","meta":{"footnotes":""},"class_list":["post-27212","page","type-page","status-publish","hentry"],"_links":{"self":[{"href":"https:\/\/globalsourcechemicals.com\/es\/wp-json\/wp\/v2\/pages\/27212","targetHints":{"allow":["GET"]}}],"collection":[{"href":"https:\/\/globalsourcechemicals.com\/es\/wp-json\/wp\/v2\/pages"}],"about":[{"href":"https:\/\/globalsourcechemicals.com\/es\/wp-json\/wp\/v2\/types\/page"}],"author":[{"embeddable":true,"href":"https:\/\/globalsourcechemicals.com\/es\/wp-json\/wp\/v2\/users\/1"}],"replies":[{"embeddable":true,"href":"https:\/\/globalsourcechemicals.com\/es\/wp-json\/wp\/v2\/comments?post=27212"}],"version-history":[{"count":3,"href":"https:\/\/globalsourcechemicals.com\/es\/wp-json\/wp\/v2\/pages\/27212\/revisions"}],"predecessor-version":[{"id":28531,"href":"https:\/\/globalsourcechemicals.com\/es\/wp-json\/wp\/v2\/pages\/27212\/revisions\/28531"}],"wp:attachment":[{"href":"https:\/\/globalsourcechemicals.com\/es\/wp-json\/wp\/v2\/media?parent=27212"}],"curies":[{"name":"gracias","href":"https:\/\/api.w.org\/{rel}","templated":true}]}}