{"id":27210,"date":"2025-08-14T11:12:54","date_gmt":"2025-08-14T11:12:54","guid":{"rendered":"https:\/\/globalsourcechemicals.com\/?page_id=27210"},"modified":"2025-10-13T09:44:09","modified_gmt":"2025-10-13T09:44:09","slug":"tiempo-de-entrega-y-costos-de-envio","status":"publish","type":"page","link":"https:\/\/globalsourcechemicals.com\/es\/tiempo-de-entrega-y-costos-de-envio\/","title":{"rendered":"Tiempo de entrega y costos de env\u00edo"},"content":{"rendered":"<p>Tiempo de entrega y costos de env\u00edo<br>Hacemos todo lo posible para entregar su pedido lo antes posible. Los pedidos realizados entre semana antes de las 17:00 se env\u00edan el mismo d\u00eda. Sin embargo, esto no siempre es posible; a veces los productos est\u00e1n agotados y la entrega puede tardar un poco m\u00e1s. El plazo de entrega se indica en la p\u00e1gina del producto. Si, por cualquier motivo, no pudi\u00e9ramos cumplir con este plazo de entrega, le informaremos lo antes posible.<\/p>\n\n\n\n<p>Despu\u00e9s de realizar una compra, le enviaremos un correo electr\u00f3nico de confirmaci\u00f3n. Este contiene su n\u00famero de pedido, que puede usar para verificar el estado de su compra. Una vez que su pedido est\u00e9 empaquetado y enviado, recibir\u00e1 otro correo electr\u00f3nico con detalles sobre su compra. Le recomendamos revisar su carpeta de correo no deseado, ya que el correo de confirmaci\u00f3n podr\u00eda haber llegado all\u00ed. Si no ha recibido un correo electr\u00f3nico despu\u00e9s de un d\u00eda h\u00e1bil y ha revisado su carpeta de correo no deseado, cont\u00e1ctenos de inmediato.<\/p>\n\n\n\n<p>Servicio de entrega de productos qu\u00edmicos de Global Source<br>Bestellingen in Nederland die v\u00f3\u00f3r 17:00 uur bij globalsourcechemicals.com worden geplaatst, worden de volgende werkdag bezorgd, met uitzondering van de Waddeneilanden vanwege vertragingen door boottransport. PostNL zorgt voor een veilige en snelle levering. Bij besteding vanaf \u20ac 50 in onze webshop is de verzending binnen Nederland gratis.<\/p>\n\n\n\n<p>Embalaje discreto y an\u00f3nimo<br>Nuestros productos se empaquetan de forma discreta y an\u00f3nima, para que nadie pueda ver lo que has pedido. Solo tu direcci\u00f3n de entrega est\u00e1 impresa en el exterior del paquete.<\/p>\n\n\n\n<p>Entrega de sus pedidos<br>Om uw bestelling te ontvangen, moet u op de bezorgdag thuis zijn. Bent u niet thuis, dan wordt de bestelling, afhankelijk van de vervoerder, meerdere keren opnieuw ingediend. Bent u dan nog steeds niet thuis, dan probeert de bezorger het bij de buren af te leveren of naar een nabijgelegen afhaalpunt te brengen. De bezorger laat u altijd via een briefje weten waar uw pakket zich bevindt. globalsourcechemicals.com zorgt voor de bezorging bij het afhaalpunt, waarna u het zelf moet ophalen. Levering vindt doorgaans plaats van dinsdag tot en met zaterdag tussen 08:00 en 18:00 uur. We kunnen geen exacte levertijden garanderen vanwege de afhankelijkheid van de vervoerder.<\/p>\n\n\n\n<p>Gastos de env\u00edo y transporte a pa\u00edses europeos<br>En los Pa\u00edses Bajos puede elegir entre las siguientes opciones de env\u00edo:<\/p>\n\n\n\n<p>Paquete para buz\u00f3n con seguimiento, para que puedas seguir tu pedido, por 4,75 \u20ac. Los pedidos superiores a 50 \u20ac tienen env\u00edo gratuito dentro de los Pa\u00edses Bajos.<\/p>\n\n\n\n<p>En B\u00e9lgica las opciones son:<\/p>\n\n\n\n<p>Paquete para buz\u00f3n con seguimiento por 9,95 \u20ac. Los pedidos superiores a 100 \u20ac tienen env\u00edo gratuito dentro de B\u00e9lgica.<\/p>\n\n\n\n<p>Nota: Los pedidos realizados fuera de los Pa\u00edses Bajos se env\u00edan bajo su propia responsabilidad. (Consulte nuestra p\u00e1gina de pago para conocer las tarifas y m\u00e9todos de env\u00edo actuales).<\/p>\n\n\n\n<p>A continuaci\u00f3n encontrar\u00e1s una tabla con los costes de env\u00edo por pa\u00eds:<\/p>\n\n\n\n<p>Pautas de seguridad del producto<br>We benadrukken dat onze globalsourcechemicals.com uitsluitend bedoeld zijn voor onderzoeksdoeleinden en niet voor persoonlijk gebruik. Raadpleeg onze algemene voorwaarden en veiligheidsrichtlijnen voordat u een aankoop doet bij globalsourcechemicals.com Als u om welke reden dan ook niet tevreden bent met uw bestelling, bekijk dan ons retourbeleid.<\/p>\n\n\n\n<p><\/p>","protected":false},"excerpt":{"rendered":"<p>Levertijd en verzendkostenWe doen ons best om de bestelling zo snel mogelijk bij u af te leveren. Bestellingen die op<\/p>","protected":false},"author":1,"featured_media":0,"parent":0,"menu_order":0,"comment_status":"closed","ping_status":"closed","template":"","meta":{"footnotes":""},"class_list":["post-27210","page","type-page","status-publish","hentry"],"_links":{"self":[{"href":"https:\/\/globalsourcechemicals.com\/es\/wp-json\/wp\/v2\/pages\/27210","targetHints":{"allow":["GET"]}}],"collection":[{"href":"https:\/\/globalsourcechemicals.com\/es\/wp-json\/wp\/v2\/pages"}],"about":[{"href":"https:\/\/globalsourcechemicals.com\/es\/wp-json\/wp\/v2\/types\/page"}],"author":[{"embeddable":true,"href":"https:\/\/globalsourcechemicals.com\/es\/wp-json\/wp\/v2\/users\/1"}],"replies":[{"embeddable":true,"href":"https:\/\/globalsourcechemicals.com\/es\/wp-json\/wp\/v2\/comments?post=27210"}],"version-history":[{"count":3,"href":"https:\/\/globalsourcechemicals.com\/es\/wp-json\/wp\/v2\/pages\/27210\/revisions"}],"predecessor-version":[{"id":28543,"href":"https:\/\/globalsourcechemicals.com\/es\/wp-json\/wp\/v2\/pages\/27210\/revisions\/28543"}],"wp:attachment":[{"href":"https:\/\/globalsourcechemicals.com\/es\/wp-json\/wp\/v2\/media?parent=27210"}],"curies":[{"name":"gracias","href":"https:\/\/api.w.org\/{rel}","templated":true}]}}