{"id":27204,"date":"2025-08-14T10:59:23","date_gmt":"2025-08-14T10:59:23","guid":{"rendered":"https:\/\/globalsourcechemicals.com\/?page_id=27204"},"modified":"2025-10-03T19:35:52","modified_gmt":"2025-10-03T19:35:52","slug":"derecho-de-desistimiento","status":"publish","type":"page","link":"https:\/\/globalsourcechemicals.com\/es\/derecho-de-desistimiento\/","title":{"rendered":"Derecho de desistimiento"},"content":{"rendered":"<p>Como cliente, tiene derecho a ejercer su derecho de desistimiento dentro de los 14 d\u00edas siguientes a la recepci\u00f3n de su pedido sin necesidad de justificaci\u00f3n. Puede desembalar o probar los productos recibidos seg\u00fan sea necesario para evaluar sus propiedades, caracter\u00edsticas y funcionalidad. Si decide ejercer su derecho de desistimiento, deber\u00e1 manipular los productos con cuidado y devolverlos a globalsourcechemicals en su estado y embalaje originales. El comprador ser\u00e1 responsable del coste de la devoluci\u00f3n de los productos. Consulte nuestras instrucciones de devoluci\u00f3n y cambio para obtener m\u00e1s informaci\u00f3n sobre la devoluci\u00f3n de productos.<\/p>\n\n\n\n<p>Excepciones para productos perecederos e higi\u00e9nicos<br>Los productos adquiridos en globalsourcechemicals con fecha de caducidad limitada (como productos de higiene o productos personalizados) no se pueden devolver si el precinto est\u00e1 roto tras la entrega. El derecho de desistimiento no aplica a esta categor\u00eda de productos. La venta se considerar\u00e1 definitiva una vez realizado el pago, como se indica claramente en nuestra oferta.<\/p>","protected":false},"excerpt":{"rendered":"<p>Als klant heeft u de mogelijkheid om binnen een termijn van 14 dagen na ontvangst van uw bestelling zonder opgave<\/p>","protected":false},"author":1,"featured_media":0,"parent":0,"menu_order":0,"comment_status":"closed","ping_status":"closed","template":"","meta":{"footnotes":""},"class_list":["post-27204","page","type-page","status-publish","hentry"],"_links":{"self":[{"href":"https:\/\/globalsourcechemicals.com\/es\/wp-json\/wp\/v2\/pages\/27204","targetHints":{"allow":["GET"]}}],"collection":[{"href":"https:\/\/globalsourcechemicals.com\/es\/wp-json\/wp\/v2\/pages"}],"about":[{"href":"https:\/\/globalsourcechemicals.com\/es\/wp-json\/wp\/v2\/types\/page"}],"author":[{"embeddable":true,"href":"https:\/\/globalsourcechemicals.com\/es\/wp-json\/wp\/v2\/users\/1"}],"replies":[{"embeddable":true,"href":"https:\/\/globalsourcechemicals.com\/es\/wp-json\/wp\/v2\/comments?post=27204"}],"version-history":[{"count":3,"href":"https:\/\/globalsourcechemicals.com\/es\/wp-json\/wp\/v2\/pages\/27204\/revisions"}],"predecessor-version":[{"id":28532,"href":"https:\/\/globalsourcechemicals.com\/es\/wp-json\/wp\/v2\/pages\/27204\/revisions\/28532"}],"wp:attachment":[{"href":"https:\/\/globalsourcechemicals.com\/es\/wp-json\/wp\/v2\/media?parent=27204"}],"curies":[{"name":"gracias","href":"https:\/\/api.w.org\/{rel}","templated":true}]}}