{"id":27198,"date":"2025-08-14T10:55:48","date_gmt":"2025-08-14T10:55:48","guid":{"rendered":"https:\/\/globalsourcechemicals.com\/?page_id=27198"},"modified":"2025-10-13T09:55:28","modified_gmt":"2025-10-13T09:55:28","slug":"indemnizacion","status":"publish","type":"page","link":"https:\/\/globalsourcechemicals.com\/es\/indemnizacion\/","title":{"rendered":"Indemnizaci\u00f3n"},"content":{"rendered":"<p>Al usar nuestra tienda online, acepta los derechos y obligaciones establecidos en el aviso legal de globalsourcechemicals.com. Al usar la tienda online, acepta autom\u00e1ticamente nuestros t\u00e9rminos y condiciones.<\/p>\n\n\n\n<p>Lo que globalsourcechemicals.com espera de sus clientes:<br>Antes de realizar un pedido, los clientes deben informarse completamente sobre el uso correcto de los productos en globalsourcechemicals.com y comprobarlos de acuerdo con las instrucciones. globalsourcechemicals.com se exime de cualquier responsabilidad por el uso indebido, ya que se ha proporcionado toda la informaci\u00f3n necesaria sobre los riesgos y se indica claramente que los productos son solo para fines de investigaci\u00f3n.<br>Los clientes deben cumplir con las instrucciones y pautas de seguridad en globalsourcechemicals.com<br>De informatie op globalsourcechemicals.com, inclusief de informatie op categorie- en productpagina&#8217;s, is bedoeld voor legaal gebruik. Gebruikers zijn verantwoordelijk voor het gebruik van deze informatie. globalsourcechemicals.com aanvaardt geen aansprakelijkheid.<br>Los clientes no pueden consumir productos de globalsourcechemicals.com, sino que pueden usarlos \u00fanicamente con fines de investigaci\u00f3n.<br>Los clientes deben conocer los riesgos de los productos y leer nuestras instrucciones de seguridad antes de comprarlos. Deben observar las siguientes precauciones: utilizar los productos \u00fanicamente con fines de investigaci\u00f3n, guardarlos fuera del alcance de los ni\u00f1os en un recipiente herm\u00e9tico y seco, y leer los t\u00e9rminos y condiciones y las instrucciones de seguridad antes de abrirlos.<br>Los clientes tambi\u00e9n deben leer el prospecto que contiene las advertencias de peligro y precauci\u00f3n. Cabe mencionar que estos productos est\u00e1n destinados \u00fanicamente a fines de investigaci\u00f3n y no al consumo.<br>Contenido de nuestra tienda online:<br>Si los usuarios detectan alguna violaci\u00f3n de la ley o de los derechos de terceros en nuestra tienda web, deber\u00e1n informarlo inmediatamente para que podamos tomar las medidas adecuadas.<\/p>\n\n\n\n<p>Tratamiento de datos personales:<br>La informaci\u00f3n que proporcione se utilizar\u00e1 \u00fanicamente para procesar su pedido y elaborar facturas. Esta informaci\u00f3n no se compartir\u00e1 con terceros.<\/p>","protected":false},"excerpt":{"rendered":"<p>Door onze webshop te gebruiken, gaat u akkoord met de rechten en plichten die zijn opgenomen in de disclaimer van<\/p>","protected":false},"author":1,"featured_media":0,"parent":0,"menu_order":0,"comment_status":"closed","ping_status":"closed","template":"","meta":{"footnotes":""},"class_list":["post-27198","page","type-page","status-publish","hentry"],"_links":{"self":[{"href":"https:\/\/globalsourcechemicals.com\/es\/wp-json\/wp\/v2\/pages\/27198","targetHints":{"allow":["GET"]}}],"collection":[{"href":"https:\/\/globalsourcechemicals.com\/es\/wp-json\/wp\/v2\/pages"}],"about":[{"href":"https:\/\/globalsourcechemicals.com\/es\/wp-json\/wp\/v2\/types\/page"}],"author":[{"embeddable":true,"href":"https:\/\/globalsourcechemicals.com\/es\/wp-json\/wp\/v2\/users\/1"}],"replies":[{"embeddable":true,"href":"https:\/\/globalsourcechemicals.com\/es\/wp-json\/wp\/v2\/comments?post=27198"}],"version-history":[{"count":3,"href":"https:\/\/globalsourcechemicals.com\/es\/wp-json\/wp\/v2\/pages\/27198\/revisions"}],"predecessor-version":[{"id":28553,"href":"https:\/\/globalsourcechemicals.com\/es\/wp-json\/wp\/v2\/pages\/27198\/revisions\/28553"}],"wp:attachment":[{"href":"https:\/\/globalsourcechemicals.com\/es\/wp-json\/wp\/v2\/media?parent=27198"}],"curies":[{"name":"gracias","href":"https:\/\/api.w.org\/{rel}","templated":true}]}}