{"id":27196,"date":"2025-08-14T10:52:21","date_gmt":"2025-08-14T10:52:21","guid":{"rendered":"https:\/\/globalsourcechemicals.com\/?page_id=27196"},"modified":"2025-10-13T09:51:39","modified_gmt":"2025-10-13T09:51:39","slug":"declaracion-de-privacidad","status":"publish","type":"page","link":"https:\/\/globalsourcechemicals.com\/es\/declaracion-de-privacidad\/","title":{"rendered":"Declaraci\u00f3n de privacidad"},"content":{"rendered":"<p>Declaraci\u00f3n de privacidad<br>Esta es la declaraci\u00f3n de privacidad de globalsourcechemicals.com Aplicabilidad: Esta declaraci\u00f3n de privacidad se aplica a toda la informaci\u00f3n confidencial o datos personales que usted nos proporciona, por ejemplo, a trav\u00e9s de un formulario de registro, formulario de contacto o pedidos que realiza.<\/p>\n\n\n\n<p>Valoramos la privacidad de nuestros clientes y, por lo tanto, gestionamos y protegemos sus datos personales con el m\u00e1ximo cuidado. Procesamos los datos de acuerdo con el Reglamento General de Protecci\u00f3n de Datos (RGPD).<\/p>\n\n\n\n<p>globalsourcechemicals.com es el responsable del tratamiento de sus datos personales, seg\u00fan lo dispuesto en el RGPD. Esto significa que somos los \u00fanicos que determinamos qu\u00e9 datos personales se tratan, con qu\u00e9 finalidad y de qu\u00e9 manera. Somos responsables de garantizar que sus datos personales se traten de forma correcta y cuidadosa, de conformidad con el RGPD. En esta declaraci\u00f3n de privacidad, explicamos qu\u00e9 datos tratamos y con qu\u00e9 finalidad. Resumen de datos personales: A continuaci\u00f3n, encontrar\u00e1 un resumen de los datos personales que tratamos:<\/p>\n\n\n\n<ul class=\"wp-block-list\">\n<li>Nombre y apellido<\/li>\n\n\n\n<li>DIRECCI\u00d3N<\/li>\n\n\n\n<li>N\u00famero de tel\u00e9fono<\/li>\n\n\n\n<li>Direcci\u00f3n de correo electr\u00f3nico<\/li>\n\n\n\n<li>Direcci\u00f3n IP de un visitante del sitio web<br>FINALIDAD Y BASE DEL TRATAMIENTO DE DATOS PERSONALES<br>Al aceptar esta declaraci\u00f3n de privacidad, usted consiente expl\u00edcitamente, seg\u00fan lo definido en el art\u00edculo 6, apartado 1, letra a), del RGPD, el tratamiento de sus datos personales para los fines que se indican a continuaci\u00f3n. Puede revocar este consentimiento en cualquier momento. Sin embargo, si no nos proporciona determinados datos o no nos permite tratarlos, es posible que no podamos ofrecerle el mejor servicio posible.<\/li>\n<\/ul>\n\n\n\n<p>Si no nos ha dado su consentimiento expl\u00edcito para el tratamiento de sus datos personales, o si lo ha retirado, dicho tratamiento podr\u00e1 basarse en el art\u00edculo 6, apartado 1, letras b), c) y\/o f) del RGPD. En ese caso, el tratamiento de sus datos personales podr\u00e1 realizarse sin su consentimiento, siempre que sea necesario para la ejecuci\u00f3n de un contrato del que usted sea o vaya a ser parte, o para la satisfacci\u00f3n de los intereses leg\u00edtimos de globalsourcechemicals.com. Adem\u00e1s, podr\u00edamos estar legalmente obligados a tratar sus datos personales.<\/p>\n\n\n\n<p>Procesamos sus datos personales para los siguientes fines:<\/p>\n\n\n\n<p>\u2013 Para proporcionar nuestros servicios (entregarle bienes)<\/p>\n\n\n\n<ul class=\"wp-block-list\">\n<li>Para procesar su pago<br>\u2013 Para enviarle nuestro bolet\u00edn informativo<\/li>\n\n\n\n<li>Para informarle sobre cambios en nuestros servicios y productos<\/li>\n\n\n\n<li>Para brindarle la oportunidad de crear una cuenta<br>No almacenamos sus datos personales durante m\u00e1s tiempo del estrictamente necesario para lograr los fines para los que se recopilaron sus datos.<\/li>\n\n\n\n<li>DIVULGACI\u00d3N A TERCEROS<\/li>\n\n\n\n<li>Podremos compartir sus datos personales con terceros si esto es compatible con los fines mencionados anteriormente. La divulgaci\u00f3n a terceros puede ser necesaria para la ejecuci\u00f3n del acuerdo que celebremos con usted, para la consecuci\u00f3n de un inter\u00e9s leg\u00edtimo nuestro o para cumplir con una obligaci\u00f3n legal a la que estemos sujetos.<\/li>\n\n\n\n<li>Contamos con acuerdos de tratamiento de datos con empresas que procesan sus datos en nuestro nombre para garantizar el mismo nivel de seguridad y confidencialidad. Seguimos siendo responsables de estas operaciones de tratamiento. Fuera de los casos mencionados anteriormente, solo compartiremos sus datos personales con terceros con su consentimiento expreso.<\/li>\n\n\n\n<li>OBJETIVOS COMERCIALES<\/li>\n\n\n\n<li>Podemos utilizar sus datos personales con fines comerciales, por ejemplo, para proporcionarle m\u00e1s informaci\u00f3n sobre nuestros servicios o productos relevantes, o sobre cambios legislativos relevantes para nuestra oferta. En tales casos, solo se le notificar\u00e1 a la direcci\u00f3n de correo electr\u00f3nico que registr\u00f3. Si no desea recibir informaci\u00f3n sobre productos o servicios relevantes, puede darse de baja haciendo clic en &quot;Cancelar suscripci\u00f3n&quot; en el correo electr\u00f3nico que reciba. Sus datos personales se anonimizar\u00e1n para fines de investigaci\u00f3n de mercado antes de ser utilizados para optimizar nuestros servicios, y ya no ser\u00e1n rastreables hasta usted.<\/li>\n\n\n\n<li>Sus datos no ser\u00e1n vendidos ni compartidos con terceros con fines comerciales a menos que usted otorgue permiso expl\u00edcito para ello.<\/li>\n\n\n\n<li>Galletas<\/li>\n\n\n\n<li>Una cookie es un peque\u00f1o archivo de texto que se almacena en su ordenador, tableta o smartphone la primera vez que visita este sitio web. Puede desactivar estas cookies configurando su navegador para que no las almacene. Tambi\u00e9n puede eliminar toda la informaci\u00f3n almacenada previamente mediante la configuraci\u00f3n de su navegador.<\/li>\n\n\n\n<li>Utilizamos las siguientes cookies:<\/li>\n\n\n\n<li>Cookies funcionales: son cookies necesarias para el funcionamiento t\u00e9cnico del sitio web y su facilidad de uso. Garantizan el correcto funcionamiento del sitio web y recuerdan, por ejemplo, sus preferencias. Tambi\u00e9n nos permiten optimizar nuestro sitio web. Son cookies anal\u00edticas que no vulneran su privacidad. No necesitamos su consentimiento previo para usarlas.<\/li>\n\n\n\n<li>Google Analytics: Este sitio web utiliza cookies de la empresa estadounidense Google como parte de su servicio &quot;Analytics&quot;. globalsourcechemicals.com utiliza este servicio para recibir informes sobre el uso del sitio web y medir su calidad y eficacia. Utilizamos Google Analytics seg\u00fan lo prescrito por la Autoridad de Protecci\u00f3n de Datos de los Pa\u00edses Bajos para cumplir con la excepci\u00f3n de la ley de cookies. Esto significa que no necesitamos su consentimiento previo para utilizar Google Analytics.<\/li>\n\n\n\n<li>PERSPECTIVA, CORREGIR O ELIMINAR<\/li>\n\n\n\n<li>Tiene derecho a acceder, corregir o eliminar sus datos personales. Tambi\u00e9n tiene derecho a revocar su consentimiento para el tratamiento de sus datos personales o a oponerse al mismo. Tiene derecho a la portabilidad de datos si conservamos datos personales digitales que tratamos con su consentimiento o para cumplir un acuerdo que tengamos con usted.<\/li>\n\n\n\n<li>Esto significa que usted puede enviarnos una solicitud para que le enviemos los datos personales digitales que almacenamos sobre usted en un archivo inform\u00e1tico legible a usted o a otra organizaci\u00f3n designada por usted.<\/li>\n\n\n\n<li>Puede enviar una solicitud de acceso, correcci\u00f3n, eliminaci\u00f3n, transferencia de datos de sus datos personales o una solicitud de retiro de su consentimiento u objeci\u00f3n al procesamiento de sus datos personales a info@globalsourcechemicals.com.<\/li>\n\n\n\n<li>Para verificar que usted ha realizado la solicitud de acceso, le solicitamos que incluya una copia de su documento de identidad. En esta copia, por favor, tache su foto de pasaporte, la ZLM (zona de lectura mec\u00e1nica, la franja con n\u00fameros en la parte inferior del pasaporte), el n\u00famero de pasaporte y el N\u00famero de Servicio al Ciudadano (BSN). Esto es para proteger su privacidad. Responderemos a su solicitud lo antes posible, en un plazo de cuatro semanas.<\/li>\n\n\n\n<li>Tambi\u00e9n nos gustar\u00eda se\u00f1alarle que tiene la opci\u00f3n de presentar una reclamaci\u00f3n ante la autoridad nacional de supervisi\u00f3n, la Autoridad de Protecci\u00f3n de Datos de los Pa\u00edses Bajos.<\/li>\n\n\n\n<li>Contacto<\/li>\n\n\n\n<li>Nos tomamos muy en serio la protecci\u00f3n de sus datos e implementamos las medidas adecuadas para evitar el uso indebido, la p\u00e9rdida, el acceso no autorizado, la divulgaci\u00f3n no deseada y la modificaci\u00f3n no autorizada. Si considera que sus datos no est\u00e1n debidamente protegidos o si existen indicios de uso indebido, p\u00f3ngase en contacto con nuestro servicio de atenci\u00f3n al cliente o env\u00edenos un correo electr\u00f3nico a info@globalsourcechemicals.com.<\/li>\n<\/ul>","protected":false},"excerpt":{"rendered":"<p>PrivacyverklaringDit is de privacyverklaring van globalsourcechemicals.com Toepasselijkheid: Deze privacyverklaring is van toepassing op alle privacygevoelige informatie of persoonsgegevens die u<\/p>","protected":false},"author":1,"featured_media":0,"parent":0,"menu_order":0,"comment_status":"closed","ping_status":"closed","template":"","meta":{"footnotes":""},"class_list":["post-27196","page","type-page","status-publish","hentry"],"_links":{"self":[{"href":"https:\/\/globalsourcechemicals.com\/es\/wp-json\/wp\/v2\/pages\/27196","targetHints":{"allow":["GET"]}}],"collection":[{"href":"https:\/\/globalsourcechemicals.com\/es\/wp-json\/wp\/v2\/pages"}],"about":[{"href":"https:\/\/globalsourcechemicals.com\/es\/wp-json\/wp\/v2\/types\/page"}],"author":[{"embeddable":true,"href":"https:\/\/globalsourcechemicals.com\/es\/wp-json\/wp\/v2\/users\/1"}],"replies":[{"embeddable":true,"href":"https:\/\/globalsourcechemicals.com\/es\/wp-json\/wp\/v2\/comments?post=27196"}],"version-history":[{"count":2,"href":"https:\/\/globalsourcechemicals.com\/es\/wp-json\/wp\/v2\/pages\/27196\/revisions"}],"predecessor-version":[{"id":28551,"href":"https:\/\/globalsourcechemicals.com\/es\/wp-json\/wp\/v2\/pages\/27196\/revisions\/28551"}],"wp:attachment":[{"href":"https:\/\/globalsourcechemicals.com\/es\/wp-json\/wp\/v2\/media?parent=27196"}],"curies":[{"name":"gracias","href":"https:\/\/api.w.org\/{rel}","templated":true}]}}