{"id":25980,"date":"2025-04-21T12:25:45","date_gmt":"2025-04-21T12:25:45","guid":{"rendered":"https:\/\/globalsourcechemicals.com\/?page_id=25980"},"modified":"2025-10-13T07:55:12","modified_gmt":"2025-10-13T07:55:12","slug":"pedidos-y-entregas","status":"publish","type":"page","link":"https:\/\/globalsourcechemicals.com\/es\/pedidos-y-entregas\/","title":{"rendered":"Pedidos y entregas"},"content":{"rendered":"<p><strong>Informaci\u00f3n del pedido<\/strong><br>Tras realizar un pedido a trav\u00e9s de nuestra p\u00e1gina web, recibir\u00e1 inmediatamente un correo electr\u00f3nico de confirmaci\u00f3n. Este podr\u00eda acabar en su carpeta de correo no deseado, as\u00ed que rev\u00edselo si no lo ve. El correo electr\u00f3nico de confirmaci\u00f3n contiene su n\u00famero de pedido, que puede utilizar para seguir el estado de su pedido. Una vez enviado, recibir\u00e1 un n\u00famero de seguimiento por correo electr\u00f3nico. Tenga en cuenta que este proceso puede tardar un poco m\u00e1s los fines de semana. Si no ha recibido el n\u00famero de seguimiento despu\u00e9s de un d\u00eda h\u00e1bil, p\u00f3ngase en contacto con nuestro servicio de atenci\u00f3n al cliente por WhatsApp al +31620245658.<\/p>\n\n\n\n<p><strong>M\u00e9todos de env\u00edo<\/strong><br>Ofrecemos varias opciones de env\u00edo, incluido correo de paquetes y correo en buz\u00f3n.<\/p>\n\n\n\n<p><strong>Paquete postal<\/strong><\/p>\n\n\n\n<ol class=\"wp-block-list\">\n<li>Sin deducible: globalsourcechemicals.com es responsable si su paquete no se entrega de acuerdo con el seguimiento y rastreo.<\/li>\n\n\n\n<li>Entrega en un punto de recogida: Puedes elegir que tu pedido sea entregado en un punto de recogida.<\/li>\n\n\n\n<li>Seguimiento y localizaci\u00f3n: siempre disponible.<\/li>\n\n\n\n<li>Entrega los lunes: Los paquetes postales tambi\u00e9n se entregan los lunes.<\/li>\n\n\n\n<li>Los pedidos realizados antes de las 19:30 horas se enviar\u00e1n el mismo d\u00eda laborable.<\/li>\n<\/ol>\n\n\n\n<p>Tenga en cuenta: debe estar en casa para recibir su env\u00edo. Si no est\u00e1s en casa, puedes recoger tu paquete en el punto de recogida m\u00e1s cercano. Garantizamos la entrega en el punto de recogida; Despu\u00e9s de esto, usted ser\u00e1 responsable de recoger su pedido usted mismo.<\/p>\n\n\n\n<p><strong>Correo en el buz\u00f3n<\/strong><\/p>\n\n\n\n<ol class=\"wp-block-list\">\n<li>Bajo su propio riesgo: globalsourcechemicals.com no se hace responsable de ning\u00fan problema con el correo del buz\u00f3n.<\/li>\n\n\n\n<li>No hay opci\u00f3n de puntos de recogida.<\/li>\n\n\n\n<li>Seguimiento y rastreo limitado: el primer escaneo siempre se realiza correctamente, por lo que puede estar seguro de que hemos enviado la carta.<\/li>\n\n\n\n<li>No se realizan entregas los domingos y lunes.<\/li>\n\n\n\n<li>Los pedidos realizados antes de las 5 p. m. se enviar\u00e1n el mismo d\u00eda h\u00e1bil.<\/li>\n<\/ol>\n\n\n\n<p>Ventaja: No tienes que estar en casa para recibir tu env\u00edo.<\/p>\n\n\n\n<p><strong>Informaci\u00f3n de env\u00edo<\/strong><\/p>\n\n\n\n<ul class=\"wp-block-list\">\n<li><strong>Paquete postal:<\/strong>&nbsp;Los pedidos mediante paquete postal se env\u00edan todos los d\u00edas laborables a las 19:30 horas.<\/li>\n\n\n\n<li><strong>Correo postal:<\/strong>&nbsp;Los pedidos enviados mediante correo postal se env\u00edan todos los d\u00edas laborables a las 17:00 h.<\/li>\n<\/ul>\n\n\n\n<p><strong>Precios<\/strong><\/p>\n\n\n\n<ul class=\"wp-block-list\">\n<li>Env\u00edo por paquete postal: 6,95 \u20ac<\/li>\n\n\n\n<li>Entrega por correo postal: 3,95 \u20ac<\/li>\n<\/ul>\n\n\n\n<p><strong>Embalaje discreto<\/strong><br>Todos los pedidos se empaquetan discretamente. La \u00fanica informaci\u00f3n en el exterior es su direcci\u00f3n y nuestra direcci\u00f3n de devoluci\u00f3n. La direcci\u00f3n de devoluci\u00f3n es un apartado de correos (disponible en atenci\u00f3n al cliente), no el logotipo de globalsourcechemicals.com.<br><\/p>\n\n\n\n<p><strong>Solo enviamos pedidos a los siguientes pa\u00edses:<br><em>(solo continente, no islas)<\/em><\/strong><\/p>\n\n\n\n<ul class=\"wp-block-list\">\n<li>Pa\u00edses Bajos<\/li>\n\n\n\n<li>B\u00e9lgica<\/li>\n\n\n\n<li>Bulgaria<\/li>\n\n\n\n<li>Estonia<\/li>\n\n\n\n<li>Francia<\/li>\n\n\n\n<li>Grecia<\/li>\n\n\n\n<li>Hungr\u00eda<\/li>\n\n\n\n<li>Irlanda<\/li>\n\n\n\n<li>Italia<\/li>\n\n\n\n<li>Croacia<\/li>\n\n\n\n<li>Letonia<\/li>\n\n\n\n<li>Lituania<\/li>\n\n\n\n<li>Luxemburgo<\/li>\n\n\n\n<li>Austria<\/li>\n\n\n\n<li>Polonia<\/li>\n\n\n\n<li>Portugal<\/li>\n\n\n\n<li>Rumania<\/li>\n\n\n\n<li>Eslovenia<\/li>\n\n\n\n<li>Eslovaquia<\/li>\n\n\n\n<li>Rep\u00fablica Checa<\/li>\n\n\n\n<li>Porcelana<\/li>\n\n\n\n<li>Dinamarca<\/li>\n\n\n\n<li>Alemania&nbsp;<em>(Pr\u00f3ximamente se aprobar\u00e1: 1D-LSD \/ NB-5-MeO-DALT Oxalato \/ NB-5-MeO-MiPT Oxalato)<\/em><\/li>\n\n\n\n<li>Finlandia<\/li>\n\n\n\n<li>Gran Breta\u00f1a<\/li>\n\n\n\n<li>Noruega<\/li>\n\n\n\n<li>Espa\u00f1a<\/li>\n\n\n\n<li>Estados Unidos<\/li>\n\n\n\n<li>Corea del Sur<\/li>\n\n\n\n<li>Suecia<\/li>\n\n\n\n<li>Suiza<\/li>\n<\/ul>\n\n\n\n<p><strong>Descargo de responsabilidad<\/strong><\/p>\n\n\n\n<p>Como cliente de globalsourcechemicals.com, usted es responsable de proporcionar una direcci\u00f3n de env\u00edo correcta dentro de los pa\u00edses permitidos. Tambi\u00e9n es responsable de verificar en su pa\u00eds si el producto que solicita est\u00e1 permitido.<\/p>\n\n\n\n<p><strong>Devoluciones<\/strong><br>Puede utilizar el apartado postal que colocamos en cada env\u00edo para devolver su(s) producto(s) si es necesario. Dentro de las 2 semanas posteriores a la recepci\u00f3n, puede devolver los productos sin abrir para obtener un reembolso completo o un cambio.<\/p>\n\n\n\n<p><strong>Embalaje<\/strong><br>Empaquetamos los productos en bolsas con diferentes colores y contenidos:<\/p>\n\n\n\n<ul class=\"wp-block-list\">\n<li>Bolsa de plata: 1 art\u00edculo<\/li>\n\n\n\n<li>Bolsa de oro: 2 art\u00edculos<\/li>\n\n\n\n<li>Bolsa morada: 5 art\u00edculos<\/li>\n\n\n\n<li>Bolsa azul: 10 art\u00edculos<\/li>\n\n\n\n<li>Bolsa negra: 25 art\u00edculos<\/li>\n<\/ul>\n\n\n\n<p><strong>M\u00e9todos de pago<\/strong><br>Actualmente hay un problema con iDEAL, pero a\u00fan puedes pagar mediante transferencia bancaria. Transfiera el importe de la compra a nuestra cuenta e indique los primeros d\u00edgitos de su n\u00famero de pedido como descripci\u00f3n.<\/p>","protected":false},"excerpt":{"rendered":"<p>Informaci\u00f3n del pedidoDespu\u00e9s de realizar un pedido a trav\u00e9s de nuestro sitio web, recibir\u00e1 inmediatamente un correo electr\u00f3nico de confirmaci\u00f3n. Esto puede estar en tu carpeta de correo no deseado.<\/p>","protected":false},"author":1,"featured_media":0,"parent":0,"menu_order":0,"comment_status":"closed","ping_status":"closed","template":"","meta":{"footnotes":""},"class_list":["post-25980","page","type-page","status-publish","hentry"],"_links":{"self":[{"href":"https:\/\/globalsourcechemicals.com\/es\/wp-json\/wp\/v2\/pages\/25980","targetHints":{"allow":["GET"]}}],"collection":[{"href":"https:\/\/globalsourcechemicals.com\/es\/wp-json\/wp\/v2\/pages"}],"about":[{"href":"https:\/\/globalsourcechemicals.com\/es\/wp-json\/wp\/v2\/types\/page"}],"author":[{"embeddable":true,"href":"https:\/\/globalsourcechemicals.com\/es\/wp-json\/wp\/v2\/users\/1"}],"replies":[{"embeddable":true,"href":"https:\/\/globalsourcechemicals.com\/es\/wp-json\/wp\/v2\/comments?post=25980"}],"version-history":[{"count":2,"href":"https:\/\/globalsourcechemicals.com\/es\/wp-json\/wp\/v2\/pages\/25980\/revisions"}],"predecessor-version":[{"id":28542,"href":"https:\/\/globalsourcechemicals.com\/es\/wp-json\/wp\/v2\/pages\/25980\/revisions\/28542"}],"wp:attachment":[{"href":"https:\/\/globalsourcechemicals.com\/es\/wp-json\/wp\/v2\/media?parent=25980"}],"curies":[{"name":"gracias","href":"https:\/\/api.w.org\/{rel}","templated":true}]}}