{"id":26119,"date":"2025-05-01T01:31:17","date_gmt":"2025-05-01T01:31:17","guid":{"rendered":"https:\/\/globalsourcechemicals.com\/?post_type=product&#038;p=26119"},"modified":"2025-05-01T01:50:54","modified_gmt":"2025-05-01T01:50:54","slug":"iboga-wurzelrinde","status":"publish","type":"product","link":"https:\/\/globalsourcechemicals.com\/de_at\/geschaft\/iboga-ibogain\/iboga-wurzelrinde\/","title":{"rendered":"Iboga-Wurzelrinde"},"content":{"rendered":"<h2>Iboga Wurzelrinde kaufen<\/h2>\n<p>Iboga-Wurzelrinde: Unsere zum Verkauf stehende Iboga-Wurzelrinde kann direkt durch Einnahme verzehrt oder vor dem Verzehr zu Iboga-Wurzelrindenpulver gemahlen werden, das in Kapseln eingeschlossen und geschluckt werden kann, um den bitteren Geschmack zu vermeiden.<\/p>\n<p>Eine gro\u00dfe Dosis Iboga-Wurzelrinde wird als \u00dcbergangsritus konsumiert, kleinere Mengen werden traditionell von den Bwiti f\u00fcr Heilungszeremonien und die Jagd verwendet. Kleine Dosen von etwa 5 Gramm Iboga-Wurzelrinde wirken stimulierend und aphrodisierend, w\u00e4hrend gro\u00dfe Dosen von etwa 10 bis 25 Gramm zur spirituellen Erkundung, psychotherapeutischen Heilung, schnellen k\u00f6rperlichen Entgiftung und Suchtheilung eingesetzt werden k\u00f6nnen.<\/p>\n<p>Auch bei der Behandlung einer Reihe anderer Erkrankungen, darunter der Parkinson-Krankheit, wurden vielversprechende Ergebnisse erzielt. Viele Iboga-Behandlungszentren haben festgestellt, dass f\u00fcr eine umfassende Wirkung zu viel Iboga-Wurzelrinde eingenommen werden muss.<\/p>\n<div class=\"elementor-element elementor-element-2342a3b elementor-widget elementor-widget-jws_widget_heading\" data-id=\"2342a3b\" data-element_type=\"widget\" data-widget_type=\"jws_widget_heading.default\">\n<div class=\"elementor-widget-container\">\n<div class=\"title-wrapper center\">\n<h2 class=\"title\">Was Sie noch wissen sollten<\/h2>\n<\/div>\n<\/div>\n<\/div>\n<div class=\"elementor-element elementor-element-dd111fd elementor-widget__width-initial elementor-widget elementor-widget-text-editor\" data-id=\"dd111fd\" data-element_type=\"widget\" data-widget_type=\"text-editor.default\">\n<div class=\"elementor-widget-container\">\n<p>Der Verzehr einer so gro\u00dfen Menge Pflanzenrinde kann recht schwierig sein. Bei der Bwiti-Initiationszeremonie wurden w\u00e4hrend der gesamten Zeremonie Dosen von bis zu 100 Gramm Iboga-Wurzelrinde konsumiert. Dies ist die maximal eingehaltene Dosis, und verschiedene Anbieter von Iboga-Wurzelrinden haben unterschiedliche Philosophien zur genauen Dosierung. Eine typische therapeutische Dosis unserer Iboga-Wurzelrinde liegt je nach Person und Behandlungsziel zwischen 5 und 100 Gramm. Der Verzehr einer gro\u00dfen Menge faserigen Pflanzenmaterials wie unseres Iboga kann jedoch \u00dcbelkeit verursachen. Iboga-Wurzelrinde verbleibt lange im K\u00f6rper und ben\u00f6tigt manchmal 72 Stunden bis zu einer Woche, um vollst\u00e4ndig ausgeschieden zu werden.<a href=\"https:\/\/globalsourcechemicals.com\/de_at\/geschaft\/phenethylamin\/2c-ef-2mg-kapseln\/\">2C-EF 2 mg Kapseln<\/a><a href=\"https:\/\/globalsourcechemicals.com\/de_at\/geschaft\/cathinone\/2-cmc-kaufen\/\">2-CMC 250 mg Pellets<\/a><a href=\"https:\/\/globalsourcechemicals.com\/de_at\/geschaft\/lysergamide\/1v-lsd-150-mcg-blotters\/\">1V-LSD 150 MCG Blotter<\/a><a href=\"https:\/\/globalsourcechemicals.com\/de_at\/geschaft\/pellets\/o-dsmt-50-mg-pellets\/\">O-DSMT 50 mg Pellets<\/a><a href=\"https:\/\/globalsourcechemicals.com\/de_at\/geschaft\/lysergamide\/1cp-lsd-150-mcg\/\">1cP-LSD 150 MCG Art Blotters<\/a><\/p>\n<\/div>\n<\/div>","protected":false},"excerpt":{"rendered":"<p>Kaufen Sie Iboga Wurzelrinde Iboga Wurzelrinde, Unsere Iboga Wurzelrinde zum Verkauf kann direkt durch Einnahme oder<\/p>","protected":false},"featured_media":26145,"comment_status":"closed","ping_status":"closed","template":"","meta":[],"product_brand":[],"product_cat":[908],"product_tag":[914],"class_list":{"0":"post-26119","1":"product","2":"type-product","3":"status-publish","4":"has-post-thumbnail","6":"product_cat-iboga-ibogaine","7":"product_tag-iboga-root-bark","9":"first","10":"instock","11":"taxable","12":"shipping-taxable","13":"purchasable","14":"product-type-variable"},"_links":{"self":[{"href":"https:\/\/globalsourcechemicals.com\/de_at\/wp-json\/wp\/v2\/product\/26119","targetHints":{"allow":["GET"]}}],"collection":[{"href":"https:\/\/globalsourcechemicals.com\/de_at\/wp-json\/wp\/v2\/product"}],"about":[{"href":"https:\/\/globalsourcechemicals.com\/de_at\/wp-json\/wp\/v2\/types\/product"}],"replies":[{"embeddable":true,"href":"https:\/\/globalsourcechemicals.com\/de_at\/wp-json\/wp\/v2\/comments?post=26119"}],"version-history":[{"count":3,"href":"https:\/\/globalsourcechemicals.com\/de_at\/wp-json\/wp\/v2\/product\/26119\/revisions"}],"predecessor-version":[{"id":26159,"href":"https:\/\/globalsourcechemicals.com\/de_at\/wp-json\/wp\/v2\/product\/26119\/revisions\/26159"}],"wp:featuredmedia":[{"embeddable":true,"href":"https:\/\/globalsourcechemicals.com\/de_at\/wp-json\/wp\/v2\/media\/26145"}],"wp:attachment":[{"href":"https:\/\/globalsourcechemicals.com\/de_at\/wp-json\/wp\/v2\/media?parent=26119"}],"wp:term":[{"taxonomy":"product_brand","embeddable":true,"href":"https:\/\/globalsourcechemicals.com\/de_at\/wp-json\/wp\/v2\/product_brand?post=26119"},{"taxonomy":"product_cat","embeddable":true,"href":"https:\/\/globalsourcechemicals.com\/de_at\/wp-json\/wp\/v2\/product_cat?post=26119"},{"taxonomy":"product_tag","embeddable":true,"href":"https:\/\/globalsourcechemicals.com\/de_at\/wp-json\/wp\/v2\/product_tag?post=26119"}],"curies":[{"name":"wp","href":"https:\/\/api.w.org\/{rel}","templated":true}]}}