{"id":26112,"date":"2025-05-01T01:20:16","date_gmt":"2025-05-01T01:20:16","guid":{"rendered":"https:\/\/globalsourcechemicals.com\/?post_type=product&#038;p=26112"},"modified":"2025-10-02T15:01:30","modified_gmt":"2025-10-02T15:01:30","slug":"caluanie-muelear-oxidieren","status":"publish","type":"product","link":"https:\/\/globalsourcechemicals.com\/de_at\/geschaft\/okategoriserad\/caluanie-muelear-oxidieren\/","title":{"rendered":"Caluanie Muelear Oxidieren"},"content":{"rendered":"<p class=\"\" data-start=\"268\" data-end=\"544\"><strong data-start=\"268\" data-end=\"296\">Caluanie Muelear Oxidieren<\/strong> ist ein m\u00e4chtiger <strong data-start=\"314\" data-end=\"337\">chemische Reagenzien<\/strong> der vor allem f\u00fcr seine F\u00e4higkeit bekannt ist, <strong data-start=\"382\" data-end=\"427\">zum Zerlegen von starken Metallen und Materialien<\/strong>Es wird h\u00e4ufig verwendet in der <strong data-start=\"459\" data-end=\"541\">Industriesektor, Metallurgie, Laborforschung und Bergbauanwendungen<\/strong>. Caluanie Muelear Oxidize, Caluanie Muelear Oxidize Preis in den USA, Caluanie Muelear Oxidize USA, Caluanie Muelear Oxidize Preis, Caluanie Muelear Oxidize Hersteller in den USA, Caluanie Muelear Oxidize zu verkaufen<\/p>\n<p class=\"\" data-start=\"546\" data-end=\"822\">Diese hochviskose, bernsteinfarbene Fl\u00fcssigkeit ist bekannt f\u00fcr ihre tiefe <strong data-start=\"644\" data-end=\"672\">oxidative Eigenschaften<\/strong>Aufgrund seiner einzigartigen chemischen Zusammensetzung kann Caluanie molekulare Bindungen in harten Materialien angreifen und diese weicher oder spr\u00f6de machen.<a href=\"https:\/\/globalsourcechemicals.com\/de_at\/geschaft\/top-10-research-chemicals\/3-cmc-hcl\/\">3-CMC HCl Beutel 1g<\/a><\/p>\n<hr class=\"\" data-start=\"824\" data-end=\"827\" \/>\n<h2 class=\"\" data-start=\"829\" data-end=\"862\">\u2699\ufe0f Hauptfunktionen<\/h2>\n<ul data-start=\"864\" data-end=\"1189\">\n<li class=\"\" data-start=\"864\" data-end=\"918\">\n<p class=\"\" data-start=\"866\" data-end=\"918\"><strong data-start=\"866\" data-end=\"885\">Chemische Form:<\/strong> Dicke, bernsteinfarbene Fl\u00fcssigkeit<\/p>\n<\/li>\n<li class=\"\" data-start=\"919\" data-end=\"1018\">\n<p class=\"\" data-start=\"921\" data-end=\"1018\"><strong data-start=\"921\" data-end=\"943\">Hauptanwendungen:<\/strong> Metallverarbeitung, Materialabbruch, Bergbau, wissenschaftliche Forschung<\/p>\n<\/li>\n<li class=\"\" data-start=\"1019\" data-end=\"1071\">\n<p class=\"\" data-start=\"1021\" data-end=\"1071\"><strong data-start=\"1021\" data-end=\"1038\">Reaktivit\u00e4t:<\/strong> Sehr starkes Oxidationsmittel<\/p>\n<\/li>\n<li class=\"\" data-start=\"1072\" data-end=\"1129\">\n<p class=\"\" data-start=\"1074\" data-end=\"1129\"><strong data-start=\"1074\" data-end=\"1085\">Gefahr:<\/strong> Bei unsachgem\u00e4\u00dfer Anwendung \u00e4tzend und gesundheitssch\u00e4dlich.<\/p>\n<\/li>\n<li class=\"\" data-start=\"1130\" data-end=\"1189\">\n<p class=\"\" data-start=\"1132\" data-end=\"1189\"><strong data-start=\"1132\" data-end=\"1147\">Verpackung:<\/strong> Luftdicht und auslaufsicher, sicher f\u00fcr den Transport, <a href=\"https:\/\/globalsourcechemicals.com\/de_at\/geschaft\/waage\/digitale-bio-miniwaage\/\">Digitale Bio-Miniwaage \u2013 20 g x 0,001 g<\/a><\/p>\n<\/li>\n<\/ul>\n<hr class=\"\" data-start=\"1191\" data-end=\"1194\" \/>\n<h2 class=\"\" data-start=\"1196\" data-end=\"1243\">\ud83d\udcbc Anwendungen von Caluanie Muelear Oxidize<\/h2>\n<h3 class=\"\" data-start=\"1245\" data-end=\"1287\">1. <strong data-start=\"1252\" data-end=\"1285\">Metallverarbeitung und Recycling<\/strong><\/h3>\n<p class=\"\" data-start=\"1288\" data-end=\"1468\">Caluanie wird zum Entfernen von Hartmetallen wie Eisen und Stahl verwendet <strong data-start=\"1349\" data-end=\"1386\">erweichen oder schw\u00e4chen<\/strong>, was den Verarbeitungsprozess ohne schweres Ger\u00e4t deutlich erleichtert. <a href=\"https:\/\/globalsourcechemicals.com\/de_at\/geschaft\/top-10-research-chemicals\/pyrazolam-wirkung\/\">Pyrazolam 2,5 mg Pellets<\/a><\/p>\n<h3 class=\"\" data-start=\"1470\" data-end=\"1514\">2. <strong data-start=\"1477\" data-end=\"1512\">Bergbau und Edelmetallgewinnung<\/strong><\/h3>\n<p class=\"\" data-start=\"1515\" data-end=\"1665\">In kleinen Bergbaubetrieben wird Caluanie verwendet, um <strong data-start=\"1570\" data-end=\"1593\">Erze abbauen<\/strong> und wertvolle Metalle wie Gold oder Platin effizienter zu gewinnen.<\/p>\n<h3 class=\"\" data-start=\"1667\" data-end=\"1701\">3. <strong data-start=\"1674\" data-end=\"1699\">Laborforschung<\/strong><\/h3>\n<p class=\"\" data-start=\"1702\" data-end=\"1834\">In Forschungseinrichtungen wird es verwendet f\u00fcr <strong data-start=\"1752\" data-end=\"1779\">Materialabbautests<\/strong> Und <strong data-start=\"1783\" data-end=\"1802\">Oxidationsstudien<\/strong> in Chemie und Materialwissenschaften.<\/p>\n<h3 class=\"\" data-start=\"1836\" data-end=\"1872\">4. <strong data-start=\"1843\" data-end=\"1870\">Lack- und Harzverarbeitung<\/strong><\/h3>\n<p class=\"\" data-start=\"1873\" data-end=\"2033\">In niedrigeren Konzentrationen kann Caluanie verwendet werden f\u00fcr <strong data-start=\"1935\" data-end=\"1975\">Entfernen von Industriebeschichtungen<\/strong>, Harzschichten oder Polymere in speziellen Anwendungen.<\/p>\n<hr class=\"\" data-start=\"2035\" data-end=\"2038\" \/>\n<h2 class=\"\" data-start=\"2040\" data-end=\"2068\">\u26a0\ufe0f Sicherheitsma\u00dfnahmen<\/h2>\n<p class=\"\" data-start=\"2070\" data-end=\"2185\">Caluanie Muelear Oxidize ist ein <strong data-start=\"2102\" data-end=\"2132\">\u00e4tzende und reaktive Substanz<\/strong>. Die Verwendung erfordert strenge Sicherheitsprotokolle:<\/p>\n<ul data-start=\"2187\" data-end=\"2535\">\n<li class=\"\" data-start=\"2187\" data-end=\"2261\">\n<p class=\"\" data-start=\"2189\" data-end=\"2261\">Tragen Sie immer <strong data-start=\"2202\" data-end=\"2259\">Handschuhe, Schutzbrille und Schutzkleidung<\/strong><\/p>\n<\/li>\n<li class=\"\" data-start=\"2262\" data-end=\"2334\">\n<p class=\"\" data-start=\"2264\" data-end=\"2334\">Nur in gut bel\u00fcfteten Bereichen oder unter einem Abzug verwenden.<\/p>\n<\/li>\n<li class=\"\" data-start=\"2335\" data-end=\"2397\">\n<p class=\"\" data-start=\"2337\" data-end=\"2397\">Nicht mit anderen Chemikalien mischen, es sei denn, dies wurde ausdr\u00fccklich getestet.<\/p>\n<\/li>\n<li class=\"\" data-start=\"2398\" data-end=\"2454\">\n<p class=\"\" data-start=\"2400\" data-end=\"2454\">Au\u00dferhalb der Reichweite von Kindern und unbefugten Personen aufbewahren.<\/p>\n<\/li>\n<li class=\"\" data-start=\"2455\" data-end=\"2535\">\n<p class=\"\" data-start=\"2457\" data-end=\"2535\">K\u00fchl, trocken und sicher in einer chemikalienbest\u00e4ndigen Verpackung lagern. <a href=\"https:\/\/globalsourcechemicals.com\/de_at\/geschaft\/waage\/digitale-tank-miniwaage\/\">Digitale Tank-Miniwaage \u2013 20 g x 0,001 g<\/a><\/p>\n<\/li>\n<\/ul>\n<hr class=\"\" data-start=\"2537\" data-end=\"2540\" \/>\n<h2 class=\"\" data-start=\"2542\" data-end=\"2601\">\u2705 Warum Caluanie von einem zuverl\u00e4ssigen Lieferanten kaufen?<\/h2>\n<p class=\"\" data-start=\"2603\" data-end=\"2729\">Wenn Sie suchen <strong data-start=\"2628\" data-end=\"2671\">reine, industrielle Qualit\u00e4t Caluanie<\/strong>, dann ist es entscheidend, bei einem Lieferanten zu kaufen, der:<\/p>\n<ul data-start=\"2731\" data-end=\"2973\">\n<li class=\"\" data-start=\"2731\" data-end=\"2793\">\n<p class=\"\" data-start=\"2733\" data-end=\"2793\"><strong data-start=\"2733\" data-end=\"2755\">Labortests<\/strong> und bietet Reinheitszertifikate<\/p>\n<\/li>\n<li class=\"\" data-start=\"2794\" data-end=\"2843\">\n<p class=\"\" data-start=\"2796\" data-end=\"2843\"><strong data-start=\"2796\" data-end=\"2830\">Sichere und diskrete Verpackung<\/strong> Garantien<\/p>\n<\/li>\n<li class=\"\" data-start=\"2844\" data-end=\"2908\">\n<p class=\"\" data-start=\"2846\" data-end=\"2908\"><strong data-start=\"2846\" data-end=\"2877\">Schneller und versicherter Transport<\/strong> innerhalb Europas m\u00f6glich<\/p>\n<\/li>\n<li class=\"\" data-start=\"2909\" data-end=\"2973\">\n<p class=\"\" data-start=\"2911\" data-end=\"2973\"><strong data-start=\"2911\" data-end=\"2939\">Technische Unterst\u00fctzung<\/strong> Angebote im Einsatz und Anwendungen<\/p>\n<\/li>\n<\/ul>\n<hr class=\"\" data-start=\"2975\" data-end=\"2978\" \/>\n<h2 class=\"\" data-start=\"2980\" data-end=\"2995\">\ud83d\udd1a Fazit<\/h2>\n<p class=\"\" data-start=\"2997\" data-end=\"3265\"><strong data-start=\"2997\" data-end=\"3025\">Caluanie Muelear Oxidieren<\/strong> ist eine einzigartige und leistungsstarke Fl\u00fcssigkeit mit einem breiten Spektrum an industriellen und wissenschaftlichen Anwendungen. Bei richtiger und verantwortungsvoller Anwendung kann es die Effizienz der Materialhandhabung und Metallbearbeitung deutlich steigern.<\/p>\n<p class=\"\" data-start=\"3267\" data-end=\"3398\">F\u00fcr Profis in <strong data-start=\"3289\" data-end=\"3322\">Chemie, Bergbau oder Recycling<\/strong> ist Caluanie ein wertvolles Werkzeug im Forschungs- oder Produktionsprozess. <a href=\"https:\/\/globalsourcechemicals.com\/de_at\/geschaft\/waage\/digitale-cs-skala\/\">Digitale CS-Waage \u2013 100 g x 0,01 g<\/a><\/p>","protected":false},"excerpt":{"rendered":"<p>Caluanie Muelear Oxidize ist ein starkes chemisches Reagenz, das vor allem f\u00fcr seine F\u00e4higkeit bekannt ist, starke Metalle und Materialien zu oxidieren.<\/p>","protected":false},"featured_media":27854,"comment_status":"open","ping_status":"closed","template":"","meta":[],"product_brand":[],"product_cat":[1085],"product_tag":[905,897,904,902,903,901,906,900,907,898,899],"class_list":{"0":"post-26112","1":"product","2":"type-product","3":"status-publish","4":"has-post-thumbnail","6":"product_cat-okategoriserad","7":"product_tag-buy-caluanie-muelear-oxidize-online","8":"product_tag-caluanie-muelear-oxidize","9":"product_tag-caluanie-muelear-oxidize-deutschland","10":"product_tag-caluanie-muelear-oxidize-for-sale","11":"product_tag-caluanie-muelear-oxidize-kaufen","12":"product_tag-caluanie-muelear-oxidize-manufacturer-in-usa","13":"product_tag-caluanie-muelear-oxidize-pasteurize","14":"product_tag-caluanie-muelear-oxidize-price","15":"product_tag-caluanie-muelear-oxidize-price-in-india","16":"product_tag-caluanie-muelear-oxidize-price-in-usa","17":"product_tag-caluanie-muelear-oxidize-usa","19":"first","20":"instock","21":"taxable","22":"shipping-taxable","23":"purchasable","24":"product-type-simple"},"_links":{"self":[{"href":"https:\/\/globalsourcechemicals.com\/de_at\/wp-json\/wp\/v2\/product\/26112","targetHints":{"allow":["GET"]}}],"collection":[{"href":"https:\/\/globalsourcechemicals.com\/de_at\/wp-json\/wp\/v2\/product"}],"about":[{"href":"https:\/\/globalsourcechemicals.com\/de_at\/wp-json\/wp\/v2\/types\/product"}],"replies":[{"embeddable":true,"href":"https:\/\/globalsourcechemicals.com\/de_at\/wp-json\/wp\/v2\/comments?post=26112"}],"version-history":[{"count":2,"href":"https:\/\/globalsourcechemicals.com\/de_at\/wp-json\/wp\/v2\/product\/26112\/revisions"}],"predecessor-version":[{"id":26116,"href":"https:\/\/globalsourcechemicals.com\/de_at\/wp-json\/wp\/v2\/product\/26112\/revisions\/26116"}],"wp:featuredmedia":[{"embeddable":true,"href":"https:\/\/globalsourcechemicals.com\/de_at\/wp-json\/wp\/v2\/media\/27854"}],"wp:attachment":[{"href":"https:\/\/globalsourcechemicals.com\/de_at\/wp-json\/wp\/v2\/media?parent=26112"}],"wp:term":[{"taxonomy":"product_brand","embeddable":true,"href":"https:\/\/globalsourcechemicals.com\/de_at\/wp-json\/wp\/v2\/product_brand?post=26112"},{"taxonomy":"product_cat","embeddable":true,"href":"https:\/\/globalsourcechemicals.com\/de_at\/wp-json\/wp\/v2\/product_cat?post=26112"},{"taxonomy":"product_tag","embeddable":true,"href":"https:\/\/globalsourcechemicals.com\/de_at\/wp-json\/wp\/v2\/product_tag?post=26112"}],"curies":[{"name":"wp","href":"https:\/\/api.w.org\/{rel}","templated":true}]}}