{"id":24912,"date":"2025-04-13T17:43:41","date_gmt":"2025-04-13T17:43:41","guid":{"rendered":"https:\/\/globalsourcechemicals.com\/?post_type=product&#038;p=24912"},"modified":"2025-10-02T15:08:01","modified_gmt":"2025-10-02T15:08:01","slug":"cbd-pellets-25-mg","status":"publish","type":"product","link":"https:\/\/globalsourcechemicals.com\/de_at\/geschaft\/cbd\/cbd-pellets-25-mg\/","title":{"rendered":"CBD 25 mg Pellets"},"content":{"rendered":"<h2>CBD-Pellets 25 mg<\/h2>\n<p>Bei CBD-Pellets handelt es sich um eine Substanz, die ausschlie\u00dflich zu Forschungszwecken verkauft wird und daher nicht zum Verzehr bestimmt ist.<\/p>\n<p>CBD beh\u00e4lt seine Stabilit\u00e4t bis zu 2 Jahre bei Lagerung <a href=\"http:\/\/google.nl\" target=\"_blank\" rel=\"noopener\">In<\/a> In der richtigen Umgebung lagern. CBD ist f\u00fcr Forschungszwecke und nicht zum Verzehr bestimmt. Daher ist es wichtig, das Produkt au\u00dferhalb der Reichweite von Kindern und Haustieren aufzubewahren.<a title=\"1cP-LSD 150 MCG Art Blotters\" href=\"https:\/\/globalsourcechemicals.com\/de_at\/geschaft\/lysergamide\/1cp-lsd-150-mcg\/\" target=\"_blank\" rel=\"noopener\">1cP-LSD 150 MCG Art Blotters<\/a><\/p>\n<p>Wir bieten hochwertige Forschungschemikalien zu fairen Preisen. Ihre Bestellung wird t\u00e4glich innerhalb von 24 Stunden versendet. Jetzt bestellen! <em>CBD<\/em> sicher und schnell \u00fcber p.<a title=\"O-DSMT 50 mg Pellets\" href=\"https:\/\/globalsourcechemicals.com\/de_at\/geschaft\/pellets\/o-dsmt-50-mg-pellets\/\" target=\"_blank\" rel=\"noopener\">O-DSMT 50 mg Pellets<\/a><\/p>\n<h3>CBD-Eigenschaften<\/h3>\n<p><strong>Synonym:<\/strong> Cannabidiol<br \/>\n<strong>CAS-Nummer:<\/strong> nicht zutreffend<br \/>\n<strong>Formel:<\/strong> C<sub>21<\/sub>H<sub>30<\/sub>O<sub>2<\/sub><br \/>\n<strong>Molmasse:<\/strong> nicht zutreffend<br \/>\n<strong>Reinheit:<\/strong> &gt;98%<\/p>\n<h3>Gefahrenhinweis<\/h3>\n<p>CBD kann Atemwegsreizungen verursachen<br \/>\nCBD kann Augenreizungen verursachen.<br \/>\nDas Einleiten von Forschungschemikalien in die Umwelt ist verboten.<a title=\"2C-EF 2 mg Kapseln\" href=\"https:\/\/globalsourcechemicals.com\/de_at\/geschaft\/phenethylamin\/2c-ef-2mg-kapseln\/\" target=\"_blank\" rel=\"noopener\">2C-EF 2 mg Kapseln<\/a><\/p>\n<p>BEI CBD-KONTAMINATIONEN IN DEN AUGEN: Sp\u00fclen Sie die Augen f\u00fcnf Minuten lang vorsichtig mit Wasser aus. Entfernen Sie nach M\u00f6glichkeit Kontaktlinsen.<\/p>\n<p>CBD BEI KONTAKT MIT DER HAUT: Haut mit Wasser und Seife waschen.<a title=\"1V-LSD 150 MCG Blotter\" href=\"https:\/\/globalsourcechemicals.com\/de_at\/geschaft\/lysergamide\/1v-lsd-150-mcg-blotters\/\" target=\"_blank\" rel=\"noopener\">1V-LSD 150 MCG Blotter<\/a><\/p>\n<p>BEI INHATMEN VON CBD: Bringen Sie das Opfer an die frische Luft und bringen Sie es in eine Position, die das Atmen erleichtert.<a title=\"2-CMC 250 mg Pellets\" href=\"https:\/\/globalsourcechemicals.com\/de_at\/geschaft\/cathinone\/2-cmc-kaufen\/\" target=\"_blank\" rel=\"noopener\">2-CMC 250 mg Pellets<\/a><\/p>","protected":false},"excerpt":{"rendered":"<h3>CBD-Eigenschaften<\/h3>\n<p><strong>Synonym:<\/strong> Cannabidiol<br \/>\n<strong>CAS-Nummer:<\/strong> nicht zutreffend<br \/>\n<strong>Formel:<\/strong> C<sub>21<\/sub>H<sub>30<\/sub>O<sub>2<\/sub><br \/>\n<strong>Molmasse:<\/strong> nicht zutreffend<br \/>\n<strong>Reinheit:<\/strong> &gt;98%<\/p>","protected":false},"featured_media":27855,"comment_status":"closed","ping_status":"closed","template":"","meta":[],"product_brand":[82],"product_cat":[422,423,336,324],"product_tag":[735,736,737,732,733,734,326],"class_list":{"0":"post-24912","1":"product","2":"type-product","3":"status-publish","4":"has-post-thumbnail","6":"product_brand-research-chemical","7":"product_cat-cbd","8":"product_cat-cbd-pellets","9":"product_cat-overig","10":"product_cat-pellets-for-pellet","11":"product_tag-benefits-of-cbd-pellets-for-horses","12":"product_tag-best-cbd-pellets-for-horses","13":"product_tag-can-your-horse-test-positive-using-cbd-pellets","14":"product_tag-cbd-pellets","15":"product_tag-cbd-pellets-ervaringen","16":"product_tag-cbd-pellets-for-horses","17":"product_tag-nl","19":"first","20":"instock","21":"taxable","22":"shipping-taxable","23":"purchasable","24":"product-type-variable"},"_links":{"self":[{"href":"https:\/\/globalsourcechemicals.com\/de_at\/wp-json\/wp\/v2\/product\/24912","targetHints":{"allow":["GET"]}}],"collection":[{"href":"https:\/\/globalsourcechemicals.com\/de_at\/wp-json\/wp\/v2\/product"}],"about":[{"href":"https:\/\/globalsourcechemicals.com\/de_at\/wp-json\/wp\/v2\/types\/product"}],"replies":[{"embeddable":true,"href":"https:\/\/globalsourcechemicals.com\/de_at\/wp-json\/wp\/v2\/comments?post=24912"}],"version-history":[{"count":5,"href":"https:\/\/globalsourcechemicals.com\/de_at\/wp-json\/wp\/v2\/product\/24912\/revisions"}],"predecessor-version":[{"id":25867,"href":"https:\/\/globalsourcechemicals.com\/de_at\/wp-json\/wp\/v2\/product\/24912\/revisions\/25867"}],"wp:featuredmedia":[{"embeddable":true,"href":"https:\/\/globalsourcechemicals.com\/de_at\/wp-json\/wp\/v2\/media\/27855"}],"wp:attachment":[{"href":"https:\/\/globalsourcechemicals.com\/de_at\/wp-json\/wp\/v2\/media?parent=24912"}],"wp:term":[{"taxonomy":"product_brand","embeddable":true,"href":"https:\/\/globalsourcechemicals.com\/de_at\/wp-json\/wp\/v2\/product_brand?post=24912"},{"taxonomy":"product_cat","embeddable":true,"href":"https:\/\/globalsourcechemicals.com\/de_at\/wp-json\/wp\/v2\/product_cat?post=24912"},{"taxonomy":"product_tag","embeddable":true,"href":"https:\/\/globalsourcechemicals.com\/de_at\/wp-json\/wp\/v2\/product_tag?post=24912"}],"curies":[{"name":"wp","href":"https:\/\/api.w.org\/{rel}","templated":true}]}}