{"id":24226,"date":"2025-04-13T17:41:17","date_gmt":"2025-04-13T17:41:17","guid":{"rendered":"https:\/\/globalsourcechemicals.com\/?post_type=product&#038;p=24226"},"modified":"2025-10-02T17:44:23","modified_gmt":"2025-10-02T17:44:23","slug":"nm-2-ai-hcl-rein","status":"publish","type":"product","link":"https:\/\/globalsourcechemicals.com\/de_at\/geschaft\/nm-2-ai\/nm-2-ai-hcl-rein\/","title":{"rendered":"NM-2-AI HCl Rein"},"content":{"rendered":"<h2>NM-2-AI HCl Rein<\/h2>\n<p>NM-2-AI-Hydrochlorid ist eine Substanz, die wir ausschlie\u00dflich zu Forschungszwecken verkaufen und daher nicht f\u00fcr den menschlichen Verzehr bestimmt ist. NM-2-AI kann bei richtiger Lagerung bis zu zwei Jahre lang f\u00fcr Forschungszwecke verwendet werden.<\/p>\n<p>Da NM-2-AI nur f\u00fcr Forschungszwecke und nicht zum Verzehr bestimmt ist, ist es wichtig, dass NM-2-AI au\u00dferhalb der Reichweite von Kindern und Haustieren aufbewahrt wird.<a title=\"O-DSMT 50 mg Pellets\" href=\"https:\/\/globalsourcechemicals.com\/de_at\/geschaft\/pellets\/o-dsmt-50-mg-pellets\/\" target=\"_blank\" rel=\"noopener\">O-DSMT 50 mg Pellets<\/a><\/p>\n<p>Wir bieten hochwertige Forschungschemikalien zu fairen Preisen. Ihre Bestellung wird t\u00e4glich innerhalb von 24 Stunden versendet. Bestellen Sie NM-2-AI sicher und schnell \u00fcber uns!<a title=\"1V-LSD 150 MCG Blotter\" href=\"https:\/\/globalsourcechemicals.com\/de_at\/geschaft\/lysergamide\/1v-lsd-150-mcg-blotters\/\" target=\"_blank\" rel=\"noopener\">1V-LSD 150 MCG Blotter<\/a><\/p>\n<h3>Gefahrenhinweis<\/h3>\n<p>NM-2-AI kann Atemwegsreizungen verursachen<br \/>\nNM-2-AI kann Reizungen verursachen <a href=\"http:\/\/google.nl\" target=\"_blank\" rel=\"noopener\">In<\/a> verursachen die Augen.<br \/>\nDas Einleiten von Forschungschemikalien in die Umwelt ist verboten.<\/p>\n<p>BEI KONTAKT MIT DEN AUGEN: Augen f\u00fcnf Minuten lang behutsam mit Wasser sp\u00fclen. Vorhandene Kontaktlinsen nach M\u00f6glichkeit entfernen.<\/p>\n<p>NM-2-AI BEI KONTAKT MIT DER HAUT: Haut mit Wasser und Seife waschen.<a title=\"6-CL-ADBA\" href=\"https:\/\/globalsourcechemicals.com\/de_at\/geschaft\/fast-verboten\/6-cl-adba\/\" target=\"_blank\" rel=\"noopener\">6-CL-ADBA<\/a><\/p>\n<p>BEI EINATMEN VON NM-2-AI: An die frische Luft bringen und in einer Position halten, die das Atmen erleichtert.<a title=\"2-CMC 250 mg Pellets\" href=\"https:\/\/globalsourcechemicals.com\/de_at\/geschaft\/cathinone\/2-cmc-kaufen\/\" target=\"_blank\" rel=\"noopener\">2-CMC 250 mg Pellets<\/a><\/p>","protected":false},"excerpt":{"rendered":"<h2>NM-2-AI HCl Rein<\/h2>\n<p>NM-2-AI-Hydrochlorid wird ausschlie\u00dflich zu Forschungszwecken verkauft und ist daher nicht f\u00fcr den menschlichen Verzehr bestimmt. NM-2-AI kann bei korrekter Lagerung bis zu zwei Jahre lang erforscht werden. 2C-E<\/p>","protected":false},"featured_media":27925,"comment_status":"closed","ping_status":"closed","template":"","meta":[],"product_brand":[82],"product_cat":[479,336],"product_tag":[326,879,880],"class_list":{"0":"post-24226","1":"product","2":"type-product","3":"status-publish","4":"has-post-thumbnail","6":"product_brand-research-chemical","7":"product_cat-nm-2-ai","8":"product_cat-overig","9":"product_tag-nl","10":"product_tag-nm-2-ai","11":"product_tag-nm-2-ai-hcl","13":"first","14":"instock","15":"taxable","16":"shipping-taxable","17":"purchasable","18":"product-type-variable"},"_links":{"self":[{"href":"https:\/\/globalsourcechemicals.com\/de_at\/wp-json\/wp\/v2\/product\/24226","targetHints":{"allow":["GET"]}}],"collection":[{"href":"https:\/\/globalsourcechemicals.com\/de_at\/wp-json\/wp\/v2\/product"}],"about":[{"href":"https:\/\/globalsourcechemicals.com\/de_at\/wp-json\/wp\/v2\/types\/product"}],"replies":[{"embeddable":true,"href":"https:\/\/globalsourcechemicals.com\/de_at\/wp-json\/wp\/v2\/comments?post=24226"}],"version-history":[{"count":4,"href":"https:\/\/globalsourcechemicals.com\/de_at\/wp-json\/wp\/v2\/product\/24226\/revisions"}],"predecessor-version":[{"id":26016,"href":"https:\/\/globalsourcechemicals.com\/de_at\/wp-json\/wp\/v2\/product\/24226\/revisions\/26016"}],"wp:featuredmedia":[{"embeddable":true,"href":"https:\/\/globalsourcechemicals.com\/de_at\/wp-json\/wp\/v2\/media\/27925"}],"wp:attachment":[{"href":"https:\/\/globalsourcechemicals.com\/de_at\/wp-json\/wp\/v2\/media?parent=24226"}],"wp:term":[{"taxonomy":"product_brand","embeddable":true,"href":"https:\/\/globalsourcechemicals.com\/de_at\/wp-json\/wp\/v2\/product_brand?post=24226"},{"taxonomy":"product_cat","embeddable":true,"href":"https:\/\/globalsourcechemicals.com\/de_at\/wp-json\/wp\/v2\/product_cat?post=24226"},{"taxonomy":"product_tag","embeddable":true,"href":"https:\/\/globalsourcechemicals.com\/de_at\/wp-json\/wp\/v2\/product_tag?post=24226"}],"curies":[{"name":"wp","href":"https:\/\/api.w.org\/{rel}","templated":true}]}}