{"id":24194,"date":"2025-04-13T17:41:13","date_gmt":"2025-04-13T17:41:13","guid":{"rendered":"https:\/\/globalsourcechemicals.com\/?post_type=product&#038;p=24194"},"modified":"2025-10-02T18:01:59","modified_gmt":"2025-10-02T18:01:59","slug":"2-fma","status":"publish","type":"product","link":"https:\/\/globalsourcechemicals.com\/de_at\/geschaft\/b2b\/2-fma\/","title":{"rendered":"RC+ Fluor 2-FMA 30mg Box"},"content":{"rendered":"<h2><strong>2-FMA<\/strong><\/h2>\n<p><strong>2-FMA<\/strong>\u00a0ist eine Substanz, die wir nur zu Forschungszwecken verkaufen und ist daher nicht f\u00fcr den menschlichen Verzehr bestimmt. 2-FMA wird in Pulverform geliefert und kann bei Lagerung in der richtigen Umgebung bis zu zwei Jahre lang erforscht werden.<a title=\"1V-LSD 150 MCG Blotter\" href=\"https:\/\/globalsourcechemicals.com\/de_at\/geschaft\/lysergamide\/1v-lsd-150-mcg-blotters\/\" target=\"_blank\" rel=\"noopener\">1V-LSD 150 MCG Blotter<\/a><\/p>\n<p>Da 2-FMA nur f\u00fcr Forschungszwecke und nicht zum Verzehr bestimmt ist, ist es wichtig, dass 2-FMA au\u00dferhalb der Reichweite von Kindern und Haustieren aufbewahrt wird.<a title=\"6-CL-ADBA\" href=\"https:\/\/globalsourcechemicals.com\/de_at\/geschaft\/fast-verboten\/6-cl-adba\/\" target=\"_blank\" rel=\"noopener\">6-CL-ADBA<\/a><\/p>\n<p>Wir bieten hochwertige Forschungschemikalien zu fairen Preisen. Ihre Bestellung wird t\u00e4glich innerhalb von 24 Stunden versendet. Bestellen Sie 2FMA sicher und schnell \u00fcber uns!<a title=\"2-CMC 250 mg Pellets\" href=\"https:\/\/globalsourcechemicals.com\/de_at\/geschaft\/cathinone\/2-cmc-kaufen\/\" target=\"_blank\" rel=\"noopener\">2-CMC 250 mg Pellets<\/a><\/p>\n<h2>2-FMA-Eigenschaften<\/h2>\n<p><strong>Synonym<\/strong>: Fluormethamphetamin<br \/>\n<strong>CAS-Nummer<\/strong>: 1780004-19-4<br \/>\n<strong>Formel<\/strong>: C10H14FN \u2022 HCL<br \/>\n<strong>Molare Masse<\/strong>: 203,7 g\/mol<br \/>\n<strong>Reinheit<\/strong>: \u226599%<\/p>\n<h2>Gefahrenhinweise<\/h2>\n<p>2-FMA kann Atemwegsreizungen verursachen<br \/>\n2-FMA kann Reizungen verursachen bei <a href=\"http:\/\/google.nl\" target=\"_blank\" rel=\"noopener\">Die<\/a> Augen verursachen<br \/>\nDas Einleiten von Forschungschemikalien in die Umwelt ist verboten<\/p>\n<p>2-FMA IN DEN AUGEN: Augen f\u00fcnf Minuten lang behutsam mit Wasser sp\u00fclen. Vorhandene Kontaktlinsen nach M\u00f6glichkeit entfernen.<\/p>\n<p>2-FMA BEI KONTAKT MIT DER HAUT: Haut mit Wasser und Seife waschen.<\/p>\n<p>BEI EINATMEN 2-FMA: An die frische Luft bringen und in einer Position halten, die das Atmen erleichtert.<\/p>","protected":false},"excerpt":{"rendered":"<p><strong>Synonym<\/strong>: Fluormethamphetamin<br \/>\n<strong>CAS-Nummer<\/strong>: 1780004-19-4<br \/>\n<strong>Formel<\/strong>: C10H14FN \u2022 HCL<br \/>\n<strong>Molare Masse<\/strong>: 203,7 g\/mol<br \/>\n<strong>Reinheit<\/strong>: \u226599%<\/p>","protected":false},"featured_media":27955,"comment_status":"closed","ping_status":"closed","template":"","meta":[],"product_brand":[82],"product_cat":[555],"product_tag":[572,617,618,589,619,326],"class_list":{"0":"post-24194","1":"product","2":"type-product","3":"status-publish","4":"has-post-thumbnail","6":"product_brand-research-chemical","7":"product_cat-b2b","8":"product_tag-2-fma-kopen","9":"product_tag-2-fma","10":"product_tag-2fma","11":"product_tag-2fma-drugs","12":"product_tag-2fma-kopen","13":"product_tag-nl","15":"first","16":"instock","17":"taxable","18":"shipping-taxable","19":"purchasable","20":"product-type-variable"},"_links":{"self":[{"href":"https:\/\/globalsourcechemicals.com\/de_at\/wp-json\/wp\/v2\/product\/24194","targetHints":{"allow":["GET"]}}],"collection":[{"href":"https:\/\/globalsourcechemicals.com\/de_at\/wp-json\/wp\/v2\/product"}],"about":[{"href":"https:\/\/globalsourcechemicals.com\/de_at\/wp-json\/wp\/v2\/types\/product"}],"replies":[{"embeddable":true,"href":"https:\/\/globalsourcechemicals.com\/de_at\/wp-json\/wp\/v2\/comments?post=24194"}],"version-history":[{"count":4,"href":"https:\/\/globalsourcechemicals.com\/de_at\/wp-json\/wp\/v2\/product\/24194\/revisions"}],"predecessor-version":[{"id":25400,"href":"https:\/\/globalsourcechemicals.com\/de_at\/wp-json\/wp\/v2\/product\/24194\/revisions\/25400"}],"wp:featuredmedia":[{"embeddable":true,"href":"https:\/\/globalsourcechemicals.com\/de_at\/wp-json\/wp\/v2\/media\/27955"}],"wp:attachment":[{"href":"https:\/\/globalsourcechemicals.com\/de_at\/wp-json\/wp\/v2\/media?parent=24194"}],"wp:term":[{"taxonomy":"product_brand","embeddable":true,"href":"https:\/\/globalsourcechemicals.com\/de_at\/wp-json\/wp\/v2\/product_brand?post=24194"},{"taxonomy":"product_cat","embeddable":true,"href":"https:\/\/globalsourcechemicals.com\/de_at\/wp-json\/wp\/v2\/product_cat?post=24194"},{"taxonomy":"product_tag","embeddable":true,"href":"https:\/\/globalsourcechemicals.com\/de_at\/wp-json\/wp\/v2\/product_tag?post=24194"}],"curies":[{"name":"wp","href":"https:\/\/api.w.org\/{rel}","templated":true}]}}