{"id":24185,"date":"2025-04-13T17:41:13","date_gmt":"2025-04-13T17:41:13","guid":{"rendered":"https:\/\/globalsourcechemicals.com\/?post_type=product&#038;p=24185"},"modified":"2025-04-22T09:27:50","modified_gmt":"2025-04-22T09:27:50","slug":"halbwertszeit-von-fluborizolam","status":"publish","type":"product","link":"https:\/\/globalsourcechemicals.com\/de_at\/geschaft\/b2b\/halbwertszeit-von-fluborizolam\/","title":{"rendered":"RC+ Fluborizolam 0,5 MG Schachtel"},"content":{"rendered":"<h1><strong>Halbwertszeit von Flubrotizolam, 0,5 mg Box \u2013 Leistungsstarke Forschungschemikalien f\u00fcr wissenschaftliche Experimente<\/strong><\/h1>\n<h2><strong>Flubrotizolam 0,5 mg \u2013 eine wirksame Forschungssubstanz<\/strong><\/h2>\n<p class=\"ds-markdown-paragraph\">Der\u00a0<strong>RC+ Fluborizolam Halbwertszeit 0,5 mg Box<\/strong>\u00a0Enth\u00e4lt eine hochwertige, potenziell interessante Forschungschemikalie aus der Klasse der Thienotriazolodiazepine. Diese Substanz ist vor allem aus der pharmakologischen Forschung bekannt und wird ausschlie\u00dflich f\u00fcr wissenschaftliche Forschungszwecke vertrieben.<\/p>\n<p class=\"ds-markdown-paragraph\">Flubrotizolam erregt aufgrund seiner einzigartigen Eigenschaften und potenziellen pharmakologischen Wirkungen in Experimenten das Interesse der Forscher. Seine niedrige Dosierung von 0,5 mg pro Tablette macht es besonders geeignet f\u00fcr pr\u00e4zise, kontrollierte Studien.<\/p>\n<hr \/>\n<h2><strong>Warum RC+ Fluborizolam 0,5 mg kaufen?<\/strong><\/h2>\n<p class=\"ds-markdown-paragraph\">\u2705\u00a0<strong>Extrem genaue Dosierung:<\/strong>\u00a0Jede Tablette enth\u00e4lt genau\u00a0<strong>0,5 mg Fluborizolam<\/strong>\u00a0f\u00fcr konsistente und zuverl\u00e4ssige Forschungsergebnisse<\/p>\n<p class=\"ds-markdown-paragraph\">\u2705\u00a0<strong>H\u00f6chster Qualit\u00e4tsstandard:<\/strong>\u00a0Unter strengen Laborbedingungen mit h\u00f6chster Reinheit hergestellt<\/p>\n<p class=\"ds-markdown-paragraph\">\u2705\u00a0<strong>Optimale Verpackung:<\/strong>\u00a0Handliche Kartonverpackung mit Lichtschutz <a href=\"http:\/\/google.nl\" target=\"_blank\" rel=\"noopener\">Und<\/a> Feuchtigkeit<\/p>\n<p class=\"ds-markdown-paragraph\">\u2705\u00a0<strong>Schnelle und diskrete Lieferung:<\/strong>\u00a0Vor 15 Uhr bestellt? Wird in der Regel noch am selben Werktag versendet!<\/p>\n<p class=\"ds-markdown-paragraph\">\u2705\u00a0<strong>Nur f\u00fcr Forschungszwecke:<\/strong>\u00a0Geeignet f\u00fcr wissenschaftliche Experimente und analytische Studien<\/p>\n<hr \/>\n<h2><strong>Wichtige Nutzungsinformationen<\/strong><\/h2>\n<p class=\"ds-markdown-paragraph\">\u26a0\ufe0f\u00a0<strong>Ausschlie\u00dflich f\u00fcr wissenschaftliche Forschung<\/strong>\u00a0\u2013 Absolut nicht f\u00fcr den menschlichen oder tierischen Verzehr bestimmt<\/p>\n<p class=\"ds-markdown-paragraph\">\u26a0\ufe0f\u00a0<strong>Sicherheitsbestimmungen:<\/strong><\/p>\n<ul>\n<li>\n<p class=\"ds-markdown-paragraph\">Au\u00dferhalb der Reichweite von Kindern und unbefugten Personen aufbewahren.<\/p>\n<\/li>\n<li>\n<p class=\"ds-markdown-paragraph\">Trocken und bei Zimmertemperatur lagern<\/p>\n<\/li>\n<li>\n<p class=\"ds-markdown-paragraph\">Nur zur Verwendung in professionellen Forschungsumgebungen<\/p>\n<\/li>\n<\/ul>\n<p class=\"ds-markdown-paragraph\">\u26a0\ufe0f\u00a0<strong>Verantwortungsvoller Umgang:<\/strong>\u00a0Nur zur Verwendung durch qualifizierte Forscher mit entsprechender Laborausstattung<\/p>\n<hr \/>\n<h2><strong>H\u00e4ufig gestellte Fragen zur Halbwertszeit von Fluborizolam<\/strong><\/h2>\n<h3><strong>1. Was macht Fluborizolam f\u00fcr die Forschung interessant?<\/strong><\/h3>\n<p class=\"ds-markdown-paragraph\">Flubrotizolam geh\u00f6rt zu einer interessanten Klasse von Verbindungen, die aufgrund ihrer einzigartigen pharmakodynamischen Eigenschaften wissenschaftliche Aufmerksamkeit erregen.<a title=\"O-DSMT 50 mg Pellets\" href=\"https:\/\/globalsourcechemicals.com\/de_at\/geschaft\/pellets\/o-dsmt-50-mg-pellets\/\" target=\"_blank\" rel=\"noopener\">O-DSMT 50 mg Pellets<\/a><\/p>\n<h3><strong>2. Ist diese Substanz in den Niederlanden\/Belgien legal?<\/strong><\/h3>\n<p class=\"ds-markdown-paragraph\">Dieses Produkt wird ausschlie\u00dflich als Forschungschemikalie an qualifizierte Forscher verkauft und ist nicht f\u00fcr den menschlichen Verzehr bestimmt. Die Legalit\u00e4t kann je nach Land unterschiedlich sein. Forscher sollten die lokalen Bestimmungen pr\u00fcfen.<\/p>\n<h3><strong>3. Wie wird das Produkt geliefert?<\/strong><\/h3>\n<p class=\"ds-markdown-paragraph\">Der\u00a0<strong>RC+ Fluborizolam 0,5 mg Schachtel<\/strong>\u00a0enth\u00e4lt genau dosierte Tabletten in professioneller, sicherer Verpackung.<a title=\"2-CMC 250 mg Pellets\" href=\"https:\/\/globalsourcechemicals.com\/de_at\/geschaft\/cathinone\/2-cmc-kaufen\/\" target=\"_blank\" rel=\"noopener\">2-CMC 250 mg Pellets<\/a><\/p>\n<hr \/>\n<h2><strong>Jetzt bestellen RC+ Fluborizolam Halbwertszeit 0,5 mg Box<\/strong><\/h2>\n<p class=\"ds-markdown-paragraph\">Sind Sie Forscher oder Wissenschaftler und suchen hochwertige, pr\u00e4zise dosierte Forschungschemikalien? Bestellen Sie noch heute.\u00a0<strong>RC+ Fluborizolam 0,5 mg Schachtel<\/strong>\u00a0f\u00fcr eine schnelle und diskrete Lieferung an Ihre Forschungseinrichtung oder Ihr Labor.<a title=\"2C-EF 2 mg Kapseln\" href=\"https:\/\/globalsourcechemicals.com\/de_at\/geschaft\/phenethylamin\/2c-ef-2mg-kapseln\/\" target=\"_blank\" rel=\"noopener\">2C-EF 2 mg Kapseln<\/a><\/p>","protected":false},"excerpt":{"rendered":"<p>Halbwertszeit von Flubrotizolam, 0,5\u00a0mg-Box \u2013 Leistungsstarke Forschungschemikalien f\u00fcr wissenschaftliche Experimente. Flubrotizolam 0,5\u00a0mg \u2013 eine wirksame Forschungschemikalie. Das RC+ \u2026<\/p>","protected":false},"featured_media":21250,"comment_status":"closed","ping_status":"closed","template":"","meta":[],"product_brand":[82],"product_cat":[555],"product_tag":[150,153,154,151,152,155,326],"class_list":{"0":"post-24185","1":"product","2":"type-product","3":"status-publish","4":"has-post-thumbnail","6":"product_brand-research-chemical","7":"product_cat-b2b","8":"product_tag-flubrotizolam","9":"product_tag-flubrotizolam-dosage","10":"product_tag-flubrotizolam-ervaring","11":"product_tag-flubrotizolam-half-life","12":"product_tag-flubrotizolam-werking","13":"product_tag-flunitrazolam-bijwerkingen","14":"product_tag-nl","16":"first","17":"instock","18":"taxable","19":"shipping-taxable","20":"purchasable","21":"product-type-simple"},"_links":{"self":[{"href":"https:\/\/globalsourcechemicals.com\/de_at\/wp-json\/wp\/v2\/product\/24185","targetHints":{"allow":["GET"]}}],"collection":[{"href":"https:\/\/globalsourcechemicals.com\/de_at\/wp-json\/wp\/v2\/product"}],"about":[{"href":"https:\/\/globalsourcechemicals.com\/de_at\/wp-json\/wp\/v2\/types\/product"}],"replies":[{"embeddable":true,"href":"https:\/\/globalsourcechemicals.com\/de_at\/wp-json\/wp\/v2\/comments?post=24185"}],"version-history":[{"count":3,"href":"https:\/\/globalsourcechemicals.com\/de_at\/wp-json\/wp\/v2\/product\/24185\/revisions"}],"predecessor-version":[{"id":26030,"href":"https:\/\/globalsourcechemicals.com\/de_at\/wp-json\/wp\/v2\/product\/24185\/revisions\/26030"}],"wp:featuredmedia":[{"embeddable":true,"href":"https:\/\/globalsourcechemicals.com\/de_at\/wp-json\/wp\/v2\/media\/21250"}],"wp:attachment":[{"href":"https:\/\/globalsourcechemicals.com\/de_at\/wp-json\/wp\/v2\/media?parent=24185"}],"wp:term":[{"taxonomy":"product_brand","embeddable":true,"href":"https:\/\/globalsourcechemicals.com\/de_at\/wp-json\/wp\/v2\/product_brand?post=24185"},{"taxonomy":"product_cat","embeddable":true,"href":"https:\/\/globalsourcechemicals.com\/de_at\/wp-json\/wp\/v2\/product_cat?post=24185"},{"taxonomy":"product_tag","embeddable":true,"href":"https:\/\/globalsourcechemicals.com\/de_at\/wp-json\/wp\/v2\/product_tag?post=24185"}],"curies":[{"name":"wp","href":"https:\/\/api.w.org\/{rel}","templated":true}]}}