{"id":24067,"date":"2025-04-13T17:40:59","date_gmt":"2025-04-13T17:40:59","guid":{"rendered":"https:\/\/globalsourcechemicals.com\/?post_type=product&#038;p=24067"},"modified":"2025-10-02T18:04:09","modified_gmt":"2025-10-02T18:04:09","slug":"1d-lsd-bestellen","status":"publish","type":"product","link":"https:\/\/globalsourcechemicals.com\/de_at\/geschaft\/1d-lsd-225-mcg-pellets\/1d-lsd-bestellen\/","title":{"rendered":"1D-LSD 225\u00a0mcg Pellets"},"content":{"rendered":"<h1><span dir=\"auto\" style=\"vertical-align: inherit;\"><span dir=\"auto\" style=\"vertical-align: inherit;\">Bestellen Sie 1D-LSD 225\u00a0mcg Pellets \u2013 Pr\u00e4zisionsdosierung f\u00fcr fortgeschrittene Forschung<\/span><\/span><\/h1>\n<p><strong><span dir=\"auto\" style=\"vertical-align: inherit;\"><span dir=\"auto\" style=\"vertical-align: inherit;\">Bestellung von 1D-LSD 225\u00a0mcg Pellets<\/span><\/span><\/strong><span dir=\"auto\" style=\"vertical-align: inherit;\"><span dir=\"auto\" style=\"vertical-align: inherit;\"> Forscher bieten eine innovative und pr\u00e4zise M\u00f6glichkeit, dieses vielversprechende Lysergamid-Derivat zu untersuchen. Mit einer optimalen Dosierung von <\/span><\/span><strong><span dir=\"auto\" style=\"vertical-align: inherit;\"><span dir=\"auto\" style=\"vertical-align: inherit;\">225 Mikrogramm pro Pellet,<\/span><\/span><\/strong><span dir=\"auto\" style=\"vertical-align: inherit;\"><span dir=\"auto\" style=\"vertical-align: inherit;\"> Diese pharmazeutisch hergestellten Einheiten stellen einen zuverl\u00e4ssigen Ausgangspunkt f\u00fcr die wissenschaftliche Erforschung psychoaktiver Verbindungen dar.<\/span><\/span><\/p>\n<h2><span dir=\"auto\" style=\"vertical-align: inherit;\"><span dir=\"auto\" style=\"vertical-align: inherit;\">1D-LSD: Eine neue \u00c4ra der Forschung<\/span><\/span><\/h2>\n<p><span dir=\"auto\" style=\"vertical-align: inherit;\"><span dir=\"auto\" style=\"vertical-align: inherit;\">Als eines der neuesten Analoga in der Lysergamid-Familie zeichnet sich 1D-LSD durch Folgendes aus:<\/span><\/span><\/p>\n<ul>\n<li><strong><span dir=\"auto\" style=\"vertical-align: inherit;\"><span dir=\"auto\" style=\"vertical-align: inherit;\">Verbesserte Stabilit\u00e4t<\/span><\/span><\/strong><span dir=\"auto\" style=\"vertical-align: inherit;\"><span dir=\"auto\" style=\"vertical-align: inherit;\"> im Vergleich zu klassischen Lysergamiden<\/span><\/span><\/li>\n<li><strong><span dir=\"auto\" style=\"vertical-align: inherit;\"><span dir=\"auto\" style=\"vertical-align: inherit;\">Reproduzierbare Wirkungsprofile<\/span><\/span><\/strong><span dir=\"auto\" style=\"vertical-align: inherit;\"><span dir=\"auto\" style=\"vertical-align: inherit;\"> f\u00fcr konsequente Forschung<\/span><\/span><\/li>\n<li><strong><span dir=\"auto\" style=\"vertical-align: inherit;\"><span dir=\"auto\" style=\"vertical-align: inherit;\">Wissenschaftliches Interesse<\/span><\/span><\/strong><span dir=\"auto\" style=\"vertical-align: inherit;\"><span dir=\"auto\" style=\"vertical-align: inherit;\"> in seiner einzigartigen Pharmakodynamik<\/span><\/span><\/li>\n<\/ul>\n<p><span dir=\"auto\" style=\"vertical-align: inherit;\"><span dir=\"auto\" style=\"vertical-align: inherit;\">Der <\/span><\/span><strong><span dir=\"auto\" style=\"vertical-align: inherit;\"><span dir=\"auto\" style=\"vertical-align: inherit;\">225\u00a0mcg Dosierung<\/span><\/span><\/strong><span dir=\"auto\" style=\"vertical-align: inherit;\"><span dir=\"auto\" style=\"vertical-align: inherit;\"> macht diese Pellets besonders geeignet f\u00fcr Forscher mit Erfahrung in der Untersuchung psychedelischer Verbindungen.<\/span><\/span><\/p>\n<h2><span dir=\"auto\" style=\"vertical-align: inherit;\"><span dir=\"auto\" style=\"vertical-align: inherit;\">Hauptmerkmale<\/span><\/span><\/h2>\n<ul>\n<li><strong><span dir=\"auto\" style=\"vertical-align: inherit;\"><span dir=\"auto\" style=\"vertical-align: inherit;\">Pharmazeutische Qualit\u00e4t<\/span><\/span><\/strong><span dir=\"auto\" style=\"vertical-align: inherit;\"><span dir=\"auto\" style=\"vertical-align: inherit;\"> \u2013 Hergestellt unter GMP-\u00e4hnlichen Bedingungen<\/span><\/span><\/li>\n<li><strong><span dir=\"auto\" style=\"vertical-align: inherit;\"><span dir=\"auto\" style=\"vertical-align: inherit;\">Pr\u00e4zise Dosierung<\/span><\/span><\/strong><span dir=\"auto\" style=\"vertical-align: inherit;\"><span dir=\"auto\" style=\"vertical-align: inherit;\"> \u2013 Keine volumetrische Dosierung erforderlich dank Pelletform<\/span><\/span><\/li>\n<li><strong><span dir=\"auto\" style=\"vertical-align: inherit;\"><span dir=\"auto\" style=\"vertical-align: inherit;\">L\u00e4ngere Haltbarkeit<\/span><\/span><\/strong><span dir=\"auto\" style=\"vertical-align: inherit;\"><span dir=\"auto\" style=\"vertical-align: inherit;\"> \u2013 Leichte und sauerstoffarme Verpackung erh\u00e4lt die Stabilit\u00e4t<\/span><\/span><\/li>\n<li><strong><span dir=\"auto\" style=\"vertical-align: inherit;\"><span dir=\"auto\" style=\"vertical-align: inherit;\">Diskret und praktisch<\/span><\/span><\/strong><span dir=\"auto\" style=\"vertical-align: inherit;\"><span dir=\"auto\" style=\"vertical-align: inherit;\"> \u2013 Einfach zu handhaben und zu lagern<\/span><\/span><\/li>\n<\/ul>\n<h2><span dir=\"auto\" style=\"vertical-align: inherit;\"><span dir=\"auto\" style=\"vertical-align: inherit;\">Wissenschaftliche Anwendungen<\/span><\/span><\/h2>\n<p><span dir=\"auto\" style=\"vertical-align: inherit;\"><span dir=\"auto\" style=\"vertical-align: inherit;\">Diese Pellets wurden f\u00fcr die Forschung zu folgenden Themen entwickelt:<\/span><\/span><\/p>\n<ul>\n<li><strong><span dir=\"auto\" style=\"vertical-align: inherit;\"><span dir=\"auto\" style=\"vertical-align: inherit;\">Neuropharmakologische Mechanismen<\/span><\/span><\/strong><span dir=\"auto\" style=\"vertical-align: inherit;\"><span dir=\"auto\" style=\"vertical-align: inherit;\"> von Lysergamid-Derivaten<\/span><\/span><\/li>\n<li><strong><span dir=\"auto\" style=\"vertical-align: inherit;\"><span dir=\"auto\" style=\"vertical-align: inherit;\">Strukturelle Aktivit\u00e4tsbeziehungen<\/span><\/span><\/strong><span dir=\"auto\" style=\"vertical-align: inherit;\"><span dir=\"auto\" style=\"vertical-align: inherit;\"> (SAR) innerhalb der psychedelischen Klasse<\/span><\/span><\/li>\n<li><strong><span dir=\"auto\" style=\"vertical-align: inherit;\"><span dir=\"auto\" style=\"vertical-align: inherit;\">Kognitive und perzeptuelle Effekte<\/span><\/span><\/strong><span dir=\"auto\" style=\"vertical-align: inherit;\"><span dir=\"auto\" style=\"vertical-align: inherit;\"> in kontrollierten Umgebungen<\/span><\/span><\/li>\n<\/ul>\n<h2><span dir=\"auto\" style=\"vertical-align: inherit;\"><span dir=\"auto\" style=\"vertical-align: inherit;\">Sicherheitsrichtlinien f\u00fcr Forscher<\/span><\/span><\/h2>\n<ul>\n<li><strong><span dir=\"auto\" style=\"vertical-align: inherit;\"><span dir=\"auto\" style=\"vertical-align: inherit;\">Nur f\u00fcr In-vitro-Forschung<\/span><\/span><\/strong><span dir=\"auto\" style=\"vertical-align: inherit;\"><span dir=\"auto\" style=\"vertical-align: inherit;\"> \u2013 Nicht f\u00fcr den menschlichen oder tierischen Verzehr geeignet<\/span><\/span><\/li>\n<li><strong><span dir=\"auto\" style=\"vertical-align: inherit;\"><span dir=\"auto\" style=\"vertical-align: inherit;\">Laborprotokolle<\/span><\/span><\/strong><span dir=\"auto\" style=\"vertical-align: inherit;\"><span dir=\"auto\" style=\"vertical-align: inherit;\"> \u2013 Arbeiten Sie immer mit entsprechenden Sicherheitsma\u00dfnahmen<\/span><\/span><\/li>\n<li><strong><span dir=\"auto\" style=\"vertical-align: inherit;\"><span dir=\"auto\" style=\"vertical-align: inherit;\">Richtige Lagerung<\/span><\/span><\/strong><span dir=\"auto\" style=\"vertical-align: inherit;\"><span dir=\"auto\" style=\"vertical-align: inherit;\"> \u2013 K\u00fchl (2-8 \u00b0C), trocken und dunkel lagern.<\/span><\/span><\/li>\n<li><strong><span dir=\"auto\" style=\"vertical-align: inherit;\"><span dir=\"auto\" style=\"vertical-align: inherit;\">Rechtsstatus<\/span><\/span><\/strong><span dir=\"auto\" style=\"vertical-align: inherit;\"><span dir=\"auto\" style=\"vertical-align: inherit;\"> \u2013 \u00dcberpr\u00fcfen Sie immer die \u00f6rtlichen Vorschriften f\u00fcr Kauf und Besitz<\/span><\/span><\/li>\n<\/ul>\n<h2><span dir=\"auto\" style=\"vertical-align: inherit;\"><span dir=\"auto\" style=\"vertical-align: inherit;\">Bestellinformationen<\/span><\/span><\/h2>\n<p><span dir=\"auto\" style=\"vertical-align: inherit;\"><span dir=\"auto\" style=\"vertical-align: inherit;\">Unser <\/span><\/span><strong><span dir=\"auto\" style=\"vertical-align: inherit;\"><span dir=\"auto\" style=\"vertical-align: inherit;\">1D-LSD 225\u00a0mcg Pellets<\/span><\/span><\/strong><span dir=\"auto\" style=\"vertical-align: inherit;\"><span dir=\"auto\" style=\"vertical-align: inherit;\"> werden in einer professionellen Verpackung geliefert, die:<\/span><\/span><\/p>\n<ul>\n<li><strong><span dir=\"auto\" style=\"vertical-align: inherit;\"><span dir=\"auto\" style=\"vertical-align: inherit;\">10 Pellets pro Streifen<\/span><\/span><\/strong><span dir=\"auto\" style=\"vertical-align: inherit;\"><span dir=\"auto\" style=\"vertical-align: inherit;\"> enth\u00e4lt<\/span><\/span><\/li>\n<li><strong><span dir=\"auto\" style=\"vertical-align: inherit;\"><span dir=\"auto\" style=\"vertical-align: inherit;\">Chargendaten und Analysenzertifikate<\/span><\/span><\/strong><span dir=\"auto\" style=\"vertical-align: inherit;\"><span dir=\"auto\" style=\"vertical-align: inherit;\"> aufgef\u00fchrt<\/span><\/span><\/li>\n<li><strong><span dir=\"auto\" style=\"vertical-align: inherit;\"><span dir=\"auto\" style=\"vertical-align: inherit;\">Kindersicherer Verschluss<\/span><\/span><\/strong><span dir=\"auto\" style=\"vertical-align: inherit;\"><span dir=\"auto\" style=\"vertical-align: inherit;\"> hat<\/span><\/span><\/li>\n<\/ul>\n<p><em><span dir=\"auto\" style=\"vertical-align: inherit;\"><span dir=\"auto\" style=\"vertical-align: inherit;\">\u201eDie Einf\u00fchrung von 1D-LSD stellt einen wichtigen Schritt in der fortlaufenden Erforschung des therapeutischen Potenzials psychedelischer Verbindungen dar.\u201c<\/span><\/span><\/em><span dir=\"auto\" style=\"vertical-align: inherit;\"><span dir=\"auto\" style=\"vertical-align: inherit;\"> \u2013 Forschungsleiter, Labor f\u00fcr psychoaktive Verbindungen<\/span><\/span><\/p>\n<h2><span dir=\"auto\" style=\"vertical-align: inherit;\"><span dir=\"auto\" style=\"vertical-align: inherit;\">Beginnen Sie noch heute mit Ihrer Recherche<\/span><\/span><\/h2>\n<p><span dir=\"auto\" style=\"vertical-align: inherit;\"><span dir=\"auto\" style=\"vertical-align: inherit;\">F\u00fcr Wissenschaftler, die die Grenzen der Bewusstseinsforschung erforschen wollen, These <\/span><\/span><strong><span dir=\"auto\" style=\"vertical-align: inherit;\"><span dir=\"auto\" style=\"vertical-align: inherit;\">1D-LSD 225\u00a0mcg Pellets<\/span><\/span><\/strong><span dir=\"auto\" style=\"vertical-align: inherit;\"><span dir=\"auto\" style=\"vertical-align: inherit;\"> bieten eine einzigartige Gelegenheit, pr\u00e4zise und sicher zu arbeiten.<\/span><\/span><\/p>\n<p><em><span dir=\"auto\" style=\"vertical-align: inherit;\"><span dir=\"auto\" style=\"vertical-align: inherit;\">Wichtiger Hinweis: Dieses Produkt ist ausschlie\u00dflich f\u00fcr gesetzlich autorisierte Forschungszwecke durch qualifiziertes Fachpersonal bestimmt. Nicht f\u00fcr den menschlichen Verzehr geeignet. Au\u00dferhalb der Reichweite von Kindern aufbewahren. <\/span><\/span><a href=\"http:\/\/google.nl\" target=\"_blank\" rel=\"noopener\"><span dir=\"auto\" style=\"vertical-align: inherit;\"><span dir=\"auto\" style=\"vertical-align: inherit;\">oder<\/span><\/span><\/a><span dir=\"auto\" style=\"vertical-align: inherit;\"><span dir=\"auto\" style=\"vertical-align: inherit;\"> Kinder und unbefugte Personen.<\/span><\/span><\/em><\/p>\n<p><a href=\"https:\/\/globalsourcechemicals.com\/de_at\/geschaft\/lysergamide\/1cp-lsd-150-mcg\/\"><span dir=\"auto\" style=\"vertical-align: inherit;\"><span dir=\"auto\" style=\"vertical-align: inherit;\">1cP-LSD 150 MCG Art Blotters <\/span><\/span><\/a><a href=\"https:\/\/globalsourcechemicals.com\/de_at\/geschaft\/pellets\/o-dsmt-50-mg-pellets\/\"><span dir=\"auto\" style=\"vertical-align: inherit;\"><span dir=\"auto\" style=\"vertical-align: inherit;\">O-DSMT 50 mg Pellets <\/span><\/span><\/a><a href=\"https:\/\/globalsourcechemicals.com\/de_at\/geschaft\/lysergamide\/1v-lsd-150-mcg-blotters\/\"><span dir=\"auto\" style=\"vertical-align: inherit;\"><span dir=\"auto\" style=\"vertical-align: inherit;\">1V-LSD 150 MCG Blotter <\/span><\/span><\/a><a href=\"https:\/\/globalsourcechemicals.com\/de_at\/geschaft\/fast-verboten\/6-cl-adba\/\"><span dir=\"auto\" style=\"vertical-align: inherit;\"><span dir=\"auto\" style=\"vertical-align: inherit;\">6-CL-ADBA <\/span><\/span><\/a> <a href=\"https:\/\/globalsourcechemicals.com\/de_at\/geschaft\/cathinone\/2-cmc-kaufen\/\"><span dir=\"auto\" style=\"vertical-align: inherit;\"><span dir=\"auto\" style=\"vertical-align: inherit;\">2-CMC 250 mg Pellets<\/span><\/span><\/a><\/p>","protected":false},"excerpt":{"rendered":"<p>Order 1D-LSD 225mcg Pellets \u2013 Precision Dosing for Advanced Research Ordering 1D-LSD 225mcg pellets offers researchers an innovative and precise<\/p>","protected":false},"featured_media":27742,"comment_status":"closed","ping_status":"closed","template":"","meta":[],"product_brand":[],"product_cat":[362,378,358,324],"product_tag":[452,774],"class_list":{"0":"post-24067","1":"product","2":"type-product","3":"status-publish","4":"has-post-thumbnail","6":"product_cat-1d-lsd-225mcg-pellets","7":"product_cat-1d-lsd-pellets","8":"product_cat-lysergamides","9":"product_cat-pellets-for-pellet","10":"product_tag-de","11":"product_tag-lsd-bestellen","13":"first","14":"instock","15":"taxable","16":"shipping-taxable","17":"purchasable","18":"product-type-variable"},"_links":{"self":[{"href":"https:\/\/globalsourcechemicals.com\/de_at\/wp-json\/wp\/v2\/product\/24067","targetHints":{"allow":["GET"]}}],"collection":[{"href":"https:\/\/globalsourcechemicals.com\/de_at\/wp-json\/wp\/v2\/product"}],"about":[{"href":"https:\/\/globalsourcechemicals.com\/de_at\/wp-json\/wp\/v2\/types\/product"}],"replies":[{"embeddable":true,"href":"https:\/\/globalsourcechemicals.com\/de_at\/wp-json\/wp\/v2\/comments?post=24067"}],"version-history":[{"count":6,"href":"https:\/\/globalsourcechemicals.com\/de_at\/wp-json\/wp\/v2\/product\/24067\/revisions"}],"predecessor-version":[{"id":28026,"href":"https:\/\/globalsourcechemicals.com\/de_at\/wp-json\/wp\/v2\/product\/24067\/revisions\/28026"}],"wp:featuredmedia":[{"embeddable":true,"href":"https:\/\/globalsourcechemicals.com\/de_at\/wp-json\/wp\/v2\/media\/27742"}],"wp:attachment":[{"href":"https:\/\/globalsourcechemicals.com\/de_at\/wp-json\/wp\/v2\/media?parent=24067"}],"wp:term":[{"taxonomy":"product_brand","embeddable":true,"href":"https:\/\/globalsourcechemicals.com\/de_at\/wp-json\/wp\/v2\/product_brand?post=24067"},{"taxonomy":"product_cat","embeddable":true,"href":"https:\/\/globalsourcechemicals.com\/de_at\/wp-json\/wp\/v2\/product_cat?post=24067"},{"taxonomy":"product_tag","embeddable":true,"href":"https:\/\/globalsourcechemicals.com\/de_at\/wp-json\/wp\/v2\/product_tag?post=24067"}],"curies":[{"name":"wp","href":"https:\/\/api.w.org\/{rel}","templated":true}]}}