{"id":23325,"date":"2025-04-13T17:39:34","date_gmt":"2025-04-13T17:39:34","guid":{"rendered":"https:\/\/globalsourcechemicals.com\/?post_type=product&#038;p=23325"},"modified":"2025-10-03T19:07:38","modified_gmt":"2025-10-03T19:07:38","slug":"%ce%b2oh-2c-b-pellets","status":"publish","type":"product","link":"https:\/\/globalsourcechemicals.com\/de_at\/geschaft\/fast-verboten\/%ce%b2oh-2c-b-pellets\/","title":{"rendered":"\u03b2OH-2C-B 60 mg Pellets"},"content":{"rendered":"<h1>\u03b2OH-2C-B 60 mg Pellets \u2013 Pr\u00e4zision und Reinheit f\u00fcr Forschungszwecke<\/h1>\n<h2>Produktbeschreibung<\/h2>\n<p><strong>\u03b2OH-2C-B 60 mg Pellets<\/strong> werden f\u00fcr die wissenschaftliche und analytische Forschung entwickelt. Jedes Pellet enth\u00e4lt eine exakte Dosierung <strong>60 Milligramm \u03b2OH-2C-B<\/strong>, hergestellt nach hohen Qualit\u00e4tsstandards f\u00fcr zuverl\u00e4ssige Forschungsergebnisse.<\/p>\n<h2>Spezifikationen \u03b2OH-2C-B Pellets<\/h2>\n<h3>Verbindung<\/h3>\n<ul>\n<li>Wirkstoff: <strong>\u03b2OH-2C-B<\/strong><\/li>\n<li>Dosierung: <strong>60 mg pro Pellet<\/strong><\/li>\n<li>Form: Gepresstes Pellet<\/li>\n<\/ul>\n<h3>Merkmale<\/h3>\n<ul>\n<li><strong>Genaue Dosierung:<\/strong> Genau 60 mg pro Einheit<\/li>\n<li><strong>Hohe Reinheit:<\/strong> Ausgew\u00e4hlte Rohstoffe <a href=\"http:\/\/google.nl\" target=\"_blank\" rel=\"noopener\">Und<\/a> kontrollierte Produktion<\/li>\n<li><strong>Benutzerfreundlich:<\/strong> Einfache Handhabung bei der Recherche<\/li>\n<li><strong>Konsistenter Betrieb:<\/strong> Jedes Pellet bietet eine einheitliche chemische Zusammensetzung<\/li>\n<\/ul>\n<h2>Anwendung<\/h2>\n<ul>\n<li><strong>Geeignet f\u00fcr:<\/strong> Analytische und Laborforschung<\/li>\n<li><strong>Nicht geeignet f\u00fcr:<\/strong> Verzehr durch Menschen oder Tiere<\/li>\n<\/ul>\n<blockquote><p>Nur zur Verwendung durch qualifiziertes Fachpersonal in einer kontrollierten Umgebung.<a href=\"https:\/\/globalsourcechemicals.com\/de_at\/geschaft\/lysergamide\/1cp-lsd\/\">1cP-LSD 150 MCG Art Blotters<\/a><\/p><\/blockquote>\n<h2>Verwendung und Lagerung<\/h2>\n<h3>Verwendung<\/h3>\n<ul>\n<li>Bewerben Sie sich nur in einem professionellen Forschungsumfeld<\/li>\n<li>Nicht ohne ausreichende Kenntnisse mit anderen Stoffen kombinieren<\/li>\n<\/ul>\n<h3>Lagerung<\/h3>\n<ul>\n<li>K\u00fchl und trocken lagern<\/li>\n<li>Vor Feuchtigkeit und direkter Lichteinstrahlung sch\u00fctzen<\/li>\n<li>Au\u00dferhalb der Reichweite von Kindern und Haustieren aufbewahren<\/li>\n<\/ul>\n<h2>Sicherheitsinformationen \u03b2OH-2C-B Pellets<\/h2>\n<ul>\n<li>Nicht w\u00e4hrend der Schwangerschaft oder Stillzeit anwenden.<\/li>\n<li>Nur mit geeigneter Schutzausr\u00fcstung verwenden<\/li>\n<li>Konsultieren Sie einen Experten f\u00fcr Laboranwendungen<\/li>\n<\/ul>\n<h2>Verpackung<\/h2>\n<p>Die Pellets werden in luft- und lichtdichten Beh\u00e4ltern verpackt, um Qualit\u00e4t und Haltbarkeit zu erhalten.<a href=\"https:\/\/globalsourcechemicals.com\/de_at\/geschaft\/pellets\/o-dsmt-50-mg-pellets\/\">O-DSMT 50 mg Pellets<\/a><\/p>\n<h2>Rechtlicher Hinweis \u03b2OH-2C-B Pellets<\/h2>\n<p>Dieses Produkt ist ausschlie\u00dflich f\u00fcr Forschungs- und Analysezwecke bestimmt. Es ist nicht f\u00fcr den menschlichen Verzehr geeignet. F\u00fcr die Einhaltung der \u00f6rtlichen Gesetze und die korrekte Anwendung des Produkts ist ausschlie\u00dflich der K\u00e4ufer verantwortlich. Bei unsachgem\u00e4\u00dfer Anwendung wird keine Haftung \u00fcbernommen.<a href=\"https:\/\/globalsourcechemicals.com\/de_at\/geschaft\/lysergamide\/1vlsd\/\">1V-LSD 150 MCG Blotter<\/a><\/p>\n<p>&nbsp;<\/p>","protected":false},"excerpt":{"rendered":"<h3>\u03b2OH-2C-B-Eigenschaften<\/h3>\n<p><strong>Synonym:<\/strong> Beta-Hydroxy-2C-B-Hydrochlorid, BOHB<br \/>\n<strong>CAS-Nummer:<\/strong> 807631-09-0<br \/>\n<strong>Formel:<\/strong> 2\u2010Amino\u20101\u2010(4\u2010brom\u20102,5\u2010dimethoxyphenyl)ethan\u20101\u2010ol\u2010hydrochlorid<br \/>\n<strong>Molmasse:<\/strong> 312,6 g\/mol<br \/>\n<strong>Reinheit:<\/strong> &gt;97%<\/p>","protected":false},"featured_media":28478,"comment_status":"closed","ping_status":"closed","template":"","meta":[],"product_brand":[82],"product_cat":[322,531,532,80,324],"product_tag":[326,918],"class_list":{"0":"post-23325","1":"product","2":"type-product","3":"status-publish","4":"has-post-thumbnail","6":"product_brand-research-chemical","7":"product_cat-bijna-verboden","8":"product_cat-boh-2c-b","9":"product_cat-boh-2c-b-pellets","10":"product_cat-fenethylamine","11":"product_cat-pellets-for-pellet","12":"product_tag-nl","13":"product_tag-oh-2c-b","15":"first","16":"instock","17":"taxable","18":"shipping-taxable","19":"purchasable","20":"product-type-variable"},"_links":{"self":[{"href":"https:\/\/globalsourcechemicals.com\/de_at\/wp-json\/wp\/v2\/product\/23325","targetHints":{"allow":["GET"]}}],"collection":[{"href":"https:\/\/globalsourcechemicals.com\/de_at\/wp-json\/wp\/v2\/product"}],"about":[{"href":"https:\/\/globalsourcechemicals.com\/de_at\/wp-json\/wp\/v2\/types\/product"}],"replies":[{"embeddable":true,"href":"https:\/\/globalsourcechemicals.com\/de_at\/wp-json\/wp\/v2\/comments?post=23325"}],"version-history":[{"count":4,"href":"https:\/\/globalsourcechemicals.com\/de_at\/wp-json\/wp\/v2\/product\/23325\/revisions"}],"predecessor-version":[{"id":26342,"href":"https:\/\/globalsourcechemicals.com\/de_at\/wp-json\/wp\/v2\/product\/23325\/revisions\/26342"}],"wp:featuredmedia":[{"embeddable":true,"href":"https:\/\/globalsourcechemicals.com\/de_at\/wp-json\/wp\/v2\/media\/28478"}],"wp:attachment":[{"href":"https:\/\/globalsourcechemicals.com\/de_at\/wp-json\/wp\/v2\/media?parent=23325"}],"wp:term":[{"taxonomy":"product_brand","embeddable":true,"href":"https:\/\/globalsourcechemicals.com\/de_at\/wp-json\/wp\/v2\/product_brand?post=23325"},{"taxonomy":"product_cat","embeddable":true,"href":"https:\/\/globalsourcechemicals.com\/de_at\/wp-json\/wp\/v2\/product_cat?post=23325"},{"taxonomy":"product_tag","embeddable":true,"href":"https:\/\/globalsourcechemicals.com\/de_at\/wp-json\/wp\/v2\/product_tag?post=23325"}],"curies":[{"name":"wp","href":"https:\/\/api.w.org\/{rel}","templated":true}]}}