{"id":23090,"date":"2025-04-13T17:39:07","date_gmt":"2025-04-13T17:39:07","guid":{"rendered":"https:\/\/globalsourcechemicals.com\/?post_type=product&#038;p=23090"},"modified":"2025-10-03T08:59:06","modified_gmt":"2025-10-03T08:59:06","slug":"lsd-loschpapier","status":"publish","type":"product","link":"https:\/\/globalsourcechemicals.com\/de_at\/geschaft\/1p-lsd-kaufen\/lsd-loschpapier\/","title":{"rendered":"1P-LSD 100 MCG Blotter"},"content":{"rendered":"<h1><strong><span dir=\"auto\" style=\"vertical-align: inherit;\"><span dir=\"auto\" style=\"vertical-align: inherit;\">LSD-Blotter \u2013 Psychedelisches Erlebnis der Extraklasse<\/span><\/span><\/strong><\/h1>\n<p><strong><span dir=\"auto\" style=\"vertical-align: inherit;\"><span dir=\"auto\" style=\"vertical-align: inherit;\">Kaufen Sie 1P-LSD 100 mcg-Blotter in Laborqualit\u00e4t \u2013 sicher, genau dosiert und diskret versendet.<\/span><\/span><\/strong><\/p>\n<hr \/>\n<h2>\u2705<span dir=\"auto\" style=\"vertical-align: inherit;\"><span dir=\"auto\" style=\"vertical-align: inherit;\">Was ist 1P-LSD?<\/span><\/span><\/h2>\n<p><strong><span dir=\"auto\" style=\"vertical-align: inherit;\"><span dir=\"auto\" style=\"vertical-align: inherit;\">1P-LSD (1-Propionyl-Lysergs\u00e4urediethylamid)<\/span><\/span><\/strong><span dir=\"auto\" style=\"vertical-align: inherit;\"><span dir=\"auto\" style=\"vertical-align: inherit;\"> ist ein beliebtes <\/span><\/span><em><span dir=\"auto\" style=\"vertical-align: inherit;\"><span dir=\"auto\" style=\"vertical-align: inherit;\">Forschungschemikalie<\/span><\/span><\/em><span dir=\"auto\" style=\"vertical-align: inherit;\"><span dir=\"auto\" style=\"vertical-align: inherit;\"> aus der Lysergamid-Familie. Es ist bekannt f\u00fcr seine <\/span><\/span><strong><span dir=\"auto\" style=\"vertical-align: inherit;\"><span dir=\"auto\" style=\"vertical-align: inherit;\">psychedelische Effekte<\/span><\/span><\/strong><span dir=\"auto\" style=\"vertical-align: inherit;\"><span dir=\"auto\" style=\"vertical-align: inherit;\"> und wird h\u00e4ufig zur Selbsterforschung und zu wissenschaftlichen Zwecken verwendet. Chemisch gesehen ist es LSD sehr \u00e4hnlich, hat jedoch in einigen L\u00e4ndern leicht unterschiedliche Wirkungen und einen anderen Rechtsstatus.<\/span><\/span><\/p>\n<p><span dir=\"auto\" style=\"vertical-align: inherit;\"><span dir=\"auto\" style=\"vertical-align: inherit;\">Unser <\/span><\/span><strong><span dir=\"auto\" style=\"vertical-align: inherit;\"><span dir=\"auto\" style=\"vertical-align: inherit;\">100 mcg 1P-LSD-Blotter<\/span><\/span><\/strong><span dir=\"auto\" style=\"vertical-align: inherit;\"><span dir=\"auto\" style=\"vertical-align: inherit;\"> sind sowohl f\u00fcr Anf\u00e4nger als auch f\u00fcr erfahrene Benutzer ideal dosiert.<\/span><\/span><\/p>\n<hr \/>\n<h2>\u2b50<span dir=\"auto\" style=\"vertical-align: inherit;\"><span dir=\"auto\" style=\"vertical-align: inherit;\">Warum 1P-LSD bei uns kaufen?<\/span><\/span><\/h2>\n<ul>\n<li>\ud83d\udd2c <strong><span dir=\"auto\" style=\"vertical-align: inherit;\"><span dir=\"auto\" style=\"vertical-align: inherit;\">Laborgepr\u00fcft:<\/span><\/span><\/strong><span dir=\"auto\" style=\"vertical-align: inherit;\"><span dir=\"auto\" style=\"vertical-align: inherit;\"> Garantierte Reinheit und Qualit\u00e4t<\/span><\/span><\/li>\n<li>\ud83d\udccf <strong><span dir=\"auto\" style=\"vertical-align: inherit;\"><span dir=\"auto\" style=\"vertical-align: inherit;\">Genaue Dosierung:<\/span><\/span><\/strong><span dir=\"auto\" style=\"vertical-align: inherit;\"><span dir=\"auto\" style=\"vertical-align: inherit;\"> Jeder L\u00f6scher enth\u00e4lt genau 100 Mikrogramm 1P-LSD<\/span><\/span><\/li>\n<li>\ud83d\udce6 <strong><span dir=\"auto\" style=\"vertical-align: inherit;\"><span dir=\"auto\" style=\"vertical-align: inherit;\">Diskreter Versand:<\/span><\/span><\/strong><span dir=\"auto\" style=\"vertical-align: inherit;\"><span dir=\"auto\" style=\"vertical-align: inherit;\"> Sicher verpackt ohne sichtbare Etiketten<\/span><\/span><\/li>\n<li>\u2705 <strong><span dir=\"auto\" style=\"vertical-align: inherit;\"><span dir=\"auto\" style=\"vertical-align: inherit;\">Zuverl\u00e4ssige Quelle:<\/span><\/span><\/strong><span dir=\"auto\" style=\"vertical-align: inherit;\"><span dir=\"auto\" style=\"vertical-align: inherit;\"> Hunderte zufriedene Kunden gingen <\/span><\/span><a href=\"http:\/\/google.nl\" target=\"_blank\" rel=\"noopener\"><span dir=\"auto\" style=\"vertical-align: inherit;\"><span dir=\"auto\" style=\"vertical-align: inherit;\">vor dir<\/span><\/span><\/a><\/li>\n<\/ul>\n<hr \/>\n<h2>\ud83c\udf08<span dir=\"auto\" style=\"vertical-align: inherit;\"><span dir=\"auto\" style=\"vertical-align: inherit;\">1P-LSD 100 mcg Wirkungen<\/span><\/span><\/h2>\n<p><span dir=\"auto\" style=\"vertical-align: inherit;\"><span dir=\"auto\" style=\"vertical-align: inherit;\">Die Auswirkungen von <\/span><\/span><strong><span dir=\"auto\" style=\"vertical-align: inherit;\"><span dir=\"auto\" style=\"vertical-align: inherit;\">1P-LSD 100 mcg<\/span><\/span><\/strong><span dir=\"auto\" style=\"vertical-align: inherit;\"><span dir=\"auto\" style=\"vertical-align: inherit;\"> sind intensiv und spirituell bereichernd. Anwender berichten unter anderem:<\/span><\/span><\/p>\n<ul>\n<li><span dir=\"auto\" style=\"vertical-align: inherit;\"><span dir=\"auto\" style=\"vertical-align: inherit;\">Visuelle Muster und bunte Halluzinationen<\/span><\/span><\/li>\n<li><span dir=\"auto\" style=\"vertical-align: inherit;\"><span dir=\"auto\" style=\"vertical-align: inherit;\">Erh\u00f6hte Kreativit\u00e4t und geistige Flexibilit\u00e4t<\/span><\/span><\/li>\n<li><span dir=\"auto\" style=\"vertical-align: inherit;\"><span dir=\"auto\" style=\"vertical-align: inherit;\">Selbstbeobachtung und tiefe pers\u00f6nliche Erkenntnisse<\/span><\/span><\/li>\n<li><span dir=\"auto\" style=\"vertical-align: inherit;\"><span dir=\"auto\" style=\"vertical-align: inherit;\">Ver\u00e4nderte Zeitwahrnehmung und Sinnesverst\u00e4rkung<\/span><\/span><\/li>\n<\/ul>\n<p>\u23f1\ufe0f <em><span dir=\"auto\" style=\"vertical-align: inherit;\"><span dir=\"auto\" style=\"vertical-align: inherit;\">Dauer:<\/span><\/span><\/em><span dir=\"auto\" style=\"vertical-align: inherit;\"><span dir=\"auto\" style=\"vertical-align: inherit;\"> 6 bis 10 Stunden <\/span><\/span><br \/>\n\u23f3 <em><span dir=\"auto\" style=\"vertical-align: inherit;\"><span dir=\"auto\" style=\"vertical-align: inherit;\">Beginn:<\/span><\/span><\/em><span dir=\"auto\" style=\"vertical-align: inherit;\"><span dir=\"auto\" style=\"vertical-align: inherit;\"> innerhalb von 30 bis 60 Minuten nach der Einnahme<\/span><\/span><\/p>\n<hr \/>\n<h2>\ud83d\udc8a<span dir=\"auto\" style=\"vertical-align: inherit;\"><span dir=\"auto\" style=\"vertical-align: inherit;\">Empfohlene Dosierung von 1P-LSD<\/span><\/span><\/h2>\n<table>\n<thead>\n<tr>\n<th><span dir=\"auto\" style=\"vertical-align: inherit;\"><span dir=\"auto\" style=\"vertical-align: inherit;\">Benutzerebene<\/span><\/span><\/th>\n<th><span dir=\"auto\" style=\"vertical-align: inherit;\"><span dir=\"auto\" style=\"vertical-align: inherit;\">Dosierung<\/span><\/span><\/th>\n<th><span dir=\"auto\" style=\"vertical-align: inherit;\"><span dir=\"auto\" style=\"vertical-align: inherit;\">Wirkung<\/span><\/span><\/th>\n<\/tr>\n<\/thead>\n<tbody>\n<tr>\n<td><span dir=\"auto\" style=\"vertical-align: inherit;\"><span dir=\"auto\" style=\"vertical-align: inherit;\">Anf\u00e4nger<\/span><\/span><\/td>\n<td><span dir=\"auto\" style=\"vertical-align: inherit;\"><span dir=\"auto\" style=\"vertical-align: inherit;\">50-100 \u00b5g<\/span><\/span><\/td>\n<td><span dir=\"auto\" style=\"vertical-align: inherit;\"><span dir=\"auto\" style=\"vertical-align: inherit;\">Leichter bis mittelschwerer Trip<\/span><\/span><\/td>\n<\/tr>\n<tr>\n<td><span dir=\"auto\" style=\"vertical-align: inherit;\"><span dir=\"auto\" style=\"vertical-align: inherit;\">Erfahrener Benutzer<\/span><\/span><\/td>\n<td><span dir=\"auto\" style=\"vertical-align: inherit;\"><span dir=\"auto\" style=\"vertical-align: inherit;\">100-150 \u00b5g<\/span><\/span><\/td>\n<td><span dir=\"auto\" style=\"vertical-align: inherit;\"><span dir=\"auto\" style=\"vertical-align: inherit;\">Intensive psychedelische Erfahrung<\/span><\/span><\/td>\n<\/tr>\n<tr>\n<td><span dir=\"auto\" style=\"vertical-align: inherit;\"><span dir=\"auto\" style=\"vertical-align: inherit;\">Sehr erfahrener Benutzer<\/span><\/span><\/td>\n<td><span dir=\"auto\" style=\"vertical-align: inherit;\"><span dir=\"auto\" style=\"vertical-align: inherit;\">150+ mcg<\/span><\/span><\/td>\n<td><span dir=\"auto\" style=\"vertical-align: inherit;\"><span dir=\"auto\" style=\"vertical-align: inherit;\">Tiefgr\u00fcndiger und lang anhaltender Trip<\/span><\/span><\/td>\n<\/tr>\n<\/tbody>\n<\/table>\n<p>\u26a0\ufe0f <strong><span dir=\"auto\" style=\"vertical-align: inherit;\"><span dir=\"auto\" style=\"vertical-align: inherit;\">Vorsicht:<\/span><\/span><\/strong><span dir=\"auto\" style=\"vertical-align: inherit;\"><span dir=\"auto\" style=\"vertical-align: inherit;\"> Kombinieren Sie es niemals mit Alkohol oder anderen Drogen. Verwenden Sie es immer in einer sicheren Umgebung.<\/span><\/span><\/p>\n<hr \/>\n<h2>\ud83d\udd10<span dir=\"auto\" style=\"vertical-align: inherit;\"><span dir=\"auto\" style=\"vertical-align: inherit;\">Sicherheit und Lagerung<\/span><\/span><\/h2>\n<ul>\n<li><span dir=\"auto\" style=\"vertical-align: inherit;\"><span dir=\"auto\" style=\"vertical-align: inherit;\">Nicht verwenden, wenn Sie unter psychischen Erkrankungen leiden<\/span><\/span><\/li>\n<li><span dir=\"auto\" style=\"vertical-align: inherit;\"><span dir=\"auto\" style=\"vertical-align: inherit;\">Immer in vertrauter Umgebung (Set &amp; Setting) verwenden<\/span><\/span><\/li>\n<li><span dir=\"auto\" style=\"vertical-align: inherit;\"><span dir=\"auto\" style=\"vertical-align: inherit;\">K\u00fchl, trocken und dunkel lagern<\/span><\/span><\/li>\n<li><span dir=\"auto\" style=\"vertical-align: inherit;\"><span dir=\"auto\" style=\"vertical-align: inherit;\">Au\u00dferhalb der Reichweite von Kindern aufbewahren.<\/span><\/span><\/li>\n<\/ul>\n<hr \/>\n<h2>\ud83d\udc64<span dir=\"auto\" style=\"vertical-align: inherit;\"><span dir=\"auto\" style=\"vertical-align: inherit;\">F\u00fcr wen ist 1P-LSD geeignet?<\/span><\/span><\/h2>\n<p><span dir=\"auto\" style=\"vertical-align: inherit;\"><span dir=\"auto\" style=\"vertical-align: inherit;\">Diese <\/span><\/span><strong><span dir=\"auto\" style=\"vertical-align: inherit;\"><span dir=\"auto\" style=\"vertical-align: inherit;\">1P-LSD 100 mcg L\u00f6schpapier<\/span><\/span><\/strong><span dir=\"auto\" style=\"vertical-align: inherit;\"><span dir=\"auto\" style=\"vertical-align: inherit;\"> sind ideal f\u00fcr:<\/span><\/span><\/p>\n<ul>\n<li>\ud83e\udde0 <strong><span dir=\"auto\" style=\"vertical-align: inherit;\"><span dir=\"auto\" style=\"vertical-align: inherit;\">Psychonauten<\/span><\/span><\/strong><span dir=\"auto\" style=\"vertical-align: inherit;\"><span dir=\"auto\" style=\"vertical-align: inherit;\"> \u2013 Erforschen Sie Ihr Bewusstsein<\/span><\/span><\/li>\n<li>\ud83c\udfa8 <strong><span dir=\"auto\" style=\"vertical-align: inherit;\"><span dir=\"auto\" style=\"vertical-align: inherit;\">Kreative K\u00f6pfe<\/span><\/span><\/strong><span dir=\"auto\" style=\"vertical-align: inherit;\"><span dir=\"auto\" style=\"vertical-align: inherit;\"> \u2013 Neue Ideen anregen<\/span><\/span><\/li>\n<li>\ud83e\uddd8\u200d\u2640\ufe0f <strong><span dir=\"auto\" style=\"vertical-align: inherit;\"><span dir=\"auto\" style=\"vertical-align: inherit;\">Spirituelle Sucher<\/span><\/span><\/strong><span dir=\"auto\" style=\"vertical-align: inherit;\"><span dir=\"auto\" style=\"vertical-align: inherit;\"> \u2013 Suchen Sie nach tiefen Erkenntnissen<\/span><\/span><\/li>\n<li>\ud83e\uddea <strong><span dir=\"auto\" style=\"vertical-align: inherit;\"><span dir=\"auto\" style=\"vertical-align: inherit;\">Forscher<\/span><\/span><\/strong><span dir=\"auto\" style=\"vertical-align: inherit;\"><span dir=\"auto\" style=\"vertical-align: inherit;\"> \u2013 Experimentieren Sie verantwortungsvoll mit <\/span><a title=\"6-CL-ADBA\" href=\"https:\/\/globalsourcechemicals.com\/de_at\/geschaft\/fast-verboten\/6-cl-adba\/\" target=\"_blank\" rel=\"noopener\"><span style=\"vertical-align: inherit;\"><span dir=\"auto\" style=\"vertical-align: inherit;\">6-CL-ADBA<\/span><\/span><\/a><\/span><span style=\"vertical-align: inherit;\">\u00a0<\/span><\/li>\n<\/ul>\n<hr \/>\n<h2>\ud83d\uded2<span dir=\"auto\" style=\"vertical-align: inherit;\"><span dir=\"auto\" style=\"vertical-align: inherit;\">Bestellen Sie 1P-LSD 100 mcg Blotters online<\/span><\/span><\/h2>\n<p><span dir=\"auto\" style=\"vertical-align: inherit;\"><span dir=\"auto\" style=\"vertical-align: inherit;\">Erleben Sie die Kraft von <\/span><\/span><strong><span dir=\"auto\" style=\"vertical-align: inherit;\"><span dir=\"auto\" style=\"vertical-align: inherit;\">1P-LSD<\/span><\/span><\/strong><span dir=\"auto\" style=\"vertical-align: inherit;\"><span dir=\"auto\" style=\"vertical-align: inherit;\"> mit unseren hochwertigen L\u00f6schbl\u00e4ttern. Bestellen Sie noch heute f\u00fcr:<\/span><\/span><\/p>\n<p>\u2714\ufe0f<span dir=\"auto\" style=\"vertical-align: inherit;\"><span dir=\"auto\" style=\"vertical-align: inherit;\">Schnelle Lieferung <\/span><\/span><br \/>\n\u2714\ufe0f<span dir=\"auto\" style=\"vertical-align: inherit;\"><span dir=\"auto\" style=\"vertical-align: inherit;\">Diskrete Verpackung <\/span><\/span><br \/>\n\u2714\ufe0f<span dir=\"auto\" style=\"vertical-align: inherit;\"><span dir=\"auto\" style=\"vertical-align: inherit;\">Garantierte Spitzenqualit\u00e4t<\/span><\/span><\/p>\n<p><strong>\ud83d\udc49<span dir=\"auto\" style=\"vertical-align: inherit;\"><span dir=\"auto\" style=\"vertical-align: inherit;\">Bestellen Sie jetzt und beginnen Sie Ihre psychedelische Reise! <\/span><\/span><a title=\"1V-LSD 150 MCG Blotter\" href=\"https:\/\/globalsourcechemicals.com\/de_at\/geschaft\/lysergamide\/1v-lsd-150-mcg-blotters\/\" target=\"_blank\" rel=\"noopener\"><span style=\"vertical-align: inherit;\"><span dir=\"auto\" style=\"vertical-align: inherit;\"><span dir=\"auto\" style=\"vertical-align: inherit;\">1V-LSD 150 MCG Blotter<\/span><\/span><\/span><\/a><\/strong><\/p>\n<hr \/>\n<h2>\u2753<span dir=\"auto\" style=\"vertical-align: inherit;\"><span dir=\"auto\" style=\"vertical-align: inherit;\">H\u00e4ufig gestellte Fragen (FAQ)<\/span><\/span><\/h2>\n<p><strong><span dir=\"auto\" style=\"vertical-align: inherit;\"><span dir=\"auto\" style=\"vertical-align: inherit;\">Ist 1P-LSD in den Niederlanden legal?<\/span><\/span><\/strong><br \/>\n<span dir=\"auto\" style=\"vertical-align: inherit;\"><span dir=\"auto\" style=\"vertical-align: inherit;\"> Die Gesetzgebung zu 1P-LSD kann sich \u00e4ndern. Informieren Sie sich stets \u00fcber die neuesten Vorschriften.<\/span><\/span><\/p>\n<p><strong><span dir=\"auto\" style=\"vertical-align: inherit;\"><span dir=\"auto\" style=\"vertical-align: inherit;\">Wie sollte ich 1P-LSD-Blotter aufbewahren?<\/span><\/span><\/strong><br \/>\n<span dir=\"auto\" style=\"vertical-align: inherit;\"><span dir=\"auto\" style=\"vertical-align: inherit;\"> In einem luftdichten Beh\u00e4lter an einem dunklen, trockenen Ort bei Raumtemperatur.<\/span><\/span><\/p>\n<p><strong><span dir=\"auto\" style=\"vertical-align: inherit;\"><span dir=\"auto\" style=\"vertical-align: inherit;\">Kann ich 1P-LSD mit anderen Drogen kombinieren?<\/span><\/span><\/strong><br \/>\n<span dir=\"auto\" style=\"vertical-align: inherit;\"><span dir=\"auto\" style=\"vertical-align: inherit;\"> Aufgrund unvorhersehbarer Wechselwirkungen wird eine Kombination nicht empfohlen.<\/span><\/span><\/p>\n<p><strong><span dir=\"auto\" style=\"vertical-align: inherit;\"><span dir=\"auto\" style=\"vertical-align: inherit;\">Wann setzt die Wirkung von 1P-LSD ein?<\/span><\/span><\/strong><br \/>\n<span dir=\"auto\" style=\"vertical-align: inherit;\"><span dir=\"auto\" style=\"vertical-align: inherit;\"> Normalerweise innerhalb von 30 bis 60 Minuten nach der Einnahme, abh\u00e4ngig von Mageninhalt und Stoffwechsel. <\/span><a title=\"2C-EF 2 mg Kapseln\" href=\"https:\/\/globalsourcechemicals.com\/de_at\/geschaft\/phenethylamin\/2c-ef-2mg-kapseln\/\" target=\"_blank\" rel=\"noopener\"><span style=\"vertical-align: inherit;\"><span dir=\"auto\" style=\"vertical-align: inherit;\">2C-EF 2 mg Kapseln<\/span><\/span><\/a><\/span><span style=\"vertical-align: inherit;\">\u00a0<\/span><\/p>","protected":false},"excerpt":{"rendered":"<h2><span style=\"vertical-align: inherit;\"><span style=\"vertical-align: inherit;\"><span dir=\"auto\" style=\"vertical-align: inherit;\"><span dir=\"auto\" style=\"vertical-align: inherit;\">1P-LSD blotter properties<\/span><\/span><\/span><\/span><\/h2>\n<p><strong><span style=\"vertical-align: inherit;\"><span style=\"vertical-align: inherit;\"><span dir=\"auto\" style=\"vertical-align: inherit;\"><span dir=\"auto\" style=\"vertical-align: inherit;\">Synonyms<\/span><\/span><\/span><\/span><\/strong><span style=\"vertical-align: inherit;\"><span style=\"vertical-align: inherit;\"><span dir=\"auto\" style=\"vertical-align: inherit;\"><span dir=\"auto\" style=\"vertical-align: inherit;\"> : N,N-diethyl-7-methyl-4-propanoyl-6,6a,8,9-tetrahydroindolo[4,3-fg]quinoline-9-carboxamide <\/span><\/span><\/span><\/span><br \/>\n<strong><span style=\"vertical-align: inherit;\"><span style=\"vertical-align: inherit;\"><span dir=\"auto\" style=\"vertical-align: inherit;\"><span dir=\"auto\" style=\"vertical-align: inherit;\">CAS Number<\/span><\/span><\/span><\/span><\/strong><span style=\"vertical-align: inherit;\"><span style=\"vertical-align: inherit;\"><span dir=\"auto\" style=\"vertical-align: inherit;\"><span dir=\"auto\" style=\"vertical-align: inherit;\"> : 2349358-81-0 <\/span><\/span><\/span><\/span><br \/>\n<strong><span style=\"vertical-align: inherit;\"><span style=\"vertical-align: inherit;\"><span dir=\"auto\" style=\"vertical-align: inherit;\"><span dir=\"auto\" style=\"vertical-align: inherit;\">Formula<\/span><\/span><\/span><\/span><\/strong><span style=\"vertical-align: inherit;\"><span style=\"vertical-align: inherit;\"><span dir=\"auto\" style=\"vertical-align: inherit;\"><span dir=\"auto\" style=\"vertical-align: inherit;\"> : C23H29N3O2 <\/span><\/span><\/span><\/span><br \/>\n<strong><span style=\"vertical-align: inherit;\"><span style=\"vertical-align: inherit;\"><span dir=\"auto\" style=\"vertical-align: inherit;\"><span dir=\"auto\" style=\"vertical-align: inherit;\">Molar Mass<\/span><\/span><\/span><\/span><\/strong><span style=\"vertical-align: inherit;\"><span style=\"vertical-align: inherit;\"><span dir=\"auto\" style=\"vertical-align: inherit;\"><span dir=\"auto\" style=\"vertical-align: inherit;\"> : 379.5 g\/mol <\/span><\/span><\/span><\/span><br \/>\n<strong><span style=\"vertical-align: inherit;\"><span style=\"vertical-align: inherit;\"><span dir=\"auto\" style=\"vertical-align: inherit;\"><span dir=\"auto\" style=\"vertical-align: inherit;\">Purity<\/span><\/span><\/span><\/span><\/strong><span style=\"vertical-align: inherit;\"><span style=\"vertical-align: inherit;\"><span dir=\"auto\" style=\"vertical-align: inherit;\"><span dir=\"auto\" style=\"vertical-align: inherit;\"> : \u226599.3%<\/span><\/span><\/span><\/span><\/p>\n","protected":false},"featured_media":27745,"comment_status":"closed","ping_status":"closed","template":"","meta":[],"product_brand":[82],"product_cat":[363,358],"product_tag":[633,634,632,326],"class_list":{"0":"post-23090","1":"product","2":"type-product","3":"status-publish","4":"has-post-thumbnail","6":"product_brand-research-chemical","7":"product_cat-1p-lsd-kopen","8":"product_cat-lysergamides","9":"product_tag-blotters","10":"product_tag-lsd","11":"product_tag-lsd-blotter","12":"product_tag-nl","14":"first","15":"instock","16":"taxable","17":"shipping-taxable","18":"purchasable","19":"product-type-variable"},"_links":{"self":[{"href":"https:\/\/globalsourcechemicals.com\/de_at\/wp-json\/wp\/v2\/product\/23090","targetHints":{"allow":["GET"]}}],"collection":[{"href":"https:\/\/globalsourcechemicals.com\/de_at\/wp-json\/wp\/v2\/product"}],"about":[{"href":"https:\/\/globalsourcechemicals.com\/de_at\/wp-json\/wp\/v2\/types\/product"}],"replies":[{"embeddable":true,"href":"https:\/\/globalsourcechemicals.com\/de_at\/wp-json\/wp\/v2\/comments?post=23090"}],"version-history":[{"count":5,"href":"https:\/\/globalsourcechemicals.com\/de_at\/wp-json\/wp\/v2\/product\/23090\/revisions"}],"predecessor-version":[{"id":28110,"href":"https:\/\/globalsourcechemicals.com\/de_at\/wp-json\/wp\/v2\/product\/23090\/revisions\/28110"}],"wp:featuredmedia":[{"embeddable":true,"href":"https:\/\/globalsourcechemicals.com\/de_at\/wp-json\/wp\/v2\/media\/27745"}],"wp:attachment":[{"href":"https:\/\/globalsourcechemicals.com\/de_at\/wp-json\/wp\/v2\/media?parent=23090"}],"wp:term":[{"taxonomy":"product_brand","embeddable":true,"href":"https:\/\/globalsourcechemicals.com\/de_at\/wp-json\/wp\/v2\/product_brand?post=23090"},{"taxonomy":"product_cat","embeddable":true,"href":"https:\/\/globalsourcechemicals.com\/de_at\/wp-json\/wp\/v2\/product_cat?post=23090"},{"taxonomy":"product_tag","embeddable":true,"href":"https:\/\/globalsourcechemicals.com\/de_at\/wp-json\/wp\/v2\/product_tag?post=23090"}],"curies":[{"name":"wp","href":"https:\/\/api.w.org\/{rel}","templated":true}]}}