{"id":27218,"date":"2025-08-14T11:23:19","date_gmt":"2025-08-14T11:23:19","guid":{"rendered":"https:\/\/globalsourcechemicals.com\/?page_id=27218"},"modified":"2025-10-13T09:49:38","modified_gmt":"2025-10-13T09:49:38","slug":"datenschutzrichtlinie","status":"publish","type":"page","link":"https:\/\/globalsourcechemicals.com\/de_at\/datenschutzrichtlinie\/","title":{"rendered":"Datenschutzrichtlinie"},"content":{"rendered":"<p>Dies ist die Datenschutzerkl\u00e4rung von Researchchemicalskopen.net, die Sie unter\u00a0<a href=\"https:\/\/globalsourcechemicals.com\/de_at\/\">globalsourcechemicals.com<\/a><\/p>\n\n\n\n<h3 class=\"wp-block-heading\">Anwendbarkeit<\/h3>\n\n\n\n<p>Deze privacyverklaring is van toepassing op alle gevoelige informatie of persoonsgegevens die je aan ons verstrekt, bijvoorbeeld via een inschrijfformulier, contactformulier, of bestellingen die je plaatst. We hechten veel waarde aan de privacy van onze klanten en gaan daarom uiterst zorgvuldig om met het verwerken en beschermen van persoonsgegevens. Onze gegevensverwerking gebeurt in overeenstemming met de voorwaarden die zijn gesteld in de Algemene Verordening Gegevensbescherming (AVG). globalsourcechemicals.com is de verwerkingsverantwoordelijke in de zin van de AVG met betrekking tot jouw persoonsgegevens. Dit betekent dat wij bepalen welke persoonsgegevens worden verwerkt, voor welk doel, en op welke manier. Wij zorgen ervoor dat jouw persoonsgegevens op een correcte en zorgvuldige wijze worden verwerkt in overeenstemming met de AVG. In deze privacyverklaring leggen wij uit welke gegevens wij verwerken en voor welke doeleinden deze worden gebruikt.<\/p>\n\n\n\n<h3 class=\"wp-block-heading\">\u00dcbersicht \u00fcber personenbezogene Daten<\/h3>\n\n\n\n<p>Nachfolgend finden Sie eine \u00dcbersicht \u00fcber die von uns verarbeiteten personenbezogenen Daten:<\/p>\n\n\n\n<ul class=\"wp-block-list\">\n<li>Vor- und Nachname<\/li>\n\n\n\n<li>Adressdaten<\/li>\n\n\n\n<li>Telefonnummer<\/li>\n\n\n\n<li>E-Mail-Adresse<\/li>\n\n\n\n<li>IP-Adresse eines Website-Besuchers<\/li>\n<\/ul>\n\n\n\n<h3 class=\"wp-block-heading\">Zweck und Grundlage der Datenverarbeitung<\/h3>\n\n\n\n<p>Mit der Zustimmung zu dieser Datenschutzerkl\u00e4rung willigen Sie ausdr\u00fccklich gem\u00e4\u00df Artikel 6 Absatz 1 Buchstabe a DSGVO in die Verarbeitung Ihrer personenbezogenen Daten zu den unten genannten Zwecken ein. Sie k\u00f6nnen diese Einwilligung jederzeit widerrufen. Wenn Sie uns bestimmte Daten nicht zur Verf\u00fcgung stellen oder deren Verarbeitung nicht gestatten, k\u00f6nnen wir Ihnen jedoch m\u00f6glicherweise keinen optimalen Service bieten.<\/p>\n\n\n\n<p>Wenn Sie uns keine ausdr\u00fcckliche Einwilligung zur Verarbeitung Ihrer personenbezogenen Daten erteilt haben oder diese Einwilligung widerrufen haben, kann die Verarbeitung Ihrer personenbezogenen Daten auf Artikel 6 Absatz 1 Buchstaben b, c und\/oder f der DSGVO beruhen. In diesem Fall kann die Verarbeitung Ihrer personenbezogenen Daten ohne Ihre Einwilligung erfolgen, sofern dies f\u00fcr die Erf\u00fcllung eines Vertrags, dessen Vertragspartei Sie sind, oder zur Wahrung der berechtigten Interessen von Professor.nl erforderlich ist. Dar\u00fcber hinaus k\u00f6nnen wir gesetzlich zur Verarbeitung Ihrer personenbezogenen Daten verpflichtet sein.<\/p>\n\n\n\n<p>Wir verarbeiten Ihre personenbezogenen Daten zu folgenden Zwecken:<\/p>\n\n\n\n<ul class=\"wp-block-list\">\n<li>Erbringung unserer Dienstleistungen (z.B. Lieferung von Waren)<\/li>\n\n\n\n<li>Ihre Zahlung wird bearbeitet<\/li>\n\n\n\n<li>Versand unseres Newsletters<\/li>\n\n\n\n<li>Informieren Sie sich \u00fcber \u00c4nderungen unserer Dienstleistungen und Produkte<\/li>\n\n\n\n<li>Bieten Sie Ihnen die M\u00f6glichkeit, ein Konto zu erstellen<\/li>\n<\/ul>\n\n\n\n<p>Wir speichern Ihre personenbezogenen Daten nicht l\u00e4nger als unbedingt erforderlich, um die Zwecke zu erreichen, f\u00fcr die sie erhoben wurden.<\/p>\n\n\n\n<h3 class=\"wp-block-heading\">Weitergabe an Dritte<\/h3>\n\n\n\n<p>Wir k\u00f6nnen Ihre personenbezogenen Daten an Dritte weitergeben, sofern dies mit den oben genannten Zwecken vereinbar ist. Die Weitergabe an Dritte kann zur Durchf\u00fchrung des mit Ihnen geschlossenen Vertrags, zur Wahrung unserer berechtigten Interessen oder zur Erf\u00fcllung gesetzlicher Verpflichtungen erforderlich sein. Mit Unternehmen, die Ihre Daten in unserem Auftrag verarbeiten, haben wir Datenverarbeitungsvertr\u00e4ge abgeschlossen, um das gleiche Ma\u00df an Sicherheit und Vertraulichkeit Ihrer Daten zu gew\u00e4hrleisten. Wir bleiben f\u00fcr diese Verarbeitungsvorg\u00e4nge verantwortlich. Au\u00dferhalb der oben genannten Situationen geben wir Ihre personenbezogenen Daten nur mit Ihrer ausdr\u00fccklichen Zustimmung an andere Dritte weiter.<\/p>\n\n\n\n<h3 class=\"wp-block-heading\">Kommerzielle Zwecke<\/h3>\n\n\n\n<p>Wir k\u00f6nnen Ihre personenbezogenen Daten f\u00fcr kommerzielle Zwecke verwenden, beispielsweise um Sie \u00fcber unsere Dienstleistungen, relevante Produkte oder Gesetzes\u00e4nderungen zu informieren, die unser Angebot beeinflussen k\u00f6nnen. In diesem Fall kontaktieren wir Sie ausschlie\u00dflich \u00fcber die E-Mail-Adresse, mit der Sie sich bei uns registriert haben. Wenn Sie keine Informationen \u00fcber relevante Produkte oder Dienstleistungen erhalten m\u00f6chten, k\u00f6nnen Sie dies ganz einfach durch Klicken auf \u201eAbmelden\u201c in der E-Mail, die Sie erhalten, angeben. F\u00fcr Marktforschungszwecke k\u00f6nnen Ihre personenbezogenen Daten anonymisiert werden, sodass sie nicht mehr auf Sie zur\u00fcckgef\u00fchrt werden k\u00f6nnen.<\/p>\n\n\n\n<p>Ihre Daten werden nicht verkauft oder zu kommerziellen Zwecken an Dritte weitergegeben, es sei denn, Sie haben hierzu ausdr\u00fccklich eingewilligt.<\/p>\n\n\n\n<h3 class=\"wp-block-heading\">Cookie Einstellungen<\/h3>\n\n\n\n<p>Ein Cookie ist eine kleine Textdatei, die beim ersten Besuch unserer Website auf Ihrem Computer, Tablet oder Smartphone gespeichert wird. Sie k\u00f6nnen diese Cookies deaktivieren, indem Sie Ihren Internetbrowser so konfigurieren, dass sie nicht mehr gespeichert werden. Sie k\u00f6nnen auch alle zuvor gespeicherten Informationen \u00fcber Ihre Browsereinstellungen l\u00f6schen.<\/p>\n\n\n\n<p>Wir verwenden folgende Cookies:<\/p>\n\n\n\n<ul class=\"wp-block-list\">\n<li><strong>Funktionelle Cookies:<\/strong>&nbsp;Dies sind Cookies, die f\u00fcr den technischen Betrieb der Website und Ihre Benutzerfreundlichkeit erforderlich sind. Sie stellen sicher, dass die Website ordnungsgem\u00e4\u00df funktioniert und speichern beispielsweise Ihre Einstellungen. Diese Cookies erm\u00f6glichen es uns, unsere Website zu optimieren. Es handelt sich um analytische Cookies, die Ihre Privatsph\u00e4re nicht verletzen und f\u00fcr die wir Ihre vorherige Zustimmung nicht ben\u00f6tigen.<\/li>\n\n\n\n<li><strong>Google Analytics:<\/strong>&nbsp;Diese Website verwendet Cookies des amerikanischen Unternehmens Google im Rahmen ihres \u201eAnalytics\u201c-Dienstes. Researchchemicalskopen.net nutzt diesen Dienst, um Berichte \u00fcber die Website-Nutzung zu erstellen und deren Qualit\u00e4t und Effektivit\u00e4t zu messen. Wir verwenden Google Analytics gem\u00e4\u00df den Vorschriften der niederl\u00e4ndischen Datenschutzbeh\u00f6rde (Autoriteit Persoonsgegevens). Daher ben\u00f6tigen wir f\u00fcr die Verwendung von Google Analytics nicht Ihre vorherige Zustimmung.<\/li>\n<\/ul>\n\n\n\n<h3 class=\"wp-block-heading\">Zugriff, Korrektur oder L\u00f6schung<\/h3>\n\n\n\n<p>Sie haben das Recht, auf Ihre personenbezogenen Daten zuzugreifen, sie zu korrigieren oder zu l\u00f6schen. Sie haben au\u00dferdem das Recht, Ihre Einwilligung zur Verarbeitung Ihrer personenbezogenen Daten zu widerrufen oder der Verarbeitung Ihrer personenbezogenen Daten zu widersprechen. Sie haben au\u00dferdem das Recht auf Daten\u00fcbertragbarkeit, wenn wir digitale personenbezogene Daten speichern, die wir entweder mit Ihrer Einwilligung oder zur Erf\u00fcllung einer mit Ihnen geschlossenen Vereinbarung verarbeiten.<\/p>\n\n\n\n<p>Das bedeutet, dass Sie bei uns eine Anfrage stellen k\u00f6nnen, um die digitalen personenbezogenen Daten, die wir \u00fcber Sie in einer lesbaren Computerdatei speichern, an Sie oder eine andere von Ihnen benannte Organisation zu senden.<\/p>\n\n\n\n<p>Je kunt een verzoek tot inzage, correctie, verwijdering, gegevensoverdracht van jouw persoonsgegevens of verzoek tot intrekking van jouw toestemming of bezwaar tegen de verwerking van jouw persoonsgegevens sturen naar&nbsp;info@globalsourcechemicals.com<\/p>\n\n\n\n<p><\/p>","protected":false},"excerpt":{"rendered":"<p>Dit is de privacyverklaring van Researchchemicalskopen.net, te vinden op\u00a0globalsourcechemicals.com Toepasselijkheid Deze privacyverklaring is van toepassing op alle gevoelige informatie of<\/p>","protected":false},"author":1,"featured_media":0,"parent":0,"menu_order":0,"comment_status":"closed","ping_status":"closed","template":"","meta":{"footnotes":""},"class_list":["post-27218","page","type-page","status-publish","hentry"],"_links":{"self":[{"href":"https:\/\/globalsourcechemicals.com\/de_at\/wp-json\/wp\/v2\/pages\/27218","targetHints":{"allow":["GET"]}}],"collection":[{"href":"https:\/\/globalsourcechemicals.com\/de_at\/wp-json\/wp\/v2\/pages"}],"about":[{"href":"https:\/\/globalsourcechemicals.com\/de_at\/wp-json\/wp\/v2\/types\/page"}],"author":[{"embeddable":true,"href":"https:\/\/globalsourcechemicals.com\/de_at\/wp-json\/wp\/v2\/users\/1"}],"replies":[{"embeddable":true,"href":"https:\/\/globalsourcechemicals.com\/de_at\/wp-json\/wp\/v2\/comments?post=27218"}],"version-history":[{"count":2,"href":"https:\/\/globalsourcechemicals.com\/de_at\/wp-json\/wp\/v2\/pages\/27218\/revisions"}],"predecessor-version":[{"id":28550,"href":"https:\/\/globalsourcechemicals.com\/de_at\/wp-json\/wp\/v2\/pages\/27218\/revisions\/28550"}],"wp:attachment":[{"href":"https:\/\/globalsourcechemicals.com\/de_at\/wp-json\/wp\/v2\/media?parent=27218"}],"curies":[{"name":"wp","href":"https:\/\/api.w.org\/{rel}","templated":true}]}}