{"id":24905,"date":"2025-04-13T17:43:41","date_gmt":"2025-04-13T17:43:41","guid":{"rendered":"https:\/\/globalsourcechemicals.com\/?post_type=product&#038;p=24905"},"modified":"2025-10-02T15:06:24","modified_gmt":"2025-10-02T15:06:24","slug":"meai","status":"publish","type":"product","link":"https:\/\/globalsourcechemicals.com\/de\/geschaft\/meai\/meai\/","title":{"rendered":"MEAI"},"content":{"rendered":"<p class=\"ds-markdown-paragraph\"><strong>MEAI (5-Methoxy-2-aminoindan) \u2013 Innovative Forschungsverbindung f\u00fcr wissenschaftliche Studien<\/strong><\/p>\n<h3><strong>Was ist MEAI?<\/strong><\/h3>\n<p class=\"ds-markdown-paragraph\">MEAI (5-Methoxy-2-aminoindan) ist eine einzigartige Forschungschemikalie mit einer interessanten chemischen Struktur, die in verschiedenen Forschungsbereichen wissenschaftliches Interesse geweckt hat. Diese Substanz wird ausschlie\u00dflich in kontrollierten Forschungsumgebungen verwendet.<\/p>\n<h3><strong>Warum sollten Sie sich f\u00fcr unsere MEAI-Produkte entscheiden?<\/strong><\/h3>\n<p class=\"ds-markdown-paragraph\">\u2714\u00a0<strong>Hohe Reinheit<\/strong>\u00a0\u2013 Analytisch auf Konsistenz und Qualit\u00e4t gepr\u00fcft<br \/>\n\u2714\u00a0<strong>Pr\u00e4zisionsformulierung<\/strong>\u00a0\u2013 Pr\u00e4zise dosiert f\u00fcr reproduzierbare Ergebnisse<br \/>\n\u2714\u00a0<strong>Multidisziplin\u00e4res Forschungspotenzial<\/strong>\u00a0\u2013 Geeignet f\u00fcr verschiedene wissenschaftliche Anwendungen<br \/>\n\u2714\u00a0<strong>Sichere Verpackung<\/strong>\u00a0\u2013 Fachgerechte Lagerung in licht- und luftdichter Verpackung<\/p>\n<h3><strong>Wissenschaftliche Anwendungen<\/strong><\/h3>\n<p class=\"ds-markdown-paragraph\">MEAI kann f\u00fcr die Forschung zu folgenden Themen relevant sein:<\/p>\n<ul>\n<li>\n<p class=\"ds-markdown-paragraph\">Neurochemische Wechselwirkungen<\/p>\n<\/li>\n<li>\n<p class=\"ds-markdown-paragraph\">Studien zu Verhaltensauswirkungen<\/p>\n<\/li>\n<li>\n<p class=\"ds-markdown-paragraph\">Rezeptorbindungsforschung<\/p>\n<\/li>\n<li>\n<p class=\"ds-markdown-paragraph\">Vergleichende pharmakologische Analysen<\/p>\n<\/li>\n<\/ul>\n<h3><strong>Sicherheit &amp; Handhabung<\/strong><\/h3>\n<ul>\n<li>\n<p class=\"ds-markdown-paragraph\"><strong>Nur f\u00fcr Forschungszwecke<\/strong><\/p>\n<\/li>\n<li>\n<p class=\"ds-markdown-paragraph\">Erfordert kontrollierte Laborumgebung<\/p>\n<\/li>\n<li>\n<p class=\"ds-markdown-paragraph\">Pers\u00f6nliche Schutzausr\u00fcstung empfohlen<\/p>\n<\/li>\n<li>\n<p class=\"ds-markdown-paragraph\">Au\u00dferhalb der Reichweite von Unbefugten aufbewahren<\/p>\n<\/li>\n<\/ul>\n<h3><strong>Bestellinformationen<\/strong><\/h3>\n<ul>\n<li>\n<p class=\"ds-markdown-paragraph\">In verschiedenen Mengen erh\u00e4ltlich<\/p>\n<\/li>\n<li>\n<p class=\"ds-markdown-paragraph\">Diskreter Versand mit Sendungsverfolgung<\/p>\n<\/li>\n<li>\n<p class=\"ds-markdown-paragraph\">Nur f\u00fcr qualifizierte Forscher und Institutionen<\/p>\n<\/li>\n<\/ul>\n<h3><strong>Rechtsstatus<\/strong><\/h3>\n<p class=\"ds-markdown-paragraph\">Der rechtliche Status von MEAI variiert je nach Land. Es liegt in der Verantwortung des Forschers, die lokalen Gesetze einzuhalten. Dieses Produkt ist\u00a0<strong>nicht f\u00fcr den menschlichen Verzehr bestimmt<\/strong>.<\/p>\n<p class=\"ds-markdown-paragraph\"><strong>Wichtiger Hinweis:<\/strong><br \/>\nDieses Produkt ist ausschlie\u00dflich f\u00fcr wissenschaftliche Forschungszwecke bestimmt. Unsachgem\u00e4\u00dfe Anwendung kann gef\u00e4hrlich sein. Au\u00dferhalb der Reichweite von Kindern und Tieren aufbewahren. <a href=\"https:\/\/globalsourcechemicals.com\/de\/geschaft\/iboga-ibogain\/iboga-wurzelrinde\/\">Iboga-Wurzelrinde<\/a><a href=\"https:\/\/globalsourcechemicals.com\/de\/geschaft\/iboga-ibogain\/ibogain-hcl-kaufen\/\">Kaufen Sie Ibogain HCL<\/a><a href=\"https:\/\/globalsourcechemicals.com\/de\/geschaft\/lysergamide\/1cp-lsd-150-mcg-kunstloscher\/\">1cP-LSD 150 MCG Art Blotters<\/a><a href=\"https:\/\/globalsourcechemicals.com\/de\/geschaft\/pellets\/o-dsmt-50-mg-pellets\/\">O-DSMT 50 mg Pellets<\/a><a href=\"https:\/\/globalsourcechemicals.com\/de\/geschaft\/lysergamide\/1v-lsd-150-mcg-blotters\/\">1V-LSD 150 MCG Blotter<\/a><\/p>","protected":false},"excerpt":{"rendered":"<h3><span data-sheets-value=\"{\" data-sheets-userformat=\"{\">MEAI-Eigenschaften<\/span><\/h3>\n<p><strong>Synonym:<\/strong> 5-Methoxy-2-aminoindan, 5-MeO-Al, Chaperon<br \/>\n<strong>CAS-Nummer:<\/strong> 73305-09-6<br \/>\n<strong>Formel:<\/strong> <span title=\"Kohlenstoff\">C<\/span><sub>10<\/sub><span title=\"Wasserstoff\">H<\/span><sub>13<\/sub><span title=\"Stickstoff\">N<\/span><span title=\"Sauerstoff\">O<\/span><br \/>\n<strong>Molmasse:<\/strong> 163,220 g\/mol<br \/>\n<strong>Reinheit:<\/strong> &gt;98%<\/p>","protected":false},"featured_media":27908,"comment_status":"closed","ping_status":"closed","template":"","meta":[],"product_brand":[],"product_cat":[424,336],"product_tag":[603,326],"class_list":{"0":"post-24905","1":"product","2":"type-product","3":"status-publish","4":"has-post-thumbnail","6":"product_cat-meai","7":"product_cat-overig","8":"product_tag-meai","9":"product_tag-nl","11":"first","12":"instock","13":"taxable","14":"shipping-taxable","15":"purchasable","16":"product-type-variable"},"_links":{"self":[{"href":"https:\/\/globalsourcechemicals.com\/de\/wp-json\/wp\/v2\/product\/24905","targetHints":{"allow":["GET"]}}],"collection":[{"href":"https:\/\/globalsourcechemicals.com\/de\/wp-json\/wp\/v2\/product"}],"about":[{"href":"https:\/\/globalsourcechemicals.com\/de\/wp-json\/wp\/v2\/types\/product"}],"replies":[{"embeddable":true,"href":"https:\/\/globalsourcechemicals.com\/de\/wp-json\/wp\/v2\/comments?post=24905"}],"version-history":[{"count":4,"href":"https:\/\/globalsourcechemicals.com\/de\/wp-json\/wp\/v2\/product\/24905\/revisions"}],"predecessor-version":[{"id":26289,"href":"https:\/\/globalsourcechemicals.com\/de\/wp-json\/wp\/v2\/product\/24905\/revisions\/26289"}],"wp:featuredmedia":[{"embeddable":true,"href":"https:\/\/globalsourcechemicals.com\/de\/wp-json\/wp\/v2\/media\/27908"}],"wp:attachment":[{"href":"https:\/\/globalsourcechemicals.com\/de\/wp-json\/wp\/v2\/media?parent=24905"}],"wp:term":[{"taxonomy":"product_brand","embeddable":true,"href":"https:\/\/globalsourcechemicals.com\/de\/wp-json\/wp\/v2\/product_brand?post=24905"},{"taxonomy":"product_cat","embeddable":true,"href":"https:\/\/globalsourcechemicals.com\/de\/wp-json\/wp\/v2\/product_cat?post=24905"},{"taxonomy":"product_tag","embeddable":true,"href":"https:\/\/globalsourcechemicals.com\/de\/wp-json\/wp\/v2\/product_tag?post=24905"}],"curies":[{"name":"wp","href":"https:\/\/api.w.org\/{rel}","templated":true}]}}