{"id":24854,"date":"2025-04-13T17:43:28","date_gmt":"2025-04-13T17:43:28","guid":{"rendered":"https:\/\/globalsourcechemicals.com\/?post_type=product&#038;p=24854"},"modified":"2025-10-02T15:09:49","modified_gmt":"2025-10-02T15:09:49","slug":"dck-20-mg-pellets","status":"publish","type":"product","link":"https:\/\/globalsourcechemicals.com\/de\/geschaft\/arylcyclohexylamin\/dck-20-mg-pellets\/","title":{"rendered":"DCK 20 mg Pellets"},"content":{"rendered":"<h2><span data-sheets-value=\"{\" data-sheets-userformat=\"{\">DCK 20 mg Pellets<\/span><\/h2>\n<p>DCK-Pellets enthalten 20 mg Wirkstoff (DCK).<\/p>\n<p>DCK ist eine Substanz, die nur zu Forschungszwecken verkauft wird und daher nicht zum Verzehr bestimmt ist.<a title=\"2-CMC 250 mg Pellets\" href=\"https:\/\/globalsourcechemicals.com\/de\/geschaft\/cathinone\/%f0%9f%92%a1-2-mmc-kristallines-pulver-fur-alle-fragen-und-antworten-zum-kauf\/\" target=\"_blank\" rel=\"noopener\">2-CMC 250 mg Pellets<\/a><\/p>\n<p>DCK bleibt bei Lagerung in der richtigen Umgebung bis zu 2 Jahre stabil. DCK <a href=\"http:\/\/google.nl\" target=\"_blank\" rel=\"noopener\">Ist<\/a> f\u00fcr Forschungszwecke und nicht zum Konsum bestimmt. Daher ist es wichtig, dass das Produkt au\u00dferhalb der Reichweite von Kindern und Haustieren aufbewahrt wird.<a title=\"2C-EF 2 mg Kapseln\" href=\"https:\/\/globalsourcechemicals.com\/de\/geschaft\/phenethylamin\/2c-ef-2-mg-kapseln\/\" target=\"_blank\" rel=\"noopener\">2C-EF 2 mg Kapseln<\/a><\/p>\n<p>Wir bieten Forschungschemikalien guter Qualit\u00e4t zu einem fairen Preis. Ihre Bestellung wird t\u00e4glich innerhalb von 24 Stunden versendet. Bestellen Sie daher <em>DCK<\/em> sichere und schnelle vi<\/p>\n<h3>DCK-Eigenschaften<\/h3>\n<p><strong>Synonym:<\/strong>\u00a02\u2032-Oxo-PCM, Deschloroketamin<br \/>\n<strong>CAS-Nummer:<\/strong>\u00a04631-27-0<br \/>\n<strong>Formel:<\/strong>\u00a02-(Methylamino)-2-phenyl-cyclohexanon<br \/>\n<strong>Molmasse:<\/strong>\u00a0239,7 g\/mol<br \/>\n<strong>Reinheit:<\/strong>\u00a0&gt;97%<\/p>\n<h3>Gefahrenhinweis<\/h3>\n<p>DCK kann Atemwegsreizungen verursachen<br \/>\nDCK kann Augenreizungen verursachen.<br \/>\nDas Einleiten von Forschungschemikalien in die Umwelt ist verboten.<\/p>\n<p>DCK BEI KONTAKT MIT DEN AUGEN: Augen f\u00fcnf Minuten lang behutsam mit Wasser sp\u00fclen. Kontaktlinsen nach M\u00f6glichkeit entfernen.<\/p>\n<p>DCK BEI KONTAKT MIT DER HAUT: Haut mit Wasser und Seife waschen.<a title=\"6-CL-ADBA\" href=\"https:\/\/globalsourcechemicals.com\/de\/geschaft\/fast-verboten\/6-cl-adba\/\" target=\"_blank\" rel=\"noopener\">6-CL-ADBA<\/a><\/p>\n<p>BEI EINATMEN VON DCK: Bringen Sie die betroffene Person an die frische Luft und halten Sie sie in einer Position, die das Atmen erleichtert.<a title=\"MEAI\" href=\"https:\/\/globalsourcechemicals.com\/de\/geschaft\/andere\/meai\/\" target=\"_blank\" rel=\"noopener\">MEAI<\/a><\/p>","protected":false},"excerpt":{"rendered":"<h3>DCK-Eigenschaften<\/h3>\n<p><strong>Synonym:<\/strong>\u00a02\u2032-Oxo-PCM, Deschloroketamin<br \/>\n<strong>CAS-Nummer:<\/strong>\u00a04631-27-0<br \/>\n<strong>Formel:<\/strong>\u00a02-(Methylamino)-2-phenyl-cyclohexanon<br \/>\n<strong>Molmasse:<\/strong>\u00a0239,7 g\/mol<br \/>\n<strong>Reinheit:<\/strong>\u00a0&gt;97%<\/p>","protected":false},"featured_media":27868,"comment_status":"closed","ping_status":"closed","template":"","meta":[],"product_brand":[82],"product_cat":[71,427,428,324],"product_tag":[272,302,303,326],"class_list":{"0":"post-24854","1":"product","2":"type-product","3":"status-publish","4":"has-post-thumbnail","6":"product_brand-research-chemical","7":"product_cat-arylcyclohexylamine","8":"product_cat-dck","9":"product_cat-dck-pellets","10":"product_cat-pellets-for-pellet","11":"product_tag-2f-dck-kopen","12":"product_tag-dck","13":"product_tag-deschloroketamine","14":"product_tag-nl","16":"first","17":"instock","18":"taxable","19":"shipping-taxable","20":"purchasable","21":"product-type-variable"},"_links":{"self":[{"href":"https:\/\/globalsourcechemicals.com\/de\/wp-json\/wp\/v2\/product\/24854","targetHints":{"allow":["GET"]}}],"collection":[{"href":"https:\/\/globalsourcechemicals.com\/de\/wp-json\/wp\/v2\/product"}],"about":[{"href":"https:\/\/globalsourcechemicals.com\/de\/wp-json\/wp\/v2\/types\/product"}],"replies":[{"embeddable":true,"href":"https:\/\/globalsourcechemicals.com\/de\/wp-json\/wp\/v2\/comments?post=24854"}],"version-history":[{"count":3,"href":"https:\/\/globalsourcechemicals.com\/de\/wp-json\/wp\/v2\/product\/24854\/revisions"}],"predecessor-version":[{"id":25521,"href":"https:\/\/globalsourcechemicals.com\/de\/wp-json\/wp\/v2\/product\/24854\/revisions\/25521"}],"wp:featuredmedia":[{"embeddable":true,"href":"https:\/\/globalsourcechemicals.com\/de\/wp-json\/wp\/v2\/media\/27868"}],"wp:attachment":[{"href":"https:\/\/globalsourcechemicals.com\/de\/wp-json\/wp\/v2\/media?parent=24854"}],"wp:term":[{"taxonomy":"product_brand","embeddable":true,"href":"https:\/\/globalsourcechemicals.com\/de\/wp-json\/wp\/v2\/product_brand?post=24854"},{"taxonomy":"product_cat","embeddable":true,"href":"https:\/\/globalsourcechemicals.com\/de\/wp-json\/wp\/v2\/product_cat?post=24854"},{"taxonomy":"product_tag","embeddable":true,"href":"https:\/\/globalsourcechemicals.com\/de\/wp-json\/wp\/v2\/product_tag?post=24854"}],"curies":[{"name":"wp","href":"https:\/\/api.w.org\/{rel}","templated":true}]}}