{"id":24334,"date":"2025-04-13T17:41:30","date_gmt":"2025-04-13T17:41:30","guid":{"rendered":"https:\/\/globalsourcechemicals.com\/?post_type=product&#038;p=24334"},"modified":"2025-04-21T16:11:23","modified_gmt":"2025-04-21T16:11:23","slug":"rc-benzo-fury-100-mg-blister","status":"publish","type":"product","link":"https:\/\/globalsourcechemicals.com\/de\/geschaft\/b2b\/rc-benzo-fury-100-mg-blister\/","title":{"rendered":"RC+ Benzo Fury 100 mg Blister"},"content":{"rendered":"<h3><strong>Benzo Fury 100 mg Blisterpackung \u2013 Leistungsstarke Forschungschemie<\/strong><\/h3>\n<p class=\"ds-markdown-paragraph\"><strong>Produktname:<\/strong>\u00a0RC Benzo Fury (6-APB \/ 5-APB) \u2013 100 mg pro Tablette \u2013 Blisterpackung<br \/>\n<strong>Hauptkategorie:<\/strong>\u00a0Forschungschemikalien<br \/>\n<strong>Typ:<\/strong>\u00a0Stimulierendes Entaktogen (erwartete Wirkung: Euphorie, Energie, soziale Verbundenheit)<\/p>\n<h4><strong>Produkteigenschaften:<\/strong><\/h4>\n<p class=\"ds-markdown-paragraph\">\u2705\u00a0<strong>Hohe Qualit\u00e4t<\/strong>\u00a0\u2013 Rein und konsequent formuliert<br \/>\n\u2705\u00a0<strong>100 mg pro Tablette<\/strong>\u00a0\u2013 Genaue Dosierung f\u00fcr die Forschung<br \/>\n\u2705\u00a0<strong>Blisterverpackung<\/strong>\u00a0\u2013 Sch\u00fctzt vor Feuchtigkeit <a href=\"http:\/\/google.nl\" target=\"_blank\" rel=\"noopener\">Und<\/a> Schaden<br \/>\n\u2705\u00a0<strong>Umfangreiche Labortests<\/strong>\u00a0\u2013 Optimierung der Reinheit<\/p>\n<h4><strong>Was ist Benzo Fury (6-APB \/ 5-APB)?<\/strong><\/h4>\n<p class=\"ds-markdown-paragraph\">Benzo Fury ist eine Forschungschemikalie, die f\u00fcr ihre stimulierende und empathogene Wirkung bekannt ist, \u00e4hnlich wie Verbindungen wie MDMA. Der Verkauf erfolgt ausschlie\u00dflich f\u00fcr\u00a0<strong>wissenschaftliche Forschung<\/strong>\u00a0und ist\u00a0<strong>nicht f\u00fcr den menschlichen Verzehr bestimmt<\/strong>.<a title=\"2C-EF 2 mg Kapseln\" href=\"https:\/\/globalsourcechemicals.com\/de\/geschaft\/phenethylamin\/2c-ef-2-mg-kapseln\/\" target=\"_blank\" rel=\"noopener\">2C-EF 2 mg Kapseln<\/a><\/p>\n<h4><strong>Wichtige Informationen:<\/strong><\/h4>\n<p class=\"ds-markdown-paragraph\">\u26a0\u00a0<strong>Nur f\u00fcr Forschungszwecke<\/strong>\u00a0\u2013 Nicht f\u00fcr den menschlichen oder tierischen Gebrauch geeignet<br \/>\n\u26a0\u00a0<strong>\u00dcberpr\u00fcfen Sie die Gesetzgebung<\/strong>\u00a0\u2013 Der Status ist je nach Land unterschiedlich (in den Niederlanden unter\u00a0<strong>Opiumgesetz<\/strong>)<br \/>\n\u26a0\u00a0<strong>Sicherheitsvorkehrungen:<\/strong> Verwenden Sie immer pers\u00f6nliche Schutzausr\u00fcstung (Handschuhe, Laborumgebung).<a title=\"2-CMC 250 mg Pellets\" href=\"https:\/\/globalsourcechemicals.com\/de\/geschaft\/cathinone\/%f0%9f%92%a1-2-mmc-kristallines-pulver-fur-alle-fragen-und-antworten-zum-kauf\/\" target=\"_blank\" rel=\"noopener\">2-CMC 250 mg Pellets<\/a><\/p>\n<h4><strong>Warum dieses Produkt w\u00e4hlen?<\/strong><\/h4>\n<p class=\"ds-markdown-paragraph\">\u2714\u00a0<strong>Zuverl\u00e4ssige Qualit\u00e4t<\/strong>\u00a0\u2013 Gr\u00fcndlich auf Reinheit gepr\u00fcft<br \/>\n\u2714\u00a0<strong>Diskreter Versand<\/strong>\u00a0\u2013 Anonyme Verpackung innerhalb der EU<br \/>\n\u2714\u00a0<strong>Schnelle Lieferung<\/strong>\u00a0\u2013 Vor 15 Uhr bestellt, am n\u00e4chsten Werktag versandt<\/p>\n<p class=\"ds-markdown-paragraph\"><strong>Hinweis:<\/strong>\u00a0Dieses Produkt ist\u00a0<strong>nur f\u00fcr wissenschaftliche Forschung bestimmt<\/strong>\u00a0und nicht f\u00fcr den Freizeitgebrauch. Bitte \u00fcberpr\u00fcfen Sie vor der Bestellung die \u00f6rtlichen Gesetze.<a title=\"1V-LSD 150 MCG Blotter\" href=\"https:\/\/globalsourcechemicals.com\/de\/geschaft\/lysergamide\/1v-lsd-150-mcg-blotters\/\" target=\"_blank\" rel=\"noopener\">1V-LSD 150 MCG Blotter<\/a><\/p>","protected":false},"excerpt":{"rendered":"<p><strong>Synonym<\/strong>: 6-(2-Aminopropyl)benzofuran<br \/>\n<strong>CAS-Nummer:<\/strong> 286834-85-3<br \/>\n<strong>Formel<\/strong>: <span title=\"Kohlenstoff\">C<\/span><sub>11<\/sub><span title=\"Wasserstoff\">H<\/span><sub>13<\/sub><span title=\"Stickstoff\">N<\/span><span title=\"Sauerstoff\">O<\/span><br \/>\n<strong>Molmasse<\/strong>: <span class=\"nowrap\">175.231<\/span>\u00a0g\/mol<br \/>\n<strong>Reinheit<\/strong>: &gt;98%<\/p>","protected":false},"featured_media":21434,"comment_status":"closed","ping_status":"closed","template":"","meta":[],"product_brand":[82],"product_cat":[555],"product_tag":[117,126,130,850,118,120,119,121,851,326,122],"class_list":{"0":"post-24334","1":"product","2":"type-product","3":"status-publish","4":"has-post-thumbnail","6":"product_brand-research-chemical","7":"product_cat-b2b","8":"product_tag-6-apb-benzo-fury","9":"product_tag-6-apb-kopen","10":"product_tag-6-apb-ervaring","11":"product_tag-6apb","12":"product_tag-benzo-fury","13":"product_tag-benzo-fury-bestellen-nederland","14":"product_tag-benzo-fury-drugs","15":"product_tag-benzo-fury-kopen","16":"product_tag-benzos-drugs","17":"product_tag-nl","18":"product_tag-wat-is-benzo-fury","20":"first","21":"instock","22":"taxable","23":"shipping-taxable","24":"purchasable","25":"product-type-variable"},"_links":{"self":[{"href":"https:\/\/globalsourcechemicals.com\/de\/wp-json\/wp\/v2\/product\/24334","targetHints":{"allow":["GET"]}}],"collection":[{"href":"https:\/\/globalsourcechemicals.com\/de\/wp-json\/wp\/v2\/product"}],"about":[{"href":"https:\/\/globalsourcechemicals.com\/de\/wp-json\/wp\/v2\/types\/product"}],"replies":[{"embeddable":true,"href":"https:\/\/globalsourcechemicals.com\/de\/wp-json\/wp\/v2\/comments?post=24334"}],"version-history":[{"count":3,"href":"https:\/\/globalsourcechemicals.com\/de\/wp-json\/wp\/v2\/product\/24334\/revisions"}],"predecessor-version":[{"id":25988,"href":"https:\/\/globalsourcechemicals.com\/de\/wp-json\/wp\/v2\/product\/24334\/revisions\/25988"}],"wp:featuredmedia":[{"embeddable":true,"href":"https:\/\/globalsourcechemicals.com\/de\/wp-json\/wp\/v2\/media\/21434"}],"wp:attachment":[{"href":"https:\/\/globalsourcechemicals.com\/de\/wp-json\/wp\/v2\/media?parent=24334"}],"wp:term":[{"taxonomy":"product_brand","embeddable":true,"href":"https:\/\/globalsourcechemicals.com\/de\/wp-json\/wp\/v2\/product_brand?post=24334"},{"taxonomy":"product_cat","embeddable":true,"href":"https:\/\/globalsourcechemicals.com\/de\/wp-json\/wp\/v2\/product_cat?post=24334"},{"taxonomy":"product_tag","embeddable":true,"href":"https:\/\/globalsourcechemicals.com\/de\/wp-json\/wp\/v2\/product_tag?post=24334"}],"curies":[{"name":"wp","href":"https:\/\/api.w.org\/{rel}","templated":true}]}}