{"id":23317,"date":"2025-04-13T17:39:34","date_gmt":"2025-04-13T17:39:34","guid":{"rendered":"https:\/\/globalsourcechemicals.com\/?post_type=product&#038;p=23317"},"modified":"2025-10-03T19:07:03","modified_gmt":"2025-10-03T19:07:03","slug":"flubromazepam-rein","status":"publish","type":"product","link":"https:\/\/globalsourcechemicals.com\/de\/geschaft\/benzodiazepine\/flubromazepam-rein\/","title":{"rendered":"Flubromazepam Rein"},"content":{"rendered":"<h2>Flubromazepam<span class=\"___SText_pr68d-red-team\" data-ui-name=\"Link.Text\">\u00a0Betrieb<\/span><\/h2>\n<p><strong>Flubromazepam <span class=\"___SText_pr68d-red-team\" data-ui-name=\"Link.Text\">Betrieb<\/span><\/strong> ist eine Substanz, die nur zu Forschungszwecken verkauft wird und daher nicht zum Verzehr bestimmt ist.<\/p>\n<p>Flubromazepam bleibt bei Lagerung in der entsprechenden Umgebung bis zu 2 Jahre stabil. Flubromazepam ist f\u00fcr Forschungszwecke und nicht zum Verzehr bestimmt. Daher ist es wichtig, dass das Produkt au\u00dferhalb der Reichweite von Kindern und Haustieren aufbewahrt wird.<a title=\"1V-LSD 150 MCG Blotter\" href=\"https:\/\/globalsourcechemicals.com\/de\/geschaft\/lysergamide\/1v-lsd-150-mcg-blotters\/\" target=\"_blank\" rel=\"noopener\">1V-LSD 150 MCG Blotter<\/a><\/p>\n<p>Wir bieten Forschungschemikalien guter Qualit\u00e4t zu einem fairen Preis. Ihre Bestellung wird t\u00e4glich innerhalb von 24 Stunden versendet. Bestellen Sie daher <em>Flubromazepam<\/em> sicher und schnell \u00fcber !<a title=\"2C-EF 2 mg Kapseln\" href=\"https:\/\/globalsourcechemicals.com\/de\/geschaft\/phenethylamin\/2c-ef-2-mg-kapseln\/\" target=\"_blank\" rel=\"noopener\">2C-EF 2 mg Kapseln<\/a><\/p>\n<h3>Flubromazepam-Eigenschaften<\/h3>\n<p><strong>Synonym:<\/strong> Flubromazepam<br \/>\n<strong>CAS-Nummer:<\/strong> 2647-50-9<br \/>\n<strong>Formel:<\/strong> 7-Brom-5-(2-fluorphenyl)-1,3-dihydro-2H-1,4-benzodiazepin-2-on<br \/>\n<strong>Molmasse:<\/strong> 333,2 g\/mol<br \/>\n<strong>Reinheit:<\/strong> &gt;97%<\/p>\n<h3>Was ist Flubromazepam?<\/h3>\n<p>Flubromazepam ist eine Forschungschemikalie aus der Klasse der Benzodiazepine. Es handelt sich um eine synthetische Verbindung, die aufgrund ihrer m\u00f6glichen Auswirkungen auf das zentrale Nervensystem das Interesse der Forscher geweckt hat.<\/p>\n<p>Flubromazepam stammt aus der Arzneimittelgruppe der Benzodiazepine, die f\u00fcr ihre beruhigenden, angstl\u00f6senden und muskelentspannenden Eigenschaften bekannt sind. Es wurde als Modifikation bestehender Benzodiazepine entwickelt, um Variationen im pharmakologischen Profil und potenzielle therapeutische Anwendungen zu untersuchen. Besonders interessiert sind die Forscher an der Untersuchung der Wechselwirkung von Flubromazepam mit den GABA-A-Rezeptoren im Gehirn. Diese Rezeptoren spielen eine entscheidende Rolle bei der Regulierung hemmender Neurotransmitter.<\/p>\n<p>Die Entwicklung von Flubromazepam als Forschungschemikalie wird von wissenschaftlicher Neugier und dem Wunsch getrieben, unser Verst\u00e4ndnis von Benzodiazepinverbindungen zu verbessern. Durch intensive Forschung wollen Wissenschaftler unser Wissen \u00fcber die Auswirkungen der Verbindung auf das zentrale Nervensystem erweitern und zu einem umfassenderen Verst\u00e4ndnis der Benzodiazepine beitragen.<\/p>\n<h3>Wie ist Flubromazepam entstanden?<\/h3>\n<p>Die Geschichte der Chemikalie Flubromazepam ist eng mit der Entwicklung und Erforschung von Benzodiazepinverbindungen verkn\u00fcpft. Benzodiazepine, eine Klasse, die f\u00fcr ihre beruhigenden, angstl\u00f6senden und muskelentspannenden Eigenschaften bekannt ist, haben eine lange Geschichte in der pharmazeutischen Forschung.<\/p>\n<p>Flubromazepam selbst wurde in den letzten Jahren zu einer untersuchten Chemikalie, da Wissenschaftler versuchten, ihr Wissen und Verst\u00e4ndnis \u00fcber Benzodiazepine zu erweitern. Die Verbindung wurde als Modifikation bestehender Benzodiazepine entwickelt, um m\u00f6gliche Variationen im pharmakologischen Profil und den Eigenschaften zu untersuchen.<\/p>\n<p>Die Synthese und Untersuchung von Flubromazepam fand haupts\u00e4chlich im Bereich der wissenschaftlichen Forschung statt. Forscher, darunter Chemiker, Pharmakologen und Neurowissenschaftler, sind daran interessiert, die chemische Struktur der Verbindung, ihre Auswirkungen auf das zentrale Nervensystem und ihre m\u00f6glichen therapeutischen Anwendungen zu untersuchen.<a title=\"2-CMC 250 mg Pellets\" href=\"https:\/\/globalsourcechemicals.com\/de\/geschaft\/cathinone\/%f0%9f%92%a1-2-mmc-kristallines-pulver-fur-alle-fragen-und-antworten-zum-kauf\/\" target=\"_blank\" rel=\"noopener\">2-CMC 250 mg Pellets<\/a><\/p>\n<h3>Gefahrenhinweis<\/h3>\n<p>Flubromazepam kann Reizungen der Atemwege verursachen<br \/>\nFlubromazepam kann Augenreizungen verursachen.<br \/>\nDas Einleiten von Forschungschemikalien in die Umwelt ist verboten.<\/p>\n<p>Flubromazepam BEI KONTAKT MIT DEN AUGEN: Augen f\u00fcnf Minuten lang behutsam mit Wasser sp\u00fclen. Kontaktlinsen wenn m\u00f6glich entfernen<a href=\"http:\/\/google.nl\" target=\"_blank\" rel=\"noopener\">.<\/a><\/p>\n<p>Flubromazepam BEI HAUTKONTAKT: Haut mit Wasser und Seife waschen.<\/p>\n<p>NACH INHALATION VON Flubromazepam: Bringen Sie das Opfer an die frische Luft und halten Sie es in einer Position, die das Atmen erleichtert.<\/p>","protected":false},"excerpt":{"rendered":"<p>Flubromazepam Effect Bei Flubromazepam Effect handelt es sich um eine Substanz, die nur zu Forschungszwecken verkauft wird und daher nicht zum Verzehr bestimmt ist.<\/p>","protected":false},"featured_media":28477,"comment_status":"closed","ping_status":"closed","template":"","meta":[],"product_brand":[82],"product_cat":[76,386],"product_tag":[138,139,140,142,141,326],"class_list":{"0":"post-23317","1":"product","2":"type-product","3":"status-publish","4":"has-post-thumbnail","6":"product_brand-research-chemical","7":"product_cat-benzodiazepinen","8":"product_cat-flubromazepam","9":"product_tag-flubromazepam","10":"product_tag-flubromazepam-effects","11":"product_tag-flubromazepam-ervaring","12":"product_tag-flubromazepam-halfwaardetijd","13":"product_tag-flubromazepam-werking","14":"product_tag-nl","16":"first","17":"instock","18":"taxable","19":"shipping-taxable","20":"purchasable","21":"product-type-variable"},"_links":{"self":[{"href":"https:\/\/globalsourcechemicals.com\/de\/wp-json\/wp\/v2\/product\/23317","targetHints":{"allow":["GET"]}}],"collection":[{"href":"https:\/\/globalsourcechemicals.com\/de\/wp-json\/wp\/v2\/product"}],"about":[{"href":"https:\/\/globalsourcechemicals.com\/de\/wp-json\/wp\/v2\/types\/product"}],"replies":[{"embeddable":true,"href":"https:\/\/globalsourcechemicals.com\/de\/wp-json\/wp\/v2\/comments?post=23317"}],"version-history":[{"count":3,"href":"https:\/\/globalsourcechemicals.com\/de\/wp-json\/wp\/v2\/product\/23317\/revisions"}],"predecessor-version":[{"id":25431,"href":"https:\/\/globalsourcechemicals.com\/de\/wp-json\/wp\/v2\/product\/23317\/revisions\/25431"}],"wp:featuredmedia":[{"embeddable":true,"href":"https:\/\/globalsourcechemicals.com\/de\/wp-json\/wp\/v2\/media\/28477"}],"wp:attachment":[{"href":"https:\/\/globalsourcechemicals.com\/de\/wp-json\/wp\/v2\/media?parent=23317"}],"wp:term":[{"taxonomy":"product_brand","embeddable":true,"href":"https:\/\/globalsourcechemicals.com\/de\/wp-json\/wp\/v2\/product_brand?post=23317"},{"taxonomy":"product_cat","embeddable":true,"href":"https:\/\/globalsourcechemicals.com\/de\/wp-json\/wp\/v2\/product_cat?post=23317"},{"taxonomy":"product_tag","embeddable":true,"href":"https:\/\/globalsourcechemicals.com\/de\/wp-json\/wp\/v2\/product_tag?post=23317"}],"curies":[{"name":"wp","href":"https:\/\/api.w.org\/{rel}","templated":true}]}}