{"id":27216,"date":"2025-08-14T11:20:44","date_gmt":"2025-08-14T11:20:44","guid":{"rendered":"https:\/\/globalsourcechemicals.com\/?page_id=27216"},"modified":"2025-10-13T09:52:58","modified_gmt":"2025-10-13T09:52:58","slug":"zuruckkehren","status":"publish","type":"page","link":"https:\/\/globalsourcechemicals.com\/de\/zuruckkehren\/","title":{"rendered":"R\u00fcckgaben"},"content":{"rendered":"<p><strong>R\u00fcckgaberecht<\/strong><\/p>\n\n\n\n<p>Gem\u00e4\u00df Fernabsatzgesetz steht Verbrauchern bei Online-K\u00e4ufen eine 14-t\u00e4gige Widerrufsfrist ab Erhalt der Ware zu. Innerhalb dieser Frist kann der Verbraucher das Produkt ohne Angabe von Gr\u00fcnden zur\u00fcckgeben.<\/p>\n\n\n\n<p><strong>Gesch\u00e4ftsbedingungen<\/strong><\/p>\n\n\n\n<p>F\u00fcr die Aus\u00fcbung des Widerrufsrechts gelten bestimmte gesetzliche Bestimmungen. W\u00e4hrend der Widerrufsfrist muss der Verbraucher sowohl das Produkt als auch seine Verpackung sorgf\u00e4ltig behandeln. Das Produkt darf nur insoweit ausgepackt oder verwendet werden, als dies erforderlich ist, um zu beurteilen, ob der Verbraucher das Produkt behalten m\u00f6chte. Im Falle der Aus\u00fcbung des Widerrufsrechts muss das Produkt zusammen mit s\u00e4mtlichem gelieferten Zubeh\u00f6r im Originalzustand und in der Originalverpackung an globalsourcechemicals.com zur\u00fcckgesandt werden.<\/p>\n\n\n\n<p>F\u00fcr besch\u00e4digte, unvollst\u00e4ndige oder stark beanspruchte Produkte besteht kein Anspruch auf eine vollst\u00e4ndige R\u00fcckerstattung.<\/p>\n\n\n\n<p>Die Kosten und Risiken der R\u00fccksendung tr\u00e4gt der Kunde. globalsourcechemicals.com ist verpflichtet, den gezahlten Betrag, abz\u00fcglich der R\u00fccksendekosten, innerhalb von 30 Tagen zur\u00fcckzuerstatten.<\/p>\n\n\n\n<p><strong>Stornierung vor dem Versand<\/strong><\/p>\n\n\n\n<p>Solange die Bestellung noch nicht bezahlt, verpackt und\/oder versandt wurde, kann sie durch eine E-Mail an info storniert werden.<a>@globalsourcechemicals.com<\/a><\/p>\n\n\n\n<p><strong>R\u00fccksendungen nach Erhalt<\/strong><\/p>\n\n\n\n<p>Nach Erhalt Ihrer Bestellung und wenn Sie diese zur\u00fcckgeben m\u00f6chten, m\u00fcssen Sie zun\u00e4chst eine E-Mail an info senden<a>@globalsourcechemicals.com<\/a><\/p>\n\n\n\n<p>Sie tragen lediglich die Kosten f\u00fcr die R\u00fccksendung. Ihre volle R\u00fcckerstattung erfolgt, sobald globalsourcechemicals.com den zur\u00fcckgesendeten Artikel erhalten hat.<\/p>\n\n\n\n<p>Bitte beachten Sie, dass Sie unabh\u00e4ngig vom Widerrufsgrund innerhalb der gesetzlichen Frist handeln m\u00fcssen. Dies bedeutet, dass Sie globalsourcechemicals.com innerhalb von 14 Tagen nach Erhalt Ihrer Bestellung informieren und das Produkt innerhalb von 14 Tagen zur\u00fccksenden m\u00fcssen.<\/p>\n\n\n\n<p><strong>R\u00fcckgaberecht<\/strong><\/p>\n\n\n\n<p>Sie k\u00f6nnen ein Produkt im Rahmen des Widerrufsrechts zur\u00fcckgeben, wenn:<\/p>\n\n\n\n<ul class=\"wp-block-list\">\n<li>Das Produkt wurde nicht verwendet.<\/li>\n\n\n\n<li>Es sind keine Besch\u00e4digungen oder deutliche Gebrauchsspuren erkennbar.<\/li>\n\n\n\n<li>Das Produkt wird inklusive aller Komponenten im gleichen Zustand zur\u00fcckgegeben, in dem es empfangen wurde.<\/li>\n<\/ul>\n\n\n\n<p>Der Erstattungsbetrag kann gek\u00fcrzt werden, wenn:<\/p>\n\n\n\n<ul class=\"wp-block-list\">\n<li>Das Produkt wurde durch den Benutzer oder w\u00e4hrend des R\u00fcckversands besch\u00e4digt.<\/li>\n\n\n\n<li>Das Verpackungsmaterial befindet sich nicht im Originalzustand (beispielsweise wenn die Verpackung ge\u00f6ffnet oder besch\u00e4digt wurde).<\/li>\n<\/ul>\n\n\n\n<p>Wenn Sie Ihre Bestellung ablehnen oder nicht innerhalb der angegebenen Frist deutlich zum Ausdruck bringen, dass Sie von Ihrem Widerrufsrecht Gebrauch machen m\u00f6chten, kann globalsourcechemicals.com die Gr\u00fcnde f\u00fcr die Ablehnung der Bestellung nicht ermitteln. In solchen F\u00e4llen werden Ihnen sowohl die Bestellung als auch etwaige Zusatzkosten in Rechnung gestellt. Sie sind gesetzlich verpflichtet, Researchglobalsourcechemicals.com rechtzeitig \u00fcber Ihre Absicht zu informieren, die Produkte innerhalb der vereinbarten Frist zur\u00fcckzugeben.<\/p>\n\n\n\n<p>Zur\u00fcckgegebene Produkte m\u00fcssen sich im gleichen Zustand befinden, in dem sie unser Lager verlassen haben.<\/p>","protected":false},"excerpt":{"rendered":"<p>Retourbeleid Volgens de Wet Kopen op Afstand heeft de consument bij online aankopen recht op een bedenktijd van 14 dagen<\/p>","protected":false},"author":1,"featured_media":0,"parent":0,"menu_order":0,"comment_status":"closed","ping_status":"closed","template":"","meta":{"footnotes":""},"class_list":["post-27216","page","type-page","status-publish","hentry"],"_links":{"self":[{"href":"https:\/\/globalsourcechemicals.com\/de\/wp-json\/wp\/v2\/pages\/27216","targetHints":{"allow":["GET"]}}],"collection":[{"href":"https:\/\/globalsourcechemicals.com\/de\/wp-json\/wp\/v2\/pages"}],"about":[{"href":"https:\/\/globalsourcechemicals.com\/de\/wp-json\/wp\/v2\/types\/page"}],"author":[{"embeddable":true,"href":"https:\/\/globalsourcechemicals.com\/de\/wp-json\/wp\/v2\/users\/1"}],"replies":[{"embeddable":true,"href":"https:\/\/globalsourcechemicals.com\/de\/wp-json\/wp\/v2\/comments?post=27216"}],"version-history":[{"count":2,"href":"https:\/\/globalsourcechemicals.com\/de\/wp-json\/wp\/v2\/pages\/27216\/revisions"}],"predecessor-version":[{"id":27515,"href":"https:\/\/globalsourcechemicals.com\/de\/wp-json\/wp\/v2\/pages\/27216\/revisions\/27515"}],"wp:attachment":[{"href":"https:\/\/globalsourcechemicals.com\/de\/wp-json\/wp\/v2\/media?parent=27216"}],"curies":[{"name":"wp","href":"https:\/\/api.w.org\/{rel}","templated":true}]}}