{"id":27212,"date":"2025-08-14T11:18:23","date_gmt":"2025-08-14T11:18:23","guid":{"rendered":"https:\/\/globalsourcechemicals.com\/?page_id=27212"},"modified":"2025-10-03T19:30:27","modified_gmt":"2025-10-03T19:30:27","slug":"zahlen","status":"publish","type":"page","link":"https:\/\/globalsourcechemicals.com\/de\/zahlen\/","title":{"rendered":"Zahlen"},"content":{"rendered":"<p><strong>Die Bezahlung bei globalsourcechemicals.com ist schnell und sicher.<\/strong><br>Auf globalsourcechemicals.com k\u00f6nnen Sie einfach und sicher bezahlen. Wir bieten verschiedene Zahlungsmethoden an, damit Sie Ihre Bestellung schnellstm\u00f6glich erhalten.<\/p>\n\n\n\n<p><strong>Nutzen Sie eine der unten aufgef\u00fchrten Zahlungsmethoden und erhalten Sie Ihre Bestellung so schnell wie m\u00f6glich.<\/strong><br>Sie haben die Wahl zwischen verschiedenen Zahlungsm\u00f6glichkeiten. W\u00e4hlen Sie die f\u00fcr Sie passende Methode, um eine schnelle Lieferung Ihrer Bestellung zu gew\u00e4hrleisten.<\/p>\n\n\n\n<p><strong>Konnten Sie Ihre Zahlung online nicht abschlie\u00dfen und m\u00f6chten dies dennoch tun? Dann \u00fcberweisen Sie sie manuell:<\/strong><br>Wenn beim Abschlie\u00dfen Ihrer Online-Zahlung Probleme auftreten, k\u00f6nnen Sie den Betrag auch manuell \u00fcberweisen.<\/p>\n\n\n\n<p><strong>HINWEIS! Sie erhalten eine automatische Benachrichtigung, wenn Ihre Zahlung erfolgreich war. Wir verarbeiten dies manuell und \u00fcberpr\u00fcfen unser Bankkonto mehrmals t\u00e4glich.<\/strong><br>Bitte beachten Sie! Sobald Ihre Zahlung erfolgreich war, erhalten Sie eine Best\u00e4tigungsnachricht. Wir verarbeiten Zahlungen manuell und \u00fcberpr\u00fcfen unser Bankkonto mehrmals t\u00e4glich, um einen reibungslosen Ablauf zu gew\u00e4hrleisten.<\/p>\n\n\n\n<p><strong>Verf\u00fcgbare Zahlungsmethoden:<\/strong><br>Hier sind die Zahlungsm\u00f6glichkeiten, die wir derzeit anbieten:<\/p>\n\n\n\n<ul class=\"wp-block-list\">\n<li><strong>Ideal<\/strong>&nbsp;(<em>Vor\u00fcbergehend nicht verf\u00fcgbar<\/em>)<br>Eine beliebte Zahlungsmethode in den Niederlanden. Derzeit vor\u00fcbergehend nicht verf\u00fcgbar.<\/li>\n\n\n\n<li><strong>Sofort<\/strong>&nbsp;(<em>Vor\u00fcbergehend nicht verf\u00fcgbar<\/em>)<br>Eine weit verbreitete Zahlungsmethode in Deutschland und anderen europ\u00e4ischen L\u00e4ndern. Derzeit vor\u00fcbergehend nicht verf\u00fcgbar.<\/li>\n\n\n\n<li><strong>Bancontact<\/strong>&nbsp;(<em>Vor\u00fcbergehend nicht verf\u00fcgbar<\/em>)<br>Die am h\u00e4ufigsten verwendete Zahlungsmethode in Belgien. Derzeit vor\u00fcbergehend nicht verf\u00fcgbar.<\/li>\n\n\n\n<li><strong>Kreditkarte (VISA \/ MasterCard) (\u00fcber Cointopay)<\/strong><br>Bezahlen Sie mit Ihrer VISA oder MasterCard \u00fcber den Zahlungsanbieter Cointopay.<\/li>\n\n\n\n<li><strong>Manuelle \u00dcbertragung<\/strong><br>\u00dcberweisen Sie den Betrag manuell auf unser Bankkonto in den Niederlanden. Dies ist eine gute Option, wenn Sie eine herk\u00f6mmliche Bank\u00fcberweisung bevorzugen.<\/li>\n\n\n\n<li><strong>Bezahlen mit Krypto<\/strong><br>Bezahlen Sie mit Kryptow\u00e4hrung f\u00fcr eine schnelle und sichere Transaktion.<\/li>\n<\/ul>\n\n\n\n<p><br><strong>Abschluss:<\/strong><\/p>\n\n\n\n<ul class=\"wp-block-list\">\n<li>\n<ul class=\"wp-block-list\">\n<li><\/li>\n<\/ul>\n<\/li>\n<\/ul>","protected":false},"excerpt":{"rendered":"<p>Betalen bij globalsourcechemicals.com doe je snel en veilig.Bij globalsourcechemicals.com kun je eenvoudig en veilig betalen. We bieden verschillende betaalmethodes aan,<\/p>","protected":false},"author":1,"featured_media":0,"parent":0,"menu_order":0,"comment_status":"closed","ping_status":"closed","template":"","meta":{"footnotes":""},"class_list":["post-27212","page","type-page","status-publish","hentry"],"_links":{"self":[{"href":"https:\/\/globalsourcechemicals.com\/de\/wp-json\/wp\/v2\/pages\/27212","targetHints":{"allow":["GET"]}}],"collection":[{"href":"https:\/\/globalsourcechemicals.com\/de\/wp-json\/wp\/v2\/pages"}],"about":[{"href":"https:\/\/globalsourcechemicals.com\/de\/wp-json\/wp\/v2\/types\/page"}],"author":[{"embeddable":true,"href":"https:\/\/globalsourcechemicals.com\/de\/wp-json\/wp\/v2\/users\/1"}],"replies":[{"embeddable":true,"href":"https:\/\/globalsourcechemicals.com\/de\/wp-json\/wp\/v2\/comments?post=27212"}],"version-history":[{"count":3,"href":"https:\/\/globalsourcechemicals.com\/de\/wp-json\/wp\/v2\/pages\/27212\/revisions"}],"predecessor-version":[{"id":28531,"href":"https:\/\/globalsourcechemicals.com\/de\/wp-json\/wp\/v2\/pages\/27212\/revisions\/28531"}],"wp:attachment":[{"href":"https:\/\/globalsourcechemicals.com\/de\/wp-json\/wp\/v2\/media?parent=27212"}],"curies":[{"name":"wp","href":"https:\/\/api.w.org\/{rel}","templated":true}]}}