{"id":27204,"date":"2025-08-14T10:59:23","date_gmt":"2025-08-14T10:59:23","guid":{"rendered":"https:\/\/globalsourcechemicals.com\/?page_id=27204"},"modified":"2025-10-03T19:35:52","modified_gmt":"2025-10-03T19:35:52","slug":"widerrufsrecht","status":"publish","type":"page","link":"https:\/\/globalsourcechemicals.com\/de\/widerrufsrecht\/","title":{"rendered":"Widerrufsrecht"},"content":{"rendered":"<p>Als Kunde haben Sie das Recht, innerhalb von 14 Tagen nach Erhalt Ihrer Bestellung ohne Angabe von Gr\u00fcnden von Ihrem Widerrufsrecht Gebrauch zu machen. Sie d\u00fcrfen die erhaltenen Produkte auspacken und testen, soweit dies zur Beurteilung ihrer Eigenschaften, Merkmale und Funktionalit\u00e4t erforderlich ist. Wenn Sie von Ihrem Widerrufsrecht Gebrauch machen, m\u00fcssen Sie die Produkte sorgf\u00e4ltig behandeln und im Originalzustand und in der Originalverpackung an globalsourcechemicals zur\u00fccksenden. Die Kosten der R\u00fccksendung tr\u00e4gt der K\u00e4ufer. Weitere Informationen zur R\u00fccksendung von Produkten finden Sie in unseren R\u00fcckgabe- und Umtauschhinweisen.<\/p>\n\n\n\n<p>Ausnahmen f\u00fcr verderbliche und hygienische Produkte<br>Produkte von globalsourcechemicals mit begrenzter Haltbarkeit (wie z. B. Hygieneprodukte oder personalisierte Produkte) k\u00f6nnen nicht zur\u00fcckgegeben werden, wenn die Versiegelung nach der Lieferung besch\u00e4digt wurde. F\u00fcr diese Produktkategorie besteht kein Widerrufsrecht. Der Verkauf ist erst nach erfolgreicher Zahlung abgeschlossen, wie in unserem Angebot deutlich angegeben.<\/p>","protected":false},"excerpt":{"rendered":"<p>Als klant heeft u de mogelijkheid om binnen een termijn van 14 dagen na ontvangst van uw bestelling zonder opgave<\/p>","protected":false},"author":1,"featured_media":0,"parent":0,"menu_order":0,"comment_status":"closed","ping_status":"closed","template":"","meta":{"footnotes":""},"class_list":["post-27204","page","type-page","status-publish","hentry"],"_links":{"self":[{"href":"https:\/\/globalsourcechemicals.com\/de\/wp-json\/wp\/v2\/pages\/27204","targetHints":{"allow":["GET"]}}],"collection":[{"href":"https:\/\/globalsourcechemicals.com\/de\/wp-json\/wp\/v2\/pages"}],"about":[{"href":"https:\/\/globalsourcechemicals.com\/de\/wp-json\/wp\/v2\/types\/page"}],"author":[{"embeddable":true,"href":"https:\/\/globalsourcechemicals.com\/de\/wp-json\/wp\/v2\/users\/1"}],"replies":[{"embeddable":true,"href":"https:\/\/globalsourcechemicals.com\/de\/wp-json\/wp\/v2\/comments?post=27204"}],"version-history":[{"count":3,"href":"https:\/\/globalsourcechemicals.com\/de\/wp-json\/wp\/v2\/pages\/27204\/revisions"}],"predecessor-version":[{"id":28532,"href":"https:\/\/globalsourcechemicals.com\/de\/wp-json\/wp\/v2\/pages\/27204\/revisions\/28532"}],"wp:attachment":[{"href":"https:\/\/globalsourcechemicals.com\/de\/wp-json\/wp\/v2\/media?parent=27204"}],"curies":[{"name":"wp","href":"https:\/\/api.w.org\/{rel}","templated":true}]}}