{"id":27196,"date":"2025-08-14T10:52:21","date_gmt":"2025-08-14T10:52:21","guid":{"rendered":"https:\/\/globalsourcechemicals.com\/?page_id=27196"},"modified":"2025-10-13T09:51:39","modified_gmt":"2025-10-13T09:51:39","slug":"datenschutzerklarung","status":"publish","type":"page","link":"https:\/\/globalsourcechemicals.com\/de\/datenschutzerklarung\/","title":{"rendered":"Datenschutzerkl\u00e4rung"},"content":{"rendered":"<p>Datenschutzerkl\u00e4rung<br>Dit is de privacyverklaring van globalsourcechemicals.com Toepasselijkheid: Deze privacyverklaring is van toepassing op alle privacygevoelige informatie of persoonsgegevens die u aan ons verstrekt, bijvoorbeeld via een registratieformulier, contactformulier of bestellingen die u plaatst.<\/p>\n\n\n\n<p>Wir legen Wert auf die Privatsph\u00e4re unserer Kunden und gehen daher mit gr\u00f6\u00dfter Sorgfalt mit personenbezogenen Daten um. Wir verarbeiten Daten gem\u00e4\u00df den Bestimmungen der Datenschutz-Grundverordnung (DSGVO).<\/p>\n\n\n\n<p>globalsourcechemicals.com is verantwoordelijke in de zin van de AVG ten aanzien van de verwerking van uw persoonsgegevens. Dit betekent dat alleen wij bepalen welke persoonsgegevens worden verwerkt, met welk doel en op welke wijze. Wij zijn ervoor verantwoordelijk dat uw persoonsgegevens op een behoorlijke en zorgvuldige wijze worden verwerkt in overeenstemming met de AVG. In deze privacyverklaring leggen wij uit welke gegevens wij verwerken en voor welke doeleinden deze worden gebruikt. Overzicht persoonsgegevens Hieronder vindt u een overzicht van de persoonsgegevens die wij verwerken:<\/p>\n\n\n\n<ul class=\"wp-block-list\">\n<li>Vor- und Nachname<\/li>\n\n\n\n<li>Adresse<\/li>\n\n\n\n<li>Telefonnummer<\/li>\n\n\n\n<li>E-Mail-Adresse<\/li>\n\n\n\n<li>IP-Adresse eines Website-Besuchers<br>ZWECK UND GRUNDLAGE F\u00dcR DIE VERARBEITUNG PERSONENBEZOGENER DATEN<br>Mit Ihrer Zustimmung zu dieser Datenschutzerkl\u00e4rung willigen Sie ausdr\u00fccklich gem\u00e4\u00df Artikel 6 Absatz 1 Buchstabe a DSGVO in die Verarbeitung Ihrer personenbezogenen Daten zu den unten aufgef\u00fchrten Zwecken ein. Sie k\u00f6nnen diese Einwilligung jederzeit widerrufen. Wenn Sie uns bestimmte Daten jedoch nicht zur Verf\u00fcgung stellen oder deren Verarbeitung nicht gestatten, k\u00f6nnen wir Ihnen m\u00f6glicherweise nicht den bestm\u00f6glichen Service bieten.<\/li>\n<\/ul>\n\n\n\n<p>Indien u ons geen expliciete toestemming heeft gegeven voor de verwerking van uw persoonsgegevens of indien u deze toestemming heeft ingetrokken, kan de verwerking van uw persoonsgegevens gebaseerd zijn op artikel 6 lid 1 onder b, c en\/of f van de AVG. In dat geval kan de verwerking van uw persoonsgegevens zonder uw toestemming plaatsvinden, mits dit noodzakelijk is voor de uitvoering van een overeenkomst waarbij u partij bent of wordt, of noodzakelijk is voor de behartiging van de gerechtvaardigde belangen van globalsourcechemicals.com Daarnaast kunnen wij wettelijk verplicht zijn uw persoonsgegevens te verwerken.<\/p>\n\n\n\n<p>Wir verarbeiten Ihre personenbezogenen Daten zu folgenden Zwecken:<\/p>\n\n\n\n<p>\u2013 Zur Bereitstellung unserer Dienste (um Ihnen Waren zu liefern)<\/p>\n\n\n\n<ul class=\"wp-block-list\">\n<li>Um Ihre Zahlung abzuwickeln<br>\u2013 Zum Versand unseres Newsletters<\/li>\n\n\n\n<li>Um Sie \u00fcber \u00c4nderungen unserer Dienstleistungen und Produkte zu informieren<\/li>\n\n\n\n<li>Um Ihnen die M\u00f6glichkeit zu geben, ein Konto zu erstellen<br>Wir speichern Ihre personenbezogenen Daten nicht l\u00e4nger als unbedingt erforderlich, um die Zwecke zu erreichen, f\u00fcr die Ihre Daten erhoben werden.<\/li>\n\n\n\n<li>Weitergabe an Dritte<\/li>\n\n\n\n<li>Wir k\u00f6nnen Ihre personenbezogenen Daten an Dritte weitergeben, sofern dies mit den oben genannten Zwecken vereinbar ist. Die Weitergabe an Dritte kann f\u00fcr die Durchf\u00fchrung des mit Ihnen geschlossenen Vertrags, zur Wahrung unserer berechtigten Interessen oder zur Erf\u00fcllung einer gesetzlichen Verpflichtung, der wir unterliegen, erforderlich sein.<\/li>\n\n\n\n<li>Mit Unternehmen, die Ihre Daten in unserem Auftrag verarbeiten, haben wir Datenverarbeitungsvertr\u00e4ge abgeschlossen, um das gleiche Ma\u00df an Sicherheit und Vertraulichkeit f\u00fcr Ihre Daten zu gew\u00e4hrleisten. Wir bleiben f\u00fcr diese Verarbeitungsvorg\u00e4nge verantwortlich. Au\u00dferhalb der oben genannten Situationen geben wir Ihre personenbezogenen Daten nur mit Ihrer ausdr\u00fccklichen Zustimmung an Dritte weiter.<\/li>\n\n\n\n<li>KOMMERZIELLE ZIELE<\/li>\n\n\n\n<li>Wir k\u00f6nnen Ihre personenbezogenen Daten f\u00fcr kommerzielle Zwecke nutzen, beispielsweise um Ihnen weitere Informationen \u00fcber unsere Dienstleistungen oder relevante Produkte oder \u00fcber f\u00fcr unser Angebot relevante Gesetzes\u00e4nderungen zukommen zu lassen. In solchen F\u00e4llen erhalten Sie ausschlie\u00dflich Benachrichtigungen an die von Ihnen angegebene E-Mail-Adresse. Wenn Sie keine Informationen \u00fcber relevante Produkte oder Dienstleistungen erhalten m\u00f6chten, k\u00f6nnen Sie sich einfach abmelden, indem Sie in der erhaltenen E-Mail auf \u201eAbmelden\u201c klicken. Ihre personenbezogenen Daten werden zu Marktforschungszwecken anonymisiert, bevor sie zur Optimierung unserer Dienstleistungen verwendet werden, und sind nicht mehr auf Sie zur\u00fcckzuf\u00fchren.<\/li>\n\n\n\n<li>Ihre Daten werden nicht verkauft oder zu kommerziellen Zwecken an Dritte weitergegeben, es sei denn, Sie erteilen hierzu ausdr\u00fccklich Ihre Zustimmung.<\/li>\n\n\n\n<li>Cookie Einstellungen<\/li>\n\n\n\n<li>Ein Cookie ist eine kleine Textdatei, die beim ersten Besuch dieser Website auf Ihrem Computer, Tablet oder Smartphone gespeichert wird. Sie k\u00f6nnen diese Cookies deaktivieren, indem Sie Ihren Internetbrowser so konfigurieren, dass sie nicht mehr gespeichert werden. Sie k\u00f6nnen auch alle zuvor gespeicherten Informationen \u00fcber Ihre Browsereinstellungen l\u00f6schen.<\/li>\n\n\n\n<li>Wir verwenden folgende Cookies:<\/li>\n\n\n\n<li>Funktionale Cookies: Dies sind Cookies, die f\u00fcr den technischen Betrieb der Website und Ihre Benutzerfreundlichkeit erforderlich sind. Sie stellen sicher, dass die Website ordnungsgem\u00e4\u00df funktioniert und speichern beispielsweise Ihre Pr\u00e4ferenzen. Sie erm\u00f6glichen uns auch, unsere Website zu optimieren. Es handelt sich um analytische Cookies, die Ihre Privatsph\u00e4re nicht verletzen. F\u00fcr diese ben\u00f6tigen wir nicht Ihre vorherige Zustimmung.<\/li>\n\n\n\n<li>&#8221; Google Analytics: via deze website worden cookies geplaatst van het Amerikaanse bedrijf Google, als deel van de &#8220;Analytics&#8221;-dienst. globalsourcechemicals.com gebruikt deze dienst om rapportages te ontvangen over hoe de website wordt gebruikt en om de kwaliteit en effectiviteit ervan te meten. Wij gebruiken Google Analytics op de wijze zoals voorgeschreven door de Autoriteit Persoonsgegevens om te vallen onder de uitzondering in de cookiewet. Dit betekent dat wij geen voorafgaande toestemming van u nodig hebben om Google Analytics te gebruiken.<\/li>\n\n\n\n<li>EINBLICK, KORRIGIEREN ODER ENTFERNEN<\/li>\n\n\n\n<li>Sie haben das Recht, auf Ihre personenbezogenen Daten zuzugreifen, sie zu korrigieren oder zu l\u00f6schen. Sie haben au\u00dferdem das Recht, Ihre Einwilligung zur Verarbeitung Ihrer personenbezogenen Daten zu widerrufen oder der Verarbeitung Ihrer personenbezogenen Daten zu widersprechen. Sie haben das Recht auf Daten\u00fcbertragbarkeit, wenn wir digitale personenbezogene Daten speichern, die wir entweder mit Ihrer Einwilligung oder zur Erf\u00fcllung einer mit Ihnen geschlossenen Vereinbarung verarbeiten.<\/li>\n\n\n\n<li>Das bedeutet, dass Sie bei uns eine Anfrage stellen k\u00f6nnen, um die digitalen personenbezogenen Daten, die wir \u00fcber Sie in einer lesbaren Computerdatei speichern, an Sie oder eine andere von Ihnen benannte Organisation zu senden.<\/li>\n\n\n\n<li>Sie k\u00f6nnen einen Antrag auf Zugriff, Korrektur, L\u00f6schung, Daten\u00fcbertragung Ihrer personenbezogenen Daten oder einen Antrag auf Widerruf Ihrer Einwilligung oder einen Widerspruch gegen die Verarbeitung Ihrer personenbezogenen Daten an info@globalsourcechemicals.com senden.<\/li>\n\n\n\n<li>Um zu \u00fcberpr\u00fcfen, ob der Antrag auf Zugang von Ihnen gestellt wurde, bitten wir Sie, dem Antrag eine Kopie Ihres Ausweises beizuf\u00fcgen. Bitte schw\u00e4rzen Sie in dieser Kopie Ihr Passfoto, die maschinenlesbare Zone (den Streifen mit den Nummern am unteren Rand des Passes), Ihre Passnummer und Ihre B\u00fcrgerservicenummer (BSN). Dies dient dem Schutz Ihrer Privatsph\u00e4re. Wir werden Ihre Anfrage so schnell wie m\u00f6glich, sp\u00e4testens jedoch innerhalb von vier Wochen, beantworten.<\/li>\n\n\n\n<li>Wir m\u00f6chten Sie au\u00dferdem darauf hinweisen, dass Sie die M\u00f6glichkeit haben, bei der nationalen Aufsichtsbeh\u00f6rde, der niederl\u00e4ndischen Datenschutzbeh\u00f6rde, Beschwerde einzulegen.<\/li>\n\n\n\n<li>Kontakt<\/li>\n\n\n\n<li>Wir nehmen den Schutz Ihrer Daten ernst und ergreifen geeignete Ma\u00dfnahmen, um Missbrauch, Verlust, unbefugten Zugriff, unerw\u00fcnschte Offenlegung und unbefugte \u00c4nderungen zu verhindern. Wenn Sie der Meinung sind, dass Ihre Daten nicht ausreichend gesch\u00fctzt sind oder Hinweise auf einen Missbrauch vorliegen, wenden Sie sich bitte an unseren Kundenservice oder schreiben Sie uns eine E-Mail an info@globalsourcechemicals.com.<\/li>\n<\/ul>","protected":false},"excerpt":{"rendered":"<p>PrivacyverklaringDit is de privacyverklaring van globalsourcechemicals.com Toepasselijkheid: Deze privacyverklaring is van toepassing op alle privacygevoelige informatie of persoonsgegevens die u<\/p>","protected":false},"author":1,"featured_media":0,"parent":0,"menu_order":0,"comment_status":"closed","ping_status":"closed","template":"","meta":{"footnotes":""},"class_list":["post-27196","page","type-page","status-publish","hentry"],"_links":{"self":[{"href":"https:\/\/globalsourcechemicals.com\/de\/wp-json\/wp\/v2\/pages\/27196","targetHints":{"allow":["GET"]}}],"collection":[{"href":"https:\/\/globalsourcechemicals.com\/de\/wp-json\/wp\/v2\/pages"}],"about":[{"href":"https:\/\/globalsourcechemicals.com\/de\/wp-json\/wp\/v2\/types\/page"}],"author":[{"embeddable":true,"href":"https:\/\/globalsourcechemicals.com\/de\/wp-json\/wp\/v2\/users\/1"}],"replies":[{"embeddable":true,"href":"https:\/\/globalsourcechemicals.com\/de\/wp-json\/wp\/v2\/comments?post=27196"}],"version-history":[{"count":2,"href":"https:\/\/globalsourcechemicals.com\/de\/wp-json\/wp\/v2\/pages\/27196\/revisions"}],"predecessor-version":[{"id":28551,"href":"https:\/\/globalsourcechemicals.com\/de\/wp-json\/wp\/v2\/pages\/27196\/revisions\/28551"}],"wp:attachment":[{"href":"https:\/\/globalsourcechemicals.com\/de\/wp-json\/wp\/v2\/media?parent=27196"}],"curies":[{"name":"wp","href":"https:\/\/api.w.org\/{rel}","templated":true}]}}