{"id":27570,"date":"2025-09-23T07:05:38","date_gmt":"2025-09-23T07:05:38","guid":{"rendered":"https:\/\/globalsourcechemicals.com\/?post_type=product&#038;p=27570"},"modified":"2026-04-24T12:51:03","modified_gmt":"2026-04-24T12:51:03","slug":"kob-4mmc","status":"publish","type":"product","link":"https:\/\/globalsourcechemicals.com\/da\/butik\/okategoriseret\/kob-4mmc\/","title":{"rendered":"K\u00f8b Mephedrone (4MMC)"},"content":{"rendered":"<h1 data-start=\"660\" data-end=\"708\"><strong data-start=\"662\" data-end=\"706\">4-MMC (Mephedron) \u2013 Stoffprofil og ofte stillede sp\u00f8rgsm\u00e5l<\/strong><\/h1>\n<h3 data-start=\"710\" data-end=\"732\"><strong data-start=\"714\" data-end=\"730\">Beskrivelse<\/strong><\/h3>\n<p data-start=\"733\" data-end=\"1149\">K\u00f8b 4mmc, 4-MMC, ellers kendt som <strong data-start=\"757\" data-end=\"770\">Mefedron<\/strong>, relateret til Synthetic Group <strong data-start=\"808\" data-end=\"821\">Cathinone<\/strong>Det virker i sig selv med et psykoaktivt stof, som i 2000&#039;erne som et sogenannte <strong data-start=\"910\" data-end=\"933\">Forskningskemikalie<\/strong> (RC) auftauchte. Aufgrund ihrer <strong data-start=\"966\" data-end=\"1009\">stimulerende og empatogen effekt<\/strong> Hvis de skulle optr\u00e6de som &quot;Legal High&quot;, ville de v\u00e6re beskyttet i delstaten, og ogs\u00e5 i Tyskland, <strong data-start=\"1117\" data-end=\"1140\">lovligt forbudt<\/strong> blev.<\/p>\n<p data-start=\"1151\" data-end=\"1386\">Mephedron er kemisk besl\u00e6gtet med det <strong data-start=\"1187\" data-end=\"1203\">Amfetaminer<\/strong> og <strong data-start=\"1208\" data-end=\"1216\">MDMA<\/strong> og er h\u00e6derlig i form af <strong data-start=\"1245\" data-end=\"1280\">Pulver, krystaller eller kapsler<\/strong> anlagt. Heute gyldt er ogs\u00e5 <strong data-start=\"1310\" data-end=\"1328\">ulovlig t\u00f8r<\/strong> med godt helbred og velv\u00e6re.<\/p>\n<h3 data-start=\"1393\" data-end=\"1432\"><strong data-start=\"1397\" data-end=\"1430\">Virkning af 4-MMC (Mephedron)<\/strong><\/h3>\n<p data-start=\"1433\" data-end=\"1503\">Virkningen er mest <strong data-start=\"1455\" data-end=\"1468\">kortvarig<\/strong> og andre stimulanser:<\/p>\n<ul data-start=\"1504\" data-end=\"1691\">\n<li data-start=\"1504\" data-end=\"1549\">\n<p data-start=\"1506\" data-end=\"1549\">H\u00f8jde <strong data-start=\"1514\" data-end=\"1526\">Eufori<\/strong> og <strong data-start=\"1531\" data-end=\"1547\">Hyggelighed<\/strong><\/p>\n<\/li>\n<li data-start=\"1550\" data-end=\"1616\">\n<p data-start=\"1552\" data-end=\"1616\">Intensivkurser <strong data-start=\"1563\" data-end=\"1579\">Wohlbefinden<\/strong> og stillads <strong data-start=\"1596\" data-end=\"1614\">samtaleevne<\/strong><\/p>\n<\/li>\n<li data-start=\"1617\" data-end=\"1659\">\n<p data-start=\"1619\" data-end=\"1659\">H\u00f8jde <strong data-start=\"1627\" data-end=\"1657\">Herzfrekvens og Blutdruck<\/strong><\/p>\n<\/li>\n<li data-start=\"1660\" data-end=\"1691\">\n<p data-start=\"1662\" data-end=\"1691\">Undertryk af M\u00fcdigkeit<\/p>\n<\/li>\n<\/ul>\n<h3 data-start=\"1698\" data-end=\"1732\"><strong data-start=\"1702\" data-end=\"1730\">Risiko og Nebenwirkungen<\/strong><\/h3>\n<p data-start=\"1733\" data-end=\"1813\">Der Konsum von Mephedron ist mit <strong data-start=\"1766\" data-end=\"1800\">alvorlige sundhedsrisici<\/strong> forbundet:<\/p>\n<ul data-start=\"1814\" data-end=\"2094\">\n<li data-start=\"1814\" data-end=\"1893\">\n<p data-start=\"1816\" data-end=\"1893\"><strong data-start=\"1816\" data-end=\"1844\">Hjerte-runde-l\u00f8b skat<\/strong> (Herzrasen, Bluthochdruck, Herzinfarkt-Risiko)<\/p>\n<\/li>\n<li data-start=\"1894\" data-end=\"1965\">\n<p data-start=\"1896\" data-end=\"1965\"><strong data-start=\"1896\" data-end=\"1918\">Psykiske effekter<\/strong> wie Angstzust\u00e4nde, Paranoia, Schlaflosigkeit<\/p>\n<\/li>\n<li data-start=\"1966\" data-end=\"2020\">\n<p data-start=\"1968\" data-end=\"2020\"><strong data-start=\"1968\" data-end=\"1994\">Afh\u00e6ngighedspotentiale<\/strong> ved regelm\u00e6ssigt forbrug<\/p>\n<\/li>\n<li data-start=\"2021\" data-end=\"2094\">\n<p data-start=\"2023\" data-end=\"2094\"><strong data-start=\"2023\" data-end=\"2053\">Akut overdosisk\u00f8rsel<\/strong> durch unsichere Cleanheit und Dosierung<\/p>\n<\/li>\n<\/ul>\n<h3 data-start=\"2101\" data-end=\"2136\"><strong data-start=\"2105\" data-end=\"2134\">Retssager i Tyskland<\/strong><\/h3>\n<ul data-start=\"2137\" data-end=\"2384\">\n<li data-start=\"2137\" data-end=\"2232\">\n<p data-start=\"2139\" data-end=\"2232\">4-MMC er i Tyskland <strong data-start=\"2164\" data-end=\"2175\">ulovlig<\/strong> og falder under det <strong data-start=\"2196\" data-end=\"2229\">Betalingsmiddelloven (BtMG)<\/strong>.<\/p>\n<\/li>\n<li data-start=\"2233\" data-end=\"2287\">\n<p data-start=\"2235\" data-end=\"2287\">Besitz, Handel oder Herstellung sind <strong data-start=\"2272\" data-end=\"2284\">strafbar<\/strong>.<\/p>\n<\/li>\n<li data-start=\"2288\" data-end=\"2384\">\n<p data-start=\"2290\" data-end=\"2384\">Der Kauf (&quot;k\u00f8b&quot;) im Internet ist <strong data-start=\"2325\" data-end=\"2343\">gesetzwidrig<\/strong> og kan blive retsforfulgt.<\/p>\n<\/li>\n<\/ul>\n<h2 data-start=\"2391\" data-end=\"2450\"><strong data-start=\"2394\" data-end=\"2448\">Grundl\u00e6ggende information (FAQ) om 4-MMC (Mephedron)<\/strong><\/h2>\n<p data-start=\"2452\" data-end=\"2575\"><strong data-start=\"2452\" data-end=\"2473\">1. Hvad er 4-MMC?<\/strong><br data-start=\"2473\" data-end=\"2476\" \/>4-MMC (Mephedron) er et syntetisk t\u00f8rstof fra gruppen <strong data-start=\"2541\" data-end=\"2572\">kathinonholdige stoffer<\/strong>.<\/p>\n<p data-start=\"2577\" data-end=\"2779\"><strong data-start=\"2577\" data-end=\"2609\">2. Hvorfor er 4-MMC forbudt?<\/strong><br data-start=\"2609\" data-end=\"2612\" \/>M\u00e5der af <strong data-start=\"2622\" data-end=\"2707\">sundhedsrisici, sundhedsm\u00e6ssige fordele og l\u00e6gehj\u00e6lp<\/strong> blev fundet i de lande, der er underlagt den lovgivning, der g\u00e6lder for lovgivningen.<\/p>\n<p data-start=\"2781\" data-end=\"2914\"><strong data-start=\"2781\" data-end=\"2817\">3. Hvordan bruger man Mephedron?<\/strong><br data-start=\"2817\" data-end=\"2820\" \/>Det virker <strong data-start=\"2829\" data-end=\"2876\">stimulerende, euforisk og empatisk<\/strong>, ogs\u00e5 med MDMA eller amfetamin.<\/p>\n<p data-start=\"2916\" data-end=\"3090\"><strong data-start=\"2916\" data-end=\"2958\">4. Hvor godt tilpas har du det?<\/strong><br data-start=\"2958\" data-end=\"2961\" \/>Nebenwirkungen rigelig fra <strong data-start=\"2988\" data-end=\"3022\">Herzrasen, \u00dcbelkeit, Schwitzen<\/strong> bis hin zu <strong data-start=\"3034\" data-end=\"3059\">psykiske forstyrrelser<\/strong> som angst eller aggression.<\/p>\n<p data-start=\"3092\" data-end=\"3224\"><strong data-start=\"3092\" data-end=\"3130\">5. Er 4-MMC lovligt i Tyskland?<\/strong><br data-start=\"3130\" data-end=\"3133\" \/>Nej, Mephedron er i Tyskland <strong data-start=\"3168\" data-end=\"3187\">strengt forbudt<\/strong>. Besitz und Verkauf er strafbart ved lov.<\/p>\n<p data-start=\"3226\" data-end=\"3495\"><strong data-start=\"3226\" data-end=\"3261\">6. Findes der lovlige alternativer?<\/strong><br data-start=\"3261\" data-end=\"3264\" \/>Der findes ingen <strong data-start=\"3284\" data-end=\"3322\">sikre eller lovlige erstatningsprodukter<\/strong> med identiske arbejdsmetoder. Seri\u00f6se Beratung empfiehlt ausschlie\u00dflich <strong data-start=\"3390\" data-end=\"3414\">sunde alternativer<\/strong> wie Sport, Ern\u00e4hrung og psykologisk Unterst\u00fctzung zur Stimmungsaufhellung.<\/p>","protected":false},"excerpt":{"rendered":"<p>4-MMC (Mephedron) \u2013 Substanzprofil &amp; FAQ Beschreibung 4mmc kopen, 4-MMC, auch bekannt als Mephedron, geh\u00f6rt zur Gruppe der synthetischen Cathinone.<\/p>","protected":false},"featured_media":0,"comment_status":"open","ping_status":"closed","template":"","meta":[],"product_brand":[],"product_cat":[1085],"product_tag":[],"class_list":{"0":"post-27570","1":"product","2":"type-product","3":"status-publish","5":"product_cat-okategoriserad","7":"first","8":"instock","9":"taxable","10":"shipping-taxable","11":"purchasable","12":"product-type-variable"},"_links":{"self":[{"href":"https:\/\/globalsourcechemicals.com\/da\/wp-json\/wp\/v2\/product\/27570","targetHints":{"allow":["GET"]}}],"collection":[{"href":"https:\/\/globalsourcechemicals.com\/da\/wp-json\/wp\/v2\/product"}],"about":[{"href":"https:\/\/globalsourcechemicals.com\/da\/wp-json\/wp\/v2\/types\/product"}],"replies":[{"embeddable":true,"href":"https:\/\/globalsourcechemicals.com\/da\/wp-json\/wp\/v2\/comments?post=27570"}],"version-history":[{"count":1,"href":"https:\/\/globalsourcechemicals.com\/da\/wp-json\/wp\/v2\/product\/27570\/revisions"}],"predecessor-version":[{"id":27572,"href":"https:\/\/globalsourcechemicals.com\/da\/wp-json\/wp\/v2\/product\/27570\/revisions\/27572"}],"wp:attachment":[{"href":"https:\/\/globalsourcechemicals.com\/da\/wp-json\/wp\/v2\/media?parent=27570"}],"wp:term":[{"taxonomy":"product_brand","embeddable":true,"href":"https:\/\/globalsourcechemicals.com\/da\/wp-json\/wp\/v2\/product_brand?post=27570"},{"taxonomy":"product_cat","embeddable":true,"href":"https:\/\/globalsourcechemicals.com\/da\/wp-json\/wp\/v2\/product_cat?post=27570"},{"taxonomy":"product_tag","embeddable":true,"href":"https:\/\/globalsourcechemicals.com\/da\/wp-json\/wp\/v2\/product_tag?post=27570"}],"curies":[{"name":"wp","href":"https:\/\/api.w.org\/{rel}","templated":true}]}}