{"id":24912,"date":"2025-04-13T17:43:41","date_gmt":"2025-04-13T17:43:41","guid":{"rendered":"https:\/\/globalsourcechemicals.com\/?post_type=product&#038;p=24912"},"modified":"2025-10-02T15:08:01","modified_gmt":"2025-10-02T15:08:01","slug":"cbd-pellets-25-mg","status":"publish","type":"product","link":"https:\/\/globalsourcechemicals.com\/da\/butik\/cbd\/cbd-pellets-25-mg\/","title":{"rendered":"CBD 25mg pellets"},"content":{"rendered":"<h2>CBD-pellets 25 mg<\/h2>\n<p>CBD-pellets er et stof, der kun s\u00e6lges til forskningsform\u00e5l og derfor ikke er beregnet til forbrug.<\/p>\n<p>CBD bevarer sin stabilitet i op til 2 \u00e5r ved opbevaring <a href=\"http:\/\/google.nl\" target=\"_blank\" rel=\"noopener\">i<\/a> Opbevares i det korrekte milj\u00f8. CBD er beregnet til forskningsform\u00e5l og ikke til forbrug. Derfor er det vigtigt at opbevare produktet utilg\u00e6ngeligt for b\u00f8rn og k\u00e6ledyr.<a title=\"1cP-LSD 150 MCG Kunstpapirkugler\" href=\"https:\/\/globalsourcechemicals.com\/da\/butik\/lysergamider\/1-kop-lsd-150-mcg\/\" target=\"_blank\" rel=\"noopener\">1cP-LSD 150 MCG Kunstpapirkugler<\/a><\/p>\n<p>Vi tilbyder forskningskemikalier af h\u00f8j kvalitet til en rimelig pris. Din ordre sendes inden for 24 timer hver dag. Bestil nu! <em>CBD<\/em> sikkert og hurtigt via p.<a title=\"O-DSMT 50 mg pellets\" href=\"https:\/\/globalsourcechemicals.com\/da\/butik\/pellets\/o-dsmt-50-mg-pellets\/\" target=\"_blank\" rel=\"noopener\">O-DSMT 50 mg pellets<\/a><\/p>\n<h3>CBD-egenskaber<\/h3>\n<p><strong>Synonym:<\/strong> Cannabidiol<br \/>\n<strong>CAS-nummer:<\/strong> ikke relevant<br \/>\n<strong>Formel:<\/strong> C<sub>21<\/sub>H<sub>30<\/sub>\u00c5h<sub>2<\/sub><br \/>\n<strong>Mol\u00e6r masse:<\/strong> ikke relevant<br \/>\n<strong>Renhed:<\/strong> &gt;98%<\/p>\n<h3>Fareerkl\u00e6ring<\/h3>\n<p>CBD kan for\u00e5rsage irritation i luftvejene<br \/>\nCBD kan for\u00e5rsage \u00f8jenirritation.<br \/>\nDet er forbudt at udlede forskningskemikalier i milj\u00f8et.<a title=\"2C-EF 2 mg kapsler\" href=\"https:\/\/globalsourcechemicals.com\/da\/butik\/phenethylamin\/2c-ef-2mg-kapsler\/\" target=\"_blank\" rel=\"noopener\">2C-EF 2 mg kapsler<\/a><\/p>\n<p>HVIS DU HAR CBD I \u00d8JNENE: Skyl \u00f8jnene forsigtigt med vand i fem minutter. Fjern kontaktlinser, hvis det er muligt.<\/p>\n<p>CBD I KONTAKT MED HUDEN: Vask huden med s\u00e6be og vand.<a title=\"1V-LSD 150 MCG Blotters\" href=\"https:\/\/globalsourcechemicals.com\/da\/butik\/lysergamider\/1v-lsd-150-mcg-blotters\/\" target=\"_blank\" rel=\"noopener\">1V-LSD 150 MCG Blotters<\/a><\/p>\n<p>VED IND\u00c5NDING AF CBD: Flyt personen ud i frisk luft og placer personen i en behagelig stilling for vejrtr\u00e6kningen.<a title=\"2-CMC 250 mg pellets\" href=\"https:\/\/globalsourcechemicals.com\/da\/butik\/katinoner\/kob-2-cm-2\/\" target=\"_blank\" rel=\"noopener\">2-CMC 250 mg pellets<\/a><\/p>","protected":false},"excerpt":{"rendered":"<h3>CBD-egenskaber<\/h3>\n<p><strong>Synonym:<\/strong> Cannabidiol<br \/>\n<strong>CAS-nummer:<\/strong> ikke relevant<br \/>\n<strong>Formel:<\/strong> C<sub>21<\/sub>H<sub>30<\/sub>\u00c5h<sub>2<\/sub><br \/>\n<strong>Mol\u00e6r masse:<\/strong> ikke relevant<br \/>\n<strong>Renhed:<\/strong> &gt;98%<\/p>","protected":false},"featured_media":27855,"comment_status":"closed","ping_status":"closed","template":"","meta":[],"product_brand":[82],"product_cat":[422,423,336,324],"product_tag":[735,736,737,732,733,734,326],"class_list":{"0":"post-24912","1":"product","2":"type-product","3":"status-publish","4":"has-post-thumbnail","6":"product_brand-research-chemical","7":"product_cat-cbd","8":"product_cat-cbd-pellets","9":"product_cat-overig","10":"product_cat-pellets-for-pellet","11":"product_tag-benefits-of-cbd-pellets-for-horses","12":"product_tag-best-cbd-pellets-for-horses","13":"product_tag-can-your-horse-test-positive-using-cbd-pellets","14":"product_tag-cbd-pellets","15":"product_tag-cbd-pellets-ervaringen","16":"product_tag-cbd-pellets-for-horses","17":"product_tag-nl","19":"first","20":"instock","21":"taxable","22":"shipping-taxable","23":"purchasable","24":"product-type-variable"},"_links":{"self":[{"href":"https:\/\/globalsourcechemicals.com\/da\/wp-json\/wp\/v2\/product\/24912","targetHints":{"allow":["GET"]}}],"collection":[{"href":"https:\/\/globalsourcechemicals.com\/da\/wp-json\/wp\/v2\/product"}],"about":[{"href":"https:\/\/globalsourcechemicals.com\/da\/wp-json\/wp\/v2\/types\/product"}],"replies":[{"embeddable":true,"href":"https:\/\/globalsourcechemicals.com\/da\/wp-json\/wp\/v2\/comments?post=24912"}],"version-history":[{"count":5,"href":"https:\/\/globalsourcechemicals.com\/da\/wp-json\/wp\/v2\/product\/24912\/revisions"}],"predecessor-version":[{"id":25867,"href":"https:\/\/globalsourcechemicals.com\/da\/wp-json\/wp\/v2\/product\/24912\/revisions\/25867"}],"wp:featuredmedia":[{"embeddable":true,"href":"https:\/\/globalsourcechemicals.com\/da\/wp-json\/wp\/v2\/media\/27855"}],"wp:attachment":[{"href":"https:\/\/globalsourcechemicals.com\/da\/wp-json\/wp\/v2\/media?parent=24912"}],"wp:term":[{"taxonomy":"product_brand","embeddable":true,"href":"https:\/\/globalsourcechemicals.com\/da\/wp-json\/wp\/v2\/product_brand?post=24912"},{"taxonomy":"product_cat","embeddable":true,"href":"https:\/\/globalsourcechemicals.com\/da\/wp-json\/wp\/v2\/product_cat?post=24912"},{"taxonomy":"product_tag","embeddable":true,"href":"https:\/\/globalsourcechemicals.com\/da\/wp-json\/wp\/v2\/product_tag?post=24912"}],"curies":[{"name":"wp","href":"https:\/\/api.w.org\/{rel}","templated":true}]}}