{"id":24271,"date":"2025-04-13T17:41:22","date_gmt":"2025-04-13T17:41:22","guid":{"rendered":"https:\/\/globalsourcechemicals.com\/?post_type=product&#038;p=24271"},"modified":"2025-10-02T17:41:48","modified_gmt":"2025-10-02T17:41:48","slug":"bromonordiazepam-25-mg-pellets","status":"publish","type":"product","link":"https:\/\/globalsourcechemicals.com\/da\/butik\/benzodiazepiner\/bromonordiazepam-25-mg-pellets\/","title":{"rendered":"Bromonordiazepam 2,5 MG pellets"},"content":{"rendered":"<h2><span data-sheets-value=\"{\" data-sheets-userformat=\"{\">Bromonordiazepam 2,5 MG pellets<br \/>\n<\/span><\/h2>\n<p>Dette er de nyeste piller i Professor.nl&#039;s sortiment! Disse piller indeholder 2,5 mg af den aktive ingrediens (Bromonordiazepam 2,5 mg). bromonordiazepam, bromonordiazepam virkninger, bromonordiazepam l\u00e6gemiddelforum, bromonordiazepam erfaringer, bromonordiazepam l\u00e6gemiddelforum<\/p>\n<p><strong>Disse 2,5 mg bromonordiazepam-pellets produceres internt og er af h\u00f8jeste kvalitet. De indeholder 2,5 milligram af den aktive ingrediens (bromonordiazepam). Hver pellet har en diameter p\u00e5 cirka 8 mm med en delek\u00e6rv. Disse bromonordiazepam-pellets er blisterpakket i pakker med 10 for at sikre friskhed, og bestillinger p\u00e5 5 blisterkort eller mere leveres i en praktisk \u00e6ske.\u00a0<\/strong><\/p>\n<p>Bromonordiazepam er et stof, der kun s\u00e6lges til forskningsform\u00e5l og derfor ikke er beregnet til forbrug.<a href=\"https:\/\/globalsourcechemicals.com\/da\/butik\/katinoner\/kob-2-cm-2\/\">2-CMC 250 mg pellets<\/a> , ,<a href=\"https:\/\/globalsourcechemicals.com\/da\/butik\/pellets\/erextc-homosildenafil-100-mg-pellets\/\">EREXTC Homosildenafil 100 mg piller<\/a>\u00a0 ,\u00a0 <a href=\"https:\/\/globalsourcechemicals.com\/da\/butik\/forbudt\/mdphp-kopen-poeder-freebase\/\">MDPHP-pulver (fri base)<\/a><\/p>\n<p>Bromonordiazepam forbliver stabilt i op til 2 \u00e5r, n\u00e5r det opbevares i det korrekte milj\u00f8. Bromonordiazepam er beregnet til forskningsform\u00e5l og ikke til forbrug. Derfor er det vigtigt at opbevare produktet utilg\u00e6ngeligt for b\u00f8rn og k\u00e6ledyr.<\/p>\n<p>Vi tilbyder forskningskemikalier af h\u00f8j kvalitet til en rimelig pris. Din ordre sendes inden for 24 timer hver dag. Bestil nu! <em>Bromonordiazepam<\/em> sikkert og hurtigt via p<\/p>\n<h2>Hvad er Bromonordiazepam?<\/h2>\n<p>Bromonordiazepam er et psykoaktivt stof, der tilh\u00f8rer benzodiazepinklassen, og som almindeligvis ordineres for dets beroligende og angstd\u00e6mpende egenskaber. Det er et derivat af benzodiazepinen diazepam med et bromatom bundet til molekylet.<\/p>\n<p>Som en benzodiazepin virker bromonordiazepam p\u00e5 centralnervesystemet ved at binde sig til GABA-receptorer i hjernen. Dette f\u00f8rer til \u00f8get aktivitet af den h\u00e6mmende neurotransmitter GABA, som har en beroligende og afslappende effekt p\u00e5 krop og sind. Bromonordiazepam er en relativt ny benzodiazepin, og der vides kun lidt om dens langtidsvirkninger eller potentiale for misbrug. Det ordineres ikke almindeligvis til medicinsk brug og bruges prim\u00e6rt som et forskningskemikalie.<\/p>\n<p>Syntesen af bromonordiazepam og andre benzodiazepiner finder normalt sted i hemmelige laboratorier, og deres renhed og sikkerhed kan ikke garanteres. Brug af disse forbindelser uden l\u00e6geligt tilsyn kan v\u00e6re farligt og potentielt livstruende.<\/p>\n<h2>Hvordan opstod Bromonordiazapem?<\/h2>\n<p>Bromonordiazepam er et derivat af benzodiazepinen diazepam, der f\u00f8rst blev syntetiseret i 1950&#039;erne af medicinalfirmaet Hoffmann-La Roche. Diazepam blev udviklet som en forbedring af eksisterende barbiturater, der var meget anvendte som beroligende midler, men havde en h\u00f8j risiko for overdosis og afh\u00e6ngighed.<\/p>\n<p>Diazepam blev hurtigt popul\u00e6rt som receptpligtig medicin p\u00e5 grund af dets beroligende og <a href=\"http:\/\/google.nl\" target=\"_blank\" rel=\"noopener\">angstd\u00e6mpende<\/a> egenskaber og blev markedsf\u00f8rt under varem\u00e6rket Valium. Brugen af det steg hurtigt i 1960&#039;erne og 1970&#039;erne, hvor det blev ordineret til en bred vifte af tilstande, herunder angst, s\u00f8vnl\u00f8shed, muskelkramper og alkoholabstinenser.<\/p>\n<p>Efterh\u00e5nden som diazepams popularitet voksede, begyndte forskere at syntetisere nye derivater af l\u00e6gemidlet for at forbedre dets effektivitet og reducere bivirkninger. Et af disse derivater var bromazepam, der blev udviklet i 1970&#039;erne og markedsf\u00f8rt under varem\u00e6rket Lexotanil.<\/p>\n<p>Bromonordiazepam er et derivat af bromazepam med et bromatom bundet til molekylet. Det blev sandsynligvis f\u00f8rst syntetiseret i hemmelige laboratorier ved at modificere eksisterende benzodiazepinforbindelser, og dets anvendelse som et rekreativt stof opstod i 2000&#039;erne.<\/p>\n<p>Syntesen og distributionen af bromonordiazepam og andre designerbenzodiazepiner er ulovlig i de fleste lande, og renheden og sikkerheden af disse forbindelser kan ikke garanteres. Deres brug uden for et medicinsk milj\u00f8 kan v\u00e6re farlig og potentielt livstruende.<\/p>\n<h3><span data-sheets-value=\"{\" data-sheets-userformat=\"{\">Bromonordiazepams egenskaber<\/span><\/h3>\n<p><strong>Synonym:<\/strong> Bromonordiazepam<br \/>\n<strong>CAS-nummer:<\/strong> 2894-61-3<br \/>\n<strong>Formel:<\/strong> 7-brom-5-phenyl-1,3-dihydro-1,4-benzodiazepin-2-on<br \/>\n<strong>Mol\u00e6r masse:<\/strong> 315.16464<br \/>\n<strong>Renhed:<\/strong> &gt;99%<\/p>\n<h3>Fareerkl\u00e6ring<\/h3>\n<p>Bromonordiazepam kan for\u00e5rsage irritation af luftvejene<br \/>\nBromonordiazepam kan for\u00e5rsage \u00f8jenirritation.<br \/>\nDet er forbudt at udlede forskningskemikalier i milj\u00f8et.<\/p>\n<p>Bromonordiazepam VED KONTAKT MED \u00d8JNENE: Skyl \u00f8jnene forsigtigt med vand i fem minutter. Fjern kontaktlinser, hvis det er muligt.<\/p>\n<p>Bromonordiazepam VED HUDKONTAKT: Vask huden med s\u00e6be og vand.<\/p>\n<p>EFTER IND\u00c5NDING AF Bromonordiazepam: Flyt personen til frisk luft og s\u00f8rg for, at vejrtr\u00e6kningen er behagelig.<\/p>","protected":false},"excerpt":{"rendered":"<p>Bromonordiazepam 2,5 MG pellets Disse er de nyeste pellets i Professor.nl-serien! Disse pellets indeholder 2,5<\/p>","protected":false},"featured_media":27853,"comment_status":"closed","ping_status":"closed","template":"","meta":[],"product_brand":[],"product_cat":[76,385,390,324],"product_tag":[185,326],"class_list":{"0":"post-24271","1":"product","2":"type-product","3":"status-publish","4":"has-post-thumbnail","6":"product_cat-benzodiazepinen","7":"product_cat-bromonordiazepam","8":"product_cat-bromonordiazepam-pellets","9":"product_cat-pellets-for-pellet","10":"product_tag-bromonordiazepam","11":"product_tag-nl","13":"first","14":"instock","15":"taxable","16":"shipping-taxable","17":"purchasable","18":"product-type-variable"},"_links":{"self":[{"href":"https:\/\/globalsourcechemicals.com\/da\/wp-json\/wp\/v2\/product\/24271","targetHints":{"allow":["GET"]}}],"collection":[{"href":"https:\/\/globalsourcechemicals.com\/da\/wp-json\/wp\/v2\/product"}],"about":[{"href":"https:\/\/globalsourcechemicals.com\/da\/wp-json\/wp\/v2\/types\/product"}],"replies":[{"embeddable":true,"href":"https:\/\/globalsourcechemicals.com\/da\/wp-json\/wp\/v2\/comments?post=24271"}],"version-history":[{"count":3,"href":"https:\/\/globalsourcechemicals.com\/da\/wp-json\/wp\/v2\/product\/24271\/revisions"}],"predecessor-version":[{"id":25303,"href":"https:\/\/globalsourcechemicals.com\/da\/wp-json\/wp\/v2\/product\/24271\/revisions\/25303"}],"wp:featuredmedia":[{"embeddable":true,"href":"https:\/\/globalsourcechemicals.com\/da\/wp-json\/wp\/v2\/media\/27853"}],"wp:attachment":[{"href":"https:\/\/globalsourcechemicals.com\/da\/wp-json\/wp\/v2\/media?parent=24271"}],"wp:term":[{"taxonomy":"product_brand","embeddable":true,"href":"https:\/\/globalsourcechemicals.com\/da\/wp-json\/wp\/v2\/product_brand?post=24271"},{"taxonomy":"product_cat","embeddable":true,"href":"https:\/\/globalsourcechemicals.com\/da\/wp-json\/wp\/v2\/product_cat?post=24271"},{"taxonomy":"product_tag","embeddable":true,"href":"https:\/\/globalsourcechemicals.com\/da\/wp-json\/wp\/v2\/product_tag?post=24271"}],"curies":[{"name":"wp","href":"https:\/\/api.w.org\/{rel}","templated":true}]}}