{"id":24226,"date":"2025-04-13T17:41:17","date_gmt":"2025-04-13T17:41:17","guid":{"rendered":"https:\/\/globalsourcechemicals.com\/?post_type=product&#038;p=24226"},"modified":"2025-10-02T17:44:23","modified_gmt":"2025-10-02T17:44:23","slug":"nm-2-ai-hcl-ren","status":"publish","type":"product","link":"https:\/\/globalsourcechemicals.com\/da\/butik\/nm-2-ai\/nm-2-ai-hcl-ren\/","title":{"rendered":"NM-2-AI HCl Ren"},"content":{"rendered":"<h2>NM-2-AI HCl Ren<\/h2>\n<p>NM-2-AI hydrochlorid er et stof, vi kun s\u00e6lger til forskningsform\u00e5l, og er derfor ikke beregnet til konsum. NM-2-AI kan bruges til forskning i op til to \u00e5r, n\u00e5r det opbevares i det korrekte milj\u00f8.<\/p>\n<p>Da NM-2-AI kun er til forskningsform\u00e5l og ikke til konsum, er det vigtigt, at NM-2-AI opbevares utilg\u00e6ngeligt for b\u00f8rn og k\u00e6ledyr.<a title=\"O-DSMT 50 mg pellets\" href=\"https:\/\/globalsourcechemicals.com\/da\/butik\/pellets\/o-dsmt-50-mg-pellets\/\" target=\"_blank\" rel=\"noopener\">O-DSMT 50 mg pellets<\/a><\/p>\n<p>Vi tilbyder forskningskemikalier af h\u00f8j kvalitet til en fair pris. Din ordre sendes inden for 24 timer hver dag. Bestil NM-2-AI sikkert og hurtigt gennem os!<a title=\"1V-LSD 150 MCG Blotters\" href=\"https:\/\/globalsourcechemicals.com\/da\/butik\/lysergamider\/1v-lsd-150-mcg-blotters\/\" target=\"_blank\" rel=\"noopener\">1V-LSD 150 MCG Blotters<\/a><\/p>\n<h3>Fareerkl\u00e6ring<\/h3>\n<p>NM-2-AI kan for\u00e5rsage irritation af luftvejene<br \/>\nNM-2-AI kan for\u00e5rsage irritation <a href=\"http:\/\/google.nl\" target=\"_blank\" rel=\"noopener\">i<\/a> for\u00e5rsage \u00f8jnene.<br \/>\nDet er forbudt at udlede forskningskemikalier i milj\u00f8et.<\/p>\n<p>VED KONTAKT MED \u00d8JNENE: Skyl \u00f8jnene forsigtigt med vand i fem minutter. Fjern kontaktlinser, hvis de er til stede og det er nemt at g\u00f8re.<\/p>\n<p>NM-2-AI VED KONTAKT MED HUDEN: Vask huden med s\u00e6be og vand.<a title=\"6-CL-ADBA\" href=\"https:\/\/globalsourcechemicals.com\/da\/butik\/naesten-forbudt\/6-cl-adba\/\" target=\"_blank\" rel=\"noopener\">6-CL-ADBA<\/a><\/p>\n<p>VED IND\u00c5NDING AF NM-2-AI: Flyt personen til frisk luft og s\u00f8rg for, at vejrtr\u00e6kningen er behagelig.<a title=\"2-CMC 250 mg pellets\" href=\"https:\/\/globalsourcechemicals.com\/da\/butik\/katinoner\/kob-2-cm-2\/\" target=\"_blank\" rel=\"noopener\">2-CMC 250 mg pellets<\/a><\/p>","protected":false},"excerpt":{"rendered":"<h2>NM-2-AI HCl Ren<\/h2>\n<p>NM-2-AI hydrochlorid er et stof, vi kun s\u00e6lger til forskningsform\u00e5l, og er derfor ikke beregnet til konsum. NM-2-AI kan unders\u00f8ges i op til to \u00e5r, n\u00e5r det opbevares i det korrekte milj\u00f8. 2C-E<\/p>","protected":false},"featured_media":27925,"comment_status":"closed","ping_status":"closed","template":"","meta":[],"product_brand":[82],"product_cat":[479,336],"product_tag":[326,879,880],"class_list":{"0":"post-24226","1":"product","2":"type-product","3":"status-publish","4":"has-post-thumbnail","6":"product_brand-research-chemical","7":"product_cat-nm-2-ai","8":"product_cat-overig","9":"product_tag-nl","10":"product_tag-nm-2-ai","11":"product_tag-nm-2-ai-hcl","13":"first","14":"instock","15":"taxable","16":"shipping-taxable","17":"purchasable","18":"product-type-variable"},"_links":{"self":[{"href":"https:\/\/globalsourcechemicals.com\/da\/wp-json\/wp\/v2\/product\/24226","targetHints":{"allow":["GET"]}}],"collection":[{"href":"https:\/\/globalsourcechemicals.com\/da\/wp-json\/wp\/v2\/product"}],"about":[{"href":"https:\/\/globalsourcechemicals.com\/da\/wp-json\/wp\/v2\/types\/product"}],"replies":[{"embeddable":true,"href":"https:\/\/globalsourcechemicals.com\/da\/wp-json\/wp\/v2\/comments?post=24226"}],"version-history":[{"count":4,"href":"https:\/\/globalsourcechemicals.com\/da\/wp-json\/wp\/v2\/product\/24226\/revisions"}],"predecessor-version":[{"id":26016,"href":"https:\/\/globalsourcechemicals.com\/da\/wp-json\/wp\/v2\/product\/24226\/revisions\/26016"}],"wp:featuredmedia":[{"embeddable":true,"href":"https:\/\/globalsourcechemicals.com\/da\/wp-json\/wp\/v2\/media\/27925"}],"wp:attachment":[{"href":"https:\/\/globalsourcechemicals.com\/da\/wp-json\/wp\/v2\/media?parent=24226"}],"wp:term":[{"taxonomy":"product_brand","embeddable":true,"href":"https:\/\/globalsourcechemicals.com\/da\/wp-json\/wp\/v2\/product_brand?post=24226"},{"taxonomy":"product_cat","embeddable":true,"href":"https:\/\/globalsourcechemicals.com\/da\/wp-json\/wp\/v2\/product_cat?post=24226"},{"taxonomy":"product_tag","embeddable":true,"href":"https:\/\/globalsourcechemicals.com\/da\/wp-json\/wp\/v2\/product_tag?post=24226"}],"curies":[{"name":"wp","href":"https:\/\/api.w.org\/{rel}","templated":true}]}}